{"id":48,"date":"2025-04-02T00:20:13","date_gmt":"2025-04-02T03:20:13","guid":{"rendered":"https:\/\/blog.planejeasfinancas.com.br\/?page_id=48"},"modified":"2025-04-02T00:20:22","modified_gmt":"2025-04-02T03:20:22","slug":"termos-e-condicoes","status":"publish","type":"page","link":"https:\/\/blog.planejeasfinancas.com.br\/zh\/termos-e-condicoes\/","title":{"rendered":"\u6761\u6b3e\u548c\u6761\u4ef6"},"content":{"rendered":"<html><body><h2 class=\"wp-block-heading\">\u6761\u6b3e\u548c\u6761\u4ef6<\/h2>\n\n\n\n<p>\u6b22\u8fce\u6765\u5230 <strong>\u89c4\u5212\u4f60\u7684\u8d22\u52a1<\/strong>\uff01\u901a\u8fc7\u8bbf\u95ee\u548c\u4f7f\u7528\u6211\u4eec\u7684\u7f51\u7ad9 <strong><a class=\"\" href=\"https:\/\/blog.planejeasfinancas.com.br\/zh\/\">https:\/\/blog.planejeasfinancas.com.br<\/a><\/strong>\uff0c\u5373\u8868\u793a\u60a8\u540c\u610f\u4ee5\u4e0b\u6761\u6b3e\u548c\u6761\u4ef6\u3002\u8bf7\u4ed4\u7ec6\u9605\u8bfb\u3002<\/p>\n\n\n\n<h3 class=\"wp-block-heading\">1. \u63a5\u53d7\u6761\u6b3e<\/h3>\n\n\n\n<p>\u4f7f\u7528\u7f51\u7ad9\u65f6 <strong>\u89c4\u5212\u4f60\u7684\u8d22\u52a1<\/strong>\uff0c\u60a8\u540c\u610f\u9075\u5b88\u5e76\u53d7\u8fd9\u4e9b\u6761\u6b3e\u548c\u6761\u4ef6\u7684\u7ea6\u675f\uff0c\u8fd9\u4e9b\u6761\u6b3e\u548c\u6761\u4ef6\u53ef\u80fd\u968f\u65f6\u66f4\u6539\uff0c\u6055\u4e0d\u53e6\u884c\u901a\u77e5\u3002\u5728\u6761\u6b3e\u53d8\u66f4\u540e\u7ee7\u7eed\u4f7f\u7528\u8be5\u7f51\u7ad9\u5373\u8868\u793a\u63a5\u53d7\u8fd9\u4e9b\u53d8\u66f4\u3002<\/p>\n\n\n\n<h3 class=\"wp-block-heading\">2. \u7f51\u7ad9\u7684\u4f7f\u7528<\/h3>\n\n\n\n<p>\u60a8\u540c\u610f\u4ee5\u5408\u6cd5\u3001\u9002\u5f53\u7684\u65b9\u5f0f\u4f7f\u7528\u6211\u4eec\u7684\u7f51\u7ad9\uff0c\u5e76\u4e14\u4e0d\u8fdd\u53cd\u4efb\u4f55\u9002\u7528\u7684\u6cd5\u5f8b\u6216\u6cd5\u89c4\u3002\u4e25\u7981\u5c06\u6211\u4eec\u7684\u5185\u5bb9\u7528\u4e8e\u975e\u6cd5\u6216\u7981\u6b62\u7684\u76ee\u7684\u3002<\/p>\n\n\n\n<h3 class=\"wp-block-heading\">3.\u77e5\u8bc6\u4ea7\u6743<\/h3>\n\n\n\n<p>\u672c\u7f51\u7ad9\u4e0a\u7684\u6240\u6709\u5185\u5bb9\uff0c\u5305\u62ec\u6587\u5b57\u3001\u56fe\u50cf\u3001\u89c6\u9891\u3001\u56fe\u5f62\u548c\u5fbd\u6807\uff0c\u5747\u53d7\u7248\u6743\u3001\u5546\u6807\u548c\u5176\u4ed6\u77e5\u8bc6\u4ea7\u6743\u6cd5\u7684\u4fdd\u62a4\u3002\u672a\u7ecf\u9002\u5f53\u8bb8\u53ef\uff0c\u4e25\u7981\u64c5\u81ea\u4f7f\u7528\u4efb\u4f55\u5185\u5bb9\u3002<\/p>\n\n\n\n<h3 class=\"wp-block-heading\">4.\u5185\u5bb9\u8d23\u4efb<\/h3>\n\n\n\n<p>\u6240\u542b\u4fe1\u606f <strong>\u89c4\u5212\u4f60\u7684\u8d22\u52a1<\/strong> \u4ec5\u4f9b\u53c2\u8003\u548c\u6559\u80b2\u76ee\u7684\u3002\u6211\u4eec\u4e0d\u4fdd\u8bc1\u4fe1\u606f\u7684\u51c6\u786e\u6027\u3001\u5b8c\u6574\u6027\u6216\u65f6\u6548\u6027\u3002\u4f7f\u7528\u6211\u4eec\u7684\u5185\u5bb9\u7684\u98ce\u9669\u7531\u60a8\u81ea\u884c\u627f\u62c5\u3002\u5bf9\u4e8e\u4efb\u4f55\u5177\u4f53\u5efa\u8bae\uff0c\u4f8b\u5982\u8d22\u52a1\u6216\u6cd5\u5f8b\u5efa\u8bae\uff0c\u60a8\u5e94\u8be5\u54a8\u8be2\u5408\u683c\u7684\u4e13\u4e1a\u4eba\u58eb\u3002<\/p>\n\n\n\n<h3 class=\"wp-block-heading\">5. \u7b2c\u4e09\u65b9\u7f51\u7ad9\u94fe\u63a5<\/h3>\n\n\n\n<p>\u6211\u4eec\u7684\u7f51\u7ad9\u53ef\u80fd\u5305\u542b\u5176\u4ed6\u7b2c\u4e09\u65b9\u7f51\u7ad9\u7684\u94fe\u63a5\u3002\u63d0\u4f9b\u8fd9\u4e9b\u94fe\u63a5\u53ea\u662f\u4e3a\u4e86\u65b9\u4fbf\u60a8\u3002\u6211\u4eec\u4e0d\u5bf9\u5916\u90e8\u7f51\u7ad9\u7684\u5185\u5bb9\u6216\u9690\u79c1\u60ef\u4f8b\u8d1f\u8d23\u3002\u6211\u4eec\u9f13\u52b1\u60a8\u9605\u8bfb\u901a\u8fc7\u6211\u4eec\u7f51\u7ad9\u4e0a\u7684\u94fe\u63a5\u8bbf\u95ee\u7684\u4efb\u4f55\u7f51\u7ad9\u7684\u6761\u6b3e\u548c\u6761\u4ef6\u4ee5\u53ca\u9690\u79c1\u653f\u7b56\u3002<\/p>\n\n\n\n<h3 class=\"wp-block-heading\">6. \u8d23\u4efb\u9650\u5236<\/h3>\n\n\n\n<p>\u5728\u4efb\u4f55\u60c5\u51b5\u4e0b\uff0c <strong>\u89c4\u5212\u4f60\u7684\u8d22\u52a1<\/strong> \u5bf9\u4e8e\u56e0\u4f7f\u7528\u6216\u65e0\u6cd5\u4f7f\u7528\u6211\u4eec\u7684\u7f51\u7ad9\u800c\u4ea7\u751f\u7684\u4efb\u4f55\u76f4\u63a5\u3001\u95f4\u63a5\u3001\u5076\u7136\u6216\u5fc5\u7136\u7684\u635f\u5bb3\uff0c\u5305\u62ec\u4f46\u4e0d\u9650\u4e8e\u6570\u636e\u635f\u5931\u3001\u5229\u6da6\u635f\u5931\u6216\u4e1a\u52a1\u4e2d\u65ad\uff0c\u4e0d\u627f\u62c5\u8d23\u4efb\u3002<\/p>\n\n\n\n<h3 class=\"wp-block-heading\">7. \u7f51\u7ad9\u4fee\u6539<\/h3>\n\n\n\n<p>\u6211\u4eec\u4fdd\u7559\u968f\u65f6\u66f4\u6539\u3001\u4fee\u6539\u3001\u6682\u505c\u6216\u505c\u6b62\u672c\u7f51\u7ad9\u4efb\u4f55\u90e8\u5206\u7684\u6743\u5229\uff0c\u6055\u4e0d\u53e6\u884c\u901a\u77e5\u3002\u6211\u4eec\u5bf9\u6240\u63d0\u4f9b\u7684\u670d\u52a1\u7684\u4efb\u4f55\u6545\u969c\u6216\u4e2d\u65ad\u4e0d\u627f\u62c5\u8d23\u4efb\u3002<\/p>\n\n\n\n<h3 class=\"wp-block-heading\">8. \u9690\u79c1\u548c Cookie<\/h3>\n\n\n\n<p>\u4f7f\u7528\u6211\u4eec\u7684\u7f51\u7ad9\uff0c\u5373\u8868\u793a\u60a8\u540c\u610f\u6211\u4eec\u7684\u9690\u79c1\u653f\u7b56\uff0c\u8be5\u653f\u7b56\u63cf\u8ff0\u4e86\u6211\u4eec\u5982\u4f55\u6536\u96c6\u3001\u4f7f\u7528\u548c\u4fdd\u62a4\u60a8\u7684\u4e2a\u4eba\u4fe1\u606f\u3002\u6b32\u4e86\u89e3\u66f4\u591a\u4fe1\u606f\uff0c\u8bf7\u53c2\u9605\u6211\u4eec\u7684\u9690\u79c1\u653f\u7b56\u3002<\/p>\n\n\n\n<h3 class=\"wp-block-heading\">9. \u7981\u6b62\u4e8b\u9879<\/h3>\n\n\n\n<p>\u60a8\u540c\u610f\u4e0d\u4f1a\uff1a<\/p>\n\n\n\n<ul class=\"wp-block-list\">\n<li>\u4ee5\u53ef\u80fd\u635f\u5bb3\u6216\u4e2d\u65ad\u7f51\u7ad9\u8fd0\u884c\u7684\u65b9\u5f0f\u4f7f\u7528\u7f51\u7ad9\uff1b<\/li>\n\n\n\n<li>\u53d1\u9001\u75c5\u6bd2\u6216\u4efb\u4f55\u5176\u4ed6\u6076\u610f\u4ee3\u7801\uff1b<\/li>\n\n\n\n<li>\u5c06\u8be5\u7f51\u7ad9\u7528\u4e8e\u6b3a\u8bc8\u6216\u6709\u5bb3\u76ee\u7684\u3002<\/li>\n<\/ul>\n\n\n\n<h3 class=\"wp-block-heading\">10. \u6761\u6b3e\u548c\u6761\u4ef6\u7684\u53d8\u66f4<\/h3>\n\n\n\n<p>\u6211\u4eec\u53ef\u80fd\u968f\u65f6\u4fee\u6539\u8fd9\u4e9b\u6761\u6b3e\u548c\u6761\u4ef6\uff0c\u6211\u4eec\u5efa\u8bae\u60a8\u5b9a\u671f\u67e5\u770b\u3002\u5728\u8fd9\u4e9b\u53d8\u66f4\u4e4b\u540e\u7ee7\u7eed\u4f7f\u7528\u672c\u7f51\u7ad9\u5c06\u88ab\u89c6\u4e3a\u63a5\u53d7\u65b0\u7684\u6761\u6b3e\u3002<\/p>\n\n\n\n<h3 class=\"wp-block-heading\">11.\u9002\u7528\u6cd5\u5f8b<\/h3>\n\n\n\n<p>\u8fd9\u4e9b\u6761\u6b3e\u548c\u6761\u4ef6\u53d7\u5df4\u897f\u6cd5\u5f8b\u7ba1\u8f96\u3002\u4e0e\u8fd9\u4e9b\u6761\u6b3e\u76f8\u5173\u7684\u4efb\u4f55\u4e89\u8bae\u5c06\u5728\u5723\u4fdd\u7f57\u5e02\u6709\u7ba1\u8f96\u6743\u7684\u6cd5\u9662\u89e3\u51b3\u3002<\/p>\n\n\n\n<h3 class=\"wp-block-heading\">12.\u8054\u7cfb\u65b9\u5f0f<\/h3>\n\n\n\n<p>\u5982\u679c\u60a8\u5bf9\u672c\u7f51\u7ad9\u7684\u6761\u6b3e\u548c\u6761\u4ef6\u6709\u4efb\u4f55\u7591\u95ee\u6216\u7591\u8651\uff0c\u8bf7\u901a\u8fc7\u7535\u5b50\u90ae\u4ef6\u8054\u7cfb\u6211\u4eec\uff1a <strong><a class=\"\">contato@planejeasfinancas.com.br<\/a><\/strong>.<\/p>\n\n\n\n<p><strong>\u89c4\u5212\u4f60\u7684\u8d22\u52a1<\/strong> \u2013 \u6211\u4eec\u968f\u65f6\u53ef\u4ee5\u63d0\u4f9b\u5e2e\u52a9\uff01<\/p>\n<\/body><\/html>","protected":false},"excerpt":{"rendered":"<p>Termos e Condi\u00e7\u00f5es Bem-vindo ao Planeje as Finan\u00e7as! Ao acessar e utilizar nosso site https:\/\/blog.planejeasfinancas.com.br, voc\u00ea concorda com os seguintes Termos e Condi\u00e7\u00f5es. Por favor, leia atentamente. 1. Aceita\u00e7\u00e3o dos Termos Ao utilizar o site Planeje as Finan\u00e7as, voc\u00ea concorda em cumprir e estar vinculado a estes Termos e Condi\u00e7\u00f5es, que podem ser alterados a [&hellip;]<\/p>","protected":false},"author":2,"featured_media":0,"parent":0,"menu_order":0,"comment_status":"closed","ping_status":"closed","template":"","meta":{"footnotes":""},"class_list":["post-48","page","type-page","status-publish","hentry"],"_links":{"self":[{"href":"https:\/\/blog.planejeasfinancas.com.br\/zh\/wp-json\/wp\/v2\/pages\/48","targetHints":{"allow":["GET"]}}],"collection":[{"href":"https:\/\/blog.planejeasfinancas.com.br\/zh\/wp-json\/wp\/v2\/pages"}],"about":[{"href":"https:\/\/blog.planejeasfinancas.com.br\/zh\/wp-json\/wp\/v2\/types\/page"}],"author":[{"embeddable":true,"href":"https:\/\/blog.planejeasfinancas.com.br\/zh\/wp-json\/wp\/v2\/users\/2"}],"replies":[{"embeddable":true,"href":"https:\/\/blog.planejeasfinancas.com.br\/zh\/wp-json\/wp\/v2\/comments?post=48"}],"version-history":[{"count":2,"href":"https:\/\/blog.planejeasfinancas.com.br\/zh\/wp-json\/wp\/v2\/pages\/48\/revisions"}],"predecessor-version":[{"id":50,"href":"https:\/\/blog.planejeasfinancas.com.br\/zh\/wp-json\/wp\/v2\/pages\/48\/revisions\/50"}],"wp:attachment":[{"href":"https:\/\/blog.planejeasfinancas.com.br\/zh\/wp-json\/wp\/v2\/media?parent=48"}],"curies":[{"name":"wp","href":"https:\/\/api.w.org\/{rel}","templated":true}]}}