{"id":46,"date":"2025-04-02T00:18:08","date_gmt":"2025-04-02T03:18:08","guid":{"rendered":"https:\/\/blog.planejeasfinancas.com.br\/?page_id=46"},"modified":"2025-04-02T00:18:09","modified_gmt":"2025-04-02T03:18:09","slug":"descargo-de-responsabilidade","status":"publish","type":"page","link":"https:\/\/blog.planejeasfinancas.com.br\/zh\/descargo-de-responsabilidade\/","title":{"rendered":"\u514d\u8d23\u58f0\u660e"},"content":{"rendered":"<html><body><h2 class=\"wp-block-heading\">\u514d\u8d23\u58f0\u660e<\/h2>\n\n\n\n<p>\u7684\u5185\u5bb9 <strong>\u89c4\u5212\u4f60\u7684\u8d22\u52a1<\/strong> \u4ec5\u4f9b\u53c2\u8003\u548c\u6559\u80b2\u76ee\u7684\u3002\u867d\u7136\u6211\u4eec\u52aa\u529b\u786e\u4fdd\u5171\u4eab\u4fe1\u606f\u7684\u51c6\u786e\u6027\uff0c\u4f46\u6211\u4eec\u4e0d\u4fdd\u8bc1\u672c\u7f51\u7ad9\u4e0a\u4efb\u4f55\u5185\u5bb9\u7684\u51c6\u786e\u6027\u3001\u5b8c\u6574\u6027\u6216\u53ef\u9760\u6027\u3002\u6240\u63d0\u4f9b\u7684\u4fe1\u606f\u4e0d\u5e94\u88ab\u89c6\u4e3a\u4e13\u4e1a\u7684\u8d22\u52a1\u5efa\u8bae\u3002<\/p>\n\n\n\n<h3 class=\"wp-block-heading\">1. \u4fe1\u606f\u548c\u5185\u5bb9<\/h3>\n\n\n\n<p>\u672c\u7f51\u7ad9\u6240\u5305\u542b\u7684\u4fe1\u606f\u57fa\u4e8e\u6211\u4eec\u8ba4\u4e3a\u53ef\u9760\u7684\u6765\u6e90\u3002\u7136\u800c\uff0c\u6211\u4eec\u4e0d\u5bf9\u4efb\u4f55\u9519\u8bef\u3001\u9057\u6f0f\u6216\u56e0\u4f7f\u7528\u6240\u63d0\u4f9b\u7684\u4fe1\u606f\u800c\u4ea7\u751f\u7684\u635f\u5bb3\u8d1f\u8d23\u3002<\/p>\n\n\n\n<h3 class=\"wp-block-heading\">2. \u4e13\u4e1a\u5efa\u8bae<\/h3>\n\n\n\n<p>\u6240\u63d0\u4f9b\u7684\u4fe1\u606f <strong>\u89c4\u5212\u4f60\u7684\u8d22\u52a1<\/strong> \u5b83\u4eec\u4e0d\u80fd\u53d6\u4ee3\u91d1\u878d\u3001\u6295\u8d44\u6216\u4efb\u4f55\u5176\u4ed6\u4e13\u4e1a\u9886\u57df\u7684\u5408\u683c\u4e13\u4e1a\u4eba\u58eb\u7684\u54a8\u8be2\u3002\u6211\u4eec\u5efa\u8bae\u60a8\u5728\u6839\u636e\u672c\u7f51\u7ad9\u7684\u4fe1\u606f\u505a\u51fa\u4efb\u4f55\u91cd\u5927\u51b3\u5b9a\u4e4b\u524d\u54a8\u8be2\u8d22\u52a1\u987e\u95ee\u6216\u4e13\u5bb6\u3002<\/p>\n\n\n\n<h3 class=\"wp-block-heading\">3. \u5916\u90e8\u7f51\u7ad9\u94fe\u63a5<\/h3>\n\n\n\n<p>\u6211\u4eec\u7684\u7f51\u7ad9\u53ef\u80fd\u5305\u542b\u7b2c\u4e09\u65b9\u7f51\u7ad9\u7684\u94fe\u63a5\u3002\u6211\u4eec\u4e0d\u5bf9\u8fd9\u4e9b\u7f51\u7ad9\u7684\u5185\u5bb9\u6216\u9690\u79c1\u60ef\u4f8b\u8d1f\u8d23\u3002\u6211\u4eec\u9f13\u52b1\u60a8\u9605\u8bfb\u901a\u8fc7\u6211\u4eec\u7f51\u7ad9\u4e0a\u7684\u94fe\u63a5\u8bbf\u95ee\u7684\u4efb\u4f55\u7f51\u7ad9\u7684\u9690\u79c1\u653f\u7b56\u548c\u4f7f\u7528\u6761\u6b3e\u3002<\/p>\n\n\n\n<h3 class=\"wp-block-heading\">4. \u7ed3\u679c\u4e0e\u4fdd\u8bc1<\/h3>\n\n\n\n<p>\u6211\u4eec\u4e0d\u4fdd\u8bc1\u4f7f\u7528\u7f51\u7ad9\u4e0a\u63d0\u4f9b\u7684\u4fe1\u606f\u6216\u5de5\u5177\u5c06\u4f1a\u4ea7\u751f\u7279\u5b9a\u7684\u7ed3\u679c\uff0c\u4e5f\u4e0d\u4fdd\u8bc1\u5176\u4e0d\u4f1a\u51fa\u73b0\u9519\u8bef\u6216\u4e2d\u65ad\u3002\u4f7f\u7528\u6240\u63d0\u4f9b\u7684\u4efb\u4f55\u8d44\u6e90\u6216\u4fe1\u606f\u7684\u8d23\u4efb\u5747\u7531\u7528\u6237\u627f\u62c5\u3002<\/p>\n\n\n\n<h3 class=\"wp-block-heading\">5.\u5185\u5bb9\u53d8\u66f4<\/h3>\n\n\n\n<p>\u672c\u7f51\u7ad9\u7684\u5185\u5bb9\u53ef\u80fd\u4f1a\u968f\u65f6\u66f4\u6539\uff0c\u6055\u4e0d\u53e6\u884c\u901a\u77e5\u3002\u6211\u4eec\u4fdd\u7559\u4fee\u6539\u3001\u66f4\u65b0\u6216\u5220\u9664\u4efb\u4f55\u4fe1\u606f\u7684\u6743\u5229\uff0c\u4f46\u6211\u4eec\u4e0d\u627f\u62c5\u4efb\u4f55\u4e49\u52a1\u6216\u8d23\u4efb\u3002<\/p>\n\n\n\n<h3 class=\"wp-block-heading\">6.\u6709\u9650\u8d23\u4efb<\/h3>\n\n\n\n<p>\u5728\u4efb\u4f55\u60c5\u51b5\u4e0b\uff0c <strong>\u89c4\u5212\u4f60\u7684\u8d22\u52a1<\/strong> \u5bf9\u4e8e\u56e0\u4f7f\u7528\u6216\u65e0\u6cd5\u4f7f\u7528\u6211\u4eec\u7684\u7f51\u7ad9\u800c\u4ea7\u751f\u7684\u4efb\u4f55\u76f4\u63a5\u3001\u95f4\u63a5\u3001\u5076\u7136\u6216\u5fc5\u7136\u7684\u635f\u5bb3\uff0c\u5305\u62ec\u4f46\u4e0d\u9650\u4e8e\u5229\u6da6\u635f\u5931\u3001\u6570\u636e\u4e22\u5931\u6216\u4e1a\u52a1\u4e2d\u65ad\uff0c\u4e0d\u627f\u62c5\u8d23\u4efb\u3002<\/p>\n\n\n\n<h3 class=\"wp-block-heading\">7.\u7248\u6743<\/h3>\n\n\n\n<p>\u672c\u7f51\u7ad9\u6240\u6709\u5185\u5bb9\uff0c\u5305\u62ec\u6587\u672c\u3001\u56fe\u7247\u3001\u89c6\u9891\u548c\u56fe\u8868\uff0c\u5747\u53d7\u7248\u6743\u4fdd\u62a4\uff0c\u672a\u7ecf\u6388\u6743\u4e0d\u5f97\u590d\u5236 <strong>\u89c4\u5212\u4f60\u7684\u8d22\u52a1<\/strong>.<\/p>\n\n\n\n<h3 class=\"wp-block-heading\">8. \u514d\u8d23\u58f0\u660e\u7684\u53d8\u66f4<\/h3>\n\n\n\n<p>\u6211\u4eec\u53ef\u80fd\u968f\u65f6\u66f4\u6539\u6b64\u514d\u8d23\u58f0\u660e\u3002\u6211\u4eec\u5efa\u8bae\u60a8\u5b9a\u671f\u67e5\u770b\u6b64\u9875\u9762\u4ee5\u4e86\u89e3\u4efb\u4f55\u66f4\u6539\u3002<\/p>\n\n\n\n<h3 class=\"wp-block-heading\">9.\u8054\u7cfb\u65b9\u5f0f<\/h3>\n\n\n\n<p>\u5982\u679c\u60a8\u5bf9\u672c\u514d\u8d23\u58f0\u660e\u6709\u4efb\u4f55\u95ee\u9898\u6216\u7591\u8651\uff0c\u8bf7\u8054\u7cfb\u6211\u4eec\uff1a <a><strong>contato@planejeasfinancas.com.br<\/strong><\/a>.<\/p>\n<\/body><\/html>","protected":false},"excerpt":{"rendered":"<p>Descargo de Responsabilidade O conte\u00fado do Planeje as Finan\u00e7as \u00e9 fornecido para fins informativos e educacionais. Embora nos esforcemos para garantir a precis\u00e3o das informa\u00e7\u00f5es compartilhadas, n\u00e3o garantimos a precis\u00e3o, completude ou confiabilidade de qualquer conte\u00fado dispon\u00edvel neste site. As informa\u00e7\u00f5es fornecidas n\u00e3o devem ser interpretadas como aconselhamento financeiro profissional. 1. Informa\u00e7\u00f5es e Conte\u00fado As [&hellip;]<\/p>","protected":false},"author":2,"featured_media":0,"parent":0,"menu_order":0,"comment_status":"closed","ping_status":"closed","template":"","meta":{"footnotes":""},"class_list":["post-46","page","type-page","status-publish","hentry"],"_links":{"self":[{"href":"https:\/\/blog.planejeasfinancas.com.br\/zh\/wp-json\/wp\/v2\/pages\/46","targetHints":{"allow":["GET"]}}],"collection":[{"href":"https:\/\/blog.planejeasfinancas.com.br\/zh\/wp-json\/wp\/v2\/pages"}],"about":[{"href":"https:\/\/blog.planejeasfinancas.com.br\/zh\/wp-json\/wp\/v2\/types\/page"}],"author":[{"embeddable":true,"href":"https:\/\/blog.planejeasfinancas.com.br\/zh\/wp-json\/wp\/v2\/users\/2"}],"replies":[{"embeddable":true,"href":"https:\/\/blog.planejeasfinancas.com.br\/zh\/wp-json\/wp\/v2\/comments?post=46"}],"version-history":[{"count":1,"href":"https:\/\/blog.planejeasfinancas.com.br\/zh\/wp-json\/wp\/v2\/pages\/46\/revisions"}],"predecessor-version":[{"id":47,"href":"https:\/\/blog.planejeasfinancas.com.br\/zh\/wp-json\/wp\/v2\/pages\/46\/revisions\/47"}],"wp:attachment":[{"href":"https:\/\/blog.planejeasfinancas.com.br\/zh\/wp-json\/wp\/v2\/media?parent=46"}],"curies":[{"name":"wp","href":"https:\/\/api.w.org\/{rel}","templated":true}]}}