{"id":44,"date":"2025-04-02T00:16:21","date_gmt":"2025-04-02T03:16:21","guid":{"rendered":"https:\/\/blog.planejeasfinancas.com.br\/?page_id=44"},"modified":"2025-04-03T18:07:18","modified_gmt":"2025-04-03T21:07:18","slug":"contato","status":"publish","type":"page","link":"https:\/\/blog.planejeasfinancas.com.br\/zh\/contato\/","title":{"rendered":"\u63a5\u89e6"},"content":{"rendered":"<html><body><p><strong>\u63a5\u89e6<\/strong><\/p>\n\n\n\n<p>\u4f60\u597d\uff01\u6b22\u8fce\u6765\u5230\u6211\u4eec\u7684\u8054\u7cfb\u9875\u9762\u3002\u6211\u4eec\u968f\u65f6\u4e3a\u60a8\u89e3\u7b54\u6709\u5173 <strong>\u89c4\u5212\u4f60\u7684\u8d22\u52a1<\/strong>\u3002\u6b22\u8fce\u901a\u8fc7\u4ee5\u4e0b\u65b9\u5f0f\u8054\u7cfb\u6211\u4eec\uff1a<\/p>\n\n\n\n<h3 class=\"wp-block-heading\">\u8054\u7cfb\u8868\u683c<\/h3>\n\n\n\n<p>\u5982\u679c\u60a8\u9700\u8981\u66f4\u76f4\u63a5\u7684\u670d\u52a1\uff0c\u8bf7\u586b\u5199\u4e0b\u9762\u7684\u8868\u683c\uff0c\u6211\u4eec\u7684\u56e2\u961f\u5c06\u5c3d\u5feb\u56de\u590d\uff1a<\/p>\n\n\n\n<h3 class=\"wp-block-heading\">\u7535\u5b50\u90ae\u4ef6<\/h3>\n\n\n\n<p>\u5982\u679c\u60a8\u5e0c\u671b\u901a\u8fc7\u7535\u5b50\u90ae\u4ef6\u76f4\u63a5\u8054\u7cfb\u6211\u4eec\uff0c\u8bf7\u5c06\u60a8\u7684\u6d88\u606f\u53d1\u9001\u81f3\uff1a<\/p>\n\n\n\n<p><strong><a class=\"\">contato@planejeasfinancas.com.br<\/a><\/strong><\/p>\n\n\n\n<h3 class=\"wp-block-heading\">\u793e\u4ea4\u5a92\u4f53<\/h3>\n\n\n\n<p>\u60a8\u8fd8\u53ef\u4ee5\u5728\u793e\u4ea4\u5a92\u4f53\u4e0a\u5173\u6ce8\u6211\u4eec\u5e76\u4e0e\u6211\u4eec\u7684\u5185\u5bb9\u4e92\u52a8\u3002\u6211\u4eec\u5b58\u5728\u4e8e\u4ee5\u4e0b\u5e73\u53f0\uff1a<\/p>\n\n\n\n<ul class=\"wp-block-list\">\n<li>[Facebook] <strong>facebook.com\/planejeasfinancas<\/strong><\/li>\n\n\n\n<li>[Instagram] <strong>instagram.com\/planejeasfinancas<\/strong><\/li>\n\n\n\n<li>[\u53fd\u53fd\u55b3\u55b3] <strong>twitter.com\/plan_finances<\/strong><\/li>\n\n\n\n<li>[\u9886\u82f1] <strong>linkedin.com\/company\/planejeasfinancas<\/strong><\/li>\n<\/ul>\n\n\n\n<h3 class=\"wp-block-heading\">\u5730\u5740<\/h3>\n\n\n\n<p>\u5982\u679c\u60a8\u5e0c\u671b\u4eb2\u81ea\u8054\u7cfb\u6211\u4eec\uff0c\u6211\u4eec\u7684\u5730\u5740\u662f\uff1a<\/p>\n\n\n\n<p><strong>\u4fdd\u5229\u65af\u5854\u5927\u9053 123 \u53f7 \u2013 405 \u5ba4<br>\u5df4\u897f\u5723\u4fdd\u7f57 <\/strong><\/p>\n\n\n\n<p>\u611f\u8c22\u60a8\u8054\u7cfb\u6211\u4eec\uff0c\u6211\u4eec\u5c06\u5c3d\u5feb\u56de\u590d\uff01<\/p>\n\n\n\n<p><strong>\u89c4\u5212\u60a8\u7684\u8d22\u52a1\u2014\u2014\u6211\u4eec\u968f\u65f6\u4e3a\u60a8\u63d0\u4f9b\u5e2e\u52a9\uff01<\/strong><\/p>\n\n\n\n<p>\u73b0\u5728\uff0c\u6709\u4e86\u865a\u6784\u7684\u4fe1\u606f\uff0c\u8be5\u9875\u9762\u5c31\u53ef\u4ee5\u4f7f\u7528\u4e86\u3002\u5982\u679c\u60a8\u9700\u8981\u4efb\u4f55\u8fdb\u4e00\u6b65\u7684\u8c03\u6574\uff0c\u8bf7\u544a\u8bc9\u6211\uff01<\/p>\n<\/body><\/html>","protected":false},"excerpt":{"rendered":"<p>Contato Ol\u00e1! Bem-vindo \u00e0 nossa p\u00e1gina de contato. Estamos aqui para ajudar voc\u00ea com qualquer d\u00favida, sugest\u00e3o ou coment\u00e1rio sobre o Planeje as Finan\u00e7as. Fique \u00e0 vontade para entrar em contato conosco atrav\u00e9s dos seguintes meios: Formul\u00e1rio de Contato Se voc\u00ea prefere um atendimento mais direto, preencha o formul\u00e1rio abaixo e nossa equipe responder\u00e1 o [&hellip;]<\/p>","protected":false},"author":2,"featured_media":0,"parent":0,"menu_order":0,"comment_status":"closed","ping_status":"closed","template":"template-contato.php","meta":{"footnotes":""},"class_list":["post-44","page","type-page","status-publish","hentry"],"_links":{"self":[{"href":"https:\/\/blog.planejeasfinancas.com.br\/zh\/wp-json\/wp\/v2\/pages\/44","targetHints":{"allow":["GET"]}}],"collection":[{"href":"https:\/\/blog.planejeasfinancas.com.br\/zh\/wp-json\/wp\/v2\/pages"}],"about":[{"href":"https:\/\/blog.planejeasfinancas.com.br\/zh\/wp-json\/wp\/v2\/types\/page"}],"author":[{"embeddable":true,"href":"https:\/\/blog.planejeasfinancas.com.br\/zh\/wp-json\/wp\/v2\/users\/2"}],"replies":[{"embeddable":true,"href":"https:\/\/blog.planejeasfinancas.com.br\/zh\/wp-json\/wp\/v2\/comments?post=44"}],"version-history":[{"count":2,"href":"https:\/\/blog.planejeasfinancas.com.br\/zh\/wp-json\/wp\/v2\/pages\/44\/revisions"}],"predecessor-version":[{"id":150,"href":"https:\/\/blog.planejeasfinancas.com.br\/zh\/wp-json\/wp\/v2\/pages\/44\/revisions\/150"}],"wp:attachment":[{"href":"https:\/\/blog.planejeasfinancas.com.br\/zh\/wp-json\/wp\/v2\/media?parent=44"}],"curies":[{"name":"wp","href":"https:\/\/api.w.org\/{rel}","templated":true}]}}