{"id":42,"date":"2025-04-02T00:13:58","date_gmt":"2025-04-02T03:13:58","guid":{"rendered":"https:\/\/blog.planejeasfinancas.com.br\/?page_id=42"},"modified":"2025-04-02T00:13:58","modified_gmt":"2025-04-02T03:13:58","slug":"quem-somos","status":"publish","type":"page","link":"https:\/\/blog.planejeasfinancas.com.br\/zh\/quem-somos\/","title":{"rendered":"\u6211\u4eec\u662f\u8c01"},"content":{"rendered":"<html><body><p><strong>\u6211\u4eec\u662f\u8c01<\/strong><\/p>\n\n\n\n<p>\u6b22\u8fce\u6765\u5230 <strong>\u89c4\u5212\u4f60\u7684\u8d22\u52a1<\/strong>\uff01\u6211\u4eec\u662f\u4e00\u4e2a\u81f4\u529b\u4e8e\u63d0\u4f9b\u6709\u5173\u6280\u672f\u3001\u6709\u7528\u63d0\u793a\u3001\u5e94\u7528\u7a0b\u5e8f\u548c\u65b0\u95fb\u7684\u76f8\u5173\u5185\u5bb9\u7684\u95e8\u6237\u7f51\u7ad9\u3002\u6211\u4eec\u7684\u76ee\u6807\u662f\u63d0\u4f9b\u6613\u4e8e\u7406\u89e3\u548c\u5b9e\u7528\u7684\u4fe1\u606f\uff0c\u4f7f\u60a8\u7684\u65e5\u5e38\u751f\u6d3b\u66f4\u52a0\u8f7b\u677e\uff0c\u5e76\u8ba9\u60a8\u53ca\u65f6\u4e86\u89e3\u6570\u5b57\u5e02\u573a\u7684\u4e3b\u8981\u8d8b\u52bf\u3002<\/p>\n\n\n\n<h3 class=\"wp-block-heading\">\u6211\u4eec\u7684\u4f7f\u547d<\/h3>\n\n\n\n<p>\u6211\u4eec\u76f8\u4fe1\u4fe1\u606f\u5bf9\u4e8e\u505a\u51fa\u66f4\u5b89\u5168\u3001\u66f4\u6709\u6548\u7684\u51b3\u7b56\u81f3\u5173\u91cd\u8981\u3002\u56e0\u6b64\uff0c\u6211\u4eec\u7684\u627f\u8bfa\u662f\u63d0\u4f9b\u4f18\u8d28\u5185\u5bb9\uff0c\u5e2e\u52a9\u60a8\u66f4\u597d\u5730\u5229\u7528\u73b0\u6709\u7684\u6280\u672f\u5de5\u5177\u3002<\/p>\n\n\n\n<h3 class=\"wp-block-heading\">\u6211\u4eec\u63d0\u4f9b\u4ec0\u4e48<\/h3>\n\n\n\n<ul class=\"wp-block-list\">\n<li><strong>\u5b9e\u7528\u6280\u5de7<\/strong>\uff1a\u8ba9\u60a8\u7684\u65e5\u5e38\u5de5\u4f5c\u66f4\u8f7b\u677e\u5e76\u6539\u5584\u60a8\u7684\u6570\u5b57\u4f53\u9a8c\u7684\u89e3\u51b3\u65b9\u6848\u3002<\/li>\n\n\n\n<li><strong>\u6280\u672f<\/strong>\uff1a\u6709\u5173\u521b\u65b0\u3001\u8bbe\u5907\u548c\u884c\u4e1a\u8d8b\u52bf\u7684\u65b0\u95fb\u3002<\/li>\n\n\n\n<li><strong>\u5e94\u7528<\/strong>\uff1a\u9488\u5bf9\u4e0d\u540c\u76ee\u7684\u7684\u6700\u4f73\u5e94\u7528\u7a0b\u5e8f\u7684\u8bc4\u8bba\u548c\u5efa\u8bae\u3002<\/li>\n\n\n\n<li><strong>\u6d88\u606f<\/strong>\uff1a\u6765\u81ea\u6570\u5b57\u4e16\u754c\u548c\u6280\u672f\u7684\u66f4\u65b0\u548c\u76f8\u5173\u4e8b\u5b9e\u3002<\/li>\n<\/ul>\n\n\n\n<h3 class=\"wp-block-heading\">\u6211\u4eec\u7684\u56e2\u961f<\/h3>\n\n\n\n<p>\u6211\u4eec\u7684\u56e2\u961f\u7531\u5bf9\u6280\u672f\u548c\u521b\u65b0\u5145\u6ee1\u70ed\u60c5\u7684\u4e13\u5bb6\u7ec4\u6210\uff0c\u59cb\u7ec8\u5173\u6ce8\u65b0\u7684\u53d1\u5c55\uff0c\u4e3a\u6211\u4eec\u7684\u8bfb\u8005\u5e26\u6765\u6700\u65b0\u7684\u76f8\u5173\u5185\u5bb9\u3002<\/p>\n\n\n\n<h3 class=\"wp-block-heading\">\u8054\u7cfb\u6211\u4eec<\/h3>\n\n\n\n<p>\u5982\u679c\u60a8\u6709\u4efb\u4f55\u95ee\u9898\u3001\u5efa\u8bae\u6216\u5e0c\u671b\u4e0e\u6211\u4eec\u5408\u4f5c\uff0c\u8bf7\u901a\u8fc7\u7535\u5b50\u90ae\u4ef6\u8054\u7cfb\u6211\u4eec\uff1a <strong>blog.planejeasfinancas@gmail.com<\/strong>.<\/p>\n\n\n\n<p>\u5173\u6ce8\u6211\u4eec\u7684\u66f4\u65b0\uff0c\u4e86\u89e3\u6280\u672f\u548c\u521b\u65b0\u7684\u4e16\u754c\uff01<\/p>\n\n\n\n<hr class=\"wp-block-separator has-alpha-channel-opacity\">\n\n\n\n<p><strong>\u89c4\u5212\u60a8\u7684\u8d22\u52a1\u2014\u2014\u4fe1\u606f\u548c\u6280\u672f\u89e6\u624b\u53ef\u53ca\uff01<\/strong><\/p>\n<\/body><\/html>","protected":false},"excerpt":{"rendered":"<p>Quem Somos Bem-vindo ao Planeje as Finan\u00e7as! Somos um portal dedicado a trazer conte\u00fados relevantes sobre tecnologia, dicas \u00fateis, aplicativos e not\u00edcias. Nosso objetivo \u00e9 fornecer informa\u00e7\u00f5es acess\u00edveis e pr\u00e1ticas para facilitar o seu dia a dia e mant\u00ea-lo atualizado com as principais tend\u00eancias do mercado digital. Nossa Miss\u00e3o Acreditamos que a informa\u00e7\u00e3o \u00e9 essencial [&hellip;]<\/p>","protected":false},"author":2,"featured_media":0,"parent":0,"menu_order":0,"comment_status":"closed","ping_status":"closed","template":"","meta":{"footnotes":""},"class_list":["post-42","page","type-page","status-publish","hentry"],"_links":{"self":[{"href":"https:\/\/blog.planejeasfinancas.com.br\/zh\/wp-json\/wp\/v2\/pages\/42","targetHints":{"allow":["GET"]}}],"collection":[{"href":"https:\/\/blog.planejeasfinancas.com.br\/zh\/wp-json\/wp\/v2\/pages"}],"about":[{"href":"https:\/\/blog.planejeasfinancas.com.br\/zh\/wp-json\/wp\/v2\/types\/page"}],"author":[{"embeddable":true,"href":"https:\/\/blog.planejeasfinancas.com.br\/zh\/wp-json\/wp\/v2\/users\/2"}],"replies":[{"embeddable":true,"href":"https:\/\/blog.planejeasfinancas.com.br\/zh\/wp-json\/wp\/v2\/comments?post=42"}],"version-history":[{"count":1,"href":"https:\/\/blog.planejeasfinancas.com.br\/zh\/wp-json\/wp\/v2\/pages\/42\/revisions"}],"predecessor-version":[{"id":43,"href":"https:\/\/blog.planejeasfinancas.com.br\/zh\/wp-json\/wp\/v2\/pages\/42\/revisions\/43"}],"wp:attachment":[{"href":"https:\/\/blog.planejeasfinancas.com.br\/zh\/wp-json\/wp\/v2\/media?parent=42"}],"curies":[{"name":"wp","href":"https:\/\/api.w.org\/{rel}","templated":true}]}}