{"id":3,"date":"2025-04-01T10:43:41","date_gmt":"2025-04-01T13:43:41","guid":{"rendered":"https:\/\/blog.planejeasfinancas.com.br\/?page_id=3"},"modified":"2025-04-02T00:09:59","modified_gmt":"2025-04-02T03:09:59","slug":"politica-de-privacidade","status":"publish","type":"page","link":"https:\/\/blog.planejeasfinancas.com.br\/zh\/politica-de-privacidade\/","title":{"rendered":"\u9690\u79c1\u653f\u7b56"},"content":{"rendered":"<html><body><h2 class=\"wp-block-heading\"><strong>\u9690\u79c1\u653f\u7b56<\/strong><\/h2>\n\n\n\n<p><strong>\u6700\u540e\u66f4\u65b0\uff1a<\/strong> 01\/04\/2025<\/p>\n\n\n\n<p>\u6b22\u8fce\u6765\u5230 <strong>\u535a\u5ba2<\/strong> <strong>\u89c4\u5212\u4f60\u7684\u8d22\u52a1<\/strong>\uff01\u60a8\u7684\u9690\u79c1\u5bf9\u6211\u4eec\u5f88\u91cd\u8981\u3002\u672c\u9690\u79c1\u653f\u7b56\u89e3\u91ca\u4e86\u5f53\u60a8\u8bbf\u95ee\u6211\u4eec\u7684\u7f51\u7ad9\u65f6\u6211\u4eec\u5982\u4f55\u6536\u96c6\u3001\u4f7f\u7528\u3001\u5171\u4eab\u548c\u4fdd\u62a4\u60a8\u7684\u4fe1\u606f\u3002 <a><strong>https:\/\/blog.planejeasfinancas.com.br<\/strong><\/a>.<\/p>\n\n\n\n<h3 class=\"wp-block-heading\">1.\u4fe1\u606f\u6536\u96c6<\/h3>\n\n\n\n<p>\u6211\u4eec\u53ef\u80fd\u901a\u8fc7\u4e0d\u540c\u7684\u65b9\u5f0f\u6536\u96c6\u4fe1\u606f\uff0c\u5305\u62ec\uff1a<\/p>\n\n\n\n<ul class=\"wp-block-list\">\n<li><strong>\u7528\u6237\u63d0\u4f9b\u7684\u4fe1\u606f<\/strong>\uff1a\u8ba2\u9605\u6211\u4eec\u7684\u65f6\u4e8b\u901a\u8baf\u6216\u8054\u7cfb\u6211\u4eec\u65f6\u81ea\u613f\u63d0\u4f9b\u7684\u59d3\u540d\u3001\u7535\u5b50\u90ae\u4ef6\u548c\u5176\u4ed6\u4fe1\u606f\u3002<\/li>\n\n\n\n<li><strong>\u81ea\u52a8\u4fe1\u606f<\/strong>\uff1a\u6d4f\u89c8\u6570\u636e\u3001IP \u5730\u5740\u3001\u6d4f\u89c8\u5668\u7c7b\u578b\u3001\u82b1\u8d39\u7684\u65f6\u95f4\u548c\u8bbf\u95ee\u7684\u9875\u9762\u3002<\/li>\n\n\n\n<li><strong>Cookie \u548c\u7c7b\u4f3c\u6280\u672f<\/strong>\uff1a\u6211\u4eec\u4f7f\u7528 cookie \u6765\u6539\u5584\u7528\u6237\u4f53\u9a8c\u5e76\u4e2a\u6027\u5316\u5185\u5bb9\u3002<\/li>\n<\/ul>\n\n\n\n<h3 class=\"wp-block-heading\">2. \u4fe1\u606f\u7684\u4f7f\u7528<\/h3>\n\n\n\n<p>\u6240\u6536\u96c6\u7684\u4fe1\u606f\u53ef\u80fd\u7528\u4e8e\uff1a<\/p>\n\n\n\n<ul class=\"wp-block-list\">\n<li>\u4e2a\u6027\u5316\u60a8\u5728\u7f51\u7ad9\u4e0a\u7684\u4f53\u9a8c\uff1b<\/li>\n\n\n\n<li>\u6539\u8fdb\u6211\u4eec\u7684\u670d\u52a1\u548c\u5185\u5bb9\uff1b<\/li>\n\n\n\n<li>\u53d1\u9001\u4fe1\u606f\u6027\u6216\u4fc3\u9500\u7535\u5b50\u90ae\u4ef6\uff08\u5982\u679c\u7528\u6237\u6388\u6743\uff09\uff1b<\/li>\n\n\n\n<li>\u5206\u6790\u4f7f\u7528\u60c5\u51b5\u548c\u884c\u4e3a\u7edf\u8ba1\u6570\u636e\u3002<\/li>\n<\/ul>\n\n\n\n<h3 class=\"wp-block-heading\">3.\u4fe1\u606f\u5171\u4eab<\/h3>\n\n\n\n<p>\u6211\u4eec\u4e0d\u4f1a\u4e0e\u7b2c\u4e09\u65b9\u5171\u4eab\u60a8\u7684\u4e2a\u4eba\u4fe1\u606f\uff0c\u4f46\u4ee5\u4e0b\u60c5\u51b5\u9664\u5916\uff1a<\/p>\n\n\n\n<ul class=\"wp-block-list\">\n<li>\u6cd5\u5f8b\u8981\u6c42\u65f6\uff1b<\/li>\n\n\n\n<li>\u4e0e\u534f\u52a9\u7f51\u7ad9\u8fd0\u8425\u7684\u670d\u52a1\u63d0\u4f9b\u5546\uff08\u4f8b\u5982\uff1a\u7535\u5b50\u90ae\u4ef6\u8425\u9500\u548c\u6570\u636e\u5206\u6790\u63d0\u4f9b\u5546\uff09\uff1b<\/li>\n\n\n\n<li>\u4fdd\u62a4\u6211\u4eec\u7684\u5408\u6cd5\u6743\u76ca\u548c\u7528\u6237\u5b89\u5168\u3002<\/li>\n<\/ul>\n\n\n\n<h3 class=\"wp-block-heading\">4. Cookie \u548c\u8ffd\u8e2a\u6280\u672f<\/h3>\n\n\n\n<p>\u6211\u4eec\u4f7f\u7528 Cookie \u6765\uff1a<\/p>\n\n\n\n<ul class=\"wp-block-list\">\n<li>\u6539\u5584\u5bfc\u822a\u548c\u7528\u6237\u4f53\u9a8c\uff1b<\/li>\n\n\n\n<li>\u5206\u6790\u7f51\u7ad9\u6d41\u91cf\uff1b<\/li>\n\n\n\n<li>\u901a\u8fc7\u7b2c\u4e09\u65b9\u670d\u52a1\uff08Google Ads\u3001Facebook Ads \u7b49\uff09\u663e\u793a\u4e2a\u6027\u5316\u5e7f\u544a\u3002<\/li>\n<\/ul>\n\n\n\n<p>\u60a8\u53ef\u4ee5\u76f4\u63a5\u5728\u6d4f\u89c8\u5668\u4e2d\u7ba1\u7406\u6216\u7981\u7528 cookie\u3002<\/p>\n\n\n\n<h3 class=\"wp-block-heading\">5.\u6570\u636e\u5b89\u5168<\/h3>\n\n\n\n<p>\u6211\u4eec\u5b9e\u65bd\u5b89\u5168\u63aa\u65bd\u6765\u4fdd\u62a4\u60a8\u7684\u4fe1\u606f\u514d\u906d\u672a\u7ecf\u6388\u6743\u7684\u8bbf\u95ee\u3001\u66f4\u6539\u6216\u4e0d\u5f53\u6cc4\u9732\u3002<\/p>\n\n\n\n<h3 class=\"wp-block-heading\">6. \u5916\u90e8\u7f51\u7ad9\u94fe\u63a5<\/h3>\n\n\n\n<p>\u6211\u4eec\u7684\u7f51\u7ad9\u53ef\u80fd\u5305\u542b\u7b2c\u4e09\u65b9\u7f51\u7ad9\u7684\u94fe\u63a5\u3002\u6211\u4eec\u4e0d\u5bf9\u8fd9\u4e9b\u7f51\u7ad9\u7684\u9690\u79c1\u653f\u7b56\u8d1f\u8d23\u3002<\/p>\n\n\n\n<h3 class=\"wp-block-heading\">7.\u7528\u6237\u6743\u5229<\/h3>\n\n\n\n<p>\u60a8\u6709\u6743\uff1a<\/p>\n\n\n\n<ul class=\"wp-block-list\">\n<li>\u8bbf\u95ee\u3001\u66f4\u6b63\u6216\u5220\u9664\u60a8\u7684\u4e2a\u4eba\u4fe1\u606f\uff1b<\/li>\n\n\n\n<li>\u64a4\u9500\u5bf9\u4f7f\u7528\u60a8\u7684\u6570\u636e\u7684\u540c\u610f\uff1b<\/li>\n\n\n\n<li>\u8bf7\u6c42\u6709\u5173\u60a8\u7684\u6570\u636e\u4f7f\u7528\u60c5\u51b5\u7684\u4fe1\u606f\u3002<\/li>\n<\/ul>\n\n\n\n<p>\u8981\u884c\u4f7f\u60a8\u7684\u6743\u5229\uff0c\u8bf7\u901a\u8fc7\u7535\u5b50\u90ae\u4ef6\u8054\u7cfb\u6211\u4eec\uff1a <strong>[\u60a8\u7684\u8054\u7cfb\u90ae\u7bb1]<\/strong>.<\/p>\n\n\n\n<h3 class=\"wp-block-heading\">8. \u9690\u79c1\u653f\u7b56\u7684\u53d8\u66f4<\/h3>\n\n\n\n<p>\u6211\u4eec\u53ef\u80fd\u4f1a\u4e0d\u65f6\u66f4\u65b0\u672c\u9690\u79c1\u653f\u7b56\u3002\u6211\u4eec\u5efa\u8bae\u60a8\u5b9a\u671f\u67e5\u770b\u6b64\u9875\u9762\u4ee5\u4e86\u89e3\u4efb\u4f55\u66f4\u6539\u3002<\/p>\n\n\n\n<h3 class=\"wp-block-heading\">9.\u8054\u7cfb\u65b9\u5f0f<\/h3>\n\n\n\n<p>\u5982\u679c\u60a8\u5bf9\u672c\u9690\u79c1\u653f\u7b56\u6709\u4efb\u4f55\u7591\u95ee\uff0c\u8bf7\u901a\u8fc7\u7535\u5b50\u90ae\u4ef6\u4e0e\u6211\u4eec\u8054\u7cfb\uff1a <strong>blog.planejeasfinancas@gmail.com<\/strong>.<\/p>\n\n\n\n<hr class=\"wp-block-separator has-alpha-channel-opacity\">\n\n\n\n<p>\u7ee7\u7eed\u4f7f\u7528\u6211\u4eec\u7684\u7f51\u7ad9\uff0c\u5373\u8868\u793a\u60a8\u540c\u610f\u672c\u9690\u79c1\u653f\u7b56\u7684\u6761\u6b3e\u3002<\/p>\n<\/body><\/html>","protected":false},"excerpt":{"rendered":"<p>Pol\u00edtica de Privacidade \u00daltima Atualiza\u00e7\u00e3o: 01\/04\/2025 Bem-vindo ao Blog Planeje as Finan\u00e7as! A sua privacidade \u00e9 importante para n\u00f3s. Esta Pol\u00edtica de Privacidade explica como coletamos, usamos, compartilhamos e protegemos suas informa\u00e7\u00f5es ao acessar nosso site https:\/\/blog.planejeasfinancas.com.br. 1. Coleta de Informa\u00e7\u00f5es Podemos coletar informa\u00e7\u00f5es de diferentes formas, incluindo: 2. Uso das Informa\u00e7\u00f5es As informa\u00e7\u00f5es coletadas [&hellip;]<\/p>","protected":false},"author":1,"featured_media":0,"parent":0,"menu_order":0,"comment_status":"closed","ping_status":"open","template":"","meta":{"footnotes":""},"class_list":["post-3","page","type-page","status-publish","hentry"],"_links":{"self":[{"href":"https:\/\/blog.planejeasfinancas.com.br\/zh\/wp-json\/wp\/v2\/pages\/3","targetHints":{"allow":["GET"]}}],"collection":[{"href":"https:\/\/blog.planejeasfinancas.com.br\/zh\/wp-json\/wp\/v2\/pages"}],"about":[{"href":"https:\/\/blog.planejeasfinancas.com.br\/zh\/wp-json\/wp\/v2\/types\/page"}],"author":[{"embeddable":true,"href":"https:\/\/blog.planejeasfinancas.com.br\/zh\/wp-json\/wp\/v2\/users\/1"}],"replies":[{"embeddable":true,"href":"https:\/\/blog.planejeasfinancas.com.br\/zh\/wp-json\/wp\/v2\/comments?post=3"}],"version-history":[{"count":2,"href":"https:\/\/blog.planejeasfinancas.com.br\/zh\/wp-json\/wp\/v2\/pages\/3\/revisions"}],"predecessor-version":[{"id":41,"href":"https:\/\/blog.planejeasfinancas.com.br\/zh\/wp-json\/wp\/v2\/pages\/3\/revisions\/41"}],"wp:attachment":[{"href":"https:\/\/blog.planejeasfinancas.com.br\/zh\/wp-json\/wp\/v2\/media?parent=3"}],"curies":[{"name":"wp","href":"https:\/\/api.w.org\/{rel}","templated":true}]}}