{"id":48,"date":"2025-04-02T00:20:13","date_gmt":"2025-04-02T03:20:13","guid":{"rendered":"https:\/\/blog.planejeasfinancas.com.br\/?page_id=48"},"modified":"2025-04-02T00:20:22","modified_gmt":"2025-04-02T03:20:22","slug":"termos-e-condicoes","status":"publish","type":"page","link":"https:\/\/blog.planejeasfinancas.com.br\/vi\/termos-e-condicoes\/","title":{"rendered":"\u0110i\u1ec1u kho\u1ea3n v\u00e0 \u0111i\u1ec1u ki\u1ec7n"},"content":{"rendered":"<html><body><h2 class=\"wp-block-heading\">\u0110i\u1ec1u kho\u1ea3n v\u00e0 \u0111i\u1ec1u ki\u1ec7n<\/h2>\n\n\n\n<p>Bem-vindo ao <strong>Planeje as Finan\u00e7as<\/strong>! Ao acessar e utilizar nosso site <strong><a class=\"\" href=\"https:\/\/blog.planejeasfinancas.com.br\/vi\/\">https:\/\/blog.planejeasfinancas.com.br<\/a><\/strong>, voc\u00ea concorda com os seguintes Termos e Condi\u00e7\u00f5es. Por favor, leia atentamente.<\/p>\n\n\n\n<h3 class=\"wp-block-heading\">1. Aceita\u00e7\u00e3o dos Termos<\/h3>\n\n\n\n<p>Ao utilizar o site <strong>Planeje as Finan\u00e7as<\/strong>, voc\u00ea concorda em cumprir e estar vinculado a estes Termos e Condi\u00e7\u00f5es, que podem ser alterados a qualquer momento sem aviso pr\u00e9vio. O uso continuado do site ap\u00f3s altera\u00e7\u00f5es nos Termos implica na aceita\u00e7\u00e3o dessas modifica\u00e7\u00f5es.<\/p>\n\n\n\n<h3 class=\"wp-block-heading\">2. Uso do Site<\/h3>\n\n\n\n<p>Voc\u00ea concorda em utilizar nosso site de maneira legal e apropriada, sem violar qualquer lei ou regulamenta\u00e7\u00e3o vigente. A utiliza\u00e7\u00e3o de nosso conte\u00fado para fins ilegais ou proibidos \u00e9 estritamente proibida.<\/p>\n\n\n\n<h3 class=\"wp-block-heading\">3. Propriedade Intelectual<\/h3>\n\n\n\n<p>Todo o conte\u00fado presente neste site, incluindo textos, imagens, v\u00eddeos, gr\u00e1ficos e logotipos, s\u00e3o protegidos por direitos autorais, marcas registradas e outras leis de propriedade intelectual. O uso n\u00e3o autorizado de qualquer conte\u00fado sem a devida permiss\u00e3o \u00e9 estritamente proibido.<\/p>\n\n\n\n<h3 class=\"wp-block-heading\">4. Responsabilidade pelo Conte\u00fado<\/h3>\n\n\n\n<p>As informa\u00e7\u00f5es contidas no <strong>Planeje as Finan\u00e7as<\/strong> s\u00e3o fornecidas para fins informativos e educacionais. N\u00e3o garantimos que as informa\u00e7\u00f5es sejam precisas, completas ou atualizadas. O uso de nosso conte\u00fado \u00e9 de sua responsabilidade. Para qualquer aconselhamento espec\u00edfico, como financeiro ou jur\u00eddico, voc\u00ea deve consultar um profissional qualificado.<\/p>\n\n\n\n<h3 class=\"wp-block-heading\">5. Links para Sites de Terceiros<\/h3>\n\n\n\n<p>Nosso site pode conter links para outros sites de terceiros. Esses links s\u00e3o fornecidos apenas para conveni\u00eancia. N\u00e3o somos respons\u00e1veis pelo conte\u00fado ou pelas pr\u00e1ticas de privacidade de sites externos. Recomendamos que voc\u00ea leia os Termos e Condi\u00e7\u00f5es e Pol\u00edticas de Privacidade de qualquer site que acessar por meio de um link em nosso site.<\/p>\n\n\n\n<h3 class=\"wp-block-heading\">6. Limita\u00e7\u00e3o de Responsabilidade<\/h3>\n\n\n\n<p>Em hip\u00f3tese alguma, a <strong>Planeje as Finan\u00e7as<\/strong> ser\u00e1 respons\u00e1vel por danos diretos, indiretos, incidentais ou consequenciais decorrentes do uso ou da incapacidade de usar nosso site, incluindo, mas n\u00e3o se limitando a, perda de dados, lucros ou interrup\u00e7\u00e3o de neg\u00f3cios.<\/p>\n\n\n\n<h3 class=\"wp-block-heading\">7. Modifica\u00e7\u00f5es no Site<\/h3>\n\n\n\n<p>Nos reservamos o direito de alterar, modificar, suspender ou descontinuar qualquer parte do site a qualquer momento, sem aviso pr\u00e9vio. N\u00e3o somos respons\u00e1veis por qualquer falha ou interrup\u00e7\u00e3o nos servi\u00e7os prestados.<\/p>\n\n\n\n<h3 class=\"wp-block-heading\">8. Privacidade e Cookies<\/h3>\n\n\n\n<p>Ao utilizar nosso site, voc\u00ea concorda com nossa Pol\u00edtica de Privacidade, que descreve como coletamos, usamos e protegemos suas informa\u00e7\u00f5es pessoais. Para mais informa\u00e7\u00f5es, consulte nossa Pol\u00edtica de Privacidade.<\/p>\n\n\n\n<h3 class=\"wp-block-heading\">9. Proibi\u00e7\u00f5es<\/h3>\n\n\n\n<p>Voc\u00ea concorda em n\u00e3o:<\/p>\n\n\n\n<ul class=\"wp-block-list\">\n<li>Utilizar o site de maneira que possa prejudicar ou interromper o funcionamento do mesmo;<\/li>\n\n\n\n<li>Enviar v\u00edrus ou qualquer outro c\u00f3digo malicioso;<\/li>\n\n\n\n<li>Utilizar o site para fins fraudulentos ou prejudiciais.<\/li>\n<\/ul>\n\n\n\n<h3 class=\"wp-block-heading\">10. Altera\u00e7\u00f5es nos Termos e Condi\u00e7\u00f5es<\/h3>\n\n\n\n<p>Podemos modificar estes Termos e Condi\u00e7\u00f5es a qualquer momento, e recomendamos que voc\u00ea os revise periodicamente. O uso cont\u00ednuo do site ap\u00f3s essas altera\u00e7\u00f5es implicar\u00e1 na aceita\u00e7\u00e3o dos novos Termos.<\/p>\n\n\n\n<h3 class=\"wp-block-heading\">11. Lei Aplic\u00e1vel<\/h3>\n\n\n\n<p>Estes Termos e Condi\u00e7\u00f5es s\u00e3o regidos pelas leis brasileiras. Qualquer disputa relacionada a estes Termos ser\u00e1 resolvida nos tribunais competentes da cidade de S\u00e3o Paulo, SP.<\/p>\n\n\n\n<h3 class=\"wp-block-heading\">12. Contato<\/h3>\n\n\n\n<p>Se voc\u00ea tiver d\u00favidas ou preocupa\u00e7\u00f5es sobre os Termos e Condi\u00e7\u00f5es deste site, entre em contato conosco pelo e-mail: <strong><a class=\"\">contato@planejeasfinancas.com.br<\/a><\/strong>.<\/p>\n\n\n\n<p><strong>Planeje as Finan\u00e7as<\/strong> \u2013 Estamos \u00e0 disposi\u00e7\u00e3o para ajudar!<\/p>\n<\/body><\/html>","protected":false},"excerpt":{"rendered":"<p>Termos e Condi\u00e7\u00f5es Bem-vindo ao Planeje as Finan\u00e7as! Ao acessar e utilizar nosso site https:\/\/blog.planejeasfinancas.com.br, voc\u00ea concorda com os seguintes Termos e Condi\u00e7\u00f5es. Por favor, leia atentamente. 1. Aceita\u00e7\u00e3o dos Termos Ao utilizar o site Planeje as Finan\u00e7as, voc\u00ea concorda em cumprir e estar vinculado a estes Termos e Condi\u00e7\u00f5es, que podem ser alterados a [&hellip;]<\/p>","protected":false},"author":2,"featured_media":0,"parent":0,"menu_order":0,"comment_status":"closed","ping_status":"closed","template":"","meta":{"footnotes":""},"class_list":["post-48","page","type-page","status-publish","hentry"],"_links":{"self":[{"href":"https:\/\/blog.planejeasfinancas.com.br\/vi\/wp-json\/wp\/v2\/pages\/48","targetHints":{"allow":["GET"]}}],"collection":[{"href":"https:\/\/blog.planejeasfinancas.com.br\/vi\/wp-json\/wp\/v2\/pages"}],"about":[{"href":"https:\/\/blog.planejeasfinancas.com.br\/vi\/wp-json\/wp\/v2\/types\/page"}],"author":[{"embeddable":true,"href":"https:\/\/blog.planejeasfinancas.com.br\/vi\/wp-json\/wp\/v2\/users\/2"}],"replies":[{"embeddable":true,"href":"https:\/\/blog.planejeasfinancas.com.br\/vi\/wp-json\/wp\/v2\/comments?post=48"}],"version-history":[{"count":2,"href":"https:\/\/blog.planejeasfinancas.com.br\/vi\/wp-json\/wp\/v2\/pages\/48\/revisions"}],"predecessor-version":[{"id":50,"href":"https:\/\/blog.planejeasfinancas.com.br\/vi\/wp-json\/wp\/v2\/pages\/48\/revisions\/50"}],"wp:attachment":[{"href":"https:\/\/blog.planejeasfinancas.com.br\/vi\/wp-json\/wp\/v2\/media?parent=48"}],"curies":[{"name":"wp","href":"https:\/\/api.w.org\/{rel}","templated":true}]}}