{"id":42,"date":"2025-04-02T00:13:58","date_gmt":"2025-04-02T03:13:58","guid":{"rendered":"https:\/\/blog.planejeasfinancas.com.br\/?page_id=42"},"modified":"2025-04-02T00:13:58","modified_gmt":"2025-04-02T03:13:58","slug":"quem-somos","status":"publish","type":"page","link":"https:\/\/blog.planejeasfinancas.com.br\/vi\/quem-somos\/","title":{"rendered":"Ch\u00fang t\u00f4i l\u00e0 ai"},"content":{"rendered":"<html><body><p><strong>Ch\u00fang t\u00f4i l\u00e0 ai<\/strong><\/p>\n\n\n\n<p>Bem-vindo ao <strong>Planeje as Finan\u00e7as<\/strong>! Somos um portal dedicado a trazer conte\u00fados relevantes sobre tecnologia, dicas \u00fateis, aplicativos e not\u00edcias. Nosso objetivo \u00e9 fornecer informa\u00e7\u00f5es acess\u00edveis e pr\u00e1ticas para facilitar o seu dia a dia e mant\u00ea-lo atualizado com as principais tend\u00eancias do mercado digital.<\/p>\n\n\n\n<h3 class=\"wp-block-heading\">Nossa Miss\u00e3o<\/h3>\n\n\n\n<p>Acreditamos que a informa\u00e7\u00e3o \u00e9 essencial para tomar decis\u00f5es mais seguras e eficientes. Por isso, nosso compromisso \u00e9 oferecer conte\u00fados de qualidade que ajudem voc\u00ea a aproveitar melhor as ferramentas tecnol\u00f3gicas dispon\u00edveis.<\/p>\n\n\n\n<h3 class=\"wp-block-heading\">O Que Oferecemos<\/h3>\n\n\n\n<ul class=\"wp-block-list\">\n<li><strong>Dicas Pr\u00e1ticas<\/strong>: Solu\u00e7\u00f5es para facilitar sua rotina e melhorar sua experi\u00eancia digital.<\/li>\n\n\n\n<li><strong>C\u00f4ng ngh\u1ec7<\/strong>: Novidades sobre inova\u00e7\u00f5es, dispositivos e tend\u00eancias do setor.<\/li>\n\n\n\n<li><strong>Aplicativos<\/strong>: Avalia\u00e7\u00f5es e sugest\u00f5es dos melhores apps para diversas finalidades.<\/li>\n\n\n\n<li><strong>Tin t\u1ee9c<\/strong>: Atualiza\u00e7\u00f5es e fatos relevantes do mundo digital e da tecnologia.<\/li>\n<\/ul>\n\n\n\n<h3 class=\"wp-block-heading\">Nossa Equipe<\/h3>\n\n\n\n<p>Nosso time \u00e9 formado por especialistas apaixonados por tecnologia e inova\u00e7\u00e3o, sempre atentos \u00e0s novidades para trazer conte\u00fados atualizados e relevantes para nossos leitores.<\/p>\n\n\n\n<h3 class=\"wp-block-heading\">Entre em Contato<\/h3>\n\n\n\n<p>Se voc\u00ea tem d\u00favidas, sugest\u00f5es ou deseja colaborar conosco, entre em contato pelo e-mail: <strong>blog.planejeasfinancas@gmail.com<\/strong>.<\/p>\n\n\n\n<p>Acompanhe nossas atualiza\u00e7\u00f5es e fique por dentro do universo da tecnologia e inova\u00e7\u00e3o!<\/p>\n\n\n\n<hr class=\"wp-block-separator has-alpha-channel-opacity\">\n\n\n\n<p><strong>Planeje as Finan\u00e7as \u2013 Informa\u00e7\u00e3o e tecnologia ao seu alcance!<\/strong><\/p>\n<\/body><\/html>","protected":false},"excerpt":{"rendered":"<p>Quem Somos Bem-vindo ao Planeje as Finan\u00e7as! Somos um portal dedicado a trazer conte\u00fados relevantes sobre tecnologia, dicas \u00fateis, aplicativos e not\u00edcias. Nosso objetivo \u00e9 fornecer informa\u00e7\u00f5es acess\u00edveis e pr\u00e1ticas para facilitar o seu dia a dia e mant\u00ea-lo atualizado com as principais tend\u00eancias do mercado digital. Nossa Miss\u00e3o Acreditamos que a informa\u00e7\u00e3o \u00e9 essencial [&hellip;]<\/p>","protected":false},"author":2,"featured_media":0,"parent":0,"menu_order":0,"comment_status":"closed","ping_status":"closed","template":"","meta":{"footnotes":""},"class_list":["post-42","page","type-page","status-publish","hentry"],"_links":{"self":[{"href":"https:\/\/blog.planejeasfinancas.com.br\/vi\/wp-json\/wp\/v2\/pages\/42","targetHints":{"allow":["GET"]}}],"collection":[{"href":"https:\/\/blog.planejeasfinancas.com.br\/vi\/wp-json\/wp\/v2\/pages"}],"about":[{"href":"https:\/\/blog.planejeasfinancas.com.br\/vi\/wp-json\/wp\/v2\/types\/page"}],"author":[{"embeddable":true,"href":"https:\/\/blog.planejeasfinancas.com.br\/vi\/wp-json\/wp\/v2\/users\/2"}],"replies":[{"embeddable":true,"href":"https:\/\/blog.planejeasfinancas.com.br\/vi\/wp-json\/wp\/v2\/comments?post=42"}],"version-history":[{"count":1,"href":"https:\/\/blog.planejeasfinancas.com.br\/vi\/wp-json\/wp\/v2\/pages\/42\/revisions"}],"predecessor-version":[{"id":43,"href":"https:\/\/blog.planejeasfinancas.com.br\/vi\/wp-json\/wp\/v2\/pages\/42\/revisions\/43"}],"wp:attachment":[{"href":"https:\/\/blog.planejeasfinancas.com.br\/vi\/wp-json\/wp\/v2\/media?parent=42"}],"curies":[{"name":"wp","href":"https:\/\/api.w.org\/{rel}","templated":true}]}}