{"id":44,"date":"2025-04-02T00:16:21","date_gmt":"2025-04-02T03:16:21","guid":{"rendered":"https:\/\/blog.planejeasfinancas.com.br\/?page_id=44"},"modified":"2025-04-03T18:07:18","modified_gmt":"2025-04-03T21:07:18","slug":"contato","status":"publish","type":"page","link":"https:\/\/blog.planejeasfinancas.com.br\/ur\/contato\/","title":{"rendered":"\u0631\u0627\u0628\u0637\u06c1 \u06a9\u0631\u06cc\u06ba\u06d4"},"content":{"rendered":"<html><body><p><strong>\u0631\u0627\u0628\u0637\u06c1 \u06a9\u0631\u06cc\u06ba\u06d4<\/strong><\/p>\n\n\n\n<p>\u06c1\u06cc\u0644\u0648! \u06c1\u0645\u0627\u0631\u06d2 \u0631\u0627\u0628\u0637\u06c1 \u0635\u0641\u062d\u06c1 \u067e\u0631 \u062e\u0648\u0634 \u0622\u0645\u062f\u06cc\u062f\u06d4 \u06a9\u06d2 \u0628\u0627\u0631\u06d2 \u0645\u06cc\u06ba \u06a9\u0633\u06cc \u0628\u06be\u06cc \u0633\u0648\u0627\u0644\u060c \u062a\u062c\u0627\u0648\u06cc\u0632 \u06cc\u0627 \u062a\u0628\u0635\u0631\u0648\u06ba \u0645\u06cc\u06ba \u0622\u067e \u06a9\u06cc \u0645\u062f\u062f \u06a9\u0631\u0646\u06d2 \u06a9\u06d2 \u0644\u06cc\u06d2 \u06c1\u0645 \u06cc\u06c1\u0627\u06ba \u0645\u0648\u062c\u0648\u062f \u06c1\u06cc\u06ba\u06d4 <strong>\u0627\u067e\u0646\u06d2 \u0645\u0627\u0644\u06cc\u0627\u062a \u06a9\u06cc \u0645\u0646\u0635\u0648\u0628\u06c1 \u0628\u0646\u062f\u06cc \u06a9\u0631\u06cc\u06ba\u06d4<\/strong>. \u062f\u0631\u062c \u0630\u06cc\u0644 \u0630\u0631\u0627\u0626\u0639 \u0633\u06d2 \u0628\u0644\u0627 \u062c\u06be\u062c\u06be\u06a9 \u06c1\u0645 \u0633\u06d2 \u0631\u0627\u0628\u0637\u06c1 \u06a9\u0631\u06cc\u06ba:<\/p>\n\n\n\n<h3 class=\"wp-block-heading\">\u0631\u0627\u0628\u0637\u06c1 \u0641\u0627\u0631\u0645<\/h3>\n\n\n\n<p>\u0627\u06af\u0631 \u0622\u067e \u0632\u06cc\u0627\u062f\u06c1 \u0628\u0631\u0627\u06c1 \u0631\u0627\u0633\u062a \u0633\u0631\u0648\u0633 \u06a9\u0648 \u062a\u0631\u062c\u06cc\u062d \u062f\u06cc\u062a\u06d2 \u06c1\u06cc\u06ba \u062a\u0648 \u0646\u06cc\u0686\u06d2 \u062f\u06cc\u0626\u06d2 \u06af\u0626\u06d2 \u0641\u0627\u0631\u0645 \u06a9\u0648 \u067e\u064f\u0631 \u06a9\u0631\u06cc\u06ba \u0627\u0648\u0631 \u06c1\u0645\u0627\u0631\u06cc \u0679\u06cc\u0645 \u062c\u0644\u062f \u0627\u0632 \u062c\u0644\u062f \u062c\u0648\u0627\u0628 \u062f\u06d2 \u06af\u06cc:<\/p>\n\n\n\n<h3 class=\"wp-block-heading\">\u0627\u06cc \u0645\u06cc\u0644<\/h3>\n\n\n\n<p>\u0627\u06af\u0631 \u0622\u067e \u0627\u06cc \u0645\u06cc\u0644 \u06a9\u06d2 \u0630\u0631\u06cc\u0639\u06d2 \u06c1\u0645 \u0633\u06d2 \u0628\u0631\u0627\u06c1 \u0631\u0627\u0633\u062a \u0631\u0627\u0628\u0637\u06c1 \u06a9\u0631\u0646\u0627 \u0686\u0627\u06c1\u062a\u06d2 \u06c1\u06cc\u06ba\u060c \u062a\u0648 \u0628\u0631\u0627\u06c1 \u06a9\u0631\u0645 \u0627\u067e\u0646\u0627 \u067e\u06cc\u063a\u0627\u0645 \u0628\u06be\u06cc\u062c\u06cc\u06ba:<\/p>\n\n\n\n<p><strong><a class=\"\">contato@planejeasfinancas.com.br<\/a><\/strong><\/p>\n\n\n\n<h3 class=\"wp-block-heading\">\u0633\u0648\u0634\u0644 \u0645\u06cc\u0688\u06cc\u0627<\/h3>\n\n\n\n<p>\u0622\u067e \u06c1\u0645\u06cc\u06ba \u0633\u0648\u0634\u0644 \u0645\u06cc\u0688\u06cc\u0627 \u067e\u0631 \u0628\u06be\u06cc \u0641\u0627\u0644\u0648 \u06a9\u0631 \u0633\u06a9\u062a\u06d2 \u06c1\u06cc\u06ba \u0627\u0648\u0631 \u06c1\u0645\u0627\u0631\u06d2 \u0645\u0648\u0627\u062f \u06a9\u06d2 \u0633\u0627\u062a\u06be \u062a\u0639\u0627\u0645\u0644 \u06a9\u0631 \u0633\u06a9\u062a\u06d2 \u06c1\u06cc\u06ba\u06d4 \u06c1\u0645 \u062f\u0631\u062c \u0630\u06cc\u0644 \u067e\u0644\u06cc\u0679 \u0641\u0627\u0631\u0645\u0632 \u067e\u0631 \u0645\u0648\u062c\u0648\u062f \u06c1\u06cc\u06ba:<\/p>\n\n\n\n<ul class=\"wp-block-list\">\n<li>[\u0641\u06cc\u0633 \u0628\u06a9] <strong>facebook.com\/planjeasfinancas<\/strong><\/li>\n\n\n\n<li>[\u0627\u0646\u0633\u0679\u0627\u06af\u0631\u0627\u0645] <strong>instagram.com\/planejeasfinancas<\/strong><\/li>\n\n\n\n<li>[\u0679\u0648\u06cc\u0679\u0631] <strong>twitter.com\/plan_finances<\/strong><\/li>\n\n\n\n<li>[\u0644\u0646\u06a9\u0688 \u0627\u0646] <strong>linkedin.com\/company\/planjeasfinancas<\/strong><\/li>\n<\/ul>\n\n\n\n<h3 class=\"wp-block-heading\">\u067e\u062a\u06c1<\/h3>\n\n\n\n<p>\u0627\u06af\u0631 \u0622\u067e \u06c1\u0645 \u0633\u06d2 \u0630\u0627\u062a\u06cc \u0637\u0648\u0631 \u067e\u0631 \u0631\u0627\u0628\u0637\u06c1 \u06a9\u0631\u0646\u0627 \u0686\u0627\u06c1\u062a\u06d2 \u06c1\u06cc\u06ba \u062a\u0648 \u06c1\u0645\u0627\u0631\u0627 \u067e\u062a\u06c1 \u06cc\u06c1 \u06c1\u06d2:<\/p>\n\n\n\n<p><strong>\u067e\u0627\u0644\u0633\u0679\u0627 \u0627\u06cc\u0648\u0646\u06cc\u0648\u060c 123 - \u06a9\u0645\u0631\u06c1 405<br>\u0633\u0627\u0624 \u067e\u0627\u0644\u0648\u060c \u0627\u06cc\u0633 \u067e\u06cc <\/strong><\/p>\n\n\n\n<p>\u06c1\u0645 \u0633\u06d2 \u0631\u0627\u0628\u0637\u06c1 \u06a9\u0631\u0646\u06d2 \u06a9\u06d2 \u0644\u06cc\u06d2 \u0622\u067e \u06a9\u0627 \u0634\u06a9\u0631\u06cc\u06c1 \u0627\u0648\u0631 \u06c1\u0645 \u062c\u0644\u062f \u0627\u0632 \u062c\u0644\u062f \u062c\u0648\u0627\u0628 \u062f\u06cc\u06ba \u06af\u06d2!<\/p>\n\n\n\n<p><strong>\u0627\u067e\u0646\u06d2 \u0645\u0627\u0644\u06cc\u0627\u062a \u06a9\u06cc \u0645\u0646\u0635\u0648\u0628\u06c1 \u0628\u0646\u062f\u06cc \u06a9\u0631\u06cc\u06ba - \u06c1\u0645 \u0645\u062f\u062f \u06a9\u06d2 \u0644\u06cc\u06d2 \u062d\u0627\u0636\u0631 \u06c1\u06cc\u06ba!<\/strong><\/p>\n\n\n\n<p>\u0627\u0628 \u0641\u0631\u0636\u06cc \u0645\u0639\u0644\u0648\u0645\u0627\u062a \u06a9\u06d2 \u0633\u0627\u062a\u06be \u0635\u0641\u062d\u06c1 \u0627\u0633\u062a\u0639\u0645\u0627\u0644 \u06a9\u06d2 \u0644\u06cc\u06d2 \u062a\u06cc\u0627\u0631 \u06c1\u06d2\u06d4 \u0627\u06af\u0631 \u0622\u067e \u06a9\u0648 \u0645\u0632\u06cc\u062f \u0627\u06cc\u0688\u062c\u0633\u0679\u0645\u0646\u0679 \u06a9\u06cc \u0636\u0631\u0648\u0631\u062a \u06c1\u0648 \u062a\u0648 \u0645\u062c\u06be\u06d2 \u0628\u062a\u0627\u0626\u06cc\u06ba!<\/p>\n<\/body><\/html>","protected":false},"excerpt":{"rendered":"<p>Contato Ol\u00e1! Bem-vindo \u00e0 nossa p\u00e1gina de contato. Estamos aqui para ajudar voc\u00ea com qualquer d\u00favida, sugest\u00e3o ou coment\u00e1rio sobre o Planeje as Finan\u00e7as. Fique \u00e0 vontade para entrar em contato conosco atrav\u00e9s dos seguintes meios: Formul\u00e1rio de Contato Se voc\u00ea prefere um atendimento mais direto, preencha o formul\u00e1rio abaixo e nossa equipe responder\u00e1 o [&hellip;]<\/p>","protected":false},"author":2,"featured_media":0,"parent":0,"menu_order":0,"comment_status":"closed","ping_status":"closed","template":"template-contato.php","meta":{"footnotes":""},"class_list":["post-44","page","type-page","status-publish","hentry"],"_links":{"self":[{"href":"https:\/\/blog.planejeasfinancas.com.br\/ur\/wp-json\/wp\/v2\/pages\/44","targetHints":{"allow":["GET"]}}],"collection":[{"href":"https:\/\/blog.planejeasfinancas.com.br\/ur\/wp-json\/wp\/v2\/pages"}],"about":[{"href":"https:\/\/blog.planejeasfinancas.com.br\/ur\/wp-json\/wp\/v2\/types\/page"}],"author":[{"embeddable":true,"href":"https:\/\/blog.planejeasfinancas.com.br\/ur\/wp-json\/wp\/v2\/users\/2"}],"replies":[{"embeddable":true,"href":"https:\/\/blog.planejeasfinancas.com.br\/ur\/wp-json\/wp\/v2\/comments?post=44"}],"version-history":[{"count":2,"href":"https:\/\/blog.planejeasfinancas.com.br\/ur\/wp-json\/wp\/v2\/pages\/44\/revisions"}],"predecessor-version":[{"id":150,"href":"https:\/\/blog.planejeasfinancas.com.br\/ur\/wp-json\/wp\/v2\/pages\/44\/revisions\/150"}],"wp:attachment":[{"href":"https:\/\/blog.planejeasfinancas.com.br\/ur\/wp-json\/wp\/v2\/media?parent=44"}],"curies":[{"name":"wp","href":"https:\/\/api.w.org\/{rel}","templated":true}]}}