{"id":42,"date":"2025-04-02T00:13:58","date_gmt":"2025-04-02T03:13:58","guid":{"rendered":"https:\/\/blog.planejeasfinancas.com.br\/?page_id=42"},"modified":"2025-04-02T00:13:58","modified_gmt":"2025-04-02T03:13:58","slug":"quem-somos","status":"publish","type":"page","link":"https:\/\/blog.planejeasfinancas.com.br\/ur\/quem-somos\/","title":{"rendered":"\u06c1\u0645 \u06a9\u0648\u0646 \u06c1\u06cc\u06ba\u06d4"},"content":{"rendered":"<html><body><p><strong>\u06c1\u0645 \u06a9\u0648\u0646 \u06c1\u06cc\u06ba\u06d4<\/strong><\/p>\n\n\n\n<p>\u0645\u06cc\u06ba \u062e\u0648\u0634 \u0622\u0645\u062f\u06cc\u062f <strong>\u0627\u067e\u0646\u06d2 \u0645\u0627\u0644\u06cc\u0627\u062a \u06a9\u06cc \u0645\u0646\u0635\u0648\u0628\u06c1 \u0628\u0646\u062f\u06cc \u06a9\u0631\u06cc\u06ba\u06d4<\/strong>! \u06c1\u0645 \u0679\u06cc\u06a9\u0646\u0627\u0644\u0648\u062c\u06cc\u060c \u0645\u0641\u06cc\u062f \u062a\u062c\u0627\u0648\u06cc\u0632\u060c \u0627\u06cc\u067e\u0644\u06cc \u06a9\u06cc\u0634\u0646\u0632 \u0627\u0648\u0631 \u062e\u0628\u0631\u0648\u06ba \u06a9\u06d2 \u0628\u0627\u0631\u06d2 \u0645\u06cc\u06ba \u0645\u062a\u0639\u0644\u0642\u06c1 \u0645\u0648\u0627\u062f \u0644\u0627\u0646\u06d2 \u06a9\u06d2 \u0644\u06cc\u06d2 \u0648\u0642\u0641 \u0627\u06cc\u06a9 \u067e\u0648\u0631\u0679\u0644 \u06c1\u06cc\u06ba\u06d4 \u06c1\u0645\u0627\u0631\u0627 \u0645\u0642\u0635\u062f \u0622\u067e \u06a9\u06cc \u0631\u0648\u0632\u0645\u0631\u06c1 \u06a9\u06cc \u0632\u0646\u062f\u06af\u06cc \u06a9\u0648 \u0622\u0633\u0627\u0646 \u0628\u0646\u0627\u0646\u06d2 \u06a9\u06d2 \u0644\u06cc\u06d2 \u0642\u0627\u0628\u0644 \u0631\u0633\u0627\u0626\u06cc \u0627\u0648\u0631 \u0639\u0645\u0644\u06cc \u0645\u0639\u0644\u0648\u0645\u0627\u062a \u0641\u0631\u0627\u06c1\u0645 \u06a9\u0631\u0646\u0627 \u06c1\u06d2 \u0627\u0648\u0631 \u0622\u067e \u06a9\u0648 \u0688\u06cc\u062c\u06cc\u0679\u0644 \u0645\u0627\u0631\u06a9\u06cc\u0679 \u06a9\u06d2 \u0627\u06c1\u0645 \u0631\u062c\u062d\u0627\u0646\u0627\u062a \u0633\u06d2 \u0628\u0627\u062e\u0628\u0631 \u0631\u06a9\u06be\u0646\u0627 \u06c1\u06d2\u06d4<\/p>\n\n\n\n<h3 class=\"wp-block-heading\">\u06c1\u0645\u0627\u0631\u0627 \u0645\u0634\u0646<\/h3>\n\n\n\n<p>\u06c1\u0645 \u0633\u0645\u062c\u06be\u062a\u06d2 \u06c1\u06cc\u06ba \u06a9\u06c1 \u0645\u062d\u0641\u0648\u0638 \u0627\u0648\u0631 \u0632\u06cc\u0627\u062f\u06c1 \u0645\u0648\u062b\u0631 \u0641\u06cc\u0635\u0644\u06d2 \u06a9\u0631\u0646\u06d2 \u06a9\u06d2 \u0644\u06cc\u06d2 \u0645\u0639\u0644\u0648\u0645\u0627\u062a \u0636\u0631\u0648\u0631\u06cc \u06c1\u06cc\u06ba\u06d4 \u0644\u06c1\u0630\u0627\u060c \u06c1\u0645\u0627\u0631\u0627 \u0639\u0632\u0645 \u0645\u0639\u06cc\u0627\u0631\u06cc \u0645\u0648\u0627\u062f \u067e\u06cc\u0634 \u06a9\u0631\u0646\u0627 \u06c1\u06d2 \u062c\u0648 \u0622\u067e \u06a9\u0648 \u062f\u0633\u062a\u06cc\u0627\u0628 \u062a\u06a9\u0646\u06cc\u06a9\u06cc \u0622\u0644\u0627\u062a \u06a9\u0627 \u0628\u06c1\u062a\u0631 \u0627\u0633\u062a\u0639\u0645\u0627\u0644 \u06a9\u0631\u0646\u06d2 \u0645\u06cc\u06ba \u0645\u062f\u062f \u06a9\u0631\u062a\u0627 \u06c1\u06d2\u06d4<\/p>\n\n\n\n<h3 class=\"wp-block-heading\">\u06c1\u0645 \u06a9\u06cc\u0627 \u067e\u06cc\u0634 \u06a9\u0631\u062a\u06d2 \u06c1\u06cc\u06ba<\/h3>\n\n\n\n<ul class=\"wp-block-list\">\n<li><strong>\u0639\u0645\u0644\u06cc \u0646\u06a9\u0627\u062a<\/strong>: \u0622\u067e \u06a9\u06d2 \u0645\u0639\u0645\u0648\u0644\u0627\u062a \u06a9\u0648 \u0622\u0633\u0627\u0646 \u0628\u0646\u0627\u0646\u06d2 \u0627\u0648\u0631 \u0622\u067e \u06a9\u06d2 \u0688\u06cc\u062c\u06cc\u0679\u0644 \u062a\u062c\u0631\u0628\u06d2 \u06a9\u0648 \u0628\u06c1\u062a\u0631 \u0628\u0646\u0627\u0646\u06d2 \u06a9\u06d2 \u062d\u0644\u06d4<\/li>\n\n\n\n<li><strong>\u0679\u06cc\u06a9\u0646\u0627\u0644\u0648\u062c\u06cc<\/strong>: \u0627\u062e\u062a\u0631\u0627\u0639\u0627\u062a\u060c \u0622\u0644\u0627\u062a \u0627\u0648\u0631 \u0635\u0646\u0639\u062a \u06a9\u06d2 \u0631\u062c\u062d\u0627\u0646\u0627\u062a \u06a9\u06d2 \u0628\u0627\u0631\u06d2 \u0645\u06cc\u06ba \u062e\u0628\u0631\u06cc\u06ba\u06d4<\/li>\n\n\n\n<li><strong>\u062f\u0631\u062e\u0648\u0627\u0633\u062a\u06cc\u06ba<\/strong>: \u0645\u062e\u062a\u0644\u0641 \u0645\u0642\u0627\u0635\u062f \u06a9\u06d2 \u0644\u06cc\u06d2 \u0628\u06c1\u062a\u0631\u06cc\u0646 \u0627\u06cc\u067e\u0633 \u06a9\u06d2 \u062c\u0627\u0626\u0632\u06d2 \u0627\u0648\u0631 \u062a\u062c\u0627\u0648\u06cc\u0632\u06d4<\/li>\n\n\n\n<li><strong>\u062e\u0628\u0631\u06cc\u06ba<\/strong>: \u0688\u06cc\u062c\u06cc\u0679\u0644 \u062f\u0646\u06cc\u0627 \u0627\u0648\u0631 \u0679\u06cc\u06a9\u0646\u0627\u0644\u0648\u062c\u06cc \u0633\u06d2 \u0627\u067e \u0688\u06cc\u0679\u0633 \u0627\u0648\u0631 \u0645\u062a\u0639\u0644\u0642\u06c1 \u062d\u0642\u0627\u0626\u0642\u06d4<\/li>\n<\/ul>\n\n\n\n<h3 class=\"wp-block-heading\">\u06c1\u0645\u0627\u0631\u06cc \u0679\u06cc\u0645<\/h3>\n\n\n\n<p>\u06c1\u0645\u0627\u0631\u06cc \u0679\u06cc\u0645 \u0627\u06cc\u0633\u06d2 \u0645\u0627\u06c1\u0631\u06cc\u0646 \u067e\u0631 \u0645\u0634\u062a\u0645\u0644 \u06c1\u06d2 \u062c\u0648 \u0679\u06cc\u06a9\u0646\u0627\u0644\u0648\u062c\u06cc \u0627\u0648\u0631 \u0627\u062e\u062a\u0631\u0627\u0639 \u06a9\u06d2 \u0628\u0627\u0631\u06d2 \u0645\u06cc\u06ba \u067e\u0631\u062c\u0648\u0634 \u06c1\u06cc\u06ba\u060c \u06c1\u0645\u06cc\u0634\u06c1 \u06c1\u0645\u0627\u0631\u06d2 \u0642\u0627\u0631\u0626\u06cc\u0646 \u062a\u06a9 \u062a\u0627\u0632\u06c1 \u062a\u0631\u06cc\u0646 \u0627\u0648\u0631 \u0645\u062a\u0639\u0644\u0642\u06c1 \u0645\u0648\u0627\u062f \u0644\u0627\u0646\u06d2 \u06a9\u06d2 \u0644\u06cc\u06d2 \u0646\u0626\u06cc \u067e\u06cc\u0634 \u0631\u0641\u062a \u06a9\u06cc \u062a\u0644\u0627\u0634 \u0645\u06cc\u06ba \u0631\u06c1\u062a\u06d2 \u06c1\u06cc\u06ba\u06d4<\/p>\n\n\n\n<h3 class=\"wp-block-heading\">\u0631\u0627\u0628\u0637\u06d2 \u0645\u06cc\u06ba \u0631\u06c1\u06cc\u06ba<\/h3>\n\n\n\n<p>\u0627\u06af\u0631 \u0622\u067e \u06a9\u06d2 \u06a9\u0648\u0626\u06cc \u0633\u0648\u0627\u0644\u0627\u062a\u060c \u0645\u0634\u0648\u0631\u06d2 \u06c1\u06cc\u06ba \u06cc\u0627 \u06c1\u0645\u0627\u0631\u06d2 \u0633\u0627\u062a\u06be \u062a\u0639\u0627\u0648\u0646 \u06a9\u0631\u0646\u0627 \u0686\u0627\u06c1\u062a\u06d2 \u06c1\u06cc\u06ba\u060c \u062a\u0648 \u0628\u0631\u0627\u06c1 \u06a9\u0631\u0645 \u06c1\u0645 \u0633\u06d2 \u0627\u06cc \u0645\u06cc\u0644 \u06a9\u06d2 \u0630\u0631\u06cc\u0639\u06d2 \u0631\u0627\u0628\u0637\u06c1 \u06a9\u0631\u06cc\u06ba: <strong>blog.planejeasfinancas@gmail.com<\/strong>.<\/p>\n\n\n\n<p>\u06c1\u0645\u0627\u0631\u06cc \u0627\u067e \u0688\u06cc\u0679\u0633 \u067e\u0631 \u0639\u0645\u0644 \u06a9\u0631\u06cc\u06ba \u0627\u0648\u0631 \u0679\u06cc\u06a9\u0646\u0627\u0644\u0648\u062c\u06cc \u0627\u0648\u0631 \u0627\u062e\u062a\u0631\u0627\u0639 \u06a9\u06cc \u062f\u0646\u06cc\u0627 \u06a9\u06d2 \u0633\u0627\u062a\u06be \u062a\u0627\u0632\u06c1 \u062a\u0631\u06cc\u0646 \u0631\u06c1\u06cc\u06ba!<\/p>\n\n\n\n<hr class=\"wp-block-separator has-alpha-channel-opacity\">\n\n\n\n<p><strong>\u0627\u067e\u0646\u06d2 \u0645\u0627\u0644\u06cc\u0627\u062a \u06a9\u06cc \u0645\u0646\u0635\u0648\u0628\u06c1 \u0628\u0646\u062f\u06cc \u06a9\u0631\u06cc\u06ba - \u0645\u0639\u0644\u0648\u0645\u0627\u062a \u0627\u0648\u0631 \u0679\u06cc\u06a9\u0646\u0627\u0644\u0648\u062c\u06cc \u0622\u067e \u06a9\u06cc \u0627\u0646\u06af\u0644\u06cc \u067e\u0631!<\/strong><\/p>\n<\/body><\/html>","protected":false},"excerpt":{"rendered":"<p>Quem Somos Bem-vindo ao Planeje as Finan\u00e7as! Somos um portal dedicado a trazer conte\u00fados relevantes sobre tecnologia, dicas \u00fateis, aplicativos e not\u00edcias. Nosso objetivo \u00e9 fornecer informa\u00e7\u00f5es acess\u00edveis e pr\u00e1ticas para facilitar o seu dia a dia e mant\u00ea-lo atualizado com as principais tend\u00eancias do mercado digital. Nossa Miss\u00e3o Acreditamos que a informa\u00e7\u00e3o \u00e9 essencial [&hellip;]<\/p>","protected":false},"author":2,"featured_media":0,"parent":0,"menu_order":0,"comment_status":"closed","ping_status":"closed","template":"","meta":{"footnotes":""},"class_list":["post-42","page","type-page","status-publish","hentry"],"_links":{"self":[{"href":"https:\/\/blog.planejeasfinancas.com.br\/ur\/wp-json\/wp\/v2\/pages\/42","targetHints":{"allow":["GET"]}}],"collection":[{"href":"https:\/\/blog.planejeasfinancas.com.br\/ur\/wp-json\/wp\/v2\/pages"}],"about":[{"href":"https:\/\/blog.planejeasfinancas.com.br\/ur\/wp-json\/wp\/v2\/types\/page"}],"author":[{"embeddable":true,"href":"https:\/\/blog.planejeasfinancas.com.br\/ur\/wp-json\/wp\/v2\/users\/2"}],"replies":[{"embeddable":true,"href":"https:\/\/blog.planejeasfinancas.com.br\/ur\/wp-json\/wp\/v2\/comments?post=42"}],"version-history":[{"count":1,"href":"https:\/\/blog.planejeasfinancas.com.br\/ur\/wp-json\/wp\/v2\/pages\/42\/revisions"}],"predecessor-version":[{"id":43,"href":"https:\/\/blog.planejeasfinancas.com.br\/ur\/wp-json\/wp\/v2\/pages\/42\/revisions\/43"}],"wp:attachment":[{"href":"https:\/\/blog.planejeasfinancas.com.br\/ur\/wp-json\/wp\/v2\/media?parent=42"}],"curies":[{"name":"wp","href":"https:\/\/api.w.org\/{rel}","templated":true}]}}