{"id":3,"date":"2025-04-01T10:43:41","date_gmt":"2025-04-01T13:43:41","guid":{"rendered":"https:\/\/blog.planejeasfinancas.com.br\/?page_id=3"},"modified":"2025-04-02T00:09:59","modified_gmt":"2025-04-02T03:09:59","slug":"politica-de-privacidade","status":"publish","type":"page","link":"https:\/\/blog.planejeasfinancas.com.br\/ur\/politica-de-privacidade\/","title":{"rendered":"\u0631\u0627\u0632\u062f\u0627\u0631\u06cc \u06a9\u06cc \u067e\u0627\u0644\u06cc\u0633\u06cc"},"content":{"rendered":"<html><body><h2 class=\"wp-block-heading\"><strong>\u0631\u0627\u0632\u062f\u0627\u0631\u06cc \u06a9\u06cc \u067e\u0627\u0644\u06cc\u0633\u06cc<\/strong><\/h2>\n\n\n\n<p><strong>\u0622\u062e\u0631\u06cc \u0627\u067e \u0688\u06cc\u0679:<\/strong> 01\/04\/2025<\/p>\n\n\n\n<p>\u0645\u06cc\u06ba \u062e\u0648\u0634 \u0622\u0645\u062f\u06cc\u062f <strong>\u0628\u0644\u0627\u06af<\/strong> <strong>\u0627\u067e\u0646\u06d2 \u0645\u0627\u0644\u06cc\u0627\u062a \u06a9\u06cc \u0645\u0646\u0635\u0648\u0628\u06c1 \u0628\u0646\u062f\u06cc \u06a9\u0631\u06cc\u06ba\u06d4<\/strong>! \u0622\u067e \u06a9\u06cc \u0631\u0627\u0632\u062f\u0627\u0631\u06cc \u06c1\u0645\u0627\u0631\u06d2 \u0644\u06cc\u06d2 \u0627\u06c1\u0645 \u06c1\u06d2\u06d4 \u06cc\u06c1 \u0631\u0627\u0632\u062f\u0627\u0631\u06cc \u06a9\u06cc \u067e\u0627\u0644\u06cc\u0633\u06cc \u0628\u062a\u0627\u062a\u06cc \u06c1\u06d2 \u06a9\u06c1 \u062c\u0628 \u0622\u067e \u06c1\u0645\u0627\u0631\u06cc \u0648\u06cc\u0628 \u0633\u0627\u0626\u0679 \u067e\u0631 \u062c\u0627\u062a\u06d2 \u06c1\u06cc\u06ba \u062a\u0648 \u06c1\u0645 \u0622\u067e \u06a9\u06cc \u0645\u0639\u0644\u0648\u0645\u0627\u062a \u06a9\u0648 \u06a9\u06cc\u0633\u06d2 \u0627\u06a9\u0679\u06be\u0627\u060c \u0627\u0633\u062a\u0639\u0645\u0627\u0644\u060c \u0627\u0634\u062a\u0631\u0627\u06a9 \u0627\u0648\u0631 \u062d\u0641\u0627\u0638\u062a \u06a9\u0631\u062a\u06d2 \u06c1\u06cc\u06ba\u06d4 <a><strong>https:\/\/blog.planejeasfinancas.com.br<\/strong><\/a>.<\/p>\n\n\n\n<h3 class=\"wp-block-heading\">1. \u0645\u0639\u0644\u0648\u0645\u0627\u062a \u062c\u0645\u0639 \u06a9\u0631\u0646\u0627<\/h3>\n\n\n\n<p>\u06c1\u0645 \u0645\u062e\u062a\u0644\u0641 \u0637\u0631\u06cc\u0642\u0648\u06ba \u0633\u06d2 \u0645\u0639\u0644\u0648\u0645\u0627\u062a \u062c\u0645\u0639 \u06a9\u0631 \u0633\u06a9\u062a\u06d2 \u06c1\u06cc\u06ba\u060c \u0628\u0634\u0645\u0648\u0644:<\/p>\n\n\n\n<ul class=\"wp-block-list\">\n<li><strong>\u0635\u0627\u0631\u0641 \u06a9\u06cc \u0641\u0631\u0627\u06c1\u0645 \u06a9\u0631\u062f\u06c1 \u0645\u0639\u0644\u0648\u0645\u0627\u062a<\/strong>: \u06c1\u0645\u0627\u0631\u06d2 \u0646\u06cc\u0648\u0632 \u0644\u06cc\u0679\u0631 \u06a9\u0648 \u0633\u0628\u0633\u06a9\u0631\u0627\u0626\u0628 \u06a9\u0631\u062a\u06d2 \u0648\u0642\u062a \u06cc\u0627 \u06c1\u0645 \u0633\u06d2 \u0631\u0627\u0628\u0637\u06c1 \u06a9\u0631\u062a\u06d2 \u0648\u0642\u062a \u0646\u0627\u0645\u060c \u0627\u06cc \u0645\u06cc\u0644 \u0627\u0648\u0631 \u062f\u06cc\u06af\u0631 \u0645\u0639\u0644\u0648\u0645\u0627\u062a \u0631\u0636\u0627\u06a9\u0627\u0631\u0627\u0646\u06c1 \u0637\u0648\u0631 \u067e\u0631 \u0641\u0631\u0627\u06c1\u0645 \u06a9\u06cc \u062c\u0627\u062a\u06cc \u06c1\u06cc\u06ba\u06d4<\/li>\n\n\n\n<li><strong>\u062e\u0648\u062f\u06a9\u0627\u0631 \u0645\u0639\u0644\u0648\u0645\u0627\u062a<\/strong>: \u0628\u0631\u0627\u0624\u0632\u0646\u06af \u0688\u06cc\u0679\u0627\u060c IP \u0627\u06cc\u0688\u0631\u06cc\u0633\u060c \u0628\u0631\u0627\u0624\u0632\u0631 \u06a9\u06cc \u0642\u0633\u0645\u060c \u0648\u0642\u062a \u06af\u0632\u0627\u0631\u0627 \u0627\u0648\u0631 \u0635\u0641\u062d\u0627\u062a \u062a\u06a9 \u0631\u0633\u0627\u0626\u06cc \u062d\u0627\u0635\u0644 \u06a9\u06cc\u06d4<\/li>\n\n\n\n<li><strong>\u06a9\u0648\u06a9\u06cc\u0632 \u0627\u0648\u0631 \u0627\u0633\u06cc \u0637\u0631\u062d \u06a9\u06cc \u0679\u06cc\u06a9\u0646\u0627\u0644\u0648\u062c\u06cc\u0632<\/strong>: \u06c1\u0645 \u0635\u0627\u0631\u0641 \u06a9\u06d2 \u062a\u062c\u0631\u0628\u06d2 \u06a9\u0648 \u0628\u06c1\u062a\u0631 \u0628\u0646\u0627\u0646\u06d2 \u0627\u0648\u0631 \u0645\u0648\u0627\u062f \u06a9\u0648 \u0630\u0627\u062a\u06cc \u0628\u0646\u0627\u0646\u06d2 \u06a9\u06d2 \u0644\u06cc\u06d2 \u06a9\u0648\u06a9\u06cc\u0632 \u06a9\u0627 \u0627\u0633\u062a\u0639\u0645\u0627\u0644 \u06a9\u0631\u062a\u06d2 \u06c1\u06cc\u06ba\u06d4<\/li>\n<\/ul>\n\n\n\n<h3 class=\"wp-block-heading\">2. \u0645\u0639\u0644\u0648\u0645\u0627\u062a \u06a9\u0627 \u0627\u0633\u062a\u0639\u0645\u0627\u0644<\/h3>\n\n\n\n<p>\u062c\u0645\u0639 \u06a9\u06cc \u06af\u0626\u06cc \u0645\u0639\u0644\u0648\u0645\u0627\u062a \u06a9\u0648 \u0627\u0633\u062a\u0639\u0645\u0627\u0644 \u06a9\u06cc\u0627 \u062c\u0627 \u0633\u06a9\u062a\u0627 \u06c1\u06d2:<\/p>\n\n\n\n<ul class=\"wp-block-list\">\n<li>\u0648\u06cc\u0628 \u0633\u0627\u0626\u0679 \u067e\u0631 \u0627\u067e\u0646\u06d2 \u062a\u062c\u0631\u0628\u06d2 \u06a9\u0648 \u0630\u0627\u062a\u06cc \u0628\u0646\u0627\u0626\u06cc\u06ba\u061b<\/li>\n\n\n\n<li>\u06c1\u0645\u0627\u0631\u06cc \u062e\u062f\u0645\u0627\u062a \u0627\u0648\u0631 \u0645\u0648\u0627\u062f \u06a9\u0648 \u0628\u06c1\u062a\u0631 \u0628\u0646\u0627\u0626\u06cc\u06ba\u061b<\/li>\n\n\n\n<li>\u0645\u0639\u0644\u0648\u0645\u0627\u062a\u06cc \u06cc\u0627 \u067e\u0631\u0648\u0645\u0648\u0634\u0646\u0644 \u0627\u06cc \u0645\u06cc\u0644\u0632 \u0628\u06be\u06cc\u062c\u06cc\u06ba (\u0627\u06af\u0631 \u0635\u0627\u0631\u0641 \u06a9\u06cc \u0637\u0631\u0641 \u0633\u06d2 \u0627\u062c\u0627\u0632\u062a \u06c1\u0648)\u061b<\/li>\n\n\n\n<li>\u0627\u0633\u062a\u0639\u0645\u0627\u0644 \u0627\u0648\u0631 \u0631\u0648\u06cc\u06d2 \u06a9\u06d2 \u0627\u0639\u062f\u0627\u062f\u0648\u0634\u0645\u0627\u0631 \u06a9\u0627 \u062a\u062c\u0632\u06cc\u06c1 \u06a9\u0631\u06cc\u06ba\u06d4<\/li>\n<\/ul>\n\n\n\n<h3 class=\"wp-block-heading\">3. \u0645\u0639\u0644\u0648\u0645\u0627\u062a \u06a9\u0627 \u0627\u0634\u062a\u0631\u0627\u06a9<\/h3>\n\n\n\n<p>\u06c1\u0645 \u062a\u06cc\u0633\u0631\u06d2 \u0641\u0631\u06cc\u0642 \u06a9\u06d2 \u0633\u0627\u062a\u06be \u0622\u067e \u06a9\u06cc \u0630\u0627\u062a\u06cc \u0645\u0639\u0644\u0648\u0645\u0627\u062a \u06a9\u0627 \u0627\u0634\u062a\u0631\u0627\u06a9 \u0646\u06c1\u06cc\u06ba \u06a9\u0631\u062a\u06d2 \u06c1\u06cc\u06ba \u0633\u0648\u0627\u0626\u06d2:<\/p>\n\n\n\n<ul class=\"wp-block-list\">\n<li>\u062c\u0628 \u0642\u0627\u0646\u0648\u0646 \u06a9\u06cc \u0636\u0631\u0648\u0631\u062a \u06c1\u0648\u061b<\/li>\n\n\n\n<li>\u0633\u0631\u0648\u0633 \u0641\u0631\u0627\u06c1\u0645 \u06a9\u0631\u0646\u06d2 \u0648\u0627\u0644\u0648\u06ba \u06a9\u06d2 \u0633\u0627\u062a\u06be \u062c\u0648 \u0648\u06cc\u0628 \u0633\u0627\u0626\u0679 \u06a9\u06d2 \u0622\u067e\u0631\u06cc\u0634\u0646 \u0645\u06cc\u06ba \u0645\u062f\u062f \u06a9\u0631\u062a\u06d2 \u06c1\u06cc\u06ba (\u0645\u062b\u0627\u0644: \u0627\u06cc \u0645\u06cc\u0644 \u0645\u0627\u0631\u06a9\u06cc\u0679\u0646\u06af \u0627\u0648\u0631 \u0688\u06cc\u0679\u0627 \u062a\u062c\u0632\u06cc\u06c1 \u0641\u0631\u0627\u06c1\u0645 \u06a9\u0631\u0646\u06d2 \u0648\u0627\u0644\u06d2)\u061b<\/li>\n\n\n\n<li>\u06c1\u0645\u0627\u0631\u06d2 \u0642\u0627\u0646\u0648\u0646\u06cc \u062d\u0642\u0648\u0642 \u0627\u0648\u0631 \u0635\u0627\u0631\u0641 \u06a9\u06cc \u062d\u0641\u0627\u0638\u062a \u06a9\u06d2 \u0644\u06cc\u06d2\u06d4<\/li>\n<\/ul>\n\n\n\n<h3 class=\"wp-block-heading\">4. \u06a9\u0648\u06a9\u06cc\u0632 \u0627\u0648\u0631 \u0679\u0631\u06cc\u06a9\u0646\u06af \u0679\u06cc\u06a9\u0646\u0627\u0644\u0648\u062c\u06cc\u0632<\/h3>\n\n\n\n<p>\u06c1\u0645 \u06a9\u0648\u06a9\u06cc\u0632 \u06a9\u0627 \u0627\u0633\u062a\u0639\u0645\u0627\u0644 \u06a9\u0631\u062a\u06d2 \u06c1\u06cc\u06ba:<\/p>\n\n\n\n<ul class=\"wp-block-list\">\n<li>\u0646\u06cc\u0648\u06cc\u06af\u06cc\u0634\u0646 \u0627\u0648\u0631 \u0635\u0627\u0631\u0641 \u06a9\u06d2 \u062a\u062c\u0631\u0628\u06d2 \u06a9\u0648 \u0628\u06c1\u062a\u0631 \u0628\u0646\u0627\u0626\u06cc\u06ba\u061b<\/li>\n\n\n\n<li>\u0648\u06cc\u0628 \u0633\u0627\u0626\u0679 \u0679\u0631\u06cc\u0641\u06a9 \u06a9\u0627 \u062a\u062c\u0632\u06cc\u06c1 \u06a9\u0631\u06cc\u06ba\u061b<\/li>\n\n\n\n<li>\u0641\u0631\u06cc\u0642 \u062b\u0627\u0644\u062b \u06a9\u06cc \u062e\u062f\u0645\u0627\u062a (\u06af\u0648\u06af\u0644 \u0627\u0634\u062a\u06c1\u0627\u0631\u0627\u062a\u060c \u0641\u06cc\u0633 \u0628\u06a9 \u0627\u0634\u062a\u06c1\u0627\u0631\u0627\u062a\u060c \u062f\u06cc\u06af\u0631 \u06a9\u06d2 \u062f\u0631\u0645\u06cc\u0627\u0646) \u06a9\u06d2 \u0630\u0631\u06cc\u0639\u06d2 \u0630\u0627\u062a\u06cc \u0646\u0648\u0639\u06cc\u062a \u06a9\u06d2 \u0627\u0634\u062a\u06c1\u0627\u0631\u0627\u062a \u0688\u0633\u067e\u0644\u06d2 \u06a9\u0631\u06cc\u06ba\u06d4<\/li>\n<\/ul>\n\n\n\n<p>\u0622\u067e \u0628\u0631\u0627\u06c1 \u0631\u0627\u0633\u062a \u0627\u067e\u0646\u06d2 \u0628\u0631\u0627\u0624\u0632\u0631 \u0645\u06cc\u06ba \u06a9\u0648\u06a9\u06cc\u0632 \u06a9\u0627 \u0646\u0638\u0645 \u06cc\u0627 \u063a\u06cc\u0631 \u0641\u0639\u0627\u0644 \u06a9\u0631 \u0633\u06a9\u062a\u06d2 \u06c1\u06cc\u06ba\u06d4<\/p>\n\n\n\n<h3 class=\"wp-block-heading\">5. \u0688\u06cc\u0679\u0627 \u0633\u06cc\u06a9\u06cc\u0648\u0631\u0679\u06cc<\/h3>\n\n\n\n<p>\u06c1\u0645 \u0622\u067e \u06a9\u06cc \u0645\u0639\u0644\u0648\u0645\u0627\u062a \u06a9\u0648 \u063a\u06cc\u0631 \u0645\u062c\u0627\u0632 \u0631\u0633\u0627\u0626\u06cc\u060c \u062a\u0628\u062f\u06cc\u0644\u06cc \u06cc\u0627 \u063a\u0644\u0637 \u0627\u0646\u06a9\u0634\u0627\u0641 \u0633\u06d2 \u0628\u0686\u0627\u0646\u06d2 \u06a9\u06d2 \u0644\u06cc\u06d2 \u062d\u0641\u0627\u0638\u062a\u06cc \u0627\u0642\u062f\u0627\u0645\u0627\u062a \u0646\u0627\u0641\u0630 \u06a9\u0631\u062a\u06d2 \u06c1\u06cc\u06ba\u06d4<\/p>\n\n\n\n<h3 class=\"wp-block-heading\">6. \u0628\u06cc\u0631\u0648\u0646\u06cc \u0633\u0627\u0626\u0679\u0633 \u06a9\u06d2 \u0644\u0646\u06a9\u0633<\/h3>\n\n\n\n<p>\u06c1\u0645\u0627\u0631\u06cc \u0648\u06cc\u0628 \u0633\u0627\u0626\u0679 \u062a\u06be\u0631\u0688 \u067e\u0627\u0631\u0679\u06cc \u0648\u06cc\u0628 \u0633\u0627\u0626\u0679\u0633 \u06a9\u06d2 \u0644\u0646\u06a9\u0633 \u067e\u0631 \u0645\u0634\u062a\u0645\u0644 \u06c1\u0648 \u0633\u06a9\u062a\u06cc \u06c1\u06d2\u06d4 \u06c1\u0645 \u0627\u0646 \u0648\u06cc\u0628 \u0633\u0627\u0626\u0679\u0633 \u06a9\u06cc \u0631\u0627\u0632\u062f\u0627\u0631\u06cc \u06a9\u06cc \u067e\u0627\u0644\u06cc\u0633\u06cc\u0648\u06ba \u06a9\u06d2 \u0630\u0645\u06c1 \u062f\u0627\u0631 \u0646\u06c1\u06cc\u06ba \u06c1\u06cc\u06ba\u06d4<\/p>\n\n\n\n<h3 class=\"wp-block-heading\">7. \u0635\u0627\u0631\u0641 \u06a9\u06d2 \u062d\u0642\u0648\u0642<\/h3>\n\n\n\n<p>\u0622\u067e \u06a9\u0648 \u06cc\u06c1 \u062d\u0642 \u062d\u0627\u0635\u0644 \u06c1\u06d2 \u06a9\u06c1:<\/p>\n\n\n\n<ul class=\"wp-block-list\">\n<li>\u0627\u067e\u0646\u06cc \u0630\u0627\u062a\u06cc \u0645\u0639\u0644\u0648\u0645\u0627\u062a \u062a\u06a9 \u0631\u0633\u0627\u0626\u06cc\u060c \u062f\u0631\u0633\u062a\u060c \u06cc\u0627 \u062d\u0630\u0641 \u06a9\u0631\u0646\u0627\u061b<\/li>\n\n\n\n<li>\u0627\u067e\u0646\u06d2 \u0688\u06cc\u0679\u0627 \u06a9\u06d2 \u0627\u0633\u062a\u0639\u0645\u0627\u0644 \u06a9\u06d2 \u0644\u06cc\u06d2 \u0631\u0636\u0627\u0645\u0646\u062f\u06cc \u0645\u0646\u0633\u0648\u062e \u06a9\u0631\u06cc\u06ba\u061b<\/li>\n\n\n\n<li>\u0627\u067e\u0646\u06d2 \u0688\u06cc\u0679\u0627 \u06a9\u06d2 \u0627\u0633\u062a\u0639\u0645\u0627\u0644 \u06a9\u06d2 \u0628\u0627\u0631\u06d2 \u0645\u06cc\u06ba \u0645\u0639\u0644\u0648\u0645\u0627\u062a \u06a9\u06cc \u062f\u0631\u062e\u0648\u0627\u0633\u062a \u06a9\u0631\u06cc\u06ba\u06d4<\/li>\n<\/ul>\n\n\n\n<p>\u0627\u067e\u0646\u06d2 \u062d\u0642\u0648\u0642 \u0627\u0633\u062a\u0639\u0645\u0627\u0644 \u06a9\u0631\u0646\u06d2 \u06a9\u06d2 \u0644\u06cc\u06d2\u060c \u0628\u0631\u0627\u06c1 \u06a9\u0631\u0645 \u06c1\u0645 \u0633\u06d2 \u0627\u06cc \u0645\u06cc\u0644 \u06a9\u06d2 \u0630\u0631\u06cc\u0639\u06d2 \u0631\u0627\u0628\u0637\u06c1 \u06a9\u0631\u06cc\u06ba: <strong>[\u0622\u067e \u06a9\u0627 \u0631\u0627\u0628\u0637\u06c1 \u0627\u06cc \u0645\u06cc\u0644]<\/strong>.<\/p>\n\n\n\n<h3 class=\"wp-block-heading\">8. \u0631\u0627\u0632\u062f\u0627\u0631\u06cc \u06a9\u06cc \u067e\u0627\u0644\u06cc\u0633\u06cc \u0645\u06cc\u06ba \u062a\u0628\u062f\u06cc\u0644\u06cc\u0627\u06ba<\/h3>\n\n\n\n<p>\u06c1\u0645 \u0648\u0642\u062a\u0627\u064b \u0641\u0648\u0642\u062a\u0627\u064b \u0627\u0633 \u0631\u0627\u0632\u062f\u0627\u0631\u06cc \u06a9\u06cc \u067e\u0627\u0644\u06cc\u0633\u06cc \u06a9\u0648 \u0627\u067e \u0688\u06cc\u0679 \u06a9\u0631 \u0633\u06a9\u062a\u06d2 \u06c1\u06cc\u06ba\u06d4 \u06c1\u0645\u0627\u0631\u0627 \u0645\u0634\u0648\u0631\u06c1 \u06c1\u06d2 \u06a9\u06c1 \u0622\u067e \u06a9\u0633\u06cc \u0628\u06be\u06cc \u062a\u0628\u062f\u06cc\u0644\u06cc \u0633\u06d2 \u0622\u06af\u0627\u06c1 \u0631\u06c1\u0646\u06d2 \u06a9\u06d2 \u0644\u06cc\u06d2 \u0627\u0633 \u0635\u0641\u062d\u06c1 \u06a9\u0627 \u0628\u0627\u0642\u0627\u0639\u062f\u06af\u06cc \u0633\u06d2 \u062c\u0627\u0626\u0632\u06c1 \u0644\u06cc\u06ba\u06d4<\/p>\n\n\n\n<h3 class=\"wp-block-heading\">9. \u0631\u0627\u0628\u0637\u06c1 \u06a9\u0631\u06cc\u06ba\u06d4<\/h3>\n\n\n\n<p>\u0627\u06af\u0631 \u0622\u067e \u06a9\u06d2 \u067e\u0627\u0633 \u0627\u0633 \u0631\u0627\u0632\u062f\u0627\u0631\u06cc \u06a9\u06cc \u067e\u0627\u0644\u06cc\u0633\u06cc \u06a9\u06d2 \u0628\u0627\u0631\u06d2 \u0645\u06cc\u06ba \u06a9\u0648\u0626\u06cc \u0633\u0648\u0627\u0644\u0627\u062a \u06c1\u06cc\u06ba\u060c \u062a\u0648 \u0628\u0631\u0627\u06c1 \u06a9\u0631\u0645 \u06c1\u0645 \u0633\u06d2 \u0627\u06cc \u0645\u06cc\u0644 \u06a9\u06d2 \u0630\u0631\u06cc\u0639\u06d2 \u0631\u0627\u0628\u0637\u06c1 \u06a9\u0631\u06cc\u06ba: <strong>blog.planejeasfinancas@gmail.com<\/strong>.<\/p>\n\n\n\n<hr class=\"wp-block-separator has-alpha-channel-opacity\">\n\n\n\n<p>\u06c1\u0645\u0627\u0631\u06cc \u0648\u06cc\u0628 \u0633\u0627\u0626\u0679 \u06a9\u0627 \u0627\u0633\u062a\u0639\u0645\u0627\u0644 \u062c\u0627\u0631\u06cc \u0631\u06a9\u06be \u06a9\u0631\u060c \u0622\u067e \u0627\u0633 \u0631\u0627\u0632\u062f\u0627\u0631\u06cc \u06a9\u06cc \u067e\u0627\u0644\u06cc\u0633\u06cc \u06a9\u06cc \u0634\u0631\u0627\u0626\u0637 \u0633\u06d2 \u0627\u062a\u0641\u0627\u0642 \u06a9\u0631\u062a\u06d2 \u06c1\u06cc\u06ba\u06d4<\/p>\n<\/body><\/html>","protected":false},"excerpt":{"rendered":"<p>Pol\u00edtica de Privacidade \u00daltima Atualiza\u00e7\u00e3o: 01\/04\/2025 Bem-vindo ao Blog Planeje as Finan\u00e7as! A sua privacidade \u00e9 importante para n\u00f3s. Esta Pol\u00edtica de Privacidade explica como coletamos, usamos, compartilhamos e protegemos suas informa\u00e7\u00f5es ao acessar nosso site https:\/\/blog.planejeasfinancas.com.br. 1. Coleta de Informa\u00e7\u00f5es Podemos coletar informa\u00e7\u00f5es de diferentes formas, incluindo: 2. Uso das Informa\u00e7\u00f5es As informa\u00e7\u00f5es coletadas [&hellip;]<\/p>","protected":false},"author":1,"featured_media":0,"parent":0,"menu_order":0,"comment_status":"closed","ping_status":"open","template":"","meta":{"footnotes":""},"class_list":["post-3","page","type-page","status-publish","hentry"],"_links":{"self":[{"href":"https:\/\/blog.planejeasfinancas.com.br\/ur\/wp-json\/wp\/v2\/pages\/3","targetHints":{"allow":["GET"]}}],"collection":[{"href":"https:\/\/blog.planejeasfinancas.com.br\/ur\/wp-json\/wp\/v2\/pages"}],"about":[{"href":"https:\/\/blog.planejeasfinancas.com.br\/ur\/wp-json\/wp\/v2\/types\/page"}],"author":[{"embeddable":true,"href":"https:\/\/blog.planejeasfinancas.com.br\/ur\/wp-json\/wp\/v2\/users\/1"}],"replies":[{"embeddable":true,"href":"https:\/\/blog.planejeasfinancas.com.br\/ur\/wp-json\/wp\/v2\/comments?post=3"}],"version-history":[{"count":2,"href":"https:\/\/blog.planejeasfinancas.com.br\/ur\/wp-json\/wp\/v2\/pages\/3\/revisions"}],"predecessor-version":[{"id":41,"href":"https:\/\/blog.planejeasfinancas.com.br\/ur\/wp-json\/wp\/v2\/pages\/3\/revisions\/41"}],"wp:attachment":[{"href":"https:\/\/blog.planejeasfinancas.com.br\/ur\/wp-json\/wp\/v2\/media?parent=3"}],"curies":[{"name":"wp","href":"https:\/\/api.w.org\/{rel}","templated":true}]}}