{"id":48,"date":"2025-04-02T00:20:13","date_gmt":"2025-04-02T03:20:13","guid":{"rendered":"https:\/\/blog.planejeasfinancas.com.br\/?page_id=48"},"modified":"2025-04-02T00:20:22","modified_gmt":"2025-04-02T03:20:22","slug":"termos-e-condicoes","status":"publish","type":"page","link":"https:\/\/blog.planejeasfinancas.com.br\/tr\/termos-e-condicoes\/","title":{"rendered":"\u015eartlar ve ko\u015fullar"},"content":{"rendered":"<html><body><h2 class=\"wp-block-heading\">\u015eartlar ve ko\u015fullar<\/h2>\n\n\n\n<p>Ho\u015f geldiniz <strong>Finansman\u0131n\u0131z\u0131 Planlay\u0131n<\/strong>! Web sitemize eri\u015ferek ve kullanarak <strong><a class=\"\" href=\"https:\/\/blog.planejeasfinancas.com.br\/tr\/\">https:\/\/blog.planejeasfinancas.com.br<\/a><\/strong>, a\u015fa\u011f\u0131daki \u015eartlar ve Ko\u015fullar\u0131 kabul etmi\u015f olursunuz. L\u00fctfen dikkatlice okuyunuz.<\/p>\n\n\n\n<h3 class=\"wp-block-heading\">1. \u015eartlar\u0131n Kabul\u00fc<\/h3>\n\n\n\n<p>Web sitesini kullan\u0131rken <strong>Finansman\u0131n\u0131z\u0131 Planlay\u0131n<\/strong>, herhangi bir zamanda bildirimde bulunulmaks\u0131z\u0131n de\u011fi\u015ftirilebilecek olan bu \u015eartlar ve Ko\u015fullara uymay\u0131 ve bunlara ba\u011fl\u0131 kalmay\u0131 kabul edersiniz. \u015eartlarda yap\u0131lan de\u011fi\u015fikliklerden sonra web sitesinin kullan\u0131lmaya devam edilmesi, s\u00f6z konusu de\u011fi\u015fikliklerin kabul edildi\u011fi anlam\u0131na gelir.<\/p>\n\n\n\n<h3 class=\"wp-block-heading\">2. Sitenin Kullan\u0131m\u0131<\/h3>\n\n\n\n<p>Web sitemizi yasalara ve y\u00f6netmeliklere ayk\u0131r\u0131 olmaks\u0131z\u0131n yasal ve uygun bir \u015fekilde kullanmay\u0131 kabul edersiniz. \u0130\u00e7eri\u011fimizin yasa d\u0131\u015f\u0131 veya yasaklanm\u0131\u015f ama\u00e7lar do\u011frultusunda kullan\u0131lmas\u0131 kesinlikle yasakt\u0131r.<\/p>\n\n\n\n<h3 class=\"wp-block-heading\">3. Fikri M\u00fclkiyet<\/h3>\n\n\n\n<p>Bu web sitesindeki metin, resim, video, grafik ve logolar dahil t\u00fcm i\u00e7erikler telif hakk\u0131, ticari marka ve di\u011fer fikri m\u00fclkiyet yasalar\u0131yla korunmaktad\u0131r. Herhangi bir i\u00e7eri\u011fin uygun izin al\u0131nmadan izinsiz kullan\u0131lmas\u0131 kesinlikle yasakt\u0131r.<\/p>\n\n\n\n<h3 class=\"wp-block-heading\">4. \u0130\u00e7erik Sorumlulu\u011fu<\/h3>\n\n\n\n<p>\u0130\u00e7erisinde bulunan bilgiler <strong>Finansman\u0131n\u0131z\u0131 Planlay\u0131n<\/strong> bilgilendirme ve e\u011fitim ama\u00e7l\u0131 sunulmaktad\u0131r. Bilgilerin do\u011fru, eksiksiz veya g\u00fcncel oldu\u011funu garanti etmiyoruz. \u0130\u00e7eri\u011fimizin kullan\u0131m\u0131 tamamen sizin sorumlulu\u011funuzdad\u0131r. Finansal veya hukuki gibi \u00f6zel konularda mutlaka uzman bir profesyonele dan\u0131\u015fmal\u0131s\u0131n\u0131z.<\/p>\n\n\n\n<h3 class=\"wp-block-heading\">5. \u00dc\u00e7\u00fcnc\u00fc Taraf Sitelerine Ba\u011flant\u0131lar<\/h3>\n\n\n\n<p>Web sitemizde \u00fc\u00e7\u00fcnc\u00fc taraflar\u0131n web sitelerine ba\u011flant\u0131lar bulunabilir. Bu ba\u011flant\u0131lar yaln\u0131zca kolayl\u0131k sa\u011flamak amac\u0131yla sunulmaktad\u0131r. Harici web sitelerinin i\u00e7eri\u011finden veya gizlilik uygulamalar\u0131ndan sorumlu de\u011filiz. Web sitemizdeki bir ba\u011flant\u0131 arac\u0131l\u0131\u011f\u0131yla eri\u015fti\u011finiz herhangi bir web sitesinin \u015eartlar ve Ko\u015fullar ile Gizlilik Politikalar\u0131n\u0131 okuman\u0131z\u0131 \u00f6neririz.<\/p>\n\n\n\n<h3 class=\"wp-block-heading\">6. Sorumlulu\u011fun S\u0131n\u0131rland\u0131r\u0131lmas\u0131<\/h3>\n\n\n\n<p>Hi\u00e7bir ko\u015fulda, <strong>Finansman\u0131n\u0131z\u0131 Planlay\u0131n<\/strong> Web sitemizin kullan\u0131m\u0131ndan veya kullan\u0131lamamas\u0131ndan kaynaklanan, veri kayb\u0131, kar kayb\u0131 veya i\u015f kesintisi dahil ancak bunlarla s\u0131n\u0131rl\u0131 olmamak \u00fczere, do\u011frudan, dolayl\u0131, tesad\u00fcfi veya sonu\u00e7sal zararlardan sorumlu tutulamay\u0131z.<\/p>\n\n\n\n<h3 class=\"wp-block-heading\">7. Sitede Yap\u0131lan De\u011fi\u015fiklikler<\/h3>\n\n\n\n<p>Sitenin herhangi bir b\u00f6l\u00fcm\u00fcn\u00fc herhangi bir zamanda ve \u00f6nceden haber vermeden de\u011fi\u015ftirme, d\u00fczenleme, ask\u0131ya alma veya durdurma hakk\u0131n\u0131 sakl\u0131 tutuyoruz. Sa\u011flanan hizmetlerde herhangi bir ar\u0131za veya kesintiden sorumlu de\u011filiz.<\/p>\n\n\n\n<h3 class=\"wp-block-heading\">8. Gizlilik ve \u00c7erezler<\/h3>\n\n\n\n<p>Web sitemizi kullanarak, ki\u015fisel bilgilerinizi nas\u0131l toplad\u0131\u011f\u0131m\u0131z\u0131, kulland\u0131\u011f\u0131m\u0131z\u0131 ve korudu\u011fumuzu a\u00e7\u0131klayan Gizlilik Politikam\u0131z\u0131 kabul etmi\u015f olursunuz. Daha fazla bilgi i\u00e7in Gizlilik Politikam\u0131z\u0131 inceleyin.<\/p>\n\n\n\n<h3 class=\"wp-block-heading\">9. Yasaklar<\/h3>\n\n\n\n<p>\u015eunlar\u0131 yapmamay\u0131 kabul edersiniz:<\/p>\n\n\n\n<ul class=\"wp-block-list\">\n<li>Web sitesini, i\u015fleyi\u015fine zarar verebilecek veya i\u015fleyi\u015fini kesintiye u\u011fratabilecek \u015fekilde kullanmak;<\/li>\n\n\n\n<li>Vir\u00fcs veya ba\u015fka herhangi bir k\u00f6t\u00fc ama\u00e7l\u0131 kod g\u00f6ndermeyin;<\/li>\n\n\n\n<li>Web sitesini doland\u0131r\u0131c\u0131l\u0131k veya zararl\u0131 ama\u00e7larla kullanmak.<\/li>\n<\/ul>\n\n\n\n<h3 class=\"wp-block-heading\">10. \u015eartlar ve Ko\u015fullarda De\u011fi\u015fiklikler<\/h3>\n\n\n\n<p>Bu \u015eartlar ve Ko\u015fullar\u0131 herhangi bir zamanda de\u011fi\u015ftirebiliriz ve bunlar\u0131 periyodik olarak incelemenizi \u00f6neririz. Bu t\u00fcr de\u011fi\u015fikliklerden sonra Sitenin kullan\u0131lmaya devam edilmesi, yeni \u015eartlar\u0131n kabul edildi\u011fi anlam\u0131na gelecektir.<\/p>\n\n\n\n<h3 class=\"wp-block-heading\">11. Uygulanacak Hukuk<\/h3>\n\n\n\n<p>Bu \u015eartlar ve Ko\u015fullar Brezilya yasalar\u0131na tabidir. Bu \u015eartlar ile ilgili her t\u00fcrl\u00fc uyu\u015fmazl\u0131k, S\u00e3o Paulo, SP \u015fehrinin yetkili mahkemelerinde \u00e7\u00f6z\u00fclecektir.<\/p>\n\n\n\n<h3 class=\"wp-block-heading\">12. \u0130leti\u015fim<\/h3>\n\n\n\n<p>Bu web sitesinin \u015eartlar ve Ko\u015fullar\u0131 hakk\u0131nda herhangi bir sorunuz veya endi\u015feniz varsa l\u00fctfen bizimle \u015fu e-posta adresinden ileti\u015fime ge\u00e7in: <strong><a class=\"\">ileti\u015fim@planejeasfinancas.com.br<\/a><\/strong>.<\/p>\n\n\n\n<p><strong>Finansman\u0131n\u0131z\u0131 Planlay\u0131n<\/strong> \u2013 Yard\u0131m etmek i\u00e7in buraday\u0131z!<\/p>\n<\/body><\/html>","protected":false},"excerpt":{"rendered":"<p>Termos e Condi\u00e7\u00f5es Bem-vindo ao Planeje as Finan\u00e7as! Ao acessar e utilizar nosso site https:\/\/blog.planejeasfinancas.com.br, voc\u00ea concorda com os seguintes Termos e Condi\u00e7\u00f5es. Por favor, leia atentamente. 1. Aceita\u00e7\u00e3o dos Termos Ao utilizar o site Planeje as Finan\u00e7as, voc\u00ea concorda em cumprir e estar vinculado a estes Termos e Condi\u00e7\u00f5es, que podem ser alterados a [&hellip;]<\/p>","protected":false},"author":2,"featured_media":0,"parent":0,"menu_order":0,"comment_status":"closed","ping_status":"closed","template":"","meta":{"footnotes":""},"class_list":["post-48","page","type-page","status-publish","hentry"],"_links":{"self":[{"href":"https:\/\/blog.planejeasfinancas.com.br\/tr\/wp-json\/wp\/v2\/pages\/48","targetHints":{"allow":["GET"]}}],"collection":[{"href":"https:\/\/blog.planejeasfinancas.com.br\/tr\/wp-json\/wp\/v2\/pages"}],"about":[{"href":"https:\/\/blog.planejeasfinancas.com.br\/tr\/wp-json\/wp\/v2\/types\/page"}],"author":[{"embeddable":true,"href":"https:\/\/blog.planejeasfinancas.com.br\/tr\/wp-json\/wp\/v2\/users\/2"}],"replies":[{"embeddable":true,"href":"https:\/\/blog.planejeasfinancas.com.br\/tr\/wp-json\/wp\/v2\/comments?post=48"}],"version-history":[{"count":2,"href":"https:\/\/blog.planejeasfinancas.com.br\/tr\/wp-json\/wp\/v2\/pages\/48\/revisions"}],"predecessor-version":[{"id":50,"href":"https:\/\/blog.planejeasfinancas.com.br\/tr\/wp-json\/wp\/v2\/pages\/48\/revisions\/50"}],"wp:attachment":[{"href":"https:\/\/blog.planejeasfinancas.com.br\/tr\/wp-json\/wp\/v2\/media?parent=48"}],"curies":[{"name":"wp","href":"https:\/\/api.w.org\/{rel}","templated":true}]}}