{"id":44,"date":"2025-04-02T00:16:21","date_gmt":"2025-04-02T03:16:21","guid":{"rendered":"https:\/\/blog.planejeasfinancas.com.br\/?page_id=44"},"modified":"2025-04-03T18:07:18","modified_gmt":"2025-04-03T21:07:18","slug":"contato","status":"publish","type":"page","link":"https:\/\/blog.planejeasfinancas.com.br\/tr\/contato\/","title":{"rendered":"Temas etmek"},"content":{"rendered":"<html><body><p><strong>Temas etmek<\/strong><\/p>\n\n\n\n<p>Merhaba! \u0130leti\u015fim sayfam\u0131za ho\u015f geldiniz. Herhangi bir soru, \u00f6neri veya yorumunuz varsa size yard\u0131mc\u0131 olmak i\u00e7in buraday\u0131z. <strong>Finansman\u0131n\u0131z\u0131 Planlay\u0131n<\/strong>. A\u015fa\u011f\u0131daki yollarla bizimle ileti\u015fime ge\u00e7mekten \u00e7ekinmeyin:<\/p>\n\n\n\n<h3 class=\"wp-block-heading\">\u0130leti\u015fim Formu<\/h3>\n\n\n\n<p>Daha do\u011frudan bir hizmet tercih ediyorsan\u0131z, a\u015fa\u011f\u0131daki formu doldurun, ekibimiz en k\u0131sa s\u00fcrede size cevap verecektir:<\/p>\n\n\n\n<h3 class=\"wp-block-heading\">E-posta<\/h3>\n\n\n\n<p>E\u011fer bizimle do\u011frudan e-posta yoluyla ileti\u015fime ge\u00e7mek isterseniz l\u00fctfen mesaj\u0131n\u0131z\u0131 \u015fu adrese g\u00f6nderin:<\/p>\n\n\n\n<p><strong><a class=\"\">ileti\u015fim@planejeasfinancas.com.br<\/a><\/strong><\/p>\n\n\n\n<h3 class=\"wp-block-heading\">Sosyal medya<\/h3>\n\n\n\n<p>Bizi sosyal medyadan da takip edebilir, i\u00e7eriklerimizle etkile\u015fime ge\u00e7ebilirsiniz. A\u015fa\u011f\u0131daki platformlarda yer al\u0131yoruz:<\/p>\n\n\n\n<ul class=\"wp-block-list\">\n<li>[Facebook] <strong>facebook.com\/planjeasfinancas<\/strong><\/li>\n\n\n\n<li>[Instagram] <strong>instagram.com\/planejeasfinancas<\/strong><\/li>\n\n\n\n<li>[Twitter] <strong>twitter.com\/plan_finances<\/strong><\/li>\n\n\n\n<li>[LinkedIn] <strong>linkedin.com\/\u015firket\/planjeasfinancas<\/strong><\/li>\n<\/ul>\n\n\n\n<h3 class=\"wp-block-heading\">Adres<\/h3>\n\n\n\n<p>E\u011fer bizimle \u015fahsen ileti\u015fime ge\u00e7meyi tercih ederseniz adresimiz:<\/p>\n\n\n\n<p><strong>Paulista Bulvar\u0131, 123 \u2013 Oda 405<br>Sao Paulo, SP <\/strong><\/p>\n\n\n\n<p>Bizimle ileti\u015fime ge\u00e7ti\u011finiz i\u00e7in te\u015fekk\u00fcr ederiz, en k\u0131sa s\u00fcrede yan\u0131t verece\u011fiz!<\/p>\n\n\n\n<p><strong>Finansman\u0131n\u0131z\u0131 Planlay\u0131n \u2013 Size Yard\u0131mc\u0131 Olmak \u0130\u00e7in Buraday\u0131z!<\/strong><\/p>\n\n\n\n<p>Art\u0131k hayali bilgilerle sayfa kullan\u0131ma haz\u0131r. E\u011fer daha fazla ayarlamaya ihtiyac\u0131n\u0131z olursa bana bildirmeniz yeterli!<\/p>\n<\/body><\/html>","protected":false},"excerpt":{"rendered":"<p>Contato Ol\u00e1! Bem-vindo \u00e0 nossa p\u00e1gina de contato. Estamos aqui para ajudar voc\u00ea com qualquer d\u00favida, sugest\u00e3o ou coment\u00e1rio sobre o Planeje as Finan\u00e7as. Fique \u00e0 vontade para entrar em contato conosco atrav\u00e9s dos seguintes meios: Formul\u00e1rio de Contato Se voc\u00ea prefere um atendimento mais direto, preencha o formul\u00e1rio abaixo e nossa equipe responder\u00e1 o [&hellip;]<\/p>","protected":false},"author":2,"featured_media":0,"parent":0,"menu_order":0,"comment_status":"closed","ping_status":"closed","template":"template-contato.php","meta":{"footnotes":""},"class_list":["post-44","page","type-page","status-publish","hentry"],"_links":{"self":[{"href":"https:\/\/blog.planejeasfinancas.com.br\/tr\/wp-json\/wp\/v2\/pages\/44","targetHints":{"allow":["GET"]}}],"collection":[{"href":"https:\/\/blog.planejeasfinancas.com.br\/tr\/wp-json\/wp\/v2\/pages"}],"about":[{"href":"https:\/\/blog.planejeasfinancas.com.br\/tr\/wp-json\/wp\/v2\/types\/page"}],"author":[{"embeddable":true,"href":"https:\/\/blog.planejeasfinancas.com.br\/tr\/wp-json\/wp\/v2\/users\/2"}],"replies":[{"embeddable":true,"href":"https:\/\/blog.planejeasfinancas.com.br\/tr\/wp-json\/wp\/v2\/comments?post=44"}],"version-history":[{"count":2,"href":"https:\/\/blog.planejeasfinancas.com.br\/tr\/wp-json\/wp\/v2\/pages\/44\/revisions"}],"predecessor-version":[{"id":150,"href":"https:\/\/blog.planejeasfinancas.com.br\/tr\/wp-json\/wp\/v2\/pages\/44\/revisions\/150"}],"wp:attachment":[{"href":"https:\/\/blog.planejeasfinancas.com.br\/tr\/wp-json\/wp\/v2\/media?parent=44"}],"curies":[{"name":"wp","href":"https:\/\/api.w.org\/{rel}","templated":true}]}}