{"id":42,"date":"2025-04-02T00:13:58","date_gmt":"2025-04-02T03:13:58","guid":{"rendered":"https:\/\/blog.planejeasfinancas.com.br\/?page_id=42"},"modified":"2025-04-02T00:13:58","modified_gmt":"2025-04-02T03:13:58","slug":"quem-somos","status":"publish","type":"page","link":"https:\/\/blog.planejeasfinancas.com.br\/tr\/quem-somos\/","title":{"rendered":"Biz Kimiz"},"content":{"rendered":"<html><body><p><strong>Biz Kimiz<\/strong><\/p>\n\n\n\n<p>Ho\u015f geldiniz <strong>Finansman\u0131n\u0131z\u0131 Planlay\u0131n<\/strong>! Teknoloji hakk\u0131nda g\u00fcncel i\u00e7erikler, faydal\u0131 ipu\u00e7lar\u0131, uygulamalar ve haberler sunmaya adanm\u0131\u015f bir portal\u0131z. Amac\u0131m\u0131z g\u00fcnl\u00fck hayat\u0131n\u0131z\u0131 kolayla\u015ft\u0131racak, ula\u015f\u0131labilir ve pratik bilgiler sunmak ve sizi dijital pazardaki ana trendler konusunda g\u00fcncel tutmakt\u0131r.<\/p>\n\n\n\n<h3 class=\"wp-block-heading\">Misyonumuz<\/h3>\n\n\n\n<p>Daha g\u00fcvenli ve daha verimli kararlar alabilmek i\u00e7in bilginin \u00f6nemli oldu\u011funa inan\u0131yoruz. Dolay\u0131s\u0131yla, bizim taahh\u00fcd\u00fcm\u00fcz, mevcut teknolojik ara\u00e7lar\u0131 daha iyi kullanman\u0131za yard\u0131mc\u0131 olacak kaliteli i\u00e7erikler sunmakt\u0131r.<\/p>\n\n\n\n<h3 class=\"wp-block-heading\">Sunduklar\u0131m\u0131z<\/h3>\n\n\n\n<ul class=\"wp-block-list\">\n<li><strong>Pratik \u0130pu\u00e7lar\u0131<\/strong>: Rutin i\u015flerinizi kolayla\u015ft\u0131racak ve dijital deneyiminizi iyile\u015ftirecek \u00e7\u00f6z\u00fcmler.<\/li>\n\n\n\n<li><strong>Teknoloji<\/strong>: Yenilikler, cihazlar ve sekt\u00f6r trendleri hakk\u0131nda haberler.<\/li>\n\n\n\n<li><strong>Uygulamalar<\/strong>: Farkl\u0131 ama\u00e7lara y\u00f6nelik en iyi uygulamalar\u0131n incelemeleri ve \u00f6nerileri.<\/li>\n\n\n\n<li><strong>Haberler<\/strong>: Dijital d\u00fcnya ve teknolojiden g\u00fcncel geli\u015fmeler ve g\u00fcncel bilgiler.<\/li>\n<\/ul>\n\n\n\n<h3 class=\"wp-block-heading\">Ekibimiz<\/h3>\n\n\n\n<p>Ekibimiz, okuyucular\u0131m\u0131za g\u00fcncel ve alakal\u0131 i\u00e7erikler sunmak i\u00e7in her zaman yeni geli\u015fmeleri takip eden, teknoloji ve inovasyona tutkuyla ba\u011fl\u0131 uzmanlardan olu\u015fuyor.<\/p>\n\n\n\n<h3 class=\"wp-block-heading\">\u0130leti\u015fime Ge\u00e7in<\/h3>\n\n\n\n<p>Herhangi bir sorunuz, \u00f6neriniz varsa veya bizimle i\u015fbirli\u011fi yapmak istiyorsan\u0131z l\u00fctfen bize e-posta yoluyla ula\u015f\u0131n: <strong>blog.planejeasfinancas@gmail.com<\/strong>.<\/p>\n\n\n\n<p>G\u00fcncellemelerimizi takip edin, teknoloji ve inovasyon d\u00fcnyas\u0131ndaki geli\u015fmelerden haberdar olun!<\/p>\n\n\n\n<hr class=\"wp-block-separator has-alpha-channel-opacity\">\n\n\n\n<p><strong>Finansman\u0131n\u0131z\u0131 Planlay\u0131n \u2013 Bilgi ve teknoloji parmaklar\u0131n\u0131z\u0131n ucunda!<\/strong><\/p>\n<\/body><\/html>","protected":false},"excerpt":{"rendered":"<p>Quem Somos Bem-vindo ao Planeje as Finan\u00e7as! Somos um portal dedicado a trazer conte\u00fados relevantes sobre tecnologia, dicas \u00fateis, aplicativos e not\u00edcias. Nosso objetivo \u00e9 fornecer informa\u00e7\u00f5es acess\u00edveis e pr\u00e1ticas para facilitar o seu dia a dia e mant\u00ea-lo atualizado com as principais tend\u00eancias do mercado digital. Nossa Miss\u00e3o Acreditamos que a informa\u00e7\u00e3o \u00e9 essencial [&hellip;]<\/p>","protected":false},"author":2,"featured_media":0,"parent":0,"menu_order":0,"comment_status":"closed","ping_status":"closed","template":"","meta":{"footnotes":""},"class_list":["post-42","page","type-page","status-publish","hentry"],"_links":{"self":[{"href":"https:\/\/blog.planejeasfinancas.com.br\/tr\/wp-json\/wp\/v2\/pages\/42","targetHints":{"allow":["GET"]}}],"collection":[{"href":"https:\/\/blog.planejeasfinancas.com.br\/tr\/wp-json\/wp\/v2\/pages"}],"about":[{"href":"https:\/\/blog.planejeasfinancas.com.br\/tr\/wp-json\/wp\/v2\/types\/page"}],"author":[{"embeddable":true,"href":"https:\/\/blog.planejeasfinancas.com.br\/tr\/wp-json\/wp\/v2\/users\/2"}],"replies":[{"embeddable":true,"href":"https:\/\/blog.planejeasfinancas.com.br\/tr\/wp-json\/wp\/v2\/comments?post=42"}],"version-history":[{"count":1,"href":"https:\/\/blog.planejeasfinancas.com.br\/tr\/wp-json\/wp\/v2\/pages\/42\/revisions"}],"predecessor-version":[{"id":43,"href":"https:\/\/blog.planejeasfinancas.com.br\/tr\/wp-json\/wp\/v2\/pages\/42\/revisions\/43"}],"wp:attachment":[{"href":"https:\/\/blog.planejeasfinancas.com.br\/tr\/wp-json\/wp\/v2\/media?parent=42"}],"curies":[{"name":"wp","href":"https:\/\/api.w.org\/{rel}","templated":true}]}}