{"id":46,"date":"2025-04-02T00:18:08","date_gmt":"2025-04-02T03:18:08","guid":{"rendered":"https:\/\/blog.planejeasfinancas.com.br\/?page_id=46"},"modified":"2025-04-02T00:18:09","modified_gmt":"2025-04-02T03:18:09","slug":"descargo-de-responsabilidade","status":"publish","type":"page","link":"https:\/\/blog.planejeasfinancas.com.br\/tl\/descargo-de-responsabilidade\/","title":{"rendered":"Disclaimer ng Pananagutan"},"content":{"rendered":"<html><body><h2 class=\"wp-block-heading\">Disclaimer ng Pananagutan<\/h2>\n\n\n\n<p>Ang nilalaman ng <strong>Planuhin ang Iyong Pananalapi<\/strong> ay ibinigay para sa mga layuning pang-impormasyon at pang-edukasyon lamang. Habang nagsusumikap kaming tiyakin ang katumpakan ng impormasyong ibinahagi, hindi namin ginagarantiya ang katumpakan, pagkakumpleto o pagiging maaasahan ng anumang nilalamang magagamit sa website na ito. Ang impormasyong ibinigay ay hindi dapat ituring bilang propesyonal na payo sa pananalapi.<\/p>\n\n\n\n<h3 class=\"wp-block-heading\">1. Impormasyon at Nilalaman<\/h3>\n\n\n\n<p>Ang impormasyong nakapaloob sa website na ito ay batay sa mga pinagmumulan na itinuturing naming maaasahan. Gayunpaman, hindi kami mananagot para sa anumang mga pagkakamali, pagkukulang o para sa mga pinsalang dulot ng paggamit ng impormasyong ipinakita.<\/p>\n\n\n\n<h3 class=\"wp-block-heading\">2. Propesyonal na Payo<\/h3>\n\n\n\n<p>Ang impormasyong ibinigay sa <strong>Planuhin ang Iyong Pananalapi<\/strong> Hindi nila pinapalitan ang konsultasyon sa isang kwalipikadong propesyonal sa larangan ng pananalapi, pamumuhunan o anumang iba pang espesyalidad. Inirerekomenda namin na kumonsulta ka sa isang financial advisor o espesyalista bago gumawa ng anumang malalaking desisyon batay sa impormasyon sa website na ito.<\/p>\n\n\n\n<h3 class=\"wp-block-heading\">3. Mga Link sa Mga Panlabas na Site<\/h3>\n\n\n\n<p>Ang aming website ay maaaring maglaman ng mga link sa mga third party na website. Hindi kami mananagot para sa nilalaman o mga kasanayan sa privacy ng mga site na ito. Hinihikayat ka naming basahin ang mga patakaran sa privacy at mga tuntunin ng paggamit ng anumang website na ina-access mo sa pamamagitan ng isang link sa aming website.<\/p>\n\n\n\n<h3 class=\"wp-block-heading\">4. Mga Resulta at Garantiya<\/h3>\n\n\n\n<p>Hindi namin ginagarantiya na ang paggamit ng impormasyon o mga tool na inaalok sa website ay hahantong sa mga partikular na resulta o na ito ay walang error o walang patid. Ang responsibilidad para sa paggamit ng anumang mapagkukunan o impormasyong ibinigay ay nakasalalay sa gumagamit.<\/p>\n\n\n\n<h3 class=\"wp-block-heading\">5. Mga Pagbabago sa Nilalaman<\/h3>\n\n\n\n<p>Ang nilalaman ng website na ito ay maaaring magbago nang walang abiso. Inilalaan namin ang karapatang baguhin, i-update o alisin ang anumang impormasyon, nang hindi ito bumubuo ng anumang uri ng obligasyon o pananagutan sa aming bahagi.<\/p>\n\n\n\n<h3 class=\"wp-block-heading\">6. Limitadong Pananagutan<\/h3>\n\n\n\n<p>Sa anumang pagkakataon, ang <strong>Planuhin ang Iyong Pananalapi<\/strong> mananagot para sa anumang direkta, hindi direkta, hindi sinasadya o kinahihinatnan na mga pinsala na nagmumula sa paggamit ng o kawalan ng kakayahang gamitin ang aming website, kabilang ang, ngunit hindi limitado sa, nawalang kita, nawalang data o pagkaantala sa negosyo.<\/p>\n\n\n\n<h3 class=\"wp-block-heading\">7. Copyright<\/h3>\n\n\n\n<p>Ang lahat ng nilalaman sa website na ito, kabilang ang mga teksto, larawan, video at graphics, ay protektado ng copyright at hindi maaaring kopyahin nang walang kaukulang pahintulot mula sa <strong>Planuhin ang Iyong Pananalapi<\/strong>.<\/p>\n\n\n\n<h3 class=\"wp-block-heading\">8. Mga Pagbabago sa Disclaimer of Liability<\/h3>\n\n\n\n<p>Maaari naming baguhin ang disclaimer na ito anumang oras. Inirerekomenda namin na regular mong suriin ang pahinang ito upang malaman ang anumang mga pagbabago.<\/p>\n\n\n\n<h3 class=\"wp-block-heading\">9. Makipag-ugnayan<\/h3>\n\n\n\n<p>Kung mayroon kang anumang mga tanong o alalahanin tungkol sa disclaimer na ito, mangyaring makipag-ugnayan sa amin sa: <a><strong>contato@planejeasfinancas.com.br<\/strong><\/a>.<\/p>\n<\/body><\/html>","protected":false},"excerpt":{"rendered":"<p>Descargo de Responsabilidade O conte\u00fado do Planeje as Finan\u00e7as \u00e9 fornecido para fins informativos e educacionais. Embora nos esforcemos para garantir a precis\u00e3o das informa\u00e7\u00f5es compartilhadas, n\u00e3o garantimos a precis\u00e3o, completude ou confiabilidade de qualquer conte\u00fado dispon\u00edvel neste site. As informa\u00e7\u00f5es fornecidas n\u00e3o devem ser interpretadas como aconselhamento financeiro profissional. 1. Informa\u00e7\u00f5es e Conte\u00fado As [&hellip;]<\/p>","protected":false},"author":2,"featured_media":0,"parent":0,"menu_order":0,"comment_status":"closed","ping_status":"closed","template":"","meta":{"footnotes":""},"class_list":["post-46","page","type-page","status-publish","hentry"],"_links":{"self":[{"href":"https:\/\/blog.planejeasfinancas.com.br\/tl\/wp-json\/wp\/v2\/pages\/46","targetHints":{"allow":["GET"]}}],"collection":[{"href":"https:\/\/blog.planejeasfinancas.com.br\/tl\/wp-json\/wp\/v2\/pages"}],"about":[{"href":"https:\/\/blog.planejeasfinancas.com.br\/tl\/wp-json\/wp\/v2\/types\/page"}],"author":[{"embeddable":true,"href":"https:\/\/blog.planejeasfinancas.com.br\/tl\/wp-json\/wp\/v2\/users\/2"}],"replies":[{"embeddable":true,"href":"https:\/\/blog.planejeasfinancas.com.br\/tl\/wp-json\/wp\/v2\/comments?post=46"}],"version-history":[{"count":1,"href":"https:\/\/blog.planejeasfinancas.com.br\/tl\/wp-json\/wp\/v2\/pages\/46\/revisions"}],"predecessor-version":[{"id":47,"href":"https:\/\/blog.planejeasfinancas.com.br\/tl\/wp-json\/wp\/v2\/pages\/46\/revisions\/47"}],"wp:attachment":[{"href":"https:\/\/blog.planejeasfinancas.com.br\/tl\/wp-json\/wp\/v2\/media?parent=46"}],"curies":[{"name":"wp","href":"https:\/\/api.w.org\/{rel}","templated":true}]}}