{"id":44,"date":"2025-04-02T00:16:21","date_gmt":"2025-04-02T03:16:21","guid":{"rendered":"https:\/\/blog.planejeasfinancas.com.br\/?page_id=44"},"modified":"2025-04-03T18:07:18","modified_gmt":"2025-04-03T21:07:18","slug":"contato","status":"publish","type":"page","link":"https:\/\/blog.planejeasfinancas.com.br\/tl\/contato\/","title":{"rendered":"Makipag-ugnayan"},"content":{"rendered":"<html><body><p><strong>Makipag-ugnayan<\/strong><\/p>\n\n\n\n<p>Hello! Maligayang pagdating sa aming contact page. Narito kami upang tulungan ka sa anumang mga tanong, mungkahi o komento tungkol sa <strong>Planuhin ang Iyong Pananalapi<\/strong>. Huwag mag-atubiling makipag-ugnayan sa amin sa pamamagitan ng mga sumusunod na paraan:<\/p>\n\n\n\n<h3 class=\"wp-block-heading\">Contact Form<\/h3>\n\n\n\n<p>Kung gusto mo ng mas direktang serbisyo, punan ang form sa ibaba at tutugon ang aming team sa lalong madaling panahon:<\/p>\n\n\n\n<h3 class=\"wp-block-heading\">E-mail<\/h3>\n\n\n\n<p>Kung nais mong direktang makipag-ugnayan sa amin sa pamamagitan ng email, mangyaring ipadala ang iyong mensahe sa:<\/p>\n\n\n\n<p><strong><a class=\"\">contato@planejeasfinancas.com.br<\/a><\/strong><\/p>\n\n\n\n<h3 class=\"wp-block-heading\">Social media<\/h3>\n\n\n\n<p>Maaari mo rin kaming sundan sa social media at makipag-ugnayan sa aming nilalaman. Kami ay naroroon sa mga sumusunod na platform:<\/p>\n\n\n\n<ul class=\"wp-block-list\">\n<li>[Facebook] <strong>facebook.com\/planjeasfinancas<\/strong><\/li>\n\n\n\n<li>[Instagram] <strong>instagram.com\/planejeasfinancas<\/strong><\/li>\n\n\n\n<li>[Twitter] <strong>twitter.com\/plan_finances<\/strong><\/li>\n\n\n\n<li>[LinkedIn] <strong>linkedin.com\/company\/planjeasfinancas<\/strong><\/li>\n<\/ul>\n\n\n\n<h3 class=\"wp-block-heading\">Address<\/h3>\n\n\n\n<p>Kung mas gusto mong makipag-ugnayan sa amin nang personal, ang aming address ay:<\/p>\n\n\n\n<p><strong>Paulista Avenue, 123 \u2013 Room 405<br>Sao Paulo, SP <\/strong><\/p>\n\n\n\n<p>Salamat sa pakikipag-ugnayan sa amin at tutugon kami sa lalong madaling panahon!<\/p>\n\n\n\n<p><strong>Planuhin ang Iyong Pananalapi \u2013 Nandito Kami Para Tumulong!<\/strong><\/p>\n\n\n\n<p>Ngayon na may kathang-isip na impormasyon, ang pahina ay handa nang gamitin. Kung kailangan mo ng anumang karagdagang pagsasaayos, ipaalam lamang sa akin!<\/p>\n<\/body><\/html>","protected":false},"excerpt":{"rendered":"<p>Contato Ol\u00e1! Bem-vindo \u00e0 nossa p\u00e1gina de contato. Estamos aqui para ajudar voc\u00ea com qualquer d\u00favida, sugest\u00e3o ou coment\u00e1rio sobre o Planeje as Finan\u00e7as. Fique \u00e0 vontade para entrar em contato conosco atrav\u00e9s dos seguintes meios: Formul\u00e1rio de Contato Se voc\u00ea prefere um atendimento mais direto, preencha o formul\u00e1rio abaixo e nossa equipe responder\u00e1 o [&hellip;]<\/p>","protected":false},"author":2,"featured_media":0,"parent":0,"menu_order":0,"comment_status":"closed","ping_status":"closed","template":"template-contato.php","meta":{"footnotes":""},"class_list":["post-44","page","type-page","status-publish","hentry"],"_links":{"self":[{"href":"https:\/\/blog.planejeasfinancas.com.br\/tl\/wp-json\/wp\/v2\/pages\/44","targetHints":{"allow":["GET"]}}],"collection":[{"href":"https:\/\/blog.planejeasfinancas.com.br\/tl\/wp-json\/wp\/v2\/pages"}],"about":[{"href":"https:\/\/blog.planejeasfinancas.com.br\/tl\/wp-json\/wp\/v2\/types\/page"}],"author":[{"embeddable":true,"href":"https:\/\/blog.planejeasfinancas.com.br\/tl\/wp-json\/wp\/v2\/users\/2"}],"replies":[{"embeddable":true,"href":"https:\/\/blog.planejeasfinancas.com.br\/tl\/wp-json\/wp\/v2\/comments?post=44"}],"version-history":[{"count":2,"href":"https:\/\/blog.planejeasfinancas.com.br\/tl\/wp-json\/wp\/v2\/pages\/44\/revisions"}],"predecessor-version":[{"id":150,"href":"https:\/\/blog.planejeasfinancas.com.br\/tl\/wp-json\/wp\/v2\/pages\/44\/revisions\/150"}],"wp:attachment":[{"href":"https:\/\/blog.planejeasfinancas.com.br\/tl\/wp-json\/wp\/v2\/media?parent=44"}],"curies":[{"name":"wp","href":"https:\/\/api.w.org\/{rel}","templated":true}]}}