{"id":42,"date":"2025-04-02T00:13:58","date_gmt":"2025-04-02T03:13:58","guid":{"rendered":"https:\/\/blog.planejeasfinancas.com.br\/?page_id=42"},"modified":"2025-04-02T00:13:58","modified_gmt":"2025-04-02T03:13:58","slug":"quem-somos","status":"publish","type":"page","link":"https:\/\/blog.planejeasfinancas.com.br\/tl\/quem-somos\/","title":{"rendered":"Sino Tayo"},"content":{"rendered":"<html><body><p><strong>Sino Tayo<\/strong><\/p>\n\n\n\n<p>Maligayang pagdating sa <strong>Planuhin ang Iyong Pananalapi<\/strong>! Kami ay isang portal na nakatuon sa pagdadala ng may-katuturang nilalaman tungkol sa teknolohiya, mga kapaki-pakinabang na tip, aplikasyon at balita. Ang aming layunin ay magbigay ng naa-access at praktikal na impormasyon upang gawing mas madali ang iyong pang-araw-araw na buhay at panatilihin kang napapanahon sa mga pangunahing trend sa digital market.<\/p>\n\n\n\n<h3 class=\"wp-block-heading\">Ang Aming Misyon<\/h3>\n\n\n\n<p>Naniniwala kami na ang impormasyon ay mahalaga upang makagawa ng mas ligtas at mas mahusay na mga desisyon. Samakatuwid, ang aming pangako ay mag-alok ng de-kalidad na nilalaman na tumutulong sa iyong mas mahusay na magamit ang mga teknolohikal na tool na magagamit.<\/p>\n\n\n\n<h3 class=\"wp-block-heading\">Ang Inaalok Namin<\/h3>\n\n\n\n<ul class=\"wp-block-list\">\n<li><strong>Mga Praktikal na Tip<\/strong>: Mga solusyon upang gawing mas madali ang iyong routine at mapabuti ang iyong digital na karanasan.<\/li>\n\n\n\n<li><strong>Teknolohiya<\/strong>: Balita tungkol sa mga inobasyon, device at uso sa industriya.<\/li>\n\n\n\n<li><strong>Mga aplikasyon<\/strong>: Mga review at mungkahi ng pinakamahusay na apps para sa iba&#039;t ibang layunin.<\/li>\n\n\n\n<li><strong>Balita<\/strong>: Mga update at nauugnay na katotohanan mula sa digital na mundo at teknolohiya.<\/li>\n<\/ul>\n\n\n\n<h3 class=\"wp-block-heading\">Ang aming Team<\/h3>\n\n\n\n<p>Binubuo ang aming team ng mga eksperto na masigasig tungkol sa teknolohiya at inobasyon, palaging nakaabang para sa mga bagong development upang magdala ng up-to-date at may-katuturang nilalaman sa aming mga mambabasa.<\/p>\n\n\n\n<h3 class=\"wp-block-heading\">Makipag-ugnayan<\/h3>\n\n\n\n<p>Kung mayroon kang anumang mga katanungan, mungkahi o nais na makipagtulungan sa amin, mangyaring makipag-ugnay sa amin sa pamamagitan ng email: <strong>blog.planejeasfinancas@gmail.com<\/strong>.<\/p>\n\n\n\n<p>Sundin ang aming mga update at manatiling napapanahon sa mundo ng teknolohiya at pagbabago!<\/p>\n\n\n\n<hr class=\"wp-block-separator has-alpha-channel-opacity\">\n\n\n\n<p><strong>Planuhin ang iyong Pananalapi - Impormasyon at teknolohiya sa iyong mga kamay!<\/strong><\/p>\n<\/body><\/html>","protected":false},"excerpt":{"rendered":"<p>Quem Somos Bem-vindo ao Planeje as Finan\u00e7as! Somos um portal dedicado a trazer conte\u00fados relevantes sobre tecnologia, dicas \u00fateis, aplicativos e not\u00edcias. Nosso objetivo \u00e9 fornecer informa\u00e7\u00f5es acess\u00edveis e pr\u00e1ticas para facilitar o seu dia a dia e mant\u00ea-lo atualizado com as principais tend\u00eancias do mercado digital. Nossa Miss\u00e3o Acreditamos que a informa\u00e7\u00e3o \u00e9 essencial [&hellip;]<\/p>","protected":false},"author":2,"featured_media":0,"parent":0,"menu_order":0,"comment_status":"closed","ping_status":"closed","template":"","meta":{"footnotes":""},"class_list":["post-42","page","type-page","status-publish","hentry"],"_links":{"self":[{"href":"https:\/\/blog.planejeasfinancas.com.br\/tl\/wp-json\/wp\/v2\/pages\/42","targetHints":{"allow":["GET"]}}],"collection":[{"href":"https:\/\/blog.planejeasfinancas.com.br\/tl\/wp-json\/wp\/v2\/pages"}],"about":[{"href":"https:\/\/blog.planejeasfinancas.com.br\/tl\/wp-json\/wp\/v2\/types\/page"}],"author":[{"embeddable":true,"href":"https:\/\/blog.planejeasfinancas.com.br\/tl\/wp-json\/wp\/v2\/users\/2"}],"replies":[{"embeddable":true,"href":"https:\/\/blog.planejeasfinancas.com.br\/tl\/wp-json\/wp\/v2\/comments?post=42"}],"version-history":[{"count":1,"href":"https:\/\/blog.planejeasfinancas.com.br\/tl\/wp-json\/wp\/v2\/pages\/42\/revisions"}],"predecessor-version":[{"id":43,"href":"https:\/\/blog.planejeasfinancas.com.br\/tl\/wp-json\/wp\/v2\/pages\/42\/revisions\/43"}],"wp:attachment":[{"href":"https:\/\/blog.planejeasfinancas.com.br\/tl\/wp-json\/wp\/v2\/media?parent=42"}],"curies":[{"name":"wp","href":"https:\/\/api.w.org\/{rel}","templated":true}]}}