{"id":42,"date":"2025-04-02T00:13:58","date_gmt":"2025-04-02T03:13:58","guid":{"rendered":"https:\/\/blog.planejeasfinancas.com.br\/?page_id=42"},"modified":"2025-04-02T00:13:58","modified_gmt":"2025-04-02T03:13:58","slug":"quem-somos","status":"publish","type":"page","link":"https:\/\/blog.planejeasfinancas.com.br\/ro\/quem-somos\/","title":{"rendered":"Cine suntem"},"content":{"rendered":"<html><body><p><strong>Cine suntem<\/strong><\/p>\n\n\n\n<p>Bine a\u021bi venit la <strong>Planific\u0103-\u021bi finan\u021bele<\/strong>! Suntem un portal dedicat aducerii de con\u021binut relevant despre tehnologie, sfaturi utile, aplica\u021bii \u0219i \u0219tiri. Scopul nostru este s\u0103 oferim informa\u021bii accesibile \u0219i practice pentru a v\u0103 u\u0219ura via\u021ba de zi cu zi \u0219i a v\u0103 \u021bine la curent cu principalele tendin\u021be de pe pia\u021ba digital\u0103.<\/p>\n\n\n\n<h3 class=\"wp-block-heading\">Misiunea noastr\u0103<\/h3>\n\n\n\n<p>Credem c\u0103 informa\u021biile sunt esen\u021biale pentru a lua decizii mai sigure \u0219i mai eficiente. Prin urmare, angajamentul nostru este de a oferi con\u021binut de calitate care s\u0103 v\u0103 ajute s\u0103 utiliza\u021bi mai bine instrumentele tehnologice disponibile.<\/p>\n\n\n\n<h3 class=\"wp-block-heading\">Ce oferim<\/h3>\n\n\n\n<ul class=\"wp-block-list\">\n<li><strong>Sfaturi practice<\/strong>Solu\u021bii pentru a v\u0103 u\u0219ura rutina \u0219i a v\u0103 \u00eembun\u0103t\u0103\u021bi experien\u021ba digital\u0103.<\/li>\n\n\n\n<li><strong>Tehnologie<\/strong>\u0218tiri despre inova\u021bii, dispozitive \u0219i tendin\u021be din industrie.<\/li>\n\n\n\n<li><strong>Aplica\u021bii<\/strong>Recenzii \u0219i sugestii ale celor mai bune aplica\u021bii pentru diferite scopuri.<\/li>\n\n\n\n<li><strong>\u015etiri<\/strong>Actualiz\u0103ri \u0219i fapte relevante din lumea digital\u0103 \u0219i tehnologie.<\/li>\n<\/ul>\n\n\n\n<h3 class=\"wp-block-heading\">Echipa noastr\u0103<\/h3>\n\n\n\n<p>Echipa noastr\u0103 este format\u0103 din exper\u021bi pasiona\u021bi de tehnologie \u0219i inova\u021bie, mereu \u00een c\u0103utarea noilor dezvolt\u0103ri pentru a oferi cititorilor no\u0219tri con\u021binut actualizat \u0219i relevant.<\/p>\n\n\n\n<h3 class=\"wp-block-heading\">Contacta\u021bi-ne<\/h3>\n\n\n\n<p>Dac\u0103 ave\u021bi \u00eentreb\u0103ri, sugestii sau dori\u021bi s\u0103 colabora\u021bi cu noi, v\u0103 rug\u0103m s\u0103 ne contacta\u021bi prin e-mail: <strong>blog.planejeasfinancas@gmail.com<\/strong>.<\/p>\n\n\n\n<p>Urm\u0103re\u0219te nout\u0103\u021bile noastre \u0219i fii la curent cu lumea tehnologiei \u0219i inova\u021biei!<\/p>\n\n\n\n<hr class=\"wp-block-separator has-alpha-channel-opacity\">\n\n\n\n<p><strong>Planific\u0103-\u021bi finan\u021bele \u2013 Informa\u021bia \u0219i tehnologia la \u00eendem\u00e2n\u0103!<\/strong><\/p>\n<\/body><\/html>","protected":false},"excerpt":{"rendered":"<p>Quem Somos Bem-vindo ao Planeje as Finan\u00e7as! Somos um portal dedicado a trazer conte\u00fados relevantes sobre tecnologia, dicas \u00fateis, aplicativos e not\u00edcias. Nosso objetivo \u00e9 fornecer informa\u00e7\u00f5es acess\u00edveis e pr\u00e1ticas para facilitar o seu dia a dia e mant\u00ea-lo atualizado com as principais tend\u00eancias do mercado digital. Nossa Miss\u00e3o Acreditamos que a informa\u00e7\u00e3o \u00e9 essencial [&hellip;]<\/p>","protected":false},"author":2,"featured_media":0,"parent":0,"menu_order":0,"comment_status":"closed","ping_status":"closed","template":"","meta":{"footnotes":""},"class_list":["post-42","page","type-page","status-publish","hentry"],"_links":{"self":[{"href":"https:\/\/blog.planejeasfinancas.com.br\/ro\/wp-json\/wp\/v2\/pages\/42","targetHints":{"allow":["GET"]}}],"collection":[{"href":"https:\/\/blog.planejeasfinancas.com.br\/ro\/wp-json\/wp\/v2\/pages"}],"about":[{"href":"https:\/\/blog.planejeasfinancas.com.br\/ro\/wp-json\/wp\/v2\/types\/page"}],"author":[{"embeddable":true,"href":"https:\/\/blog.planejeasfinancas.com.br\/ro\/wp-json\/wp\/v2\/users\/2"}],"replies":[{"embeddable":true,"href":"https:\/\/blog.planejeasfinancas.com.br\/ro\/wp-json\/wp\/v2\/comments?post=42"}],"version-history":[{"count":1,"href":"https:\/\/blog.planejeasfinancas.com.br\/ro\/wp-json\/wp\/v2\/pages\/42\/revisions"}],"predecessor-version":[{"id":43,"href":"https:\/\/blog.planejeasfinancas.com.br\/ro\/wp-json\/wp\/v2\/pages\/42\/revisions\/43"}],"wp:attachment":[{"href":"https:\/\/blog.planejeasfinancas.com.br\/ro\/wp-json\/wp\/v2\/media?parent=42"}],"curies":[{"name":"wp","href":"https:\/\/api.w.org\/{rel}","templated":true}]}}