{"id":3,"date":"2025-04-01T10:43:41","date_gmt":"2025-04-01T13:43:41","guid":{"rendered":"https:\/\/blog.planejeasfinancas.com.br\/?page_id=3"},"modified":"2025-04-02T00:09:59","modified_gmt":"2025-04-02T03:09:59","slug":"politica-de-privacidade","status":"publish","type":"page","link":"https:\/\/blog.planejeasfinancas.com.br\/ro\/politica-de-privacidade\/","title":{"rendered":"Politica de confiden\u021bialitate"},"content":{"rendered":"<html><body><h2 class=\"wp-block-heading\"><strong>Politica de confiden\u021bialitate<\/strong><\/h2>\n\n\n\n<p><strong>Ultima actualizare:<\/strong> 01\/04\/2025<\/p>\n\n\n\n<p>Bine a\u021bi venit la <strong>Blog<\/strong> <strong>Planific\u0103-\u021bi finan\u021bele<\/strong>! Confiden\u021bialitatea dumneavoastr\u0103 este important\u0103 pentru noi. Aceast\u0103 Politic\u0103 de confiden\u021bialitate explic\u0103 modul \u00een care colect\u0103m, utiliz\u0103m, partaj\u0103m \u0219i protej\u0103m informa\u021biile dumneavoastr\u0103 atunci c\u00e2nd vizita\u021bi site-ul nostru web. <a><strong>https:\/\/blog.planejeasfinancas.com.br<\/strong><\/a>.<\/p>\n\n\n\n<h3 class=\"wp-block-heading\">1. Colectarea informa\u021biilor<\/h3>\n\n\n\n<p>Este posibil s\u0103 colect\u0103m informa\u021bii \u00een diferite moduri, inclusiv:<\/p>\n\n\n\n<ul class=\"wp-block-list\">\n<li><strong>Informa\u021bii furnizate de utilizator<\/strong>Nume, adres\u0103 de e-mail \u0219i alte informa\u021bii furnizate \u00een mod voluntar la abonarea la newsletter-ul nostru sau la contactarea noastr\u0103.<\/li>\n\n\n\n<li><strong>Informa\u021bii automate<\/strong>Date de navigare, adres\u0103 IP, tip de browser, timp petrecut \u0219i pagini accesate.<\/li>\n\n\n\n<li><strong>Cookie-uri \u0219i tehnologii similare<\/strong>Folosim cookie-uri pentru a \u00eembun\u0103t\u0103\u021bi experien\u021ba utilizatorului \u0219i a personaliza con\u021binutul.<\/li>\n<\/ul>\n\n\n\n<h3 class=\"wp-block-heading\">2. Utilizarea informa\u021biilor<\/h3>\n\n\n\n<p>Informa\u021biile colectate pot fi utilizate pentru:<\/p>\n\n\n\n<ul class=\"wp-block-list\">\n<li>Personaliza\u021bi-v\u0103 experien\u021ba pe site;<\/li>\n\n\n\n<li>\u00cembun\u0103t\u0103\u021bim serviciile \u0219i con\u021binutul nostru;<\/li>\n\n\n\n<li>Trimiterea de e-mailuri informative sau promo\u021bionale (dac\u0103 este autorizat de utilizator);<\/li>\n\n\n\n<li>Analiza\u021bi statisticile de utilizare \u0219i comportament.<\/li>\n<\/ul>\n\n\n\n<h3 class=\"wp-block-heading\">3. Schimbul de informa\u021bii<\/h3>\n\n\n\n<p>Nu partaj\u0103m informa\u021biile dumneavoastr\u0103 personale cu ter\u021be p\u0103r\u021bi, cu excep\u021bia:<\/p>\n\n\n\n<ul class=\"wp-block-list\">\n<li>C\u00e2nd este impus de lege;<\/li>\n\n\n\n<li>Cu furnizori de servicii care ajut\u0103 la func\u021bionarea site-ului web (exemplu: furnizori de marketing prin e-mail \u0219i analiz\u0103 de date);<\/li>\n\n\n\n<li>Pentru a ne proteja drepturile legale \u0219i siguran\u021ba utilizatorilor.<\/li>\n<\/ul>\n\n\n\n<h3 class=\"wp-block-heading\">4. Cookie-uri \u0219i tehnologii de urm\u0103rire<\/h3>\n\n\n\n<p>Folosim cookie-uri pentru:<\/p>\n\n\n\n<ul class=\"wp-block-list\">\n<li>\u00cembun\u0103t\u0103\u021birea navig\u0103rii \u0219i a experien\u021bei utilizatorului;<\/li>\n\n\n\n<li>Analiza\u021bi traficul site-ului web;<\/li>\n\n\n\n<li>Afi\u0219a\u021bi reclame personalizate prin intermediul unor servicii ter\u021be (Google Ads, Facebook Ads, printre altele).<\/li>\n<\/ul>\n\n\n\n<p>Pute\u021bi gestiona sau dezactiva cookie-urile direct din browserul dvs.<\/p>\n\n\n\n<h3 class=\"wp-block-heading\">5. Securitatea datelor<\/h3>\n\n\n\n<p>Implement\u0103m m\u0103suri de securitate pentru a v\u0103 proteja informa\u021biile \u00eempotriva accesului neautorizat, modific\u0103rii sau divulg\u0103rii necorespunz\u0103toare.<\/p>\n\n\n\n<h3 class=\"wp-block-heading\">6. Linkuri c\u0103tre site-uri externe<\/h3>\n\n\n\n<p>Site-ul nostru web poate con\u021bine link-uri c\u0103tre site-uri web ale unor ter\u021be p\u0103r\u021bi. Nu suntem responsabili pentru politicile de confiden\u021bialitate ale acestor site-uri web.<\/p>\n\n\n\n<h3 class=\"wp-block-heading\">7. Drepturile utilizatorilor<\/h3>\n\n\n\n<p>Ave\u021bi dreptul s\u0103:<\/p>\n\n\n\n<ul class=\"wp-block-list\">\n<li>Accesa\u021bi, corecta\u021bi sau \u0219terge\u021bi informa\u021biile dumneavoastr\u0103 personale;<\/li>\n\n\n\n<li>Revocarea consim\u021b\u0103m\u00e2ntului pentru utilizarea datelor dumneavoastr\u0103;<\/li>\n\n\n\n<li>Solicita\u021bi informa\u021bii despre utilizarea datelor dumneavoastr\u0103.<\/li>\n<\/ul>\n\n\n\n<p>Pentru a v\u0103 exercita drepturile, v\u0103 rug\u0103m s\u0103 ne contacta\u021bi prin e-mail: <strong>[adresa dvs. de e-mail de contact]<\/strong>.<\/p>\n\n\n\n<h3 class=\"wp-block-heading\">8. Modific\u0103ri ale Politicii de confiden\u021bialitate<\/h3>\n\n\n\n<p>Este posibil s\u0103 actualiz\u0103m aceast\u0103 Politic\u0103 de confiden\u021bialitate din c\u00e2nd \u00een c\u00e2nd. V\u0103 recomand\u0103m s\u0103 consulta\u021bi aceast\u0103 pagin\u0103 \u00een mod regulat pentru a fi la curent cu orice modific\u0103ri.<\/p>\n\n\n\n<h3 class=\"wp-block-heading\">9. Contact<\/h3>\n\n\n\n<p>Dac\u0103 ave\u021bi \u00eentreb\u0103ri despre aceast\u0103 Politic\u0103 de confiden\u021bialitate, v\u0103 rug\u0103m s\u0103 ne contacta\u021bi prin e-mail: <strong>blog.planejeasfinancas@gmail.com<\/strong>.<\/p>\n\n\n\n<hr class=\"wp-block-separator has-alpha-channel-opacity\">\n\n\n\n<p>Prin continuarea utiliz\u0103rii site-ului nostru web, sunte\u021bi de acord cu termenii acestei Politici de confiden\u021bialitate.<\/p>\n<\/body><\/html>","protected":false},"excerpt":{"rendered":"<p>Pol\u00edtica de Privacidade \u00daltima Atualiza\u00e7\u00e3o: 01\/04\/2025 Bem-vindo ao Blog Planeje as Finan\u00e7as! A sua privacidade \u00e9 importante para n\u00f3s. Esta Pol\u00edtica de Privacidade explica como coletamos, usamos, compartilhamos e protegemos suas informa\u00e7\u00f5es ao acessar nosso site https:\/\/blog.planejeasfinancas.com.br. 1. Coleta de Informa\u00e7\u00f5es Podemos coletar informa\u00e7\u00f5es de diferentes formas, incluindo: 2. Uso das Informa\u00e7\u00f5es As informa\u00e7\u00f5es coletadas [&hellip;]<\/p>","protected":false},"author":1,"featured_media":0,"parent":0,"menu_order":0,"comment_status":"closed","ping_status":"open","template":"","meta":{"footnotes":""},"class_list":["post-3","page","type-page","status-publish","hentry"],"_links":{"self":[{"href":"https:\/\/blog.planejeasfinancas.com.br\/ro\/wp-json\/wp\/v2\/pages\/3","targetHints":{"allow":["GET"]}}],"collection":[{"href":"https:\/\/blog.planejeasfinancas.com.br\/ro\/wp-json\/wp\/v2\/pages"}],"about":[{"href":"https:\/\/blog.planejeasfinancas.com.br\/ro\/wp-json\/wp\/v2\/types\/page"}],"author":[{"embeddable":true,"href":"https:\/\/blog.planejeasfinancas.com.br\/ro\/wp-json\/wp\/v2\/users\/1"}],"replies":[{"embeddable":true,"href":"https:\/\/blog.planejeasfinancas.com.br\/ro\/wp-json\/wp\/v2\/comments?post=3"}],"version-history":[{"count":2,"href":"https:\/\/blog.planejeasfinancas.com.br\/ro\/wp-json\/wp\/v2\/pages\/3\/revisions"}],"predecessor-version":[{"id":41,"href":"https:\/\/blog.planejeasfinancas.com.br\/ro\/wp-json\/wp\/v2\/pages\/3\/revisions\/41"}],"wp:attachment":[{"href":"https:\/\/blog.planejeasfinancas.com.br\/ro\/wp-json\/wp\/v2\/media?parent=3"}],"curies":[{"name":"wp","href":"https:\/\/api.w.org\/{rel}","templated":true}]}}