{"id":48,"date":"2025-04-02T00:20:13","date_gmt":"2025-04-02T03:20:13","guid":{"rendered":"https:\/\/blog.planejeasfinancas.com.br\/?page_id=48"},"modified":"2025-04-02T00:20:22","modified_gmt":"2025-04-02T03:20:22","slug":"termos-e-condicoes","status":"publish","type":"page","link":"https:\/\/blog.planejeasfinancas.com.br\/pl\/termos-e-condicoes\/","title":{"rendered":"Warunki i postanowienia"},"content":{"rendered":"<html><body><h2 class=\"wp-block-heading\">Warunki i postanowienia<\/h2>\n\n\n\n<p>Witamy w <strong>Zaplanuj swoje finanse<\/strong>! Uzyskuj\u0105c dost\u0119p do naszej witryny internetowej i korzystaj\u0105c z niej <strong><a class=\"\" href=\"https:\/\/blog.planejeasfinancas.com.br\/pl\/\">https:\/\/blog.planejeasfinancas.com.br<\/a><\/strong>, zgadzasz si\u0119 na nast\u0119puj\u0105ce Warunki i Postanowienia. Prosz\u0119 przeczyta\u0107 uwa\u017cnie.<\/p>\n\n\n\n<h3 class=\"wp-block-heading\">1. Akceptacja warunk\u00f3w<\/h3>\n\n\n\n<p>Podczas korzystania ze strony internetowej <strong>Zaplanuj swoje finanse<\/strong>, zgadzasz si\u0119 przestrzega\u0107 i by\u0107 zwi\u0105zanym niniejszymi Warunkami, kt\u00f3re mog\u0105 zosta\u0107 zmienione w dowolnym momencie i bez powiadomienia. Dalsze korzystanie ze strony internetowej po wprowadzeniu zmian w Regulaminie oznacza akceptacj\u0119 tych zmian.<\/p>\n\n\n\n<h3 class=\"wp-block-heading\">2. Korzystanie ze Strony<\/h3>\n\n\n\n<p>Zgadzasz si\u0119 korzysta\u0107 z naszej witryny internetowej w spos\u00f3b zgodny z prawem i w\u0142a\u015bciwy, nie naruszaj\u0105c \u017cadnych obowi\u0105zuj\u0105cych praw ani przepis\u00f3w. Wykorzystywanie naszych tre\u015bci w celach niezgodnych z prawem lub niedozwolonych jest surowo zabronione.<\/p>\n\n\n\n<h3 class=\"wp-block-heading\">3. W\u0142asno\u015b\u0107 intelektualna<\/h3>\n\n\n\n<p>Ca\u0142a zawarto\u015b\u0107 tej witryny internetowej, \u0142\u0105cznie z tekstem, obrazami, filmami, grafikami i logotypami, jest chroniona prawem autorskim, prawem znak\u00f3w towarowych i innymi prawami w\u0142asno\u015bci intelektualnej. Surowo zabrania si\u0119 nieautoryzowanego wykorzystania jakichkolwiek tre\u015bci bez odpowiedniego zezwolenia.<\/p>\n\n\n\n<h3 class=\"wp-block-heading\">4. Odpowiedzialno\u015b\u0107 za tre\u015b\u0107<\/h3>\n\n\n\n<p>Informacje zawarte w <strong>Zaplanuj swoje finanse<\/strong> s\u0105 udost\u0119pniane wy\u0142\u0105cznie w celach informacyjnych i edukacyjnych. Nie gwarantujemy, \u017ce informacje te s\u0105 dok\u0142adne, kompletne lub aktualne. Korzystasz z naszych tre\u015bci na w\u0142asne ryzyko. W przypadku jakichkolwiek konkretnych porad, na przyk\u0142ad finansowych lub prawnych, nale\u017cy zwr\u00f3ci\u0107 si\u0119 do wykwalifikowanego specjalisty.<\/p>\n\n\n\n<h3 class=\"wp-block-heading\">5. Linki do stron trzecich<\/h3>\n\n\n\n<p>Nasza strona internetowa mo\u017ce zawiera\u0107 linki do innych stron internetowych os\u00f3b trzecich. Linki te udost\u0119pniane s\u0105 wy\u0142\u0105cznie w celach informacyjnych. Nie ponosimy odpowiedzialno\u015bci za tre\u015b\u0107 ani polityk\u0119 prywatno\u015bci zewn\u0119trznych stron internetowych. Zach\u0119camy do zapoznania si\u0119 z Regulaminem i Polityk\u0105 Prywatno\u015bci ka\u017cdej strony internetowej, do kt\u00f3rej uzyskujesz dost\u0119p za po\u015brednictwem linku zamieszczonego na naszej stronie.<\/p>\n\n\n\n<h3 class=\"wp-block-heading\">6. Ograniczenie odpowiedzialno\u015bci<\/h3>\n\n\n\n<p>W \u017cadnym wypadku nie <strong>Zaplanuj swoje finanse<\/strong> nie ponosimy odpowiedzialno\u015bci za \u017cadne bezpo\u015brednie, po\u015brednie, przypadkowe lub wynikowe szkody powsta\u0142e w wyniku korzystania z naszej witryny internetowej lub niemo\u017cno\u015bci korzystania z niej, w tym, lecz nie wy\u0142\u0105cznie, utrat\u0119 danych, zysk\u00f3w lub przerw\u0119 w dzia\u0142alno\u015bci.<\/p>\n\n\n\n<h3 class=\"wp-block-heading\">7. Modyfikacje witryny<\/h3>\n\n\n\n<p>Zastrzegamy sobie prawo do zmiany, modyfikacji, zawieszenia lub zaprzestania prowadzenia jakiejkolwiek cz\u0119\u015bci Witryny w dowolnym momencie i bez powiadomienia. Nie ponosimy odpowiedzialno\u015bci za jakiekolwiek awarie lub przerwy w \u015bwiadczeniu us\u0142ug.<\/p>\n\n\n\n<h3 class=\"wp-block-heading\">8. Prywatno\u015b\u0107 i pliki cookie<\/h3>\n\n\n\n<p>Korzystaj\u0105c z naszej strony internetowej, akceptujesz nasz\u0105 Polityk\u0119 prywatno\u015bci, kt\u00f3ra opisuje spos\u00f3b, w jaki zbieramy, wykorzystujemy i chronimy Twoje dane osobowe. Wi\u0119cej informacji znajdziesz w naszej Polityce prywatno\u015bci.<\/p>\n\n\n\n<h3 class=\"wp-block-heading\">9. Zakazy<\/h3>\n\n\n\n<p>Zgadzasz si\u0119 nie:<\/p>\n\n\n\n<ul class=\"wp-block-list\">\n<li>Korzysta\u0107 ze strony internetowej w spos\u00f3b mog\u0105cy zaszkodzi\u0107 lub zak\u0142\u00f3ci\u0107 jej dzia\u0142anie;<\/li>\n\n\n\n<li>Wysy\u0142a\u0107 wirusy lub inny z\u0142o\u015bliwy kod;<\/li>\n\n\n\n<li>U\u017cywaj witryny internetowej do cel\u00f3w oszuka\u0144czych lub szkodliwych.<\/li>\n<\/ul>\n\n\n\n<h3 class=\"wp-block-heading\">10. Zmiany w Warunkach i Postanowieniach<\/h3>\n\n\n\n<p>Mo\u017cemy zmieni\u0107 niniejsze Warunki i Postanowienia w dowolnym momencie, dlatego zalecamy okresowe przegl\u0105danie ich. Dalsze korzystanie ze Strony po wprowadzeniu zmian b\u0119dzie r\u00f3wnoznaczne z akceptacj\u0105 nowych Warunk\u00f3w.<\/p>\n\n\n\n<h3 class=\"wp-block-heading\">11. Prawo w\u0142a\u015bciwe<\/h3>\n\n\n\n<p>Niniejsze Warunki podlegaj\u0105 prawu brazylijskiemu. Wszelkie spory zwi\u0105zane z niniejszymi Warunkami b\u0119d\u0105 rozstrzygane przez w\u0142a\u015bciwe s\u0105dy miasta S\u00e3o Paulo, SP.<\/p>\n\n\n\n<h3 class=\"wp-block-heading\">12. Kontakt<\/h3>\n\n\n\n<p>Je\u015bli masz jakiekolwiek pytania lub w\u0105tpliwo\u015bci dotycz\u0105ce Warunk\u00f3w korzystania z tej witryny internetowej, skontaktuj si\u0119 z nami za po\u015brednictwem poczty elektronicznej pod adresem: <strong><a class=\"\">kontakt@planejeasfinancas.com.br<\/a><\/strong>.<\/p>\n\n\n\n<p><strong>Zaplanuj swoje finanse<\/strong> \u2013 Jeste\u015bmy gotowi pom\u00f3c!<\/p>\n<\/body><\/html>","protected":false},"excerpt":{"rendered":"<p>Termos e Condi\u00e7\u00f5es Bem-vindo ao Planeje as Finan\u00e7as! Ao acessar e utilizar nosso site https:\/\/blog.planejeasfinancas.com.br, voc\u00ea concorda com os seguintes Termos e Condi\u00e7\u00f5es. Por favor, leia atentamente. 1. Aceita\u00e7\u00e3o dos Termos Ao utilizar o site Planeje as Finan\u00e7as, voc\u00ea concorda em cumprir e estar vinculado a estes Termos e Condi\u00e7\u00f5es, que podem ser alterados a [&hellip;]<\/p>","protected":false},"author":2,"featured_media":0,"parent":0,"menu_order":0,"comment_status":"closed","ping_status":"closed","template":"","meta":{"footnotes":""},"class_list":["post-48","page","type-page","status-publish","hentry"],"_links":{"self":[{"href":"https:\/\/blog.planejeasfinancas.com.br\/pl\/wp-json\/wp\/v2\/pages\/48","targetHints":{"allow":["GET"]}}],"collection":[{"href":"https:\/\/blog.planejeasfinancas.com.br\/pl\/wp-json\/wp\/v2\/pages"}],"about":[{"href":"https:\/\/blog.planejeasfinancas.com.br\/pl\/wp-json\/wp\/v2\/types\/page"}],"author":[{"embeddable":true,"href":"https:\/\/blog.planejeasfinancas.com.br\/pl\/wp-json\/wp\/v2\/users\/2"}],"replies":[{"embeddable":true,"href":"https:\/\/blog.planejeasfinancas.com.br\/pl\/wp-json\/wp\/v2\/comments?post=48"}],"version-history":[{"count":2,"href":"https:\/\/blog.planejeasfinancas.com.br\/pl\/wp-json\/wp\/v2\/pages\/48\/revisions"}],"predecessor-version":[{"id":50,"href":"https:\/\/blog.planejeasfinancas.com.br\/pl\/wp-json\/wp\/v2\/pages\/48\/revisions\/50"}],"wp:attachment":[{"href":"https:\/\/blog.planejeasfinancas.com.br\/pl\/wp-json\/wp\/v2\/media?parent=48"}],"curies":[{"name":"wp","href":"https:\/\/api.w.org\/{rel}","templated":true}]}}