{"id":44,"date":"2025-04-02T00:16:21","date_gmt":"2025-04-02T03:16:21","guid":{"rendered":"https:\/\/blog.planejeasfinancas.com.br\/?page_id=44"},"modified":"2025-04-03T18:07:18","modified_gmt":"2025-04-03T21:07:18","slug":"contato","status":"publish","type":"page","link":"https:\/\/blog.planejeasfinancas.com.br\/pl\/contato\/","title":{"rendered":"Kontakt"},"content":{"rendered":"<html><body><p><strong>Kontakt<\/strong><\/p>\n\n\n\n<p>Cze\u015b\u0107! Witamy na naszej stronie kontaktowej. Jeste\u015bmy tutaj, aby pom\u00f3c Ci w przypadku jakichkolwiek pyta\u0144, sugestii lub komentarzy dotycz\u0105cych <strong>Zaplanuj swoje finanse<\/strong>. Mo\u017cesz si\u0119 z nami skontaktowa\u0107 w nast\u0119puj\u0105cy spos\u00f3b:<\/p>\n\n\n\n<h3 class=\"wp-block-heading\">Formularz kontaktowy<\/h3>\n\n\n\n<p>Je\u015bli wolisz bardziej bezpo\u015bredni\u0105 obs\u0142ug\u0119, wype\u0142nij poni\u017cszy formularz, a nasz zesp\u00f3\u0142 odpowie najszybciej, jak to mo\u017cliwe:<\/p>\n\n\n\n<h3 class=\"wp-block-heading\">E-mail<\/h3>\n\n\n\n<p>Je\u015bli chcesz si\u0119 z nami skontaktowa\u0107 bezpo\u015brednio za po\u015brednictwem poczty elektronicznej, wy\u015blij wiadomo\u015b\u0107 na adres:<\/p>\n\n\n\n<p><strong><a class=\"\">kontakt@planejeasfinancas.com.br<\/a><\/strong><\/p>\n\n\n\n<h3 class=\"wp-block-heading\">Media spo\u0142eczno\u015bciowe<\/h3>\n\n\n\n<p>Mo\u017cesz r\u00f3wnie\u017c \u015bledzi\u0107 nas w mediach spo\u0142eczno\u015bciowych i wchodzi\u0107 w interakcj\u0119 z naszymi tre\u015bciami. Jeste\u015bmy obecni na nast\u0119puj\u0105cych platformach:<\/p>\n\n\n\n<ul class=\"wp-block-list\">\n<li>[Facebook] <strong>facebook.com\/planjeasfinancas<\/strong><\/li>\n\n\n\n<li>[Instagramie] <strong>instagram.com\/planejeasfinancas<\/strong><\/li>\n\n\n\n<li>[\u015awiergot] <strong>twitter.com\/plan_finances<\/strong><\/li>\n\n\n\n<li>[LinkedIn] <strong>linkedin.com\/company\/planjeasfinancas<\/strong><\/li>\n<\/ul>\n\n\n\n<h3 class=\"wp-block-heading\">Adres<\/h3>\n\n\n\n<p>Je\u015bli wolisz skontaktowa\u0107 si\u0119 z nami osobi\u015bcie, nasz adres to:<\/p>\n\n\n\n<p><strong>Aleja Paulisty, 123 \u2013 Pok\u00f3j 405<br>Sao Paulo, SP <\/strong><\/p>\n\n\n\n<p>Dzi\u0119kujemy za kontakt. Postaramy si\u0119 odpowiedzie\u0107 najszybciej, jak to mo\u017cliwe!<\/p>\n\n\n\n<p><strong>Zaplanuj swoje finanse \u2013 jeste\u015bmy tutaj, aby pom\u00f3c!<\/strong><\/p>\n\n\n\n<p>Teraz, dzi\u0119ki fikcyjnym informacjom, strona jest gotowa do u\u017cycia. Je\u015bli potrzebujesz dalszych zmian, daj mi zna\u0107!<\/p>\n<\/body><\/html>","protected":false},"excerpt":{"rendered":"<p>Contato Ol\u00e1! Bem-vindo \u00e0 nossa p\u00e1gina de contato. Estamos aqui para ajudar voc\u00ea com qualquer d\u00favida, sugest\u00e3o ou coment\u00e1rio sobre o Planeje as Finan\u00e7as. Fique \u00e0 vontade para entrar em contato conosco atrav\u00e9s dos seguintes meios: Formul\u00e1rio de Contato Se voc\u00ea prefere um atendimento mais direto, preencha o formul\u00e1rio abaixo e nossa equipe responder\u00e1 o [&hellip;]<\/p>","protected":false},"author":2,"featured_media":0,"parent":0,"menu_order":0,"comment_status":"closed","ping_status":"closed","template":"template-contato.php","meta":{"footnotes":""},"class_list":["post-44","page","type-page","status-publish","hentry"],"_links":{"self":[{"href":"https:\/\/blog.planejeasfinancas.com.br\/pl\/wp-json\/wp\/v2\/pages\/44","targetHints":{"allow":["GET"]}}],"collection":[{"href":"https:\/\/blog.planejeasfinancas.com.br\/pl\/wp-json\/wp\/v2\/pages"}],"about":[{"href":"https:\/\/blog.planejeasfinancas.com.br\/pl\/wp-json\/wp\/v2\/types\/page"}],"author":[{"embeddable":true,"href":"https:\/\/blog.planejeasfinancas.com.br\/pl\/wp-json\/wp\/v2\/users\/2"}],"replies":[{"embeddable":true,"href":"https:\/\/blog.planejeasfinancas.com.br\/pl\/wp-json\/wp\/v2\/comments?post=44"}],"version-history":[{"count":2,"href":"https:\/\/blog.planejeasfinancas.com.br\/pl\/wp-json\/wp\/v2\/pages\/44\/revisions"}],"predecessor-version":[{"id":150,"href":"https:\/\/blog.planejeasfinancas.com.br\/pl\/wp-json\/wp\/v2\/pages\/44\/revisions\/150"}],"wp:attachment":[{"href":"https:\/\/blog.planejeasfinancas.com.br\/pl\/wp-json\/wp\/v2\/media?parent=44"}],"curies":[{"name":"wp","href":"https:\/\/api.w.org\/{rel}","templated":true}]}}