{"id":42,"date":"2025-04-02T00:13:58","date_gmt":"2025-04-02T03:13:58","guid":{"rendered":"https:\/\/blog.planejeasfinancas.com.br\/?page_id=42"},"modified":"2025-04-02T00:13:58","modified_gmt":"2025-04-02T03:13:58","slug":"quem-somos","status":"publish","type":"page","link":"https:\/\/blog.planejeasfinancas.com.br\/pl\/quem-somos\/","title":{"rendered":"Kim jeste\u015bmy"},"content":{"rendered":"<html><body><p><strong>Kim jeste\u015bmy<\/strong><\/p>\n\n\n\n<p>Witamy w <strong>Zaplanuj swoje finanse<\/strong>! Jeste\u015bmy portalem po\u015bwi\u0119conym dostarczaniu istotnych tre\u015bci na temat technologii, przydatnych porad, aplikacji i wiadomo\u015bci. Naszym celem jest dostarczanie przyst\u0119pnych i praktycznych informacji, kt\u00f3re u\u0142atwi\u0105 Ci codzienne \u017cycie oraz pozwol\u0105 Ci by\u0107 na bie\u017c\u0105co z najwa\u017cniejszymi trendami na rynku cyfrowym.<\/p>\n\n\n\n<h3 class=\"wp-block-heading\">Nasza misja<\/h3>\n\n\n\n<p>Wierzymy, \u017ce informacja jest niezb\u0119dna do podejmowania bezpieczniejszych i skuteczniejszych decyzji. Dlatego naszym zobowi\u0105zaniem jest oferowanie wysokiej jako\u015bci tre\u015bci, kt\u00f3re pomog\u0105 Ci lepiej wykorzysta\u0107 dost\u0119pne narz\u0119dzia technologiczne.<\/p>\n\n\n\n<h3 class=\"wp-block-heading\">Co oferujemy<\/h3>\n\n\n\n<ul class=\"wp-block-list\">\n<li><strong>Praktyczne wskaz\u00f3wki<\/strong>:Rozwi\u0105zania u\u0142atwiaj\u0105ce codzienne \u017cycie i poprawiaj\u0105ce jako\u015b\u0107 korzystania z urz\u0105dze\u0144 cyfrowych.<\/li>\n\n\n\n<li><strong>Technologia<\/strong>:Wiadomo\u015bci o innowacjach, urz\u0105dzeniach i trendach w bran\u017cy.<\/li>\n\n\n\n<li><strong>Aplikacje<\/strong>:Recenzje i sugestie najlepszych aplikacji do r\u00f3\u017cnych cel\u00f3w.<\/li>\n\n\n\n<li><strong>Aktualno\u015bci<\/strong>:Aktualno\u015bci i istotne fakty ze \u015bwiata cyfrowego i technologii.<\/li>\n<\/ul>\n\n\n\n<h3 class=\"wp-block-heading\">Nasz zesp\u00f3\u0142<\/h3>\n\n\n\n<p>Nasz zesp\u00f3\u0142 sk\u0142ada si\u0119 z ekspert\u00f3w, kt\u00f3rych pasj\u0105 jest technologia i innowacja, zawsze poszukuj\u0105cych nowych rozwi\u0105za\u0144, aby dostarcza\u0107 naszym czytelnikom aktualne i istotne tre\u015bci.<\/p>\n\n\n\n<h3 class=\"wp-block-heading\">Skontaktuj si\u0119 z nami<\/h3>\n\n\n\n<p>Je\u015bli masz jakie\u015b pytania, sugestie lub chcesz nawi\u0105za\u0107 z nami wsp\u00f3\u0142prac\u0119, skontaktuj si\u0119 z nami za pomoc\u0105 poczty elektronicznej: <strong>blog.planejeasfinancas@gmail.com<\/strong>.<\/p>\n\n\n\n<p>\u015aled\u017a nasze aktualno\u015bci i b\u0105d\u017a na bie\u017c\u0105co ze \u015bwiatem technologii i innowacji!<\/p>\n\n\n\n<hr class=\"wp-block-separator has-alpha-channel-opacity\">\n\n\n\n<p><strong>Zaplanuj swoje finanse \u2013 informacje i technologia na wyci\u0105gni\u0119cie r\u0119ki!<\/strong><\/p>\n<\/body><\/html>","protected":false},"excerpt":{"rendered":"<p>Quem Somos Bem-vindo ao Planeje as Finan\u00e7as! Somos um portal dedicado a trazer conte\u00fados relevantes sobre tecnologia, dicas \u00fateis, aplicativos e not\u00edcias. Nosso objetivo \u00e9 fornecer informa\u00e7\u00f5es acess\u00edveis e pr\u00e1ticas para facilitar o seu dia a dia e mant\u00ea-lo atualizado com as principais tend\u00eancias do mercado digital. Nossa Miss\u00e3o Acreditamos que a informa\u00e7\u00e3o \u00e9 essencial [&hellip;]<\/p>","protected":false},"author":2,"featured_media":0,"parent":0,"menu_order":0,"comment_status":"closed","ping_status":"closed","template":"","meta":{"footnotes":""},"class_list":["post-42","page","type-page","status-publish","hentry"],"_links":{"self":[{"href":"https:\/\/blog.planejeasfinancas.com.br\/pl\/wp-json\/wp\/v2\/pages\/42","targetHints":{"allow":["GET"]}}],"collection":[{"href":"https:\/\/blog.planejeasfinancas.com.br\/pl\/wp-json\/wp\/v2\/pages"}],"about":[{"href":"https:\/\/blog.planejeasfinancas.com.br\/pl\/wp-json\/wp\/v2\/types\/page"}],"author":[{"embeddable":true,"href":"https:\/\/blog.planejeasfinancas.com.br\/pl\/wp-json\/wp\/v2\/users\/2"}],"replies":[{"embeddable":true,"href":"https:\/\/blog.planejeasfinancas.com.br\/pl\/wp-json\/wp\/v2\/comments?post=42"}],"version-history":[{"count":1,"href":"https:\/\/blog.planejeasfinancas.com.br\/pl\/wp-json\/wp\/v2\/pages\/42\/revisions"}],"predecessor-version":[{"id":43,"href":"https:\/\/blog.planejeasfinancas.com.br\/pl\/wp-json\/wp\/v2\/pages\/42\/revisions\/43"}],"wp:attachment":[{"href":"https:\/\/blog.planejeasfinancas.com.br\/pl\/wp-json\/wp\/v2\/media?parent=42"}],"curies":[{"name":"wp","href":"https:\/\/api.w.org\/{rel}","templated":true}]}}