{"id":3,"date":"2025-04-01T10:43:41","date_gmt":"2025-04-01T13:43:41","guid":{"rendered":"https:\/\/blog.planejeasfinancas.com.br\/?page_id=3"},"modified":"2025-04-02T00:09:59","modified_gmt":"2025-04-02T03:09:59","slug":"politica-de-privacidade","status":"publish","type":"page","link":"https:\/\/blog.planejeasfinancas.com.br\/pl\/politica-de-privacidade\/","title":{"rendered":"Polityka prywatno\u015bci"},"content":{"rendered":"<html><body><h2 class=\"wp-block-heading\"><strong>Polityka prywatno\u015bci<\/strong><\/h2>\n\n\n\n<p><strong>Ostatnia aktualizacja:<\/strong> 01\/04\/2025<\/p>\n\n\n\n<p>Witamy w <strong>Blog<\/strong> <strong>Zaplanuj swoje finanse<\/strong>! Twoja prywatno\u015b\u0107 jest dla nas wa\u017cna. Niniejsza Polityka Prywatno\u015bci wyja\u015bnia, w jaki spos\u00f3b zbieramy, wykorzystujemy, udost\u0119pniamy i chronimy Twoje dane, gdy odwiedzasz nasz\u0105 stron\u0119 internetow\u0105. <a><strong>https:\/\/blog.planejeasfinancas.com.br<\/strong><\/a>.<\/p>\n\n\n\n<h3 class=\"wp-block-heading\">1. Gromadzenie informacji<\/h3>\n\n\n\n<p>Informacje mo\u017cemy zbiera\u0107 na r\u00f3\u017cne sposoby, w tym:<\/p>\n\n\n\n<ul class=\"wp-block-list\">\n<li><strong>Informacje dostarczone przez u\u017cytkownika<\/strong>: Imi\u0119, adres e-mail i inne informacje podawane dobrowolnie podczas subskrypcji naszego newslettera lub kontaktowania si\u0119 z nami.<\/li>\n\n\n\n<li><strong>Informacje automatyczne<\/strong>:Dane przegl\u0105dania, adres IP, typ przegl\u0105darki, czas sp\u0119dzony na stronie i odwiedzane strony.<\/li>\n\n\n\n<li><strong>Pliki cookie i podobne technologie<\/strong>:U\u017cywamy plik\u00f3w cookie w celu zwi\u0119kszenia komfortu u\u017cytkowania i personalizacji tre\u015bci.<\/li>\n<\/ul>\n\n\n\n<h3 class=\"wp-block-heading\">2. Wykorzystanie informacji<\/h3>\n\n\n\n<p>Zebrane informacje mog\u0105 zosta\u0107 wykorzystane w celu:<\/p>\n\n\n\n<ul class=\"wp-block-list\">\n<li>Personalizuj swoje do\u015bwiadczenia na stronie internetowej;<\/li>\n\n\n\n<li>Ulepsza\u0107 nasze us\u0142ugi i tre\u015bci;<\/li>\n\n\n\n<li>Wysy\u0142a\u0107 e-maile informacyjne lub promocyjne (je\u015bli u\u017cytkownik wyrazi\u0142 na to zgod\u0119);<\/li>\n\n\n\n<li>Analizuj statystyki dotycz\u0105ce u\u017cytkowania i zachowa\u0144.<\/li>\n<\/ul>\n\n\n\n<h3 class=\"wp-block-heading\">3. Udost\u0119pnianie informacji<\/h3>\n\n\n\n<p>Nie udost\u0119pniamy Twoich danych osobowych osobom trzecim, z wyj\u0105tkiem:<\/p>\n\n\n\n<ul class=\"wp-block-list\">\n<li>Gdy wymaga tego prawo;<\/li>\n\n\n\n<li>Z dostawcami us\u0142ug, kt\u00f3rzy pomagaj\u0105 w obs\u0142udze witryny internetowej (na przyk\u0142ad: dostawcy us\u0142ug marketingu e-mailowego i analizy danych);<\/li>\n\n\n\n<li>W celu ochrony naszych praw i bezpiecze\u0144stwa u\u017cytkownik\u00f3w.<\/li>\n<\/ul>\n\n\n\n<h3 class=\"wp-block-heading\">4. Pliki cookie i technologie \u015bledzenia<\/h3>\n\n\n\n<p>U\u017cywamy plik\u00f3w cookie, aby:<\/p>\n\n\n\n<ul class=\"wp-block-list\">\n<li>Popraw nawigacj\u0119 i do\u015bwiadczenie u\u017cytkownika;<\/li>\n\n\n\n<li>Analizuj ruch na stronie internetowej;<\/li>\n\n\n\n<li>Wy\u015bwietlaj spersonalizowane reklamy za po\u015brednictwem us\u0142ug stron trzecich (m.in. Google Ads, Facebook Ads).<\/li>\n<\/ul>\n\n\n\n<p>Mo\u017cesz zarz\u0105dza\u0107 plikami cookie i je wy\u0142\u0105cza\u0107 bezpo\u015brednio w swojej przegl\u0105darce.<\/p>\n\n\n\n<h3 class=\"wp-block-heading\">5. Bezpiecze\u0144stwo danych<\/h3>\n\n\n\n<p>Wdra\u017camy \u015brodki bezpiecze\u0144stwa maj\u0105ce na celu ochron\u0119 Twoich danych przed nieautoryzowanym dost\u0119pem, zmian\u0105 lub niew\u0142a\u015bciwym ujawnieniem.<\/p>\n\n\n\n<h3 class=\"wp-block-heading\">6. Linki do witryn zewn\u0119trznych<\/h3>\n\n\n\n<p>Nasza strona internetowa mo\u017ce zawiera\u0107 linki do stron internetowych os\u00f3b trzecich. Nie ponosimy odpowiedzialno\u015bci za polityk\u0119 prywatno\u015bci tych stron internetowych.<\/p>\n\n\n\n<h3 class=\"wp-block-heading\">7. Prawa u\u017cytkownika<\/h3>\n\n\n\n<p>Masz prawo do:<\/p>\n\n\n\n<ul class=\"wp-block-list\">\n<li>Uzyskaj dost\u0119p, popraw lub usu\u0144 swoje dane osobowe;<\/li>\n\n\n\n<li>Odwo\u0142aj zgod\u0119 na wykorzystanie Twoich danych;<\/li>\n\n\n\n<li>Popro\u015b o informacje dotycz\u0105ce wykorzystania Twoich danych.<\/li>\n<\/ul>\n\n\n\n<p>Aby skorzysta\u0107 ze swoich praw, skontaktuj si\u0119 z nami za po\u015brednictwem poczty elektronicznej: <strong>[Tw\u00f3j adres e-mail kontaktowy]<\/strong>.<\/p>\n\n\n\n<h3 class=\"wp-block-heading\">8. Zmiany w Polityce Prywatno\u015bci<\/h3>\n\n\n\n<p>Niniejsza Polityka Prywatno\u015bci mo\u017ce by\u0107 od czasu do czasu aktualizowana. Zalecamy regularne przegl\u0105danie tej strony, aby by\u0107 na bie\u017c\u0105co ze zmianami.<\/p>\n\n\n\n<h3 class=\"wp-block-heading\">9. Kontakt<\/h3>\n\n\n\n<p>Je\u015bli masz jakiekolwiek pytania dotycz\u0105ce niniejszej Polityki Prywatno\u015bci, skontaktuj si\u0119 z nami za po\u015brednictwem poczty elektronicznej: <strong>blog.planejeasfinancas@gmail.com<\/strong>.<\/p>\n\n\n\n<hr class=\"wp-block-separator has-alpha-channel-opacity\">\n\n\n\n<p>Kontynuuj\u0105c korzystanie z naszej witryny internetowej, zgadzasz si\u0119 na warunki niniejszej Polityki prywatno\u015bci.<\/p>\n<\/body><\/html>","protected":false},"excerpt":{"rendered":"<p>Pol\u00edtica de Privacidade \u00daltima Atualiza\u00e7\u00e3o: 01\/04\/2025 Bem-vindo ao Blog Planeje as Finan\u00e7as! A sua privacidade \u00e9 importante para n\u00f3s. Esta Pol\u00edtica de Privacidade explica como coletamos, usamos, compartilhamos e protegemos suas informa\u00e7\u00f5es ao acessar nosso site https:\/\/blog.planejeasfinancas.com.br. 1. Coleta de Informa\u00e7\u00f5es Podemos coletar informa\u00e7\u00f5es de diferentes formas, incluindo: 2. Uso das Informa\u00e7\u00f5es As informa\u00e7\u00f5es coletadas [&hellip;]<\/p>","protected":false},"author":1,"featured_media":0,"parent":0,"menu_order":0,"comment_status":"closed","ping_status":"open","template":"","meta":{"footnotes":""},"class_list":["post-3","page","type-page","status-publish","hentry"],"_links":{"self":[{"href":"https:\/\/blog.planejeasfinancas.com.br\/pl\/wp-json\/wp\/v2\/pages\/3","targetHints":{"allow":["GET"]}}],"collection":[{"href":"https:\/\/blog.planejeasfinancas.com.br\/pl\/wp-json\/wp\/v2\/pages"}],"about":[{"href":"https:\/\/blog.planejeasfinancas.com.br\/pl\/wp-json\/wp\/v2\/types\/page"}],"author":[{"embeddable":true,"href":"https:\/\/blog.planejeasfinancas.com.br\/pl\/wp-json\/wp\/v2\/users\/1"}],"replies":[{"embeddable":true,"href":"https:\/\/blog.planejeasfinancas.com.br\/pl\/wp-json\/wp\/v2\/comments?post=3"}],"version-history":[{"count":2,"href":"https:\/\/blog.planejeasfinancas.com.br\/pl\/wp-json\/wp\/v2\/pages\/3\/revisions"}],"predecessor-version":[{"id":41,"href":"https:\/\/blog.planejeasfinancas.com.br\/pl\/wp-json\/wp\/v2\/pages\/3\/revisions\/41"}],"wp:attachment":[{"href":"https:\/\/blog.planejeasfinancas.com.br\/pl\/wp-json\/wp\/v2\/media?parent=3"}],"curies":[{"name":"wp","href":"https:\/\/api.w.org\/{rel}","templated":true}]}}