{"id":46,"date":"2025-04-02T00:18:08","date_gmt":"2025-04-02T03:18:08","guid":{"rendered":"https:\/\/blog.planejeasfinancas.com.br\/?page_id=46"},"modified":"2025-04-02T00:18:09","modified_gmt":"2025-04-02T03:18:09","slug":"descargo-de-responsabilidade","status":"publish","type":"page","link":"https:\/\/blog.planejeasfinancas.com.br\/nl\/descargo-de-responsabilidade\/","title":{"rendered":"Disclaimer van aansprakelijkheid"},"content":{"rendered":"<html><body><h2 class=\"wp-block-heading\">Disclaimer van aansprakelijkheid<\/h2>\n\n\n\n<p>De inhoud van de <strong>Plan uw financi\u00ebn<\/strong> wordt uitsluitend ter informatie en educatie verstrekt. Wij streven ernaar de juistheid van de gedeelde informatie te waarborgen, maar wij garanderen niet de juistheid, volledigheid of betrouwbaarheid van de inhoud die op deze website beschikbaar is. De verstrekte informatie mag niet worden opgevat als professioneel financieel advies.<\/p>\n\n\n\n<h3 class=\"wp-block-heading\">1. Informatie en inhoud<\/h3>\n\n\n\n<p>De informatie op deze website is gebaseerd op bronnen die wij betrouwbaar achten. Wij zijn echter niet aansprakelijk voor eventuele fouten, omissies of schade die voortvloeit uit het gebruik van de gepresenteerde informatie.<\/p>\n\n\n\n<h3 class=\"wp-block-heading\">2. Professioneel advies<\/h3>\n\n\n\n<p>De informatie die in de <strong>Plan uw financi\u00ebn<\/strong> Ze vervangen niet het raadplegen van een gekwalificeerde professional op het gebied van financi\u00ebn, investeringen of een andere specialisatie. Wij adviseren u om een financieel adviseur of specialist te raadplegen voordat u op basis van de informatie op deze website belangrijke beslissingen neemt.<\/p>\n\n\n\n<h3 class=\"wp-block-heading\">3. Links naar externe sites<\/h3>\n\n\n\n<p>Onze website kan links bevatten naar websites van derden. Wij zijn niet verantwoordelijk voor de inhoud of het privacybeleid van deze sites. Wij raden u aan het privacybeleid en de gebruiksvoorwaarden te lezen van elke website die u via een link op onze website bezoekt.<\/p>\n\n\n\n<h3 class=\"wp-block-heading\">4. Resultaten en garanties<\/h3>\n\n\n\n<p>Wij garanderen niet dat het gebruik van de op de website aangeboden informatie of hulpmiddelen tot specifieke resultaten zal leiden of dat de informatie of hulpmiddelen foutloos en ononderbroken zal zijn. De verantwoordelijkheid voor het gebruik van de verstrekte bronnen of informatie ligt bij de gebruiker.<\/p>\n\n\n\n<h3 class=\"wp-block-heading\">5. Wijzigingen in de inhoud<\/h3>\n\n\n\n<p>De inhoud van deze website kan zonder voorafgaande kennisgeving worden gewijzigd. Wij behouden ons het recht voor om alle informatie te wijzigen, bij te werken of te verwijderen, zonder dat dit enige verplichting of aansprakelijkheid van onze kant met zich meebrengt.<\/p>\n\n\n\n<h3 class=\"wp-block-heading\">6. Beperkte aansprakelijkheid<\/h3>\n\n\n\n<p>Onder geen enkele omstandigheid mag de <strong>Plan uw financi\u00ebn<\/strong> aansprakelijk zijn voor enige directe, indirecte, incidentele of gevolgschade die voortvloeit uit het gebruik van onze website of uit het onvermogen om onze website te gebruiken, met inbegrip van, maar niet beperkt tot, winstderving, gegevensverlies of bedrijfsonderbreking.<\/p>\n\n\n\n<h3 class=\"wp-block-heading\">7. Auteursrecht<\/h3>\n\n\n\n<p>Alle inhoud op deze website, inclusief teksten, afbeeldingen, video&#039;s en grafieken, is auteursrechtelijk beschermd en mag niet worden gereproduceerd zonder de juiste toestemming van <strong>Plan uw financi\u00ebn<\/strong>.<\/p>\n\n\n\n<h3 class=\"wp-block-heading\">8. Wijzigingen in de disclaimer van aansprakelijkheid<\/h3>\n\n\n\n<p>Wij kunnen deze disclaimer op ieder moment wijzigen. Wij raden u aan deze pagina regelmatig te controleren, zodat u op de hoogte blijft van eventuele wijzigingen.<\/p>\n\n\n\n<h3 class=\"wp-block-heading\">9. Contact<\/h3>\n\n\n\n<p>Als u vragen of opmerkingen heeft over deze disclaimer, kunt u contact met ons opnemen via: <a><strong>contact@planejeasfinancas.com.br<\/strong><\/a>.<\/p>\n<\/body><\/html>","protected":false},"excerpt":{"rendered":"<p>Descargo de Responsabilidade O conte\u00fado do Planeje as Finan\u00e7as \u00e9 fornecido para fins informativos e educacionais. Embora nos esforcemos para garantir a precis\u00e3o das informa\u00e7\u00f5es compartilhadas, n\u00e3o garantimos a precis\u00e3o, completude ou confiabilidade de qualquer conte\u00fado dispon\u00edvel neste site. As informa\u00e7\u00f5es fornecidas n\u00e3o devem ser interpretadas como aconselhamento financeiro profissional. 1. Informa\u00e7\u00f5es e Conte\u00fado As [&hellip;]<\/p>","protected":false},"author":2,"featured_media":0,"parent":0,"menu_order":0,"comment_status":"closed","ping_status":"closed","template":"","meta":{"footnotes":""},"class_list":["post-46","page","type-page","status-publish","hentry"],"_links":{"self":[{"href":"https:\/\/blog.planejeasfinancas.com.br\/nl\/wp-json\/wp\/v2\/pages\/46","targetHints":{"allow":["GET"]}}],"collection":[{"href":"https:\/\/blog.planejeasfinancas.com.br\/nl\/wp-json\/wp\/v2\/pages"}],"about":[{"href":"https:\/\/blog.planejeasfinancas.com.br\/nl\/wp-json\/wp\/v2\/types\/page"}],"author":[{"embeddable":true,"href":"https:\/\/blog.planejeasfinancas.com.br\/nl\/wp-json\/wp\/v2\/users\/2"}],"replies":[{"embeddable":true,"href":"https:\/\/blog.planejeasfinancas.com.br\/nl\/wp-json\/wp\/v2\/comments?post=46"}],"version-history":[{"count":1,"href":"https:\/\/blog.planejeasfinancas.com.br\/nl\/wp-json\/wp\/v2\/pages\/46\/revisions"}],"predecessor-version":[{"id":47,"href":"https:\/\/blog.planejeasfinancas.com.br\/nl\/wp-json\/wp\/v2\/pages\/46\/revisions\/47"}],"wp:attachment":[{"href":"https:\/\/blog.planejeasfinancas.com.br\/nl\/wp-json\/wp\/v2\/media?parent=46"}],"curies":[{"name":"wp","href":"https:\/\/api.w.org\/{rel}","templated":true}]}}