{"id":44,"date":"2025-04-02T00:16:21","date_gmt":"2025-04-02T03:16:21","guid":{"rendered":"https:\/\/blog.planejeasfinancas.com.br\/?page_id=44"},"modified":"2025-04-03T18:07:18","modified_gmt":"2025-04-03T21:07:18","slug":"contato","status":"publish","type":"page","link":"https:\/\/blog.planejeasfinancas.com.br\/nl\/contato\/","title":{"rendered":"Contact"},"content":{"rendered":"<html><body><p><strong>Contact<\/strong><\/p>\n\n\n\n<p>Hallo! Welkom op onze contactpagina. Wij zijn er om u te helpen met al uw vragen, suggesties of opmerkingen over de <strong>Plan uw financi\u00ebn<\/strong>. U kunt op de volgende manieren contact met ons opnemen:<\/p>\n\n\n\n<h3 class=\"wp-block-heading\">Contactformulier<\/h3>\n\n\n\n<p>Als u de voorkeur geeft aan een directere service, vul dan onderstaand formulier in. Ons team zal zo snel mogelijk reageren:<\/p>\n\n\n\n<h3 class=\"wp-block-heading\">E-mail<\/h3>\n\n\n\n<p>Als u rechtstreeks via e-mail contact met ons wilt opnemen, stuur uw bericht dan naar:<\/p>\n\n\n\n<p><strong><a class=\"\">contact@planejeasfinancas.com.br<\/a><\/strong><\/p>\n\n\n\n<h3 class=\"wp-block-heading\">Sociale media<\/h3>\n\n\n\n<p>U kunt ons ook op sociale media volgen en op onze content reageren. Wij zijn aanwezig op de volgende platformen:<\/p>\n\n\n\n<ul class=\"wp-block-list\">\n<li>[Facebook] <strong>facebook.com\/planjeasfinancas<\/strong><\/li>\n\n\n\n<li>[Instagram] <strong>instagram.com\/planejeasfinancas<\/strong><\/li>\n\n\n\n<li>[Twitter] <strong>twitter.com\/plan_finances<\/strong><\/li>\n\n\n\n<li>[LinkedIn] <strong>linkedin.com\/company\/planjeasfinancas<\/strong><\/li>\n<\/ul>\n\n\n\n<h3 class=\"wp-block-heading\">Adres<\/h3>\n\n\n\n<p>Als u liever persoonlijk contact met ons opneemt, is ons adres:<\/p>\n\n\n\n<p><strong>Paulista Avenue, 123 \u2013 Kamer 405<br>S\u00e3o Paulo, SP <\/strong><\/p>\n\n\n\n<p>Bedankt dat u contact met ons hebt opgenomen, wij reageren zo snel mogelijk!<\/p>\n\n\n\n<p><strong>Plan uw financi\u00ebn \u2013 wij helpen u graag!<\/strong><\/p>\n\n\n\n<p>Nu de fictieve informatie is ingevuld, is de pagina klaar voor gebruik. Als je nog meer aanpassingen nodig hebt, laat het me dan weten!<\/p>\n<\/body><\/html>","protected":false},"excerpt":{"rendered":"<p>Contato Ol\u00e1! Bem-vindo \u00e0 nossa p\u00e1gina de contato. Estamos aqui para ajudar voc\u00ea com qualquer d\u00favida, sugest\u00e3o ou coment\u00e1rio sobre o Planeje as Finan\u00e7as. Fique \u00e0 vontade para entrar em contato conosco atrav\u00e9s dos seguintes meios: Formul\u00e1rio de Contato Se voc\u00ea prefere um atendimento mais direto, preencha o formul\u00e1rio abaixo e nossa equipe responder\u00e1 o [&hellip;]<\/p>","protected":false},"author":2,"featured_media":0,"parent":0,"menu_order":0,"comment_status":"closed","ping_status":"closed","template":"template-contato.php","meta":{"footnotes":""},"class_list":["post-44","page","type-page","status-publish","hentry"],"_links":{"self":[{"href":"https:\/\/blog.planejeasfinancas.com.br\/nl\/wp-json\/wp\/v2\/pages\/44","targetHints":{"allow":["GET"]}}],"collection":[{"href":"https:\/\/blog.planejeasfinancas.com.br\/nl\/wp-json\/wp\/v2\/pages"}],"about":[{"href":"https:\/\/blog.planejeasfinancas.com.br\/nl\/wp-json\/wp\/v2\/types\/page"}],"author":[{"embeddable":true,"href":"https:\/\/blog.planejeasfinancas.com.br\/nl\/wp-json\/wp\/v2\/users\/2"}],"replies":[{"embeddable":true,"href":"https:\/\/blog.planejeasfinancas.com.br\/nl\/wp-json\/wp\/v2\/comments?post=44"}],"version-history":[{"count":2,"href":"https:\/\/blog.planejeasfinancas.com.br\/nl\/wp-json\/wp\/v2\/pages\/44\/revisions"}],"predecessor-version":[{"id":150,"href":"https:\/\/blog.planejeasfinancas.com.br\/nl\/wp-json\/wp\/v2\/pages\/44\/revisions\/150"}],"wp:attachment":[{"href":"https:\/\/blog.planejeasfinancas.com.br\/nl\/wp-json\/wp\/v2\/media?parent=44"}],"curies":[{"name":"wp","href":"https:\/\/api.w.org\/{rel}","templated":true}]}}