{"id":42,"date":"2025-04-02T00:13:58","date_gmt":"2025-04-02T03:13:58","guid":{"rendered":"https:\/\/blog.planejeasfinancas.com.br\/?page_id=42"},"modified":"2025-04-02T00:13:58","modified_gmt":"2025-04-02T03:13:58","slug":"quem-somos","status":"publish","type":"page","link":"https:\/\/blog.planejeasfinancas.com.br\/nl\/quem-somos\/","title":{"rendered":"Wie we zijn"},"content":{"rendered":"<html><body><p><strong>Wie we zijn<\/strong><\/p>\n\n\n\n<p>Welkom bij <strong>Plan uw financi\u00ebn<\/strong>! Wij zijn een portaal dat zich toelegt op het aanbieden van relevante content over technologie, nuttige tips, toepassingen en nieuws. Ons doel is om toegankelijke en praktische informatie te verstrekken om uw dagelijks leven gemakkelijker te maken en u op de hoogte te houden van de belangrijkste trends op de digitale markt.<\/p>\n\n\n\n<h3 class=\"wp-block-heading\">Onze missie<\/h3>\n\n\n\n<p>Wij zijn ervan overtuigd dat informatie essentieel is om veiligere en effici\u00ebntere beslissingen te nemen. Daarom streven wij ernaar om u kwalitatieve content aan te bieden waarmee u de beschikbare technologische hulpmiddelen beter kunt benutten.<\/p>\n\n\n\n<h3 class=\"wp-block-heading\">Wat wij bieden<\/h3>\n\n\n\n<ul class=\"wp-block-list\">\n<li><strong>Praktische tips<\/strong>: Oplossingen om uw routine gemakkelijker te maken en uw digitale ervaring te verbeteren.<\/li>\n\n\n\n<li><strong>Technologie<\/strong>: Nieuws over innovaties, apparaten en industrietrends.<\/li>\n\n\n\n<li><strong>Toepassingen<\/strong>: Beoordelingen en suggesties van de beste apps voor verschillende doeleinden.<\/li>\n\n\n\n<li><strong>Nieuws<\/strong>: Updates en relevante feiten uit de digitale wereld en technologie.<\/li>\n<\/ul>\n\n\n\n<h3 class=\"wp-block-heading\">Ons team<\/h3>\n\n\n\n<p>Ons team bestaat uit experts met een passie voor technologie en innovatie. We zijn altijd op zoek naar nieuwe ontwikkelingen, zodat we onze lezers actuele en relevante content kunnen bieden.<\/p>\n\n\n\n<h3 class=\"wp-block-heading\">Neem contact op<\/h3>\n\n\n\n<p>Als u vragen of suggesties heeft of met ons wilt samenwerken, kunt u contact met ons opnemen via e-mail: <strong>blog.planejeasfinancas@gmail.com<\/strong>.<\/p>\n\n\n\n<p>Volg onze updates en blijf op de hoogte van de wereld van technologie en innovatie!<\/p>\n\n\n\n<hr class=\"wp-block-separator has-alpha-channel-opacity\">\n\n\n\n<p><strong>Plan uw financi\u00ebn \u2013 Informatie en technologie binnen handbereik!<\/strong><\/p>\n<\/body><\/html>","protected":false},"excerpt":{"rendered":"<p>Quem Somos Bem-vindo ao Planeje as Finan\u00e7as! Somos um portal dedicado a trazer conte\u00fados relevantes sobre tecnologia, dicas \u00fateis, aplicativos e not\u00edcias. Nosso objetivo \u00e9 fornecer informa\u00e7\u00f5es acess\u00edveis e pr\u00e1ticas para facilitar o seu dia a dia e mant\u00ea-lo atualizado com as principais tend\u00eancias do mercado digital. Nossa Miss\u00e3o Acreditamos que a informa\u00e7\u00e3o \u00e9 essencial [&hellip;]<\/p>","protected":false},"author":2,"featured_media":0,"parent":0,"menu_order":0,"comment_status":"closed","ping_status":"closed","template":"","meta":{"footnotes":""},"class_list":["post-42","page","type-page","status-publish","hentry"],"_links":{"self":[{"href":"https:\/\/blog.planejeasfinancas.com.br\/nl\/wp-json\/wp\/v2\/pages\/42","targetHints":{"allow":["GET"]}}],"collection":[{"href":"https:\/\/blog.planejeasfinancas.com.br\/nl\/wp-json\/wp\/v2\/pages"}],"about":[{"href":"https:\/\/blog.planejeasfinancas.com.br\/nl\/wp-json\/wp\/v2\/types\/page"}],"author":[{"embeddable":true,"href":"https:\/\/blog.planejeasfinancas.com.br\/nl\/wp-json\/wp\/v2\/users\/2"}],"replies":[{"embeddable":true,"href":"https:\/\/blog.planejeasfinancas.com.br\/nl\/wp-json\/wp\/v2\/comments?post=42"}],"version-history":[{"count":1,"href":"https:\/\/blog.planejeasfinancas.com.br\/nl\/wp-json\/wp\/v2\/pages\/42\/revisions"}],"predecessor-version":[{"id":43,"href":"https:\/\/blog.planejeasfinancas.com.br\/nl\/wp-json\/wp\/v2\/pages\/42\/revisions\/43"}],"wp:attachment":[{"href":"https:\/\/blog.planejeasfinancas.com.br\/nl\/wp-json\/wp\/v2\/media?parent=42"}],"curies":[{"name":"wp","href":"https:\/\/api.w.org\/{rel}","templated":true}]}}