{"id":48,"date":"2025-04-02T00:20:13","date_gmt":"2025-04-02T03:20:13","guid":{"rendered":"https:\/\/blog.planejeasfinancas.com.br\/?page_id=48"},"modified":"2025-04-02T00:20:22","modified_gmt":"2025-04-02T03:20:22","slug":"termos-e-condicoes","status":"publish","type":"page","link":"https:\/\/blog.planejeasfinancas.com.br\/ko\/termos-e-condicoes\/","title":{"rendered":"\uc774\uc6a9 \uc57d\uad00"},"content":{"rendered":"<html><body><h2 class=\"wp-block-heading\">\uc774\uc6a9 \uc57d\uad00<\/h2>\n\n\n\n<p>\ud658\uc601\ud569\ub2c8\ub2e4 <strong>\uc7ac\uc815 \uacc4\ud68d\ud558\uae30<\/strong>! \ub2f9\uc0ac \uc6f9\uc0ac\uc774\ud2b8\uc5d0 \uc811\uc18d\ud558\uc5ec \uc0ac\uc6a9\ud568\uc73c\ub85c\uc368 <strong><a class=\"\" href=\"https:\/\/blog.planejeasfinancas.com.br\/ko\/\">https:\/\/blog.planejeasfinancas.com.br<\/a><\/strong>, \uadc0\ud558\ub294 \ub2e4\uc74c \uc774\uc6a9 \uc57d\uad00\uc5d0 \ub3d9\uc758\ud569\ub2c8\ub2e4. \uc8fc\uc758 \uae4a\uac8c \uc77d\uc5b4\uc8fc\uc138\uc694.<\/p>\n\n\n\n<h3 class=\"wp-block-heading\">1. \uc57d\uad00 \ub3d9\uc758<\/h3>\n\n\n\n<p>\uc6f9\uc0ac\uc774\ud2b8 \uc774\uc6a9 \uc2dc <strong>\uc7ac\uc815 \uacc4\ud68d\ud558\uae30<\/strong>\uadc0\ud558\ub294 \uc5b8\uc81c\ub4e0\uc9c0 \ud1b5\uc9c0 \uc5c6\uc774 \ubcc0\uacbd\ub420 \uc218 \uc788\ub294 \ubcf8 \uc774\uc6a9 \uc57d\uad00\uc744 \uc900\uc218\ud558\uace0 \uad6c\uc18d\ubc1b\ub294 \ub370 \ub3d9\uc758\ud569\ub2c8\ub2e4. \uc774\uc6a9 \uc57d\uad00\uc774 \ubcc0\uacbd\ub41c \ud6c4\uc5d0\ub3c4 \uacc4\uc18d\ud574\uc11c \uc6f9\uc0ac\uc774\ud2b8\ub97c \uc0ac\uc6a9\ud558\ub294 \uacbd\uc6b0 \ud574\ub2f9 \ubcc0\uacbd \uc0ac\ud56d\uc5d0 \ub3d9\uc758\ud55c \uac83\uc73c\ub85c \uac04\uc8fc\ub429\ub2c8\ub2e4.<\/p>\n\n\n\n<h3 class=\"wp-block-heading\">2. \uc0ac\uc774\ud2b8 \uc0ac\uc6a9<\/h3>\n\n\n\n<p>\uadc0\ud558\ub294 \ud574\ub2f9 \ubc95\ub960\uc774\ub098 \uaddc\uc815\uc744 \uc704\ubc18\ud558\uc9c0 \uc54a\uace0 \uc801\ubc95\ud558\uace0 \uc801\uc808\ud55c \ubc29\uc2dd\uc73c\ub85c \ub2f9\uc0ac \uc6f9\uc0ac\uc774\ud2b8\ub97c \uc0ac\uc6a9\ud558\ub294 \ub370 \ub3d9\uc758\ud569\ub2c8\ub2e4. \ubd88\ubc95\uc801\uc774\uac70\ub098 \uae08\uc9c0\ub41c \ubaa9\uc801\uc73c\ub85c \ub2f9\uc0ac\uc758 \ucf58\ud150\uce20\ub97c \uc0ac\uc6a9\ud558\ub294 \uac83\uc740 \uc5c4\uaca9\ud788 \uae08\uc9c0\ub418\uc5b4 \uc788\uc2b5\ub2c8\ub2e4.<\/p>\n\n\n\n<h3 class=\"wp-block-heading\">3. \uc9c0\uc801 \uc7ac\uc0b0\uad8c<\/h3>\n\n\n\n<p>\ud14d\uc2a4\ud2b8, \uc774\ubbf8\uc9c0, \ube44\ub514\uc624, \uadf8\ub798\ud53d, \ub85c\uace0\ub97c \ud3ec\ud568\ud55c \uc774 \uc6f9\uc0ac\uc774\ud2b8\uc758 \ubaa8\ub4e0 \ucf58\ud150\uce20\ub294 \uc800\uc791\uad8c, \uc0c1\ud45c\uad8c \ubc0f \uae30\ud0c0 \uc9c0\uc801 \uc7ac\uc0b0\uad8c \ubc95\ub960\uc5d0 \uc758\ud574 \ubcf4\ud638\ub429\ub2c8\ub2e4. \uc801\uc808\ud55c \ud5c8\uac00 \uc5c6\uc774 \ucf58\ud150\uce20\ub97c \ubb34\ub2e8\uc73c\ub85c \uc0ac\uc6a9\ud558\ub294 \uac83\uc740 \uc5c4\uaca9\ud788 \uae08\uc9c0\ub418\uc5b4 \uc788\uc2b5\ub2c8\ub2e4.<\/p>\n\n\n\n<h3 class=\"wp-block-heading\">4. \ucf58\ud150\uce20\uc5d0 \ub300\ud55c \ucc45\uc784<\/h3>\n\n\n\n<p>\uc5d0 \ud3ec\ud568\ub41c \uc815\ubcf4 <strong>\uc7ac\uc815 \uacc4\ud68d\ud558\uae30<\/strong> \uc815\ubcf4 \ubc0f \uad50\uc721 \ubaa9\uc801\uc73c\ub85c \uc81c\uacf5\ub429\ub2c8\ub2e4. \uc6b0\ub9ac\ub294 \ud574\ub2f9 \uc815\ubcf4\uac00 \uc815\ud655\ud558\uace0, \uc644\uc804\ud558\uba70, \ucd5c\uc2e0\uc774\ub77c\ub294 \uac83\uc744 \ubcf4\uc7a5\ud558\uc9c0 \uc54a\uc2b5\ub2c8\ub2e4. \ubcf8 \ucf58\ud150\uce20\uc758 \uc0ac\uc6a9\uc740 \uadc0\ud558\uc758 \ucc45\uc784 \ud558\uc5d0 \uc774\ub8e8\uc5b4\uc9d1\ub2c8\ub2e4. \uc7ac\uc815\uc774\ub098 \ubc95\ub960 \ub4f1 \uad6c\uccb4\uc801\uc778 \uc870\uc5b8\uc774 \ud544\uc694\ud55c \uacbd\uc6b0\uc5d0\ub294 \uc790\uaca9\uc744 \uac16\ucd98 \uc804\ubb38\uac00\uc640 \uc0c1\ub2f4\ud558\uc2dc\uae30 \ubc14\ub78d\ub2c8\ub2e4.<\/p>\n\n\n\n<h3 class=\"wp-block-heading\">5. \uc81c3\uc790 \uc0ac\uc774\ud2b8 \ub9c1\ud06c<\/h3>\n\n\n\n<p>\ub2f9\uc0ac \uc6f9\uc0ac\uc774\ud2b8\uc5d0\ub294 \ub2e4\ub978 \uc81c3\uc790 \uc6f9\uc0ac\uc774\ud2b8\ub85c\uc758 \ub9c1\ud06c\uac00 \ud3ec\ud568\ub418\uc5b4 \uc788\uc744 \uc218 \uc788\uc2b5\ub2c8\ub2e4. \uc774\ub7ec\ud55c \ub9c1\ud06c\ub294 \ud3b8\uc758\ub97c \uc704\ud574\uc11c\ub9cc \uc81c\uacf5\ub429\ub2c8\ub2e4. \ub2f9\uc0ac\ub294 \uc678\ubd80 \uc6f9\uc0ac\uc774\ud2b8\uc758 \ucf58\ud150\uce20\ub098 \uac1c\uc778\uc815\ubcf4 \ubcf4\ud638 \uad00\ud589\uc5d0 \ub300\ud574 \ucc45\uc784\uc744 \uc9c0\uc9c0 \uc54a\uc2b5\ub2c8\ub2e4. \ub2f9\uc0ac \uc6f9\uc0ac\uc774\ud2b8\uc758 \ub9c1\ud06c\ub97c \ud1b5\ud574 \uc811\uc18d\ud558\ub294 \ubaa8\ub4e0 \uc6f9\uc0ac\uc774\ud2b8\uc758 \uc774\uc6a9 \uc57d\uad00\uacfc \uac1c\uc778\uc815\ubcf4 \ubcf4\ud638\uc815\ucc45\uc744 \uc77d\uc5b4\ubcf4\uc2dc\uae30 \ubc14\ub78d\ub2c8\ub2e4.<\/p>\n\n\n\n<h3 class=\"wp-block-heading\">6. \ucc45\uc784\uc758 \ud55c\uacc4<\/h3>\n\n\n\n<p>\uc5b4\ub5a0\ud55c \uc0c1\ud669\uc5d0\uc11c\ub3c4 <strong>\uc7ac\uc815 \uacc4\ud68d\ud558\uae30<\/strong> \ub370\uc774\ud130 \uc190\uc2e4, \uc218\uc775 \uc190\uc2e4 \ub610\ub294 \uc5c5\ubb34 \uc911\ub2e8\uc744 \ud3ec\ud568\ud558\ub418 \uc774\uc5d0 \uad6d\ud55c\ub418\uc9c0 \uc54a\uace0, \ub2f9\uc0ac \uc6f9\uc0ac\uc774\ud2b8\uc758 \uc0ac\uc6a9 \ub610\ub294 \uc0ac\uc6a9 \ubd88\ub2a5\uc73c\ub85c \uc778\ud574 \ubc1c\uc0dd\ud558\ub294 \uc9c1\uc811\uc801, \uac04\uc811\uc801, \uc6b0\ubc1c\uc801 \ub610\ub294 \uacb0\uacfc\uc801 \uc190\ud574\uc5d0 \ub300\ud574 \ucc45\uc784\uc744 \uc9c0\uc9c0 \uc54a\uc2b5\ub2c8\ub2e4.<\/p>\n\n\n\n<h3 class=\"wp-block-heading\">7. \uc0ac\uc774\ud2b8 \uc218\uc815<\/h3>\n\n\n\n<p>\ub2f9\uc0ac\ub294 \uc0ac\uc804 \ud1b5\uc9c0 \uc5c6\uc774 \uc5b8\uc81c\ub4e0\uc9c0 \uc0ac\uc774\ud2b8\uc758 \ubaa8\ub4e0 \ubd80\ubd84\uc744 \ubcc0\uacbd, \uc218\uc815, \uc911\ub2e8 \ub610\ub294 \uc911\uc9c0\ud560 \uad8c\ub9ac\ub97c \ubcf4\uc720\ud569\ub2c8\ub2e4. \ub2f9\uc0ac\ub294 \uc81c\uacf5\ub418\ub294 \uc11c\ube44\uc2a4\uc758 \uc2e4\ud328\ub098 \uc911\ub2e8\uc5d0 \ub300\ud574 \ucc45\uc784\uc744 \uc9c0\uc9c0 \uc54a\uc2b5\ub2c8\ub2e4.<\/p>\n\n\n\n<h3 class=\"wp-block-heading\">8. \uac1c\uc778\uc815\ubcf4 \ubcf4\ud638 \ubc0f \ucfe0\ud0a4<\/h3>\n\n\n\n<p>\ub2f9\uc0ac \uc6f9\uc0ac\uc774\ud2b8\ub97c \uc0ac\uc6a9\ud568\uc73c\ub85c\uc368 \uadc0\ud558\ub294 \ub2f9\uc0ac\uc758 \uac1c\uc778\uc815\ubcf4 \ubcf4\ud638\uc815\ucc45\uc5d0 \ub3d9\uc758\ud558\uac8c \ub429\ub2c8\ub2e4. \uc774 \uc815\ucc45\uc740 \ub2f9\uc0ac\uac00 \uadc0\ud558\uc758 \uac1c\uc778\uc815\ubcf4\ub97c \uc218\uc9d1, \uc0ac\uc6a9 \ubc0f \ubcf4\ud638\ud558\ub294 \ubc29\ubc95\uc744 \uc124\uba85\ud569\ub2c8\ub2e4. \uc790\uc138\ud55c \ub0b4\uc6a9\uc740 \uac1c\uc778\uc815\ubcf4 \ubcf4\ud638\uc815\ucc45\uc744 \ucc38\uc870\ud558\uc138\uc694.<\/p>\n\n\n\n<h3 class=\"wp-block-heading\">9. \uae08\uc9c0\uc0ac\ud56d<\/h3>\n\n\n\n<p>\uadc0\ud558\ub294 \ub2e4\uc74c \uc0ac\ud56d\uc744 \ud558\uc9c0 \uc54a\uae30\ub85c \ub3d9\uc758\ud569\ub2c8\ub2e4.<\/p>\n\n\n\n<ul class=\"wp-block-list\">\n<li>\uc6f9\uc0ac\uc774\ud2b8\uc758 \uc6b4\uc601\uc744 \ud574\uce58\uac70\ub098 \ubc29\ud574\ud560 \uc218 \uc788\ub294 \ubc29\uc2dd\uc73c\ub85c \uc6f9\uc0ac\uc774\ud2b8\ub97c \uc0ac\uc6a9\ud569\ub2c8\ub2e4.<\/li>\n\n\n\n<li>\ubc14\uc774\ub7ec\uc2a4\ub098 \uae30\ud0c0 \uc545\uc131 \ucf54\ub4dc\ub97c \ubcf4\ub0c5\ub2c8\ub2e4.<\/li>\n\n\n\n<li>\uc6f9\uc0ac\uc774\ud2b8\ub97c \uc0ac\uae30\uc801\uc774\uac70\ub098 \uc720\ud574\ud55c \ubaa9\uc801\uc73c\ub85c \uc0ac\uc6a9\ud569\ub2c8\ub2e4.<\/li>\n<\/ul>\n\n\n\n<h3 class=\"wp-block-heading\">10. \uc774\uc6a9 \uc57d\uad00 \ubcc0\uacbd<\/h3>\n\n\n\n<p>\ub2f9\uc0ac\ub294 \uc5b8\uc81c\ub4e0\uc9c0 \ubcf8 \uc774\uc6a9 \uc57d\uad00\uc744 \uc218\uc815\ud560 \uc218 \uc788\uc73c\uba70, \uadc0\ud558\uaed8\uc11c\ub294 \uc8fc\uae30\uc801\uc73c\ub85c \uc774\uc6a9 \uc57d\uad00\uc744 \uac80\ud1a0\ud558\uc2e4 \uac83\uc744 \uad8c\uc7a5\ud569\ub2c8\ub2e4. \uc774\ub7ec\ud55c \ubcc0\uacbd \uc0ac\ud56d \uc774\ud6c4\uc5d0\ub3c4 \uc0ac\uc774\ud2b8\ub97c \uacc4\uc18d \uc0ac\uc6a9\ud558\ub294 \uacbd\uc6b0 \uc0c8\ub85c\uc6b4 \uc57d\uad00\uc5d0 \ub3d9\uc758\ud55c \uac83\uc73c\ub85c \uac04\uc8fc\ub429\ub2c8\ub2e4.<\/p>\n\n\n\n<h3 class=\"wp-block-heading\">11. \uc900\uac70\ubc95<\/h3>\n\n\n\n<p>\ubcf8 \uc774\uc6a9 \uc57d\uad00\uc740 \ube0c\ub77c\uc9c8 \ubc95\ub960\uc758 \uc801\uc6a9\uc744 \ubc1b\uc2b5\ub2c8\ub2e4. \ubcf8 \uc774\uc6a9 \uc57d\uad00\uacfc \uad00\ub828\ub41c \ubaa8\ub4e0 \ubd84\uc7c1\uc740 \uc0c1\ud30c\uc6b8\ub8e8\uc2dc\uc758 \uad00\ud560 \ubc95\uc6d0\uc5d0\uc11c \ud574\uacb0\ub429\ub2c8\ub2e4.<\/p>\n\n\n\n<h3 class=\"wp-block-heading\">12. \uc5f0\ub77d\ucc98<\/h3>\n\n\n\n<p>\uc774 \uc6f9\uc0ac\uc774\ud2b8\uc758 \uc774\uc6a9 \uc57d\uad00\uc5d0 \ub300\ud574 \uc9c8\ubb38\uc774\ub098 \uc6b0\ub824 \uc0ac\ud56d\uc774 \uc788\uc73c\uc2dc\uba74 \ub2e4\uc74c \uc774\uba54\uc77c \uc8fc\uc18c\ub85c \ubb38\uc758\ud574 \uc8fc\uc2dc\uae30 \ubc14\ub78d\ub2c8\ub2e4. <strong><a class=\"\">contato@planejeasfinancas.com.br<\/a><\/strong>.<\/p>\n\n\n\n<p><strong>\uc7ac\uc815 \uacc4\ud68d\ud558\uae30<\/strong> \u2013 \uc800\ud76c\uac00 \ub3c4\uc640\ub4dc\ub9ac\uaca0\uc2b5\ub2c8\ub2e4!<\/p>\n<\/body><\/html>","protected":false},"excerpt":{"rendered":"<p>Termos e Condi\u00e7\u00f5es Bem-vindo ao Planeje as Finan\u00e7as! Ao acessar e utilizar nosso site https:\/\/blog.planejeasfinancas.com.br, voc\u00ea concorda com os seguintes Termos e Condi\u00e7\u00f5es. Por favor, leia atentamente. 1. Aceita\u00e7\u00e3o dos Termos Ao utilizar o site Planeje as Finan\u00e7as, voc\u00ea concorda em cumprir e estar vinculado a estes Termos e Condi\u00e7\u00f5es, que podem ser alterados a [&hellip;]<\/p>","protected":false},"author":2,"featured_media":0,"parent":0,"menu_order":0,"comment_status":"closed","ping_status":"closed","template":"","meta":{"footnotes":""},"class_list":["post-48","page","type-page","status-publish","hentry"],"_links":{"self":[{"href":"https:\/\/blog.planejeasfinancas.com.br\/ko\/wp-json\/wp\/v2\/pages\/48","targetHints":{"allow":["GET"]}}],"collection":[{"href":"https:\/\/blog.planejeasfinancas.com.br\/ko\/wp-json\/wp\/v2\/pages"}],"about":[{"href":"https:\/\/blog.planejeasfinancas.com.br\/ko\/wp-json\/wp\/v2\/types\/page"}],"author":[{"embeddable":true,"href":"https:\/\/blog.planejeasfinancas.com.br\/ko\/wp-json\/wp\/v2\/users\/2"}],"replies":[{"embeddable":true,"href":"https:\/\/blog.planejeasfinancas.com.br\/ko\/wp-json\/wp\/v2\/comments?post=48"}],"version-history":[{"count":2,"href":"https:\/\/blog.planejeasfinancas.com.br\/ko\/wp-json\/wp\/v2\/pages\/48\/revisions"}],"predecessor-version":[{"id":50,"href":"https:\/\/blog.planejeasfinancas.com.br\/ko\/wp-json\/wp\/v2\/pages\/48\/revisions\/50"}],"wp:attachment":[{"href":"https:\/\/blog.planejeasfinancas.com.br\/ko\/wp-json\/wp\/v2\/media?parent=48"}],"curies":[{"name":"wp","href":"https:\/\/api.w.org\/{rel}","templated":true}]}}