{"id":46,"date":"2025-04-02T00:18:08","date_gmt":"2025-04-02T03:18:08","guid":{"rendered":"https:\/\/blog.planejeasfinancas.com.br\/?page_id=46"},"modified":"2025-04-02T00:18:09","modified_gmt":"2025-04-02T03:18:09","slug":"descargo-de-responsabilidade","status":"publish","type":"page","link":"https:\/\/blog.planejeasfinancas.com.br\/ko\/descargo-de-responsabilidade\/","title":{"rendered":"\uba74\ucc45 \uc870\ud56d"},"content":{"rendered":"<html><body><h2 class=\"wp-block-heading\">\uba74\ucc45 \uc870\ud56d<\/h2>\n\n\n\n<p>\ub0b4\uc6a9\uc758 <strong>\uc7ac\uc815 \uacc4\ud68d\ud558\uae30<\/strong> \uc815\ubcf4 \uc81c\uacf5 \ubc0f \uad50\uc721 \ubaa9\uc801\uc73c\ub85c\ub9cc \uc81c\uacf5\ub429\ub2c8\ub2e4. \ub2f9\uc0ac\ub294 \uacf5\uc720\ub418\ub294 \uc815\ubcf4\uc758 \uc815\ud655\uc131\uc744 \ubcf4\uc7a5\ud558\uae30 \uc704\ud574 \ub178\ub825\ud558\uc9c0\ub9cc, \uc774 \uc6f9\uc0ac\uc774\ud2b8\uc5d0\uc11c \uc81c\uacf5\ub418\ub294 \ubaa8\ub4e0 \ucf58\ud150\uce20\uc758 \uc815\ud655\uc131, \uc644\uc804\uc131 \ub610\ub294 \uc2e0\ub8b0\uc131\uc744 \ubcf4\uc7a5\ud558\uc9c0\ub294 \uc54a\uc2b5\ub2c8\ub2e4. \uc81c\uacf5\ub41c \uc815\ubcf4\ub294 \uc804\ubb38\uc801\uc778 \uae08\uc735 \uc870\uc5b8\uc73c\ub85c \ud574\uc11d\ub418\uc5b4\uc11c\ub294 \uc548 \ub429\ub2c8\ub2e4.<\/p>\n\n\n\n<h3 class=\"wp-block-heading\">1. \uc815\ubcf4 \ubc0f \ucf58\ud150\uce20<\/h3>\n\n\n\n<p>\uc774 \uc6f9\uc0ac\uc774\ud2b8\uc5d0 \ud3ec\ud568\ub41c \uc815\ubcf4\ub294 \uc6b0\ub9ac\uac00 \uc2e0\ub8b0\ud560 \ub9cc\ud558\ub2e4\uace0 \uc0dd\uac01\ud558\ub294 \ucd9c\ucc98\uc5d0 \uae30\ubc18\uc744 \ub450\uace0 \uc788\uc2b5\ub2c8\ub2e4. \uadf8\ub7ec\ub098 \uc6b0\ub9ac\ub294 \uc81c\uc2dc\ub41c \uc815\ubcf4\uc758 \uc0ac\uc6a9\uc73c\ub85c \uc778\ud574 \ubc1c\uc0dd\ud558\ub294 \ubaa8\ub4e0 \uc624\ub958, \ub204\ub77d \ub610\ub294 \uc190\ud574\uc5d0 \ub300\ud574 \ucc45\uc784\uc744 \uc9c0\uc9c0 \uc54a\uc2b5\ub2c8\ub2e4.<\/p>\n\n\n\n<h3 class=\"wp-block-heading\">2. \uc804\ubb38\uac00\uc758 \uc870\uc5b8<\/h3>\n\n\n\n<p>\uc81c\uacf5\ub41c \uc815\ubcf4\ub294 <strong>\uc7ac\uc815 \uacc4\ud68d\ud558\uae30<\/strong> \uc774\ub7ec\ud55c \uc11c\ube44\uc2a4\ub294 \uae08\uc735, \ud22c\uc790 \ub610\ub294 \uae30\ud0c0 \uc804\ubb38 \ubd84\uc57c\uc758 \uc790\uaca9\uc744 \uac16\ucd98 \uc804\ubb38\uac00\uc640\uc758 \uc0c1\ub2f4\uc744 \ub300\uccb4\ud558\uc9c0 \uc54a\uc2b5\ub2c8\ub2e4. \uc774 \uc6f9\uc0ac\uc774\ud2b8\uc758 \uc815\ubcf4\ub97c \ubc14\ud0d5\uc73c\ub85c \uc911\uc694\ud55c \uacb0\uc815\uc744 \ub0b4\ub9ac\uae30 \uc804\uc5d0 \uc7ac\uc815 \uace0\ubb38\uc774\ub098 \uc804\ubb38\uac00\uc640 \uc0c1\uc758\ud558\ub294 \uac83\uc774 \uc88b\uc2b5\ub2c8\ub2e4.<\/p>\n\n\n\n<h3 class=\"wp-block-heading\">3. \uc678\ubd80 \uc0ac\uc774\ud2b8 \ub9c1\ud06c<\/h3>\n\n\n\n<p>\ub2f9\uc0ac \uc6f9\uc0ac\uc774\ud2b8\uc5d0\ub294 \uc81c3\uc790 \uc6f9\uc0ac\uc774\ud2b8\ub85c\uc758 \ub9c1\ud06c\uac00 \ud3ec\ud568\ub418\uc5b4 \uc788\uc744 \uc218 \uc788\uc2b5\ub2c8\ub2e4. \uc6b0\ub9ac\ub294 \uc774 \uc0ac\uc774\ud2b8\uc758 \ucf58\ud150\uce20\ub098 \uac1c\uc778\uc815\ubcf4 \ubcf4\ud638 \uad00\ud589\uc5d0 \ub300\ud574 \ucc45\uc784\uc744 \uc9c0\uc9c0 \uc54a\uc2b5\ub2c8\ub2e4. \ub2f9\uc0ac \uc6f9\uc0ac\uc774\ud2b8\uc758 \ub9c1\ud06c\ub97c \ud1b5\ud574 \uc811\uc18d\ud558\ub294 \ubaa8\ub4e0 \uc6f9\uc0ac\uc774\ud2b8\uc758 \uac1c\uc778\uc815\ubcf4 \ubcf4\ud638\uc815\ucc45\uacfc \uc774\uc6a9\uc57d\uad00\uc744 \uc77d\uc5b4\ubcf4\uc2dc\uae30 \ubc14\ub78d\ub2c8\ub2e4.<\/p>\n\n\n\n<h3 class=\"wp-block-heading\">4. \uacb0\uacfc \ubc0f \ubcf4\uc7a5<\/h3>\n\n\n\n<p>\ub2f9\uc0ac\ub294 \uc6f9\uc0ac\uc774\ud2b8\uc5d0 \uc81c\uacf5\ub41c \uc815\ubcf4\ub098 \ub3c4\uad6c\ub97c \uc0ac\uc6a9\ud560 \uacbd\uc6b0 \ud2b9\uc815 \uacb0\uacfc\uac00 \ub3c4\ucd9c\ub418\uac70\ub098 \uc624\ub958\uac00 \uc5c6\uac70\ub098 \uc911\ub2e8\ub418\uc9c0 \uc54a\uc744 \uac83\uc774\ub77c\uace0 \ubcf4\uc7a5\ud558\uc9c0 \uc54a\uc2b5\ub2c8\ub2e4. \uc81c\uacf5\ub41c \ubaa8\ub4e0 \ub9ac\uc18c\uc2a4\ub098 \uc815\ubcf4\uc758 \uc0ac\uc6a9\uc5d0 \ub300\ud55c \ucc45\uc784\uc740 \uc0ac\uc6a9\uc790\uc5d0\uac8c \uc788\uc2b5\ub2c8\ub2e4.<\/p>\n\n\n\n<h3 class=\"wp-block-heading\">5. \ucf58\ud150\uce20 \ubcc0\uacbd<\/h3>\n\n\n\n<p>\uc774 \uc6f9\uc0ac\uc774\ud2b8\uc758 \ub0b4\uc6a9\uc740 \uc608\uace0 \uc5c6\uc774 \ubcc0\uacbd\ub420 \uc218 \uc788\uc2b5\ub2c8\ub2e4. \ub2f9\uc0ac\ub294 \uc5b4\ub5a0\ud55c \uc885\ub958\uc758 \uc758\ubb34\ub098 \ucc45\uc784\ub3c4 \ubc1c\uc0dd\uc2dc\ud0a4\uc9c0 \uc54a\uace0 \uc815\ubcf4\ub97c \uc218\uc815, \uc5c5\ub370\uc774\ud2b8 \ub610\ub294 \uc0ad\uc81c\ud560 \uad8c\ub9ac\ub97c \ubcf4\uc720\ud569\ub2c8\ub2e4.<\/p>\n\n\n\n<h3 class=\"wp-block-heading\">6. \uc720\ud55c\ucc45\uc784<\/h3>\n\n\n\n<p>\uc5b4\ub5a0\ud55c \uc0c1\ud669\uc5d0\uc11c\ub3c4 <strong>\uc7ac\uc815 \uacc4\ud68d\ud558\uae30<\/strong> \ub2f9\uc0ac \uc6f9\uc0ac\uc774\ud2b8\uc758 \uc0ac\uc6a9 \ub610\ub294 \uc0ac\uc6a9 \ubd88\ub2a5\uc73c\ub85c \uc778\ud574 \ubc1c\uc0dd\ud558\ub294 \ubaa8\ub4e0 \uc9c1\uc811\uc801, \uac04\uc811\uc801, \uc6b0\ubc1c\uc801 \ub610\ub294 \uacb0\uacfc\uc801 \uc190\ud574(\uc774\uc775 \uc190\uc2e4, \ub370\uc774\ud130 \uc190\uc2e4 \ub610\ub294 \uc5c5\ubb34 \uc911\ub2e8\uc744 \ud3ec\ud568\ud558\ub418 \uc774\uc5d0 \uad6d\ud55c\ub418\uc9c0 \uc54a\uc74c)\uc5d0 \ub300\ud574 \ucc45\uc784\uc744 \uc9c0\uc9c0 \uc54a\uc2b5\ub2c8\ub2e4.<\/p>\n\n\n\n<h3 class=\"wp-block-heading\">7. \uc800\uc791\uad8c<\/h3>\n\n\n\n<p>\ubcf8 \uc6f9\uc0ac\uc774\ud2b8\uc758 \ubaa8\ub4e0 \ucf58\ud150\uce20(\ud14d\uc2a4\ud2b8, \uc774\ubbf8\uc9c0, \ube44\ub514\uc624, \uadf8\ub798\ud53d \ud3ec\ud568)\ub294 \uc800\uc791\uad8c\uc73c\ub85c \ubcf4\ud638\ub418\uba70, \uc801\uc808\ud55c \ud5c8\uac00 \uc5c6\uc774\ub294 \ubcf5\uc81c\ud560 \uc218 \uc5c6\uc2b5\ub2c8\ub2e4. <strong>\uc7ac\uc815 \uacc4\ud68d\ud558\uae30<\/strong>.<\/p>\n\n\n\n<h3 class=\"wp-block-heading\">8. \uba74\ucc45 \uc870\ud56d \ubcc0\uacbd<\/h3>\n\n\n\n<p>\ub2f9\uc0ac\ub294 \uc5b8\uc81c\ub4e0\uc9c0 \ubcf8 \uba74\ucc45 \uc870\ud56d\uc744 \ubcc0\uacbd\ud560 \uc218 \uc788\uc2b5\ub2c8\ub2e4. \ubcc0\uacbd \uc0ac\ud56d\uc744 \ud30c\uc545\ud558\uae30 \uc704\ud574 \uc815\uae30\uc801\uc73c\ub85c \uc774 \ud398\uc774\uc9c0\ub97c \uac80\ud1a0\ud558\ub294 \uac83\uc774 \uc88b\uc2b5\ub2c8\ub2e4.<\/p>\n\n\n\n<h3 class=\"wp-block-heading\">9. \uc5f0\ub77d\ucc98<\/h3>\n\n\n\n<p>\uc774 \uba74\ucc45 \uc870\ud56d\uc5d0 \ub300\ud574 \uc9c8\ubb38\uc774\ub098 \uc6b0\ub824 \uc0ac\ud56d\uc774 \uc788\uc73c\uc2dc\uba74 \ub2e4\uc74c \uc8fc\uc18c\ub85c \ubb38\uc758\ud574 \uc8fc\uc2dc\uae30 \ubc14\ub78d\ub2c8\ub2e4. <a><strong>contato@planejeasfinancas.com.br<\/strong><\/a>.<\/p>\n<\/body><\/html>","protected":false},"excerpt":{"rendered":"<p>Descargo de Responsabilidade O conte\u00fado do Planeje as Finan\u00e7as \u00e9 fornecido para fins informativos e educacionais. Embora nos esforcemos para garantir a precis\u00e3o das informa\u00e7\u00f5es compartilhadas, n\u00e3o garantimos a precis\u00e3o, completude ou confiabilidade de qualquer conte\u00fado dispon\u00edvel neste site. As informa\u00e7\u00f5es fornecidas n\u00e3o devem ser interpretadas como aconselhamento financeiro profissional. 1. Informa\u00e7\u00f5es e Conte\u00fado As [&hellip;]<\/p>","protected":false},"author":2,"featured_media":0,"parent":0,"menu_order":0,"comment_status":"closed","ping_status":"closed","template":"","meta":{"footnotes":""},"class_list":["post-46","page","type-page","status-publish","hentry"],"_links":{"self":[{"href":"https:\/\/blog.planejeasfinancas.com.br\/ko\/wp-json\/wp\/v2\/pages\/46","targetHints":{"allow":["GET"]}}],"collection":[{"href":"https:\/\/blog.planejeasfinancas.com.br\/ko\/wp-json\/wp\/v2\/pages"}],"about":[{"href":"https:\/\/blog.planejeasfinancas.com.br\/ko\/wp-json\/wp\/v2\/types\/page"}],"author":[{"embeddable":true,"href":"https:\/\/blog.planejeasfinancas.com.br\/ko\/wp-json\/wp\/v2\/users\/2"}],"replies":[{"embeddable":true,"href":"https:\/\/blog.planejeasfinancas.com.br\/ko\/wp-json\/wp\/v2\/comments?post=46"}],"version-history":[{"count":1,"href":"https:\/\/blog.planejeasfinancas.com.br\/ko\/wp-json\/wp\/v2\/pages\/46\/revisions"}],"predecessor-version":[{"id":47,"href":"https:\/\/blog.planejeasfinancas.com.br\/ko\/wp-json\/wp\/v2\/pages\/46\/revisions\/47"}],"wp:attachment":[{"href":"https:\/\/blog.planejeasfinancas.com.br\/ko\/wp-json\/wp\/v2\/media?parent=46"}],"curies":[{"name":"wp","href":"https:\/\/api.w.org\/{rel}","templated":true}]}}