{"id":44,"date":"2025-04-02T00:16:21","date_gmt":"2025-04-02T03:16:21","guid":{"rendered":"https:\/\/blog.planejeasfinancas.com.br\/?page_id=44"},"modified":"2025-04-03T18:07:18","modified_gmt":"2025-04-03T21:07:18","slug":"contato","status":"publish","type":"page","link":"https:\/\/blog.planejeasfinancas.com.br\/ko\/contato\/","title":{"rendered":"\uc5f0\ub77d\ud558\ub2e4"},"content":{"rendered":"<html><body><p><strong>\uc5f0\ub77d\ud558\ub2e4<\/strong><\/p>\n\n\n\n<p>\uc548\ub155\ud558\uc138\uc694! \uc800\ud76c \uc5f0\ub77d\ucc98 \ud398\uc774\uc9c0\uc5d0 \uc624\uc2e0 \uac83\uc744 \ud658\uc601\ud569\ub2c8\ub2e4. \uc9c8\ubb38, \uc81c\uc548 \ub610\ub294 \uc758\uacac\uc774 \uc788\uc73c\uc2dc\uba74 \uc5b8\uc81c\ub4e0\uc9c0 \uc800\ud76c\uc5d0\uac8c \uc5f0\ub77d\ud574 \uc8fc\uc138\uc694. <strong>\uc7ac\uc815 \uacc4\ud68d\ud558\uae30<\/strong>. \ub2e4\uc74c \ubc29\ubc95\uc744 \ud1b5\ud574 \ubb38\uc758\ud574 \uc8fc\uc2dc\uae30 \ubc14\ub78d\ub2c8\ub2e4.<\/p>\n\n\n\n<h3 class=\"wp-block-heading\">\ubb38\uc758 \uc591\uc2dd<\/h3>\n\n\n\n<p>\uc880 \ub354 \uc9c1\uc811\uc801\uc778 \uc11c\ube44\uc2a4\ub97c \uc6d0\ud558\uc2dc\uba74 \uc544\ub798 \uc591\uc2dd\uc744 \uc791\uc131\ud574 \uc8fc\uc138\uc694. \uc800\ud76c \ud300\uc5d0\uc11c \ucd5c\ub300\ud55c \ube68\ub9ac \ub2f5\ubcc0\ud574 \ub4dc\ub9ac\uaca0\uc2b5\ub2c8\ub2e4.<\/p>\n\n\n\n<h3 class=\"wp-block-heading\">\uc774\uba54\uc77c<\/h3>\n\n\n\n<p>\uc774\uba54\uc77c\uc744 \ud1b5\ud574 \uc9c1\uc811 \ubb38\uc758\ud558\uc2dc\ub824\uba74 \ub2e4\uc74c \uc8fc\uc18c\ub85c \uba54\uc2dc\uc9c0\ub97c \ubcf4\ub0b4\uc8fc\uc138\uc694.<\/p>\n\n\n\n<p><strong><a class=\"\">contato@planejeasfinancas.com.br<\/a><\/strong><\/p>\n\n\n\n<h3 class=\"wp-block-heading\">\uc18c\uc15c \ubbf8\ub514\uc5b4<\/h3>\n\n\n\n<p>\uc5ec\ub7ec\ubd84\uc740 \uc18c\uc15c \ubbf8\ub514\uc5b4\uc5d0\uc11c \uc800\ud76c\ub97c \ud314\ub85c\uc6b0\ud558\uace0 \uc800\ud76c \ucf58\ud150\uce20\uc640 \uc18c\ud1b5\ud560 \uc218\ub3c4 \uc788\uc2b5\ub2c8\ub2e4. \uc6b0\ub9ac\ub294 \ub2e4\uc74c \ud50c\ub7ab\ud3fc\uc5d0 \uc874\uc7ac\ud569\ub2c8\ub2e4:<\/p>\n\n\n\n<ul class=\"wp-block-list\">\n<li>[\ud398\uc774\uc2a4\ubd81] <strong>\ud398\uc774\uc2a4\ubd81.com\/planjeasfinancas<\/strong><\/li>\n\n\n\n<li>[\uc778\uc2a4\ud0c0\uadf8\ub7a8] <strong>instagram.com\/planejeasfinancas<\/strong><\/li>\n\n\n\n<li>[\uc9c0\uc800\uadc0\ub2e4] <strong>\ud2b8\uc704\ud130.com\/plan_finances<\/strong><\/li>\n\n\n\n<li>[\ub9c1\ud06c\ub4dc\uc778] <strong>linkedin.com\/company\/planjeasfinancas<\/strong><\/li>\n<\/ul>\n\n\n\n<h3 class=\"wp-block-heading\">\uc8fc\uc18c<\/h3>\n\n\n\n<p>\uc9c1\uc811 \ubb38\uc758\ud558\uace0 \uc2f6\uc73c\uc2dc\uba74 \ub2e4\uc74c \uc8fc\uc18c\ub85c \uc5f0\ub77d\ud574 \uc8fc\uc138\uc694.<\/p>\n\n\n\n<p><strong>Paulista Avenue, 123 \u2013 \ub8f8 405<br>\uc0c1\ud30c\uc6b8\ub8e8, SP <\/strong><\/p>\n\n\n\n<p>\ubb38\uc758\ud574 \uc8fc\uc154\uc11c \uac10\uc0ac\ud569\ub2c8\ub2e4. \ucd5c\ub300\ud55c \ube68\ub9ac \ub2f5\ubcc0\ud574 \ub4dc\ub9ac\uaca0\uc2b5\ub2c8\ub2e4!<\/p>\n\n\n\n<p><strong>\uc7ac\uc815 \uacc4\ud68d\uc744 \uc138\uc6b0\uc138\uc694. \uc800\ud76c\uac00 \ub3c4\uc640\ub4dc\ub9ac\uaca0\uc2b5\ub2c8\ub2e4!<\/strong><\/p>\n\n\n\n<p>\uc774\uc81c \ud5c8\uad6c\uc758 \uc815\ubcf4\ub97c \ubc14\ud0d5\uc73c\ub85c \ud398\uc774\uc9c0\ub97c \uc0ac\uc6a9\ud560 \uc900\ube44\uac00 \ub418\uc5c8\uc2b5\ub2c8\ub2e4. \ucd94\uac00 \uc870\uc815\uc774 \ud544\uc694\ud558\uba74 \uc54c\ub824\uc8fc\uc138\uc694!<\/p>\n<\/body><\/html>","protected":false},"excerpt":{"rendered":"<p>Contato Ol\u00e1! Bem-vindo \u00e0 nossa p\u00e1gina de contato. Estamos aqui para ajudar voc\u00ea com qualquer d\u00favida, sugest\u00e3o ou coment\u00e1rio sobre o Planeje as Finan\u00e7as. Fique \u00e0 vontade para entrar em contato conosco atrav\u00e9s dos seguintes meios: Formul\u00e1rio de Contato Se voc\u00ea prefere um atendimento mais direto, preencha o formul\u00e1rio abaixo e nossa equipe responder\u00e1 o [&hellip;]<\/p>","protected":false},"author":2,"featured_media":0,"parent":0,"menu_order":0,"comment_status":"closed","ping_status":"closed","template":"template-contato.php","meta":{"footnotes":""},"class_list":["post-44","page","type-page","status-publish","hentry"],"_links":{"self":[{"href":"https:\/\/blog.planejeasfinancas.com.br\/ko\/wp-json\/wp\/v2\/pages\/44","targetHints":{"allow":["GET"]}}],"collection":[{"href":"https:\/\/blog.planejeasfinancas.com.br\/ko\/wp-json\/wp\/v2\/pages"}],"about":[{"href":"https:\/\/blog.planejeasfinancas.com.br\/ko\/wp-json\/wp\/v2\/types\/page"}],"author":[{"embeddable":true,"href":"https:\/\/blog.planejeasfinancas.com.br\/ko\/wp-json\/wp\/v2\/users\/2"}],"replies":[{"embeddable":true,"href":"https:\/\/blog.planejeasfinancas.com.br\/ko\/wp-json\/wp\/v2\/comments?post=44"}],"version-history":[{"count":2,"href":"https:\/\/blog.planejeasfinancas.com.br\/ko\/wp-json\/wp\/v2\/pages\/44\/revisions"}],"predecessor-version":[{"id":150,"href":"https:\/\/blog.planejeasfinancas.com.br\/ko\/wp-json\/wp\/v2\/pages\/44\/revisions\/150"}],"wp:attachment":[{"href":"https:\/\/blog.planejeasfinancas.com.br\/ko\/wp-json\/wp\/v2\/media?parent=44"}],"curies":[{"name":"wp","href":"https:\/\/api.w.org\/{rel}","templated":true}]}}