{"id":42,"date":"2025-04-02T00:13:58","date_gmt":"2025-04-02T03:13:58","guid":{"rendered":"https:\/\/blog.planejeasfinancas.com.br\/?page_id=42"},"modified":"2025-04-02T00:13:58","modified_gmt":"2025-04-02T03:13:58","slug":"quem-somos","status":"publish","type":"page","link":"https:\/\/blog.planejeasfinancas.com.br\/ko\/quem-somos\/","title":{"rendered":"\uc6b0\ub9ac\ub294 \ub204\uad6c\uc778\uac00"},"content":{"rendered":"<html><body><p><strong>\uc6b0\ub9ac\ub294 \ub204\uad6c\uc778\uac00<\/strong><\/p>\n\n\n\n<p>\ud658\uc601\ud569\ub2c8\ub2e4 <strong>\uc7ac\uc815 \uacc4\ud68d\ud558\uae30<\/strong>! \uc800\ud76c\ub294 \uae30\uc220, \uc720\uc6a9\ud55c \ud301, \uc560\ud50c\ub9ac\ucf00\uc774\uc158 \ubc0f \ub274\uc2a4\uc5d0 \ub300\ud55c \uad00\ub828\uc131 \uc788\ub294 \ucf58\ud150\uce20\ub97c \uc81c\uacf5\ud558\ub294 \ud3ec\ud138\uc785\ub2c8\ub2e4. \uc800\ud76c\uc758 \ubaa9\ud45c\ub294 \uc5ec\ub7ec\ubd84\uc758 \uc77c\uc0c1\uc0dd\ud65c\uc744 \ub354\uc6b1 \ud3b8\ub9ac\ud558\uac8c \ub9cc\ub4e4\uc5b4 \uc904 \uc811\uadfc \uac00\ub2a5\ud558\uace0 \uc2e4\uc6a9\uc801\uc778 \uc815\ubcf4\ub97c \uc81c\uacf5\ud558\uace0, \ub514\uc9c0\ud138 \uc2dc\uc7a5\uc758 \uc8fc\uc694 \ub3d9\ud5a5\uc5d0 \ub300\ud55c \ucd5c\uc2e0 \uc815\ubcf4\ub97c \uc81c\uacf5\ud558\ub294 \uac83\uc785\ub2c8\ub2e4.<\/p>\n\n\n\n<h3 class=\"wp-block-heading\">\uc6b0\ub9ac\uc758 \uc0ac\uba85<\/h3>\n\n\n\n<p>\uc6b0\ub9ac\ub294 \ub354 \uc548\uc804\ud558\uace0 \ud6a8\uc728\uc801\uc778 \uacb0\uc815\uc744 \ub0b4\ub9ac\ub824\uba74 \uc815\ubcf4\uac00 \ud544\uc218\uc801\uc774\ub77c\uace0 \ubbff\uc2b5\ub2c8\ub2e4. \ub530\ub77c\uc11c \uc800\ud76c\ub294 \uc5ec\ub7ec\ubd84\uc774 \uc774\uc6a9 \uac00\ub2a5\ud55c \uae30\uc220 \ub3c4\uad6c\ub97c \ub354 \uc798 \ud65c\uc6a9\ud560 \uc218 \uc788\ub3c4\ub85d \ub3d5\ub294 \uace0\ud488\uc9c8 \ucf58\ud150\uce20\ub97c \uc81c\uacf5\ud558\ub294 \ub370 \uc804\ub150\ud569\ub2c8\ub2e4.<\/p>\n\n\n\n<h3 class=\"wp-block-heading\">\uc6b0\ub9ac\uac00 \uc81c\uacf5\ud558\ub294 \uac83<\/h3>\n\n\n\n<ul class=\"wp-block-list\">\n<li><strong>\uc2e4\uc6a9\uc801\uc778 \ud301<\/strong>: \uc77c\uc0c1 \uc0dd\ud65c\uc744 \ub354\uc6b1 \ud3b8\ub9ac\ud558\uac8c \ub9cc\ub4e4\uace0 \ub514\uc9c0\ud138 \uacbd\ud5d8\uc744 \uac1c\uc120\ud558\ub294 \uc194\ub8e8\uc158\uc785\ub2c8\ub2e4.<\/li>\n\n\n\n<li><strong>\uae30\uc220<\/strong>: \ud601\uc2e0, \uae30\uae30 \ubc0f \uc0b0\uc5c5 \ub3d9\ud5a5\uc5d0 \ub300\ud55c \ub274\uc2a4\uc785\ub2c8\ub2e4.<\/li>\n\n\n\n<li><strong>\uc751\uc6a9 \ud504\ub85c\uadf8\ub7a8<\/strong>: \ub2e4\uc591\ud55c \ubaa9\uc801\uc5d0 \ub9de\ub294 \ucd5c\uace0\uc758 \uc571\uc5d0 \ub300\ud55c \ub9ac\ubdf0\uc640 \uc81c\uc548.<\/li>\n\n\n\n<li><strong>\uc18c\uc2dd<\/strong>: \ub514\uc9c0\ud138 \uc138\uacc4\uc640 \uae30\uc220\uc758 \ucd5c\uc2e0 \uc18c\uc2dd\uacfc \uad00\ub828 \uc0ac\uc2e4.<\/li>\n<\/ul>\n\n\n\n<h3 class=\"wp-block-heading\">\uc6b0\ub9ac \ud300<\/h3>\n\n\n\n<p>\uc800\ud76c \ud300\uc740 \uae30\uc220\uacfc \ud601\uc2e0\uc5d0 \uc5f4\uc815\uc744 \uac00\uc9c4 \uc804\ubb38\uac00\ub4e4\ub85c \uad6c\uc131\ub418\uc5b4 \uc788\uc73c\uba70, \ud56d\uc0c1 \uc0c8\ub85c\uc6b4 \uac1c\ubc1c \uc0ac\ud56d\uc744 \ucc3e\uc544 \ub3c5\uc790\ub4e4\uc5d0\uac8c \ucd5c\uc2e0\uc758 \uad00\ub828\uc131 \uc788\ub294 \ucf58\ud150\uce20\ub97c \uc81c\uacf5\ud569\ub2c8\ub2e4.<\/p>\n\n\n\n<h3 class=\"wp-block-heading\">\uc5f0\ub77d\ud558\uc138\uc694<\/h3>\n\n\n\n<p>\uc9c8\ubb38\uc774\ub098 \uc81c\uc548 \uc0ac\ud56d\uc774 \uc788\uac70\ub098 \uc800\ud76c\uc640 \ud611\ub825\ud558\uace0 \uc2f6\uc73c\uc2dc\uba74 \uc774\uba54\uc77c\ub85c \ubb38\uc758\ud574 \uc8fc\uc138\uc694. <strong>blog.planejeasfinancas@gmail.com<\/strong>.<\/p>\n\n\n\n<p>\ucd5c\uc2e0 \uc18c\uc2dd\uc744 \ud314\ub85c\uc6b0\ud558\uace0 \uae30\uc220\uacfc \ud601\uc2e0\uc758 \uc138\uacc4\ub97c \ucd5c\uc2e0\uc73c\ub85c \uc54c\uc544\ubcf4\uc138\uc694!<\/p>\n\n\n\n<hr class=\"wp-block-separator has-alpha-channel-opacity\">\n\n\n\n<p><strong>\uc7ac\uc815\uc744 \uacc4\ud68d\ud558\uc138\uc694 - \uc815\ubcf4\uc640 \uae30\uc220\uc744 \uc190\ub05d\uc5d0\uc11c!<\/strong><\/p>\n<\/body><\/html>","protected":false},"excerpt":{"rendered":"<p>Quem Somos Bem-vindo ao Planeje as Finan\u00e7as! Somos um portal dedicado a trazer conte\u00fados relevantes sobre tecnologia, dicas \u00fateis, aplicativos e not\u00edcias. Nosso objetivo \u00e9 fornecer informa\u00e7\u00f5es acess\u00edveis e pr\u00e1ticas para facilitar o seu dia a dia e mant\u00ea-lo atualizado com as principais tend\u00eancias do mercado digital. Nossa Miss\u00e3o Acreditamos que a informa\u00e7\u00e3o \u00e9 essencial [&hellip;]<\/p>","protected":false},"author":2,"featured_media":0,"parent":0,"menu_order":0,"comment_status":"closed","ping_status":"closed","template":"","meta":{"footnotes":""},"class_list":["post-42","page","type-page","status-publish","hentry"],"_links":{"self":[{"href":"https:\/\/blog.planejeasfinancas.com.br\/ko\/wp-json\/wp\/v2\/pages\/42","targetHints":{"allow":["GET"]}}],"collection":[{"href":"https:\/\/blog.planejeasfinancas.com.br\/ko\/wp-json\/wp\/v2\/pages"}],"about":[{"href":"https:\/\/blog.planejeasfinancas.com.br\/ko\/wp-json\/wp\/v2\/types\/page"}],"author":[{"embeddable":true,"href":"https:\/\/blog.planejeasfinancas.com.br\/ko\/wp-json\/wp\/v2\/users\/2"}],"replies":[{"embeddable":true,"href":"https:\/\/blog.planejeasfinancas.com.br\/ko\/wp-json\/wp\/v2\/comments?post=42"}],"version-history":[{"count":1,"href":"https:\/\/blog.planejeasfinancas.com.br\/ko\/wp-json\/wp\/v2\/pages\/42\/revisions"}],"predecessor-version":[{"id":43,"href":"https:\/\/blog.planejeasfinancas.com.br\/ko\/wp-json\/wp\/v2\/pages\/42\/revisions\/43"}],"wp:attachment":[{"href":"https:\/\/blog.planejeasfinancas.com.br\/ko\/wp-json\/wp\/v2\/media?parent=42"}],"curies":[{"name":"wp","href":"https:\/\/api.w.org\/{rel}","templated":true}]}}