{"id":3,"date":"2025-04-01T10:43:41","date_gmt":"2025-04-01T13:43:41","guid":{"rendered":"https:\/\/blog.planejeasfinancas.com.br\/?page_id=3"},"modified":"2025-04-02T00:09:59","modified_gmt":"2025-04-02T03:09:59","slug":"politica-de-privacidade","status":"publish","type":"page","link":"https:\/\/blog.planejeasfinancas.com.br\/ko\/politica-de-privacidade\/","title":{"rendered":"\uac1c\uc778\uc815\ubcf4 \ubcf4\ud638\uc815\ucc45"},"content":{"rendered":"<html><body><h2 class=\"wp-block-heading\"><strong>\uac1c\uc778\uc815\ubcf4 \ubcf4\ud638\uc815\ucc45<\/strong><\/h2>\n\n\n\n<p><strong>\ub9c8\uc9c0\ub9c9 \uc5c5\ub370\uc774\ud2b8:<\/strong> 01\/04\/2025<\/p>\n\n\n\n<p>\ud658\uc601\ud569\ub2c8\ub2e4 <strong>\ube14\ub85c\uadf8<\/strong> <strong>\uc7ac\uc815 \uacc4\ud68d\ud558\uae30<\/strong>! \uadc0\ud558\uc758 \uac1c\uc778\uc815\ubcf4\ub294 \uc800\ud76c\uc5d0\uac8c \uc911\uc694\ud569\ub2c8\ub2e4. \ubcf8 \uac1c\uc778\uc815\ubcf4 \ubcf4\ud638\uc815\ucc45\uc740 \uadc0\ud558\uac00 \ub2f9\uc0ac \uc6f9\uc0ac\uc774\ud2b8\ub97c \ubc29\ubb38\ud560 \ub54c \ub2f9\uc0ac\uac00 \uadc0\ud558\uc758 \uc815\ubcf4\ub97c \uc218\uc9d1, \uc0ac\uc6a9, \uacf5\uc720 \ubc0f \ubcf4\ud638\ud558\ub294 \ubc29\ubc95\uc744 \uc124\uba85\ud569\ub2c8\ub2e4. <a><strong>https:\/\/blog.planejeasfinancas.com.br<\/strong><\/a>.<\/p>\n\n\n\n<h3 class=\"wp-block-heading\">1. \uc815\ubcf4 \uc218\uc9d1<\/h3>\n\n\n\n<p>\ub2e4\uc74c\uc744 \ud3ec\ud568\ud55c \ub2e4\uc591\ud55c \ubc29\ubc95\uc73c\ub85c \uc815\ubcf4\ub97c \uc218\uc9d1\ud560 \uc218 \uc788\uc2b5\ub2c8\ub2e4.<\/p>\n\n\n\n<ul class=\"wp-block-list\">\n<li><strong>\uc0ac\uc6a9\uc790 \uc81c\uacf5 \uc815\ubcf4<\/strong>: \ub274\uc2a4\ub808\ud130 \uad6c\ub3c5\uc774\ub098 \ubb38\uc758 \uc2dc \uc790\ubc1c\uc801\uc73c\ub85c \uc81c\uacf5\ud558\ub294 \uc774\ub984, \uc774\uba54\uc77c, \uae30\ud0c0 \uc815\ubcf4\uc785\ub2c8\ub2e4.<\/li>\n\n\n\n<li><strong>\uc790\ub3d9 \uc815\ubcf4<\/strong>: \uac80\uc0c9 \ub370\uc774\ud130, IP \uc8fc\uc18c, \ube0c\ub77c\uc6b0\uc800 \uc720\ud615, \uc18c\uc694 \uc2dc\uac04 \ubc0f \uc561\uc138\uc2a4\ud55c \ud398\uc774\uc9c0.<\/li>\n\n\n\n<li><strong>\ucfe0\ud0a4 \ubc0f \uc720\uc0ac \uae30\uc220<\/strong>: \ucfe0\ud0a4\ub97c \uc0ac\uc6a9\ud558\uc5ec \uc0ac\uc6a9\uc790 \uacbd\ud5d8\uc744 \uac1c\uc120\ud558\uace0 \ucf58\ud150\uce20\ub97c \uac1c\uc778\ud654\ud569\ub2c8\ub2e4.<\/li>\n<\/ul>\n\n\n\n<h3 class=\"wp-block-heading\">2. \uc815\ubcf4\uc758 \uc0ac\uc6a9<\/h3>\n\n\n\n<p>\uc218\uc9d1\ub41c \uc815\ubcf4\ub294 \ub2e4\uc74c \ubaa9\uc801\uc73c\ub85c \uc0ac\uc6a9\ub420 \uc218 \uc788\uc2b5\ub2c8\ub2e4.<\/p>\n\n\n\n<ul class=\"wp-block-list\">\n<li>\uc6f9\uc0ac\uc774\ud2b8\uc5d0\uc11c\uc758 \uacbd\ud5d8\uc744 \uac1c\uc778\ud654\ud558\uc138\uc694.<\/li>\n\n\n\n<li>\ub2f9\uc0ac\uc758 \uc11c\ube44\uc2a4\uc640 \ucf58\ud150\uce20\ub97c \uac1c\uc120\ud569\ub2c8\ub2e4.<\/li>\n\n\n\n<li>\uc815\ubcf4 \uc81c\uacf5 \ub610\ub294 \ud64d\ubcf4 \uc774\uba54\uc77c\uc744 \ubcf4\ub0c5\ub2c8\ub2e4(\uc0ac\uc6a9\uc790\uc758 \uc2b9\uc778\uc774 \uc788\ub294 \uacbd\uc6b0).<\/li>\n\n\n\n<li>\uc0ac\uc6a9 \ubc0f \ud589\ub3d9 \ud1b5\uacc4\ub97c \ubd84\uc11d\ud569\ub2c8\ub2e4.<\/li>\n<\/ul>\n\n\n\n<h3 class=\"wp-block-heading\">3. \uc815\ubcf4 \uacf5\uc720<\/h3>\n\n\n\n<p>\uc6b0\ub9ac\ub294 \ub2e4\uc74c\uc744 \uc81c\uc678\ud558\uace0 \uadc0\ud558\uc758 \uac1c\uc778 \uc815\ubcf4\ub97c \uc81c3\uc790\uc640 \uacf5\uc720\ud558\uc9c0 \uc54a\uc2b5\ub2c8\ub2e4.<\/p>\n\n\n\n<ul class=\"wp-block-list\">\n<li>\ubc95\ub960\uc5d0 \uc758\ud574 \uc694\uad6c\ub418\ub294 \uacbd\uc6b0<\/li>\n\n\n\n<li>\uc6f9\uc0ac\uc774\ud2b8 \uc6b4\uc601\uc744 \uc9c0\uc6d0\ud558\ub294 \uc11c\ube44\uc2a4 \uc81c\uacf5\uc790(\uc608: \uc774\uba54\uc77c \ub9c8\ucf00\ud305 \ubc0f \ub370\uc774\ud130 \ubd84\uc11d \uc81c\uacf5\uc790)\uc640 \ud568\uaed8;<\/li>\n\n\n\n<li>\ub2f9\uc0ac\uc758 \ud569\ubc95\uc801 \uad8c\ub9ac\uc640 \uc0ac\uc6a9\uc790\uc758 \uc548\uc804\uc744 \ubcf4\ud638\ud558\uae30 \uc704\ud568\uc785\ub2c8\ub2e4.<\/li>\n<\/ul>\n\n\n\n<h3 class=\"wp-block-heading\">4. \ucfe0\ud0a4 \ubc0f \ucd94\uc801 \uae30\uc220<\/h3>\n\n\n\n<p>\uc6b0\ub9ac\ub294 \ucfe0\ud0a4\ub97c \ub2e4\uc74c\uacfc \uac19\uc740 \ubaa9\uc801\uc73c\ub85c \uc0ac\uc6a9\ud569\ub2c8\ub2e4:<\/p>\n\n\n\n<ul class=\"wp-block-list\">\n<li>\ud0d0\uc0c9 \uae30\ub2a5\uacfc \uc0ac\uc6a9\uc790 \uacbd\ud5d8\uc744 \uac1c\uc120\ud569\ub2c8\ub2e4.<\/li>\n\n\n\n<li>\uc6f9\uc0ac\uc774\ud2b8 \ud2b8\ub798\ud53d\uc744 \ubd84\uc11d\ud569\ub2c8\ub2e4.<\/li>\n\n\n\n<li>\ud0c0\uc0ac \uc11c\ube44\uc2a4(Google Ads, Facebook Ads \ub4f1)\ub97c \ud1b5\ud574 \uac1c\uc778\ud654\ub41c \uad11\uace0\ub97c \ud45c\uc2dc\ud569\ub2c8\ub2e4.<\/li>\n<\/ul>\n\n\n\n<p>\ube0c\ub77c\uc6b0\uc800\uc5d0\uc11c \uc9c1\uc811 \ucfe0\ud0a4\ub97c \uad00\ub9ac\ud558\uac70\ub098 \ube44\ud65c\uc131\ud654\ud560 \uc218 \uc788\uc2b5\ub2c8\ub2e4.<\/p>\n\n\n\n<h3 class=\"wp-block-heading\">5. \ub370\uc774\ud130 \ubcf4\uc548<\/h3>\n\n\n\n<p>\ub2f9\uc0ac\ub294 \uadc0\ud558\uc758 \uc815\ubcf4\uac00 \ubb34\ub2e8 \uc811\uadfc, \ubcc0\uacbd \ub610\ub294 \ubd80\uc801\uc808\ud55c \uacf5\uac1c\ub85c\ubd80\ud130 \ubcf4\ud638\ub418\ub3c4\ub85d \ubcf4\uc548 \uc870\uce58\ub97c \uc2dc\ud589\ud569\ub2c8\ub2e4.<\/p>\n\n\n\n<h3 class=\"wp-block-heading\">6. \uc678\ubd80 \uc0ac\uc774\ud2b8 \ub9c1\ud06c<\/h3>\n\n\n\n<p>\ub2f9\uc0ac \uc6f9\uc0ac\uc774\ud2b8\uc5d0\ub294 \uc81c3\uc790 \uc6f9\uc0ac\uc774\ud2b8\ub85c\uc758 \ub9c1\ud06c\uac00 \ud3ec\ud568\ub418\uc5b4 \uc788\uc744 \uc218 \uc788\uc2b5\ub2c8\ub2e4. \uc6b0\ub9ac\ub294 \uc774\ub7ec\ud55c \uc6f9\uc0ac\uc774\ud2b8\uc758 \uac1c\uc778\uc815\ubcf4 \ubcf4\ud638\uc815\ucc45\uc5d0 \ub300\ud574 \ucc45\uc784\uc744 \uc9c0\uc9c0 \uc54a\uc2b5\ub2c8\ub2e4.<\/p>\n\n\n\n<h3 class=\"wp-block-heading\">7. \uc0ac\uc6a9\uc790 \uad8c\ud55c<\/h3>\n\n\n\n<p>\ub2f9\uc2e0\uc740 \ub2e4\uc74c\uacfc \uac19\uc740 \uad8c\ub9ac\ub97c \uac16\uc2b5\ub2c8\ub2e4:<\/p>\n\n\n\n<ul class=\"wp-block-list\">\n<li>\uadc0\ud558\uc758 \uac1c\uc778 \uc815\ubcf4\uc5d0 \uc811\uadfc, \uc218\uc815 \ub610\ub294 \uc0ad\uc81c\ud569\ub2c8\ub2e4.<\/li>\n\n\n\n<li>\uadc0\ud558\uc758 \ub370\uc774\ud130 \uc0ac\uc6a9\uc5d0 \ub300\ud55c \ub3d9\uc758\ub97c \ucca0\ud68c\ud569\ub2c8\ub2e4.<\/li>\n\n\n\n<li>\uadc0\ud558\uc758 \ub370\uc774\ud130 \uc0ac\uc6a9\uc5d0 \ub300\ud55c \uc815\ubcf4\ub97c \uc694\uccad\ud558\uc138\uc694.<\/li>\n<\/ul>\n\n\n\n<p>\uadc0\ud558\uc758 \uad8c\ub9ac\ub97c \ud589\uc0ac\ud558\ub824\uba74 \uc774\uba54\uc77c\uc744 \ud1b5\ud574 \ubb38\uc758\ud574 \uc8fc\uc138\uc694. <strong>[\uc5f0\ub77d\ucc98 \uc774\uba54\uc77c]<\/strong>.<\/p>\n\n\n\n<h3 class=\"wp-block-heading\">8. \uac1c\uc778\uc815\ubcf4 \ubcf4\ud638\uc815\ucc45 \ubcc0\uacbd<\/h3>\n\n\n\n<p>\ub2f9\uc0ac\ub294 \uc218\uc2dc\ub85c \ubcf8 \uac1c\uc778\uc815\ubcf4 \ubcf4\ud638\uc815\ucc45\uc744 \uc5c5\ub370\uc774\ud2b8\ud560 \uc218 \uc788\uc2b5\ub2c8\ub2e4. \ubcc0\uacbd \uc0ac\ud56d\uc744 \ud30c\uc545\ud558\uae30 \uc704\ud574 \uc815\uae30\uc801\uc73c\ub85c \uc774 \ud398\uc774\uc9c0\ub97c \uac80\ud1a0\ud558\ub294 \uac83\uc774 \uc88b\uc2b5\ub2c8\ub2e4.<\/p>\n\n\n\n<h3 class=\"wp-block-heading\">9. \uc5f0\ub77d\ucc98<\/h3>\n\n\n\n<p>\ubcf8 \uac1c\uc778\uc815\ubcf4 \ubcf4\ud638\uc815\ucc45\uc5d0 \uad00\ud55c \uc9c8\ubb38\uc774 \uc788\uc73c\uc2dc\uba74 \uc774\uba54\uc77c\ub85c \ubb38\uc758\ud574 \uc8fc\uc2dc\uae30 \ubc14\ub78d\ub2c8\ub2e4. <strong>blog.planejeasfinancas@gmail.com<\/strong>.<\/p>\n\n\n\n<hr class=\"wp-block-separator has-alpha-channel-opacity\">\n\n\n\n<p>\uacc4\uc18d\ud574\uc11c \ub2f9\uc0ac \uc6f9\uc0ac\uc774\ud2b8\ub97c \uc0ac\uc6a9\ud568\uc73c\ub85c\uc368 \uadc0\ud558\ub294 \ubcf8 \uac1c\uc778\uc815\ubcf4 \ubcf4\ud638\uc815\ucc45\uc758 \uc870\uac74\uc5d0 \ub3d9\uc758\ud558\uac8c \ub429\ub2c8\ub2e4.<\/p>\n<\/body><\/html>","protected":false},"excerpt":{"rendered":"<p>Pol\u00edtica de Privacidade \u00daltima Atualiza\u00e7\u00e3o: 01\/04\/2025 Bem-vindo ao Blog Planeje as Finan\u00e7as! A sua privacidade \u00e9 importante para n\u00f3s. Esta Pol\u00edtica de Privacidade explica como coletamos, usamos, compartilhamos e protegemos suas informa\u00e7\u00f5es ao acessar nosso site https:\/\/blog.planejeasfinancas.com.br. 1. Coleta de Informa\u00e7\u00f5es Podemos coletar informa\u00e7\u00f5es de diferentes formas, incluindo: 2. Uso das Informa\u00e7\u00f5es As informa\u00e7\u00f5es coletadas [&hellip;]<\/p>","protected":false},"author":1,"featured_media":0,"parent":0,"menu_order":0,"comment_status":"closed","ping_status":"open","template":"","meta":{"footnotes":""},"class_list":["post-3","page","type-page","status-publish","hentry"],"_links":{"self":[{"href":"https:\/\/blog.planejeasfinancas.com.br\/ko\/wp-json\/wp\/v2\/pages\/3","targetHints":{"allow":["GET"]}}],"collection":[{"href":"https:\/\/blog.planejeasfinancas.com.br\/ko\/wp-json\/wp\/v2\/pages"}],"about":[{"href":"https:\/\/blog.planejeasfinancas.com.br\/ko\/wp-json\/wp\/v2\/types\/page"}],"author":[{"embeddable":true,"href":"https:\/\/blog.planejeasfinancas.com.br\/ko\/wp-json\/wp\/v2\/users\/1"}],"replies":[{"embeddable":true,"href":"https:\/\/blog.planejeasfinancas.com.br\/ko\/wp-json\/wp\/v2\/comments?post=3"}],"version-history":[{"count":2,"href":"https:\/\/blog.planejeasfinancas.com.br\/ko\/wp-json\/wp\/v2\/pages\/3\/revisions"}],"predecessor-version":[{"id":41,"href":"https:\/\/blog.planejeasfinancas.com.br\/ko\/wp-json\/wp\/v2\/pages\/3\/revisions\/41"}],"wp:attachment":[{"href":"https:\/\/blog.planejeasfinancas.com.br\/ko\/wp-json\/wp\/v2\/media?parent=3"}],"curies":[{"name":"wp","href":"https:\/\/api.w.org\/{rel}","templated":true}]}}