{"id":48,"date":"2025-04-02T00:20:13","date_gmt":"2025-04-02T03:20:13","guid":{"rendered":"https:\/\/blog.planejeasfinancas.com.br\/?page_id=48"},"modified":"2025-04-02T00:20:22","modified_gmt":"2025-04-02T03:20:22","slug":"termos-e-condicoes","status":"publish","type":"page","link":"https:\/\/blog.planejeasfinancas.com.br\/it\/termos-e-condicoes\/","title":{"rendered":"Termini e Condizioni"},"content":{"rendered":"<html><body><h2 class=\"wp-block-heading\">Termini e Condizioni<\/h2>\n\n\n\n<p>Benvenuti a <strong>Pianifica le tue finanze<\/strong>! Accedendo e utilizzando il nostro sito web <strong><a class=\"\" href=\"https:\/\/blog.planejeasfinancas.com.br\/it\/\">https:\/\/blog.planejeasfinancas.com.br<\/a><\/strong>, accetti i seguenti Termini e Condizioni. Si prega di leggere attentamente.<\/p>\n\n\n\n<h3 class=\"wp-block-heading\">1. Accettazione dei Termini<\/h3>\n\n\n\n<p>Quando si utilizza il sito web <strong>Pianifica le tue finanze<\/strong>, accetti di rispettare e di essere vincolato dai presenti Termini e Condizioni, che possono essere modificati in qualsiasi momento senza preavviso. L&#039;uso continuato del sito web dopo le modifiche ai Termini costituisce l&#039;accettazione di tali modifiche.<\/p>\n\n\n\n<h3 class=\"wp-block-heading\">2. Utilizzo del Sito<\/h3>\n\n\n\n<p>L&#039;utente accetta di utilizzare il nostro sito web in modo lecito e appropriato e senza violare alcuna legge o regolamento applicabile. L&#039;uso dei nostri contenuti per scopi illegali o proibiti \u00e8 severamente proibito.<\/p>\n\n\n\n<h3 class=\"wp-block-heading\">3. Propriet\u00e0 intellettuale<\/h3>\n\n\n\n<p>Tutti i contenuti di questo sito web, compresi testi, immagini, video, grafica e loghi, sono protetti da copyright, marchi registrati e altre leggi sulla propriet\u00e0 intellettuale. L&#039;uso non autorizzato di qualsiasi contenuto senza la dovuta autorizzazione \u00e8 severamente proibito.<\/p>\n\n\n\n<h3 class=\"wp-block-heading\">4. Responsabilit\u00e0 per i contenuti<\/h3>\n\n\n\n<p>Le informazioni contenute nel <strong>Pianifica le tue finanze<\/strong> sono forniti a scopo informativo e didattico. Non garantiamo che le informazioni siano accurate, complete o aggiornate. L&#039;utilizzo dei nostri contenuti \u00e8 a vostro rischio e pericolo. Per qualsiasi consiglio specifico, ad esempio di natura finanziaria o legale, dovresti consultare un professionista qualificato.<\/p>\n\n\n\n<h3 class=\"wp-block-heading\">5. Collegamenti a siti di terze parti<\/h3>\n\n\n\n<p>Il nostro sito web potrebbe contenere link ad altri siti web di terze parti. Questi link sono forniti solo per comodit\u00e0. Non siamo responsabili del contenuto o delle pratiche sulla privacy dei siti web esterni. Ti invitiamo a leggere i Termini e Condizioni e le Norme sulla Privacy di qualsiasi sito web a cui accedi tramite un link presente sul nostro sito.<\/p>\n\n\n\n<h3 class=\"wp-block-heading\">6. Limitazione di responsabilit\u00e0<\/h3>\n\n\n\n<p>In nessun caso, il <strong>Pianifica le tue finanze<\/strong> sar\u00e0 ritenuta responsabile per eventuali danni diretti, indiretti, incidentali o consequenziali derivanti dall&#039;uso o dall&#039;impossibilit\u00e0 di utilizzare il nostro sito web, inclusi, a titolo esemplificativo ma non esaustivo, la perdita di dati, profitti o interruzione dell&#039;attivit\u00e0.<\/p>\n\n\n\n<h3 class=\"wp-block-heading\">7. Modifiche al Sito<\/h3>\n\n\n\n<p>Ci riserviamo il diritto di cambiare, modificare, sospendere o interrompere qualsiasi parte del Sito in qualsiasi momento e senza preavviso. Non siamo responsabili per eventuali guasti o interruzioni nei servizi forniti.<\/p>\n\n\n\n<h3 class=\"wp-block-heading\">8. Privacy e cookie<\/h3>\n\n\n\n<p>Utilizzando il nostro sito web, accetti la nostra Informativa sulla privacy, che descrive come raccogliamo, utilizziamo e proteggiamo i tuoi dati personali. Per ulteriori informazioni, consulta la nostra Informativa sulla privacy.<\/p>\n\n\n\n<h3 class=\"wp-block-heading\">9. Divieti<\/h3>\n\n\n\n<p>Accetti di non:<\/p>\n\n\n\n<ul class=\"wp-block-list\">\n<li>Utilizzare il sito web in un modo che potrebbe danneggiarne o interromperne il funzionamento;<\/li>\n\n\n\n<li>Inviare virus o altri codici dannosi;<\/li>\n\n\n\n<li>Utilizzare il sito web per scopi fraudolenti o dannosi.<\/li>\n<\/ul>\n\n\n\n<h3 class=\"wp-block-heading\">10. Modifiche ai Termini e Condizioni<\/h3>\n\n\n\n<p>Potremmo modificare i presenti Termini e Condizioni in qualsiasi momento e ti consigliamo di rivederli periodicamente. L&#039;uso continuato del Sito dopo tali modifiche costituir\u00e0 accettazione dei nuovi Termini.<\/p>\n\n\n\n<h3 class=\"wp-block-heading\">11. Legge applicabile<\/h3>\n\n\n\n<p>I presenti Termini e Condizioni sono regolati dalla legge brasiliana. Ogni controversia relativa ai presenti Termini sar\u00e0 risolta nei tribunali competenti della citt\u00e0 di San Paolo, SP.<\/p>\n\n\n\n<h3 class=\"wp-block-heading\">12. Contatti<\/h3>\n\n\n\n<p>Se avete domande o dubbi sui Termini e Condizioni di questo sito web, vi preghiamo di contattarci via e-mail all&#039;indirizzo: <strong><a class=\"\">contato@planejeasfinancas.com.br<\/a><\/strong>.<\/p>\n\n\n\n<p><strong>Pianifica le tue finanze<\/strong> \u2013 Siamo disponibili ad aiutarti!<\/p>\n<\/body><\/html>","protected":false},"excerpt":{"rendered":"<p>Termos e Condi\u00e7\u00f5es Bem-vindo ao Planeje as Finan\u00e7as! Ao acessar e utilizar nosso site https:\/\/blog.planejeasfinancas.com.br, voc\u00ea concorda com os seguintes Termos e Condi\u00e7\u00f5es. Por favor, leia atentamente. 1. Aceita\u00e7\u00e3o dos Termos Ao utilizar o site Planeje as Finan\u00e7as, voc\u00ea concorda em cumprir e estar vinculado a estes Termos e Condi\u00e7\u00f5es, que podem ser alterados a [&hellip;]<\/p>","protected":false},"author":2,"featured_media":0,"parent":0,"menu_order":0,"comment_status":"closed","ping_status":"closed","template":"","meta":{"footnotes":""},"class_list":["post-48","page","type-page","status-publish","hentry"],"_links":{"self":[{"href":"https:\/\/blog.planejeasfinancas.com.br\/it\/wp-json\/wp\/v2\/pages\/48","targetHints":{"allow":["GET"]}}],"collection":[{"href":"https:\/\/blog.planejeasfinancas.com.br\/it\/wp-json\/wp\/v2\/pages"}],"about":[{"href":"https:\/\/blog.planejeasfinancas.com.br\/it\/wp-json\/wp\/v2\/types\/page"}],"author":[{"embeddable":true,"href":"https:\/\/blog.planejeasfinancas.com.br\/it\/wp-json\/wp\/v2\/users\/2"}],"replies":[{"embeddable":true,"href":"https:\/\/blog.planejeasfinancas.com.br\/it\/wp-json\/wp\/v2\/comments?post=48"}],"version-history":[{"count":2,"href":"https:\/\/blog.planejeasfinancas.com.br\/it\/wp-json\/wp\/v2\/pages\/48\/revisions"}],"predecessor-version":[{"id":50,"href":"https:\/\/blog.planejeasfinancas.com.br\/it\/wp-json\/wp\/v2\/pages\/48\/revisions\/50"}],"wp:attachment":[{"href":"https:\/\/blog.planejeasfinancas.com.br\/it\/wp-json\/wp\/v2\/media?parent=48"}],"curies":[{"name":"wp","href":"https:\/\/api.w.org\/{rel}","templated":true}]}}