{"id":46,"date":"2025-04-02T00:18:08","date_gmt":"2025-04-02T03:18:08","guid":{"rendered":"https:\/\/blog.planejeasfinancas.com.br\/?page_id=46"},"modified":"2025-04-02T00:18:09","modified_gmt":"2025-04-02T03:18:09","slug":"descargo-de-responsabilidade","status":"publish","type":"page","link":"https:\/\/blog.planejeasfinancas.com.br\/it\/descargo-de-responsabilidade\/","title":{"rendered":"Esclusione di responsabilit\u00e0"},"content":{"rendered":"<html><body><h2 class=\"wp-block-heading\">Esclusione di responsabilit\u00e0<\/h2>\n\n\n\n<p>Il contenuto del <strong>Pianifica le tue finanze<\/strong> \u00e8 fornito solo a scopo informativo e didattico. Sebbene ci impegniamo a garantire l&#039;accuratezza delle informazioni condivise, non possiamo garantire l&#039;accuratezza, la completezza o l&#039;affidabilit\u00e0 di alcun contenuto disponibile su questo sito web. Le informazioni fornite non devono essere interpretate come consulenza finanziaria professionale.<\/p>\n\n\n\n<h3 class=\"wp-block-heading\">1. Informazioni e contenuti<\/h3>\n\n\n\n<p>Le informazioni contenute in questo sito web si basano su fonti che riteniamo affidabili. Tuttavia, non siamo responsabili per eventuali errori, omissioni o danni derivanti dall&#039;uso delle informazioni presentate.<\/p>\n\n\n\n<h3 class=\"wp-block-heading\">2. Consulenza professionale<\/h3>\n\n\n\n<p>Le informazioni fornite nel <strong>Pianifica le tue finanze<\/strong> Non sostituiscono la consulenza di un professionista qualificato nel settore della finanza, degli investimenti o di qualsiasi altra specializzazione. Ti consigliamo di consultare un consulente finanziario o uno specialista prima di prendere decisioni importanti sulla base delle informazioni contenute in questo sito web.<\/p>\n\n\n\n<h3 class=\"wp-block-heading\">3. Collegamenti a siti esterni<\/h3>\n\n\n\n<p>Il nostro sito web potrebbe contenere link a siti web di terze parti. Non siamo responsabili del contenuto o delle pratiche sulla privacy di questi siti. Ti invitiamo a leggere le informative sulla privacy e i termini di utilizzo di qualsiasi sito web a cui accedi tramite un link presente sul nostro sito.<\/p>\n\n\n\n<h3 class=\"wp-block-heading\">4. Risultati e garanzie<\/h3>\n\n\n\n<p>Non garantiamo che l&#039;uso delle informazioni o degli strumenti offerti sul sito web porter\u00e0 a risultati specifici o che sar\u00e0 privo di errori o ininterrotto. La responsabilit\u00e0 per l&#039;uso di qualsiasi risorsa o informazione fornita ricade sull&#039;utente.<\/p>\n\n\n\n<h3 class=\"wp-block-heading\">5. Modifiche al contenuto<\/h3>\n\n\n\n<p>Il contenuto di questo sito web pu\u00f2 cambiare senza preavviso. Ci riserviamo il diritto di modificare, aggiornare o rimuovere qualsiasi informazione, senza che ci\u00f2 comporti alcun tipo di obbligo o responsabilit\u00e0 da parte nostra.<\/p>\n\n\n\n<h3 class=\"wp-block-heading\">6. Responsabilit\u00e0 limitata<\/h3>\n\n\n\n<p>In nessun caso, il <strong>Pianifica le tue finanze<\/strong> non potr\u00e0 essere ritenuto responsabile per eventuali danni diretti, indiretti, incidentali o consequenziali derivanti dall&#039;uso o dall&#039;impossibilit\u00e0 di utilizzare il nostro sito web, inclusi, a titolo esemplificativo ma non esaustivo, mancati profitti, perdita di dati o interruzione dell&#039;attivit\u00e0.<\/p>\n\n\n\n<h3 class=\"wp-block-heading\">7. Diritto d&#039;autore<\/h3>\n\n\n\n<p>Tutti i contenuti di questo sito web, compresi testi, immagini, video e grafica, sono protetti da copyright e non possono essere riprodotti senza la dovuta autorizzazione da parte di <strong>Pianifica le tue finanze<\/strong>.<\/p>\n\n\n\n<h3 class=\"wp-block-heading\">8. Modifiche all&#039;esclusione di responsabilit\u00e0<\/h3>\n\n\n\n<p>Potremmo modificare la presente clausola di esclusione di responsabilit\u00e0 in qualsiasi momento. Ti consigliamo di consultare regolarmente questa pagina per essere informato su eventuali modifiche.<\/p>\n\n\n\n<h3 class=\"wp-block-heading\">9. Contatto<\/h3>\n\n\n\n<p>In caso di domande o dubbi in merito alla presente informativa, contattateci a: <a><strong>contato@planejeasfinancas.com.br<\/strong><\/a>.<\/p>\n<\/body><\/html>","protected":false},"excerpt":{"rendered":"<p>Descargo de Responsabilidade O conte\u00fado do Planeje as Finan\u00e7as \u00e9 fornecido para fins informativos e educacionais. Embora nos esforcemos para garantir a precis\u00e3o das informa\u00e7\u00f5es compartilhadas, n\u00e3o garantimos a precis\u00e3o, completude ou confiabilidade de qualquer conte\u00fado dispon\u00edvel neste site. As informa\u00e7\u00f5es fornecidas n\u00e3o devem ser interpretadas como aconselhamento financeiro profissional. 1. Informa\u00e7\u00f5es e Conte\u00fado As [&hellip;]<\/p>","protected":false},"author":2,"featured_media":0,"parent":0,"menu_order":0,"comment_status":"closed","ping_status":"closed","template":"","meta":{"footnotes":""},"class_list":["post-46","page","type-page","status-publish","hentry"],"_links":{"self":[{"href":"https:\/\/blog.planejeasfinancas.com.br\/it\/wp-json\/wp\/v2\/pages\/46","targetHints":{"allow":["GET"]}}],"collection":[{"href":"https:\/\/blog.planejeasfinancas.com.br\/it\/wp-json\/wp\/v2\/pages"}],"about":[{"href":"https:\/\/blog.planejeasfinancas.com.br\/it\/wp-json\/wp\/v2\/types\/page"}],"author":[{"embeddable":true,"href":"https:\/\/blog.planejeasfinancas.com.br\/it\/wp-json\/wp\/v2\/users\/2"}],"replies":[{"embeddable":true,"href":"https:\/\/blog.planejeasfinancas.com.br\/it\/wp-json\/wp\/v2\/comments?post=46"}],"version-history":[{"count":1,"href":"https:\/\/blog.planejeasfinancas.com.br\/it\/wp-json\/wp\/v2\/pages\/46\/revisions"}],"predecessor-version":[{"id":47,"href":"https:\/\/blog.planejeasfinancas.com.br\/it\/wp-json\/wp\/v2\/pages\/46\/revisions\/47"}],"wp:attachment":[{"href":"https:\/\/blog.planejeasfinancas.com.br\/it\/wp-json\/wp\/v2\/media?parent=46"}],"curies":[{"name":"wp","href":"https:\/\/api.w.org\/{rel}","templated":true}]}}