{"id":44,"date":"2025-04-02T00:16:21","date_gmt":"2025-04-02T03:16:21","guid":{"rendered":"https:\/\/blog.planejeasfinancas.com.br\/?page_id=44"},"modified":"2025-04-03T18:07:18","modified_gmt":"2025-04-03T21:07:18","slug":"contato","status":"publish","type":"page","link":"https:\/\/blog.planejeasfinancas.com.br\/it\/contato\/","title":{"rendered":"Contatto"},"content":{"rendered":"<html><body><p><strong>Contatto<\/strong><\/p>\n\n\n\n<p>Ciao! Benvenuti alla nostra pagina dei contatti. Siamo qui per aiutarti con qualsiasi domanda, suggerimento o commento riguardo <strong>Pianifica le tue finanze<\/strong>. Non esitate a contattarci attraverso i seguenti mezzi:<\/p>\n\n\n\n<h3 class=\"wp-block-heading\">Modulo di contatto<\/h3>\n\n\n\n<p>Se preferisci un servizio pi\u00f9 diretto, compila il modulo sottostante e il nostro team ti risponder\u00e0 il prima possibile:<\/p>\n\n\n\n<h3 class=\"wp-block-heading\">E-mail<\/h3>\n\n\n\n<p>Se desideri contattarci direttamente via e-mail, invia il tuo messaggio a:<\/p>\n\n\n\n<p><strong><a class=\"\">contato@planejeasfinancas.com.br<\/a><\/strong><\/p>\n\n\n\n<h3 class=\"wp-block-heading\">I social media<\/h3>\n\n\n\n<p>Puoi seguirci anche sui social media e interagire con i nostri contenuti. Siamo presenti sulle seguenti piattaforme:<\/p>\n\n\n\n<ul class=\"wp-block-list\">\n<li>[Facebook] <strong>facebook.com\/planjeasfinancas<\/strong><\/li>\n\n\n\n<li>[Instagram] <strong>instagram.com\/planejeasfinancas<\/strong><\/li>\n\n\n\n<li>[Twitter] <strong>twitter.com\/plan_finances<\/strong><\/li>\n\n\n\n<li>[LinkedIn] <strong>linkedin.com\/company\/planjeasfinancas<\/strong><\/li>\n<\/ul>\n\n\n\n<h3 class=\"wp-block-heading\">Indirizzo<\/h3>\n\n\n\n<p>Se preferisci contattarci personalmente, il nostro indirizzo \u00e8:<\/p>\n\n\n\n<p><strong>Avenida Paulista, 123 \u2013 Stanza 405<br>San Paolo, SP <\/strong><\/p>\n\n\n\n<p>Grazie per averci contattato. Ti risponderemo il prima possibile!<\/p>\n\n\n\n<p><strong>Pianifica le tue finanze: siamo qui per aiutarti!<\/strong><\/p>\n\n\n\n<p>Ora, con le informazioni fittizie, la pagina \u00e8 pronta per essere utilizzata. Se hai bisogno di ulteriori modifiche, fammelo sapere!<\/p>\n<\/body><\/html>","protected":false},"excerpt":{"rendered":"<p>Contato Ol\u00e1! Bem-vindo \u00e0 nossa p\u00e1gina de contato. Estamos aqui para ajudar voc\u00ea com qualquer d\u00favida, sugest\u00e3o ou coment\u00e1rio sobre o Planeje as Finan\u00e7as. Fique \u00e0 vontade para entrar em contato conosco atrav\u00e9s dos seguintes meios: Formul\u00e1rio de Contato Se voc\u00ea prefere um atendimento mais direto, preencha o formul\u00e1rio abaixo e nossa equipe responder\u00e1 o [&hellip;]<\/p>","protected":false},"author":2,"featured_media":0,"parent":0,"menu_order":0,"comment_status":"closed","ping_status":"closed","template":"template-contato.php","meta":{"footnotes":""},"class_list":["post-44","page","type-page","status-publish","hentry"],"_links":{"self":[{"href":"https:\/\/blog.planejeasfinancas.com.br\/it\/wp-json\/wp\/v2\/pages\/44","targetHints":{"allow":["GET"]}}],"collection":[{"href":"https:\/\/blog.planejeasfinancas.com.br\/it\/wp-json\/wp\/v2\/pages"}],"about":[{"href":"https:\/\/blog.planejeasfinancas.com.br\/it\/wp-json\/wp\/v2\/types\/page"}],"author":[{"embeddable":true,"href":"https:\/\/blog.planejeasfinancas.com.br\/it\/wp-json\/wp\/v2\/users\/2"}],"replies":[{"embeddable":true,"href":"https:\/\/blog.planejeasfinancas.com.br\/it\/wp-json\/wp\/v2\/comments?post=44"}],"version-history":[{"count":2,"href":"https:\/\/blog.planejeasfinancas.com.br\/it\/wp-json\/wp\/v2\/pages\/44\/revisions"}],"predecessor-version":[{"id":150,"href":"https:\/\/blog.planejeasfinancas.com.br\/it\/wp-json\/wp\/v2\/pages\/44\/revisions\/150"}],"wp:attachment":[{"href":"https:\/\/blog.planejeasfinancas.com.br\/it\/wp-json\/wp\/v2\/media?parent=44"}],"curies":[{"name":"wp","href":"https:\/\/api.w.org\/{rel}","templated":true}]}}