{"id":42,"date":"2025-04-02T00:13:58","date_gmt":"2025-04-02T03:13:58","guid":{"rendered":"https:\/\/blog.planejeasfinancas.com.br\/?page_id=42"},"modified":"2025-04-02T00:13:58","modified_gmt":"2025-04-02T03:13:58","slug":"quem-somos","status":"publish","type":"page","link":"https:\/\/blog.planejeasfinancas.com.br\/it\/quem-somos\/","title":{"rendered":"Chi siamo"},"content":{"rendered":"<html><body><p><strong>Chi siamo<\/strong><\/p>\n\n\n\n<p>Benvenuti a <strong>Pianifica le tue finanze<\/strong>! Siamo un portale dedicato a fornire contenuti pertinenti sulla tecnologia, suggerimenti utili, applicazioni e novit\u00e0. Il nostro obiettivo \u00e8 fornire informazioni accessibili e pratiche per semplificarti la vita di tutti i giorni e tenerti aggiornato sulle principali tendenze del mercato digitale.<\/p>\n\n\n\n<h3 class=\"wp-block-heading\">La nostra missione<\/h3>\n\n\n\n<p>Crediamo che l&#039;informazione sia essenziale per prendere decisioni pi\u00f9 sicure ed efficienti. Per questo motivo, il nostro impegno \u00e8 quello di offrire contenuti di qualit\u00e0 che vi aiutino a sfruttare al meglio gli strumenti tecnologici a disposizione.<\/p>\n\n\n\n<h3 class=\"wp-block-heading\">Cosa offriamo<\/h3>\n\n\n\n<ul class=\"wp-block-list\">\n<li><strong>Consigli pratici<\/strong>: Soluzioni per semplificare la tua routine e migliorare la tua esperienza digitale.<\/li>\n\n\n\n<li><strong>Tecnologia<\/strong>: Notizie su innovazioni, dispositivi e tendenze del settore.<\/li>\n\n\n\n<li><strong>Applicazioni<\/strong>: Recensioni e suggerimenti delle migliori app per diversi scopi.<\/li>\n\n\n\n<li><strong>Notizia<\/strong>: Aggiornamenti e fatti rilevanti dal mondo digitale e dalla tecnologia.<\/li>\n<\/ul>\n\n\n\n<h3 class=\"wp-block-heading\">Il nostro team<\/h3>\n\n\n\n<p>Il nostro team \u00e8 composto da esperti appassionati di tecnologia e innovazione, sempre alla ricerca di nuovi sviluppi per offrire ai nostri lettori contenuti aggiornati e pertinenti.<\/p>\n\n\n\n<h3 class=\"wp-block-heading\">Contattaci<\/h3>\n\n\n\n<p>Se avete domande, suggerimenti o desiderate collaborare con noi, contattateci via email: <strong>blog.planejeasfinancas@gmail.com<\/strong>.<\/p>\n\n\n\n<p>Segui i nostri aggiornamenti e rimani aggiornato sul mondo della tecnologia e dell&#039;innovazione!<\/p>\n\n\n\n<hr class=\"wp-block-separator has-alpha-channel-opacity\">\n\n\n\n<p><strong>Pianifica le tue finanze: informazioni e tecnologia a portata di mano!<\/strong><\/p>\n<\/body><\/html>","protected":false},"excerpt":{"rendered":"<p>Quem Somos Bem-vindo ao Planeje as Finan\u00e7as! Somos um portal dedicado a trazer conte\u00fados relevantes sobre tecnologia, dicas \u00fateis, aplicativos e not\u00edcias. Nosso objetivo \u00e9 fornecer informa\u00e7\u00f5es acess\u00edveis e pr\u00e1ticas para facilitar o seu dia a dia e mant\u00ea-lo atualizado com as principais tend\u00eancias do mercado digital. Nossa Miss\u00e3o Acreditamos que a informa\u00e7\u00e3o \u00e9 essencial [&hellip;]<\/p>","protected":false},"author":2,"featured_media":0,"parent":0,"menu_order":0,"comment_status":"closed","ping_status":"closed","template":"","meta":{"footnotes":""},"class_list":["post-42","page","type-page","status-publish","hentry"],"_links":{"self":[{"href":"https:\/\/blog.planejeasfinancas.com.br\/it\/wp-json\/wp\/v2\/pages\/42","targetHints":{"allow":["GET"]}}],"collection":[{"href":"https:\/\/blog.planejeasfinancas.com.br\/it\/wp-json\/wp\/v2\/pages"}],"about":[{"href":"https:\/\/blog.planejeasfinancas.com.br\/it\/wp-json\/wp\/v2\/types\/page"}],"author":[{"embeddable":true,"href":"https:\/\/blog.planejeasfinancas.com.br\/it\/wp-json\/wp\/v2\/users\/2"}],"replies":[{"embeddable":true,"href":"https:\/\/blog.planejeasfinancas.com.br\/it\/wp-json\/wp\/v2\/comments?post=42"}],"version-history":[{"count":1,"href":"https:\/\/blog.planejeasfinancas.com.br\/it\/wp-json\/wp\/v2\/pages\/42\/revisions"}],"predecessor-version":[{"id":43,"href":"https:\/\/blog.planejeasfinancas.com.br\/it\/wp-json\/wp\/v2\/pages\/42\/revisions\/43"}],"wp:attachment":[{"href":"https:\/\/blog.planejeasfinancas.com.br\/it\/wp-json\/wp\/v2\/media?parent=42"}],"curies":[{"name":"wp","href":"https:\/\/api.w.org\/{rel}","templated":true}]}}