{"id":44,"date":"2025-04-02T00:16:21","date_gmt":"2025-04-02T03:16:21","guid":{"rendered":"https:\/\/blog.planejeasfinancas.com.br\/?page_id=44"},"modified":"2025-04-03T18:07:18","modified_gmt":"2025-04-03T21:07:18","slug":"contato","status":"publish","type":"page","link":"https:\/\/blog.planejeasfinancas.com.br\/id\/contato\/","title":{"rendered":"Kontak"},"content":{"rendered":"<html><body><p><strong>Kontak<\/strong><\/p>\n\n\n\n<p>Halo! Selamat datang di halaman kontak kami. Kami siap membantu Anda dengan pertanyaan, saran, atau komentar apa pun tentang <strong>Rencanakan Keuangan Anda<\/strong>Jangan ragu untuk menghubungi kami melalui cara berikut:<\/p>\n\n\n\n<h3 class=\"wp-block-heading\">Formulir Kontak<\/h3>\n\n\n\n<p>Jika Anda lebih suka layanan yang lebih langsung, isi formulir di bawah ini dan tim kami akan segera merespons:<\/p>\n\n\n\n<h3 class=\"wp-block-heading\">E-mail<\/h3>\n\n\n\n<p>Jika Anda ingin menghubungi kami langsung melalui email, silakan kirim pesan Anda ke:<\/p>\n\n\n\n<p><strong><a class=\"\">kontak@planejeasfinancas.com.br<\/a><\/strong><\/p>\n\n\n\n<h3 class=\"wp-block-heading\">Media sosial<\/h3>\n\n\n\n<p>Anda juga dapat mengikuti kami di media sosial dan berinteraksi dengan konten kami. Kami hadir di platform berikut:<\/p>\n\n\n\n<ul class=\"wp-block-list\">\n<li>[Facebook] <strong>facebook.com\/planjeasfinancas<\/strong><\/li>\n\n\n\n<li>[Instagram] <strong>instagram.com\/planejeasfinancas<\/strong><\/li>\n\n\n\n<li>[Twitter] <strong>twitter.com\/plan_finances<\/strong><\/li>\n\n\n\n<li>[LinkedIn] <strong>linkedin.com\/perusahaan\/planjeasfinancas<\/strong><\/li>\n<\/ul>\n\n\n\n<h3 class=\"wp-block-heading\">Alamat<\/h3>\n\n\n\n<p>Jika Anda lebih suka menghubungi kami secara langsung, alamat kami adalah:<\/p>\n\n\n\n<p><strong>Paulista Avenue, 123 \u2013 Kamar 405<br>Sao Paulo, Spanyol <\/strong><\/p>\n\n\n\n<p>Terima kasih telah menghubungi kami dan kami akan segera meresponsnya!<\/p>\n\n\n\n<p><strong>Rencanakan Keuangan Anda \u2013 Kami Siap Membantu!<\/strong><\/p>\n\n\n\n<p>Sekarang dengan informasi fiktif tersebut, halaman tersebut siap digunakan. Jika Anda memerlukan penyesuaian lebih lanjut, silakan beri tahu kami!<\/p>\n<\/body><\/html>","protected":false},"excerpt":{"rendered":"<p>Contato Ol\u00e1! Bem-vindo \u00e0 nossa p\u00e1gina de contato. Estamos aqui para ajudar voc\u00ea com qualquer d\u00favida, sugest\u00e3o ou coment\u00e1rio sobre o Planeje as Finan\u00e7as. Fique \u00e0 vontade para entrar em contato conosco atrav\u00e9s dos seguintes meios: Formul\u00e1rio de Contato Se voc\u00ea prefere um atendimento mais direto, preencha o formul\u00e1rio abaixo e nossa equipe responder\u00e1 o [&hellip;]<\/p>","protected":false},"author":2,"featured_media":0,"parent":0,"menu_order":0,"comment_status":"closed","ping_status":"closed","template":"template-contato.php","meta":{"footnotes":""},"class_list":["post-44","page","type-page","status-publish","hentry"],"_links":{"self":[{"href":"https:\/\/blog.planejeasfinancas.com.br\/id\/wp-json\/wp\/v2\/pages\/44","targetHints":{"allow":["GET"]}}],"collection":[{"href":"https:\/\/blog.planejeasfinancas.com.br\/id\/wp-json\/wp\/v2\/pages"}],"about":[{"href":"https:\/\/blog.planejeasfinancas.com.br\/id\/wp-json\/wp\/v2\/types\/page"}],"author":[{"embeddable":true,"href":"https:\/\/blog.planejeasfinancas.com.br\/id\/wp-json\/wp\/v2\/users\/2"}],"replies":[{"embeddable":true,"href":"https:\/\/blog.planejeasfinancas.com.br\/id\/wp-json\/wp\/v2\/comments?post=44"}],"version-history":[{"count":2,"href":"https:\/\/blog.planejeasfinancas.com.br\/id\/wp-json\/wp\/v2\/pages\/44\/revisions"}],"predecessor-version":[{"id":150,"href":"https:\/\/blog.planejeasfinancas.com.br\/id\/wp-json\/wp\/v2\/pages\/44\/revisions\/150"}],"wp:attachment":[{"href":"https:\/\/blog.planejeasfinancas.com.br\/id\/wp-json\/wp\/v2\/media?parent=44"}],"curies":[{"name":"wp","href":"https:\/\/api.w.org\/{rel}","templated":true}]}}