{"id":44,"date":"2025-04-02T00:16:21","date_gmt":"2025-04-02T03:16:21","guid":{"rendered":"https:\/\/blog.planejeasfinancas.com.br\/?page_id=44"},"modified":"2025-04-03T18:07:18","modified_gmt":"2025-04-03T21:07:18","slug":"contato","status":"publish","type":"page","link":"https:\/\/blog.planejeasfinancas.com.br\/hi\/contato\/","title":{"rendered":"\u0938\u0902\u092a\u0930\u094d\u0915"},"content":{"rendered":"<html><body><p><strong>\u0938\u0902\u092a\u0930\u094d\u0915<\/strong><\/p>\n\n\n\n<p>\u0928\u092e\u0938\u094d\u0915\u093e\u0930! \u0939\u092e\u093e\u0930\u0947 \u0938\u0902\u092a\u0930\u094d\u0915 \u092a\u0943\u0937\u094d\u0920 \u092a\u0930 \u0906\u092a\u0915\u093e \u0938\u094d\u0935\u093e\u0917\u0924 \u0939\u0948\u0964 \u0939\u092e \u0906\u092a\u0915\u0947 \u0915\u093f\u0938\u0940 \u092d\u0940 \u092a\u094d\u0930\u0936\u094d\u0928, \u0938\u0941\u091d\u093e\u0935 \u092f\u093e \u091f\u093f\u092a\u094d\u092a\u0923\u0940 \u0915\u0947 \u0932\u093f\u090f \u0906\u092a\u0915\u0940 \u0938\u0939\u093e\u092f\u0924\u093e \u0915\u0930\u0928\u0947 \u0915\u0947 \u0932\u093f\u090f \u092f\u0939\u093e\u0901 \u0939\u0948\u0902\u0964 <strong>\u0905\u092a\u0928\u0940 \u0935\u093f\u0924\u094d\u0924\u0940\u092f \u092f\u094b\u091c\u0928\u093e \u092c\u0928\u093e\u090f\u0902<\/strong>\u0915\u0943\u092a\u092f\u093e \u0928\u093f\u092e\u094d\u0928\u0932\u093f\u0916\u093f\u0924 \u092e\u093e\u0927\u094d\u092f\u092e\u094b\u0902 \u0938\u0947 \u0939\u092e\u0938\u0947 \u0938\u0902\u092a\u0930\u094d\u0915 \u0915\u0930\u0947\u0902:<\/p>\n\n\n\n<h3 class=\"wp-block-heading\">\u0938\u0902\u092a\u0930\u094d\u0915 \u0915\u0930\u0947\u0902 \u092a\u094d\u0930\u092a\u0924\u094d\u0930<\/h3>\n\n\n\n<p>\u092f\u0926\u093f \u0906\u092a \u0905\u0927\u093f\u0915 \u092a\u094d\u0930\u0924\u094d\u092f\u0915\u094d\u0937 \u0938\u0947\u0935\u093e \u091a\u093e\u0939\u0924\u0947 \u0939\u0948\u0902, \u0924\u094b \u0928\u0940\u091a\u0947 \u0926\u093f\u092f\u093e \u0917\u092f\u093e \u092b\u0949\u0930\u094d\u092e \u092d\u0930\u0947\u0902 \u0914\u0930 \u0939\u092e\u093e\u0930\u0940 \u091f\u0940\u092e \u092f\u0925\u093e\u0936\u0940\u0918\u094d\u0930 \u091c\u0935\u093e\u092c \u0926\u0947\u0917\u0940:<\/p>\n\n\n\n<h3 class=\"wp-block-heading\">\u0908-\u092e\u0947\u0932<\/h3>\n\n\n\n<p>\u092f\u0926\u093f \u0906\u092a \u0939\u092e\u0938\u0947 \u0938\u0940\u0927\u0947 \u0908\u092e\u0947\u0932 \u0915\u0947 \u092e\u093e\u0927\u094d\u092f\u092e \u0938\u0947 \u0938\u0902\u092a\u0930\u094d\u0915 \u0915\u0930\u0928\u093e \u091a\u093e\u0939\u0924\u0947 \u0939\u0948\u0902, \u0924\u094b \u0915\u0943\u092a\u092f\u093e \u0905\u092a\u0928\u093e \u0938\u0902\u0926\u0947\u0936 \u0907\u0938 \u092a\u0924\u0947 \u092a\u0930 \u092d\u0947\u091c\u0947\u0902:<\/p>\n\n\n\n<p><strong><a class=\"\">\u0938\u0902\u092a\u0930\u094d\u0915 \u0915\u0930\u0947\u0902@planejeasfinancas.com.br<\/a><\/strong><\/p>\n\n\n\n<h3 class=\"wp-block-heading\">\u0938\u094b\u0936\u0932 \u092e\u0940\u0921\u093f\u092f\u093e<\/h3>\n\n\n\n<p>\u0906\u092a \u0939\u092e\u0947\u0902 \u0938\u094b\u0936\u0932 \u092e\u0940\u0921\u093f\u092f\u093e \u092a\u0930 \u092d\u0940 \u092b\u0949\u0932\u094b \u0915\u0930 \u0938\u0915\u0924\u0947 \u0939\u0948\u0902 \u0914\u0930 \u0939\u092e\u093e\u0930\u0940 \u0938\u093e\u092e\u0917\u094d\u0930\u0940 \u0938\u0947 \u091c\u0941\u0921\u093c \u0938\u0915\u0924\u0947 \u0939\u0948\u0902\u0964 \u0939\u092e \u0928\u093f\u092e\u094d\u0928\u0932\u093f\u0916\u093f\u0924 \u092a\u094d\u0932\u0947\u091f\u092b\u093c\u0949\u0930\u094d\u092e \u092a\u0930 \u092e\u094c\u091c\u0942\u0926 \u0939\u0948\u0902:<\/p>\n\n\n\n<ul class=\"wp-block-list\">\n<li>[\u092b\u0947\u0938\u092c\u0941\u0915] <strong>facebook.com\/planjeasfinancas<\/strong><\/li>\n\n\n\n<li>[\u0907\u0902\u0938\u094d\u091f\u093e\u0917\u094d\u0930\u093e\u092e] <strong>instagram.com\/planejeasfinancas<\/strong><\/li>\n\n\n\n<li>[\u091f\u094d\u0935\u093f\u091f\u0930] <strong>twitter.com\/plan_finances<\/strong><\/li>\n\n\n\n<li>[\u0932\u093f\u0902\u0915\u094d\u0921\u0907\u0928] <strong>linkedin.com\/company\/planjeasfinancas<\/strong><\/li>\n<\/ul>\n\n\n\n<h3 class=\"wp-block-heading\">\u092a\u0924\u093e<\/h3>\n\n\n\n<p>\u092f\u0926\u093f \u0906\u092a \u0939\u092e\u0938\u0947 \u0935\u094d\u092f\u0915\u094d\u0924\u093f\u0917\u0924 \u0930\u0942\u092a \u0938\u0947 \u0938\u0902\u092a\u0930\u094d\u0915 \u0915\u0930\u0928\u093e \u091a\u093e\u0939\u0947\u0902 \u0924\u094b \u0939\u092e\u093e\u0930\u093e \u092a\u0924\u093e \u0939\u0948:<\/p>\n\n\n\n<p><strong>\u092a\u0949\u0932\u093f\u0938\u094d\u0924\u093e \u090f\u0935\u0947\u0928\u094d\u092f\u0942, 123 - \u0915\u092e\u0930\u093e 405<br>\u0938\u093e\u0913 \u092a\u093e\u0913\u0932\u094b, \u090f\u0938\u092a\u0940 <\/strong><\/p>\n\n\n\n<p>\u0939\u092e\u0938\u0947 \u0938\u0902\u092a\u0930\u094d\u0915 \u0915\u0930\u0928\u0947 \u0915\u0947 \u0932\u093f\u090f \u0927\u0928\u094d\u092f\u0935\u093e\u0926 \u0914\u0930 \u0939\u092e \u092f\u0925\u093e\u0936\u0940\u0918\u094d\u0930 \u0909\u0924\u094d\u0924\u0930 \u0926\u0947\u0902\u0917\u0947!<\/p>\n\n\n\n<p><strong>\u0905\u092a\u0928\u0940 \u0935\u093f\u0924\u094d\u0924\u0940\u092f \u092f\u094b\u091c\u0928\u093e \u092c\u0928\u093e\u090f\u0902 \u2013 \u0939\u092e \u0906\u092a\u0915\u0940 \u092e\u0926\u0926 \u0915\u0947 \u0932\u093f\u090f \u092e\u094c\u091c\u0942\u0926 \u0939\u0948\u0902!<\/strong><\/p>\n\n\n\n<p>\u0905\u092c \u0915\u093e\u0932\u094d\u092a\u0928\u093f\u0915 \u091c\u093e\u0928\u0915\u093e\u0930\u0940 \u0915\u0947 \u0938\u093e\u0925, \u092a\u0947\u091c \u0909\u092a\u092f\u094b\u0917 \u0915\u0947 \u0932\u093f\u090f \u0924\u0948\u092f\u093e\u0930 \u0939\u0948\u0964 \u092f\u0926\u093f \u0906\u092a\u0915\u094b \u0915\u093f\u0938\u0940 \u0914\u0930 \u0938\u092e\u093e\u092f\u094b\u091c\u0928 \u0915\u0940 \u0906\u0935\u0936\u094d\u092f\u0915\u0924\u093e \u0939\u0948, \u0924\u094b \u092c\u0938 \u0939\u092e\u0947\u0902 \u092c\u0924\u093e\u090f\u0902!<\/p>\n<\/body><\/html>","protected":false},"excerpt":{"rendered":"<p>Contato Ol\u00e1! Bem-vindo \u00e0 nossa p\u00e1gina de contato. Estamos aqui para ajudar voc\u00ea com qualquer d\u00favida, sugest\u00e3o ou coment\u00e1rio sobre o Planeje as Finan\u00e7as. Fique \u00e0 vontade para entrar em contato conosco atrav\u00e9s dos seguintes meios: Formul\u00e1rio de Contato Se voc\u00ea prefere um atendimento mais direto, preencha o formul\u00e1rio abaixo e nossa equipe responder\u00e1 o [&hellip;]<\/p>","protected":false},"author":2,"featured_media":0,"parent":0,"menu_order":0,"comment_status":"closed","ping_status":"closed","template":"template-contato.php","meta":{"footnotes":""},"class_list":["post-44","page","type-page","status-publish","hentry"],"_links":{"self":[{"href":"https:\/\/blog.planejeasfinancas.com.br\/hi\/wp-json\/wp\/v2\/pages\/44","targetHints":{"allow":["GET"]}}],"collection":[{"href":"https:\/\/blog.planejeasfinancas.com.br\/hi\/wp-json\/wp\/v2\/pages"}],"about":[{"href":"https:\/\/blog.planejeasfinancas.com.br\/hi\/wp-json\/wp\/v2\/types\/page"}],"author":[{"embeddable":true,"href":"https:\/\/blog.planejeasfinancas.com.br\/hi\/wp-json\/wp\/v2\/users\/2"}],"replies":[{"embeddable":true,"href":"https:\/\/blog.planejeasfinancas.com.br\/hi\/wp-json\/wp\/v2\/comments?post=44"}],"version-history":[{"count":2,"href":"https:\/\/blog.planejeasfinancas.com.br\/hi\/wp-json\/wp\/v2\/pages\/44\/revisions"}],"predecessor-version":[{"id":150,"href":"https:\/\/blog.planejeasfinancas.com.br\/hi\/wp-json\/wp\/v2\/pages\/44\/revisions\/150"}],"wp:attachment":[{"href":"https:\/\/blog.planejeasfinancas.com.br\/hi\/wp-json\/wp\/v2\/media?parent=44"}],"curies":[{"name":"wp","href":"https:\/\/api.w.org\/{rel}","templated":true}]}}