{"id":42,"date":"2025-04-02T00:13:58","date_gmt":"2025-04-02T03:13:58","guid":{"rendered":"https:\/\/blog.planejeasfinancas.com.br\/?page_id=42"},"modified":"2025-04-02T00:13:58","modified_gmt":"2025-04-02T03:13:58","slug":"quem-somos","status":"publish","type":"page","link":"https:\/\/blog.planejeasfinancas.com.br\/hi\/quem-somos\/","title":{"rendered":"\u0939\u092e \u091c\u094b \u0939\u0948\u0902"},"content":{"rendered":"<html><body><p><strong>\u0939\u092e \u091c\u094b \u0939\u0948\u0902<\/strong><\/p>\n\n\n\n<p>\u0906\u092a\u0915\u093e \u0938\u094d\u0935\u093e\u0917\u0924 \u0939\u0948 <strong>\u0905\u092a\u0928\u0940 \u0935\u093f\u0924\u094d\u0924\u0940\u092f \u092f\u094b\u091c\u0928\u093e \u092c\u0928\u093e\u090f\u0902<\/strong>! \u0939\u092e \u092a\u094d\u0930\u094c\u0926\u094d\u092f\u094b\u0917\u093f\u0915\u0940, \u0909\u092a\u092f\u094b\u0917\u0940 \u091f\u093f\u092a\u094d\u0938, \u090f\u092a\u094d\u0932\u093f\u0915\u0947\u0936\u0928 \u0914\u0930 \u0938\u092e\u093e\u091a\u093e\u0930\u094b\u0902 \u0915\u0947 \u092c\u093e\u0930\u0947 \u092e\u0947\u0902 \u092a\u094d\u0930\u093e\u0938\u0902\u0917\u093f\u0915 \u0938\u093e\u092e\u0917\u094d\u0930\u0940 \u0932\u093e\u0928\u0947 \u0915\u0947 \u0932\u093f\u090f \u0938\u092e\u0930\u094d\u092a\u093f\u0924 \u090f\u0915 \u092a\u094b\u0930\u094d\u091f\u0932 \u0939\u0948\u0902\u0964 \u0939\u092e\u093e\u0930\u093e \u0932\u0915\u094d\u0937\u094d\u092f \u0906\u092a\u0915\u0947 \u0926\u093f\u0928-\u092a\u094d\u0930\u0924\u093f\u0926\u093f\u0928 \u0915\u094b \u0906\u0938\u093e\u0928 \u092c\u0928\u093e\u0928\u0947 \u0915\u0947 \u0932\u093f\u090f \u0938\u0941\u0932\u092d \u0914\u0930 \u0935\u094d\u092f\u093e\u0935\u0939\u093e\u0930\u093f\u0915 \u091c\u093e\u0928\u0915\u093e\u0930\u0940 \u092a\u094d\u0930\u0926\u093e\u0928 \u0915\u0930\u0928\u093e \u0914\u0930 \u0906\u092a\u0915\u094b \u0921\u093f\u091c\u093f\u091f\u0932 \u092c\u093e\u091c\u093e\u0930 \u092e\u0947\u0902 \u092e\u0941\u0916\u094d\u092f \u0930\u0941\u091d\u093e\u0928\u094b\u0902 \u0915\u0947 \u0938\u093e\u0925 \u0905\u0926\u094d\u092f\u0924\u093f\u0924 \u0930\u0916\u0928\u093e \u0939\u0948\u0964<\/p>\n\n\n\n<h3 class=\"wp-block-heading\">\u0939\u092e\u093e\u0930\u093e \u0935\u093f\u0936\u0947\u0937 \u0915\u093e\u0930\u094d\u092f<\/h3>\n\n\n\n<p>\u0939\u092e\u093e\u0930\u093e \u092e\u093e\u0928\u0928\u093e \u0939\u0948 \u0915\u093f \u0938\u0941\u0930\u0915\u094d\u0937\u093f\u0924 \u0914\u0930 \u0905\u0927\u093f\u0915 \u0915\u0941\u0936\u0932 \u0928\u093f\u0930\u094d\u0923\u092f \u0932\u0947\u0928\u0947 \u0915\u0947 \u0932\u093f\u090f \u091c\u093e\u0928\u0915\u093e\u0930\u0940 \u0906\u0935\u0936\u094d\u092f\u0915 \u0939\u0948\u0964 \u0907\u0938\u0932\u093f\u090f, \u0939\u092e \u0917\u0941\u0923\u0935\u0924\u094d\u0924\u093e\u092a\u0942\u0930\u094d\u0923 \u0938\u093e\u092e\u0917\u094d\u0930\u0940 \u092a\u094d\u0930\u0926\u093e\u0928 \u0915\u0930\u0928\u0947 \u0915\u0947 \u0932\u093f\u090f \u092a\u094d\u0930\u0924\u093f\u092c\u0926\u094d\u0927 \u0939\u0948\u0902 \u091c\u094b \u0906\u092a\u0915\u094b \u0909\u092a\u0932\u092c\u094d\u0927 \u0924\u0915\u0928\u0940\u0915\u0940 \u0909\u092a\u0915\u0930\u0923\u094b\u0902 \u0915\u093e \u0905\u0927\u093f\u0915\u0924\u092e \u0932\u093e\u092d \u0909\u0920\u093e\u0928\u0947 \u092e\u0947\u0902 \u092e\u0926\u0926 \u0915\u0930\u0924\u0940 \u0939\u0948\u0964<\/p>\n\n\n\n<h3 class=\"wp-block-heading\">\u0939\u092e\u093e\u0930\u0940 \u092a\u0947\u0936\u0915\u0936<\/h3>\n\n\n\n<ul class=\"wp-block-list\">\n<li><strong>\u0935\u094d\u092f\u093e\u0935\u0939\u093e\u0930\u093f\u0915 \u0938\u0941\u091d\u093e\u0935<\/strong>: \u0906\u092a\u0915\u0940 \u0926\u093f\u0928\u091a\u0930\u094d\u092f\u093e \u0915\u094b \u0906\u0938\u093e\u0928 \u092c\u0928\u093e\u0928\u0947 \u0914\u0930 \u0906\u092a\u0915\u0947 \u0921\u093f\u091c\u093f\u091f\u0932 \u0905\u0928\u0941\u092d\u0935 \u0915\u094b \u092c\u0947\u0939\u0924\u0930 \u092c\u0928\u093e\u0928\u0947 \u0915\u0947 \u0932\u093f\u090f \u0938\u092e\u093e\u0927\u093e\u0928\u0964<\/li>\n\n\n\n<li><strong>\u0924\u0915\u0928\u0940\u0915\u0940<\/strong>: \u0928\u0935\u093e\u091a\u093e\u0930\u094b\u0902, \u0909\u092a\u0915\u0930\u0923\u094b\u0902 \u0914\u0930 \u0909\u0926\u094d\u092f\u094b\u0917 \u0915\u0947 \u0930\u0941\u091d\u093e\u0928 \u0915\u0947 \u092c\u093e\u0930\u0947 \u092e\u0947\u0902 \u0938\u092e\u093e\u091a\u093e\u0930\u0964<\/li>\n\n\n\n<li><strong>\u0905\u0928\u0941\u092a\u094d\u0930\u092f\u094b\u0917<\/strong>: \u0935\u093f\u092d\u093f\u0928\u094d\u0928 \u092a\u094d\u0930\u092f\u094b\u091c\u0928\u094b\u0902 \u0915\u0947 \u0932\u093f\u090f \u0938\u0930\u094d\u0935\u094b\u0924\u094d\u0924\u092e \u0910\u092a\u094d\u0938 \u0915\u0940 \u0938\u092e\u0940\u0915\u094d\u0937\u093e \u0914\u0930 \u0938\u0941\u091d\u093e\u0935\u0964<\/li>\n\n\n\n<li><strong>\u0938\u092e\u093e\u091a\u093e\u0930<\/strong>\u0921\u093f\u091c\u093f\u091f\u0932 \u0926\u0941\u0928\u093f\u092f\u093e \u0914\u0930 \u092a\u094d\u0930\u094c\u0926\u094d\u092f\u094b\u0917\u093f\u0915\u0940 \u0938\u0947 \u0905\u092a\u0921\u0947\u091f \u0914\u0930 \u092a\u094d\u0930\u093e\u0938\u0902\u0917\u093f\u0915 \u0924\u0925\u094d\u092f\u0964<\/li>\n<\/ul>\n\n\n\n<h3 class=\"wp-block-heading\">\u0939\u092e\u093e\u0930\u0940 \u091f\u0940\u092e<\/h3>\n\n\n\n<p>\u0939\u092e\u093e\u0930\u0940 \u091f\u0940\u092e \u092e\u0947\u0902 \u0910\u0938\u0947 \u0935\u093f\u0936\u0947\u0937\u091c\u094d\u091e \u0936\u093e\u092e\u093f\u0932 \u0939\u0948\u0902 \u091c\u094b \u092a\u094d\u0930\u094c\u0926\u094d\u092f\u094b\u0917\u093f\u0915\u0940 \u0914\u0930 \u0928\u0935\u093e\u091a\u093e\u0930 \u0915\u0947 \u092a\u094d\u0930\u0924\u093f \u0938\u092e\u0930\u094d\u092a\u093f\u0924 \u0939\u0948\u0902 \u0924\u0925\u093e \u0905\u092a\u0928\u0947 \u092a\u093e\u0920\u0915\u094b\u0902 \u0924\u0915 \u0905\u0926\u094d\u092f\u0924\u0928 \u0914\u0930 \u092a\u094d\u0930\u093e\u0938\u0902\u0917\u093f\u0915 \u0938\u093e\u092e\u0917\u094d\u0930\u0940 \u092a\u0939\u0941\u0902\u091a\u093e\u0928\u0947 \u0915\u0947 \u0932\u093f\u090f \u0939\u092e\u0947\u0936\u093e \u0928\u090f \u0935\u093f\u0915\u093e\u0938 \u0915\u0940 \u0924\u0932\u093e\u0936 \u092e\u0947\u0902 \u0930\u0939\u0924\u0947 \u0939\u0948\u0902\u0964<\/p>\n\n\n\n<h3 class=\"wp-block-heading\">\u0938\u0902\u092a\u0930\u094d\u0915 \u092e\u0947\u0902 \u0930\u0939\u094b<\/h3>\n\n\n\n<p>\u092f\u0926\u093f \u0906\u092a\u0915\u0947 \u0915\u094b\u0908 \u092a\u094d\u0930\u0936\u094d\u0928, \u0938\u0941\u091d\u093e\u0935 \u0939\u094b\u0902 \u092f\u093e \u0906\u092a \u0939\u092e\u093e\u0930\u0947 \u0938\u093e\u0925 \u0938\u0939\u092f\u094b\u0917 \u0915\u0930\u0928\u093e \u091a\u093e\u0939\u0947\u0902, \u0924\u094b \u0915\u0943\u092a\u092f\u093e \u0939\u092e\u0947\u0902 \u0908\u092e\u0947\u0932 \u0926\u094d\u0935\u093e\u0930\u093e \u0938\u0902\u092a\u0930\u094d\u0915 \u0915\u0930\u0947\u0902: <strong>blog.planejeasfinancas@gmail.com<\/strong>.<\/p>\n\n\n\n<p>\u0939\u092e\u093e\u0930\u0947 \u0905\u092a\u0921\u0947\u091f \u0915\u093e \u092a\u093e\u0932\u0928 \u0915\u0930\u0947\u0902 \u0914\u0930 \u092a\u094d\u0930\u094c\u0926\u094d\u092f\u094b\u0917\u093f\u0915\u0940 \u0914\u0930 \u0928\u0935\u093e\u091a\u093e\u0930 \u0915\u0940 \u0926\u0941\u0928\u093f\u092f\u093e \u0915\u0947 \u0938\u093e\u0925 \u0905\u0926\u094d\u092f\u0924\u0928 \u0930\u0939\u0947\u0902!<\/p>\n\n\n\n<hr class=\"wp-block-separator has-alpha-channel-opacity\">\n\n\n\n<p><strong>\u0905\u092a\u0928\u0940 \u0935\u093f\u0924\u094d\u0924\u0940\u092f \u092f\u094b\u091c\u0928\u093e \u092c\u0928\u093e\u090f\u0902 \u2013 \u0938\u0942\u091a\u0928\u093e \u0914\u0930 \u092a\u094d\u0930\u094c\u0926\u094d\u092f\u094b\u0917\u093f\u0915\u0940 \u0906\u092a\u0915\u0940 \u0909\u0902\u0917\u0932\u093f\u092f\u094b\u0902 \u092a\u0930!<\/strong><\/p>\n<\/body><\/html>","protected":false},"excerpt":{"rendered":"<p>Quem Somos Bem-vindo ao Planeje as Finan\u00e7as! Somos um portal dedicado a trazer conte\u00fados relevantes sobre tecnologia, dicas \u00fateis, aplicativos e not\u00edcias. Nosso objetivo \u00e9 fornecer informa\u00e7\u00f5es acess\u00edveis e pr\u00e1ticas para facilitar o seu dia a dia e mant\u00ea-lo atualizado com as principais tend\u00eancias do mercado digital. Nossa Miss\u00e3o Acreditamos que a informa\u00e7\u00e3o \u00e9 essencial [&hellip;]<\/p>","protected":false},"author":2,"featured_media":0,"parent":0,"menu_order":0,"comment_status":"closed","ping_status":"closed","template":"","meta":{"footnotes":""},"class_list":["post-42","page","type-page","status-publish","hentry"],"_links":{"self":[{"href":"https:\/\/blog.planejeasfinancas.com.br\/hi\/wp-json\/wp\/v2\/pages\/42","targetHints":{"allow":["GET"]}}],"collection":[{"href":"https:\/\/blog.planejeasfinancas.com.br\/hi\/wp-json\/wp\/v2\/pages"}],"about":[{"href":"https:\/\/blog.planejeasfinancas.com.br\/hi\/wp-json\/wp\/v2\/types\/page"}],"author":[{"embeddable":true,"href":"https:\/\/blog.planejeasfinancas.com.br\/hi\/wp-json\/wp\/v2\/users\/2"}],"replies":[{"embeddable":true,"href":"https:\/\/blog.planejeasfinancas.com.br\/hi\/wp-json\/wp\/v2\/comments?post=42"}],"version-history":[{"count":1,"href":"https:\/\/blog.planejeasfinancas.com.br\/hi\/wp-json\/wp\/v2\/pages\/42\/revisions"}],"predecessor-version":[{"id":43,"href":"https:\/\/blog.planejeasfinancas.com.br\/hi\/wp-json\/wp\/v2\/pages\/42\/revisions\/43"}],"wp:attachment":[{"href":"https:\/\/blog.planejeasfinancas.com.br\/hi\/wp-json\/wp\/v2\/media?parent=42"}],"curies":[{"name":"wp","href":"https:\/\/api.w.org\/{rel}","templated":true}]}}