{"id":48,"date":"2025-04-02T00:20:13","date_gmt":"2025-04-02T03:20:13","guid":{"rendered":"https:\/\/blog.planejeasfinancas.com.br\/?page_id=48"},"modified":"2025-04-02T00:20:22","modified_gmt":"2025-04-02T03:20:22","slug":"termos-e-condicoes","status":"publish","type":"page","link":"https:\/\/blog.planejeasfinancas.com.br\/fr\/termos-e-condicoes\/","title":{"rendered":"Termes et conditions"},"content":{"rendered":"<html><body><h2 class=\"wp-block-heading\">Termes et conditions<\/h2>\n\n\n\n<p>Bienvenue \u00e0 <strong>Planifiez vos finances<\/strong>! En acc\u00e9dant et en utilisant notre site Web <strong><a class=\"\" href=\"https:\/\/blog.planejeasfinancas.com.br\/fr\/\">https:\/\/blog.planejeasfinancas.com.br<\/a><\/strong>Vous acceptez les conditions g\u00e9n\u00e9rales suivantes. Veuillez les lire attentivement.<\/p>\n\n\n\n<h3 class=\"wp-block-heading\">1. Acceptation des conditions<\/h3>\n\n\n\n<p>Lors de l&#039;utilisation du site Web <strong>Planifiez vos finances<\/strong>Vous acceptez de vous conformer aux pr\u00e9sentes Conditions g\u00e9n\u00e9rales, qui peuvent \u00eatre modifi\u00e9es \u00e0 tout moment et sans pr\u00e9avis. L&#039;utilisation continue du Site apr\u00e8s modification des Conditions vaut acceptation de ces modifications.<\/p>\n\n\n\n<h3 class=\"wp-block-heading\">2. Utilisation du Site<\/h3>\n\n\n\n<p>Vous vous engagez \u00e0 utiliser notre site web de mani\u00e8re l\u00e9gale et appropri\u00e9e, sans enfreindre les lois et r\u00e9glementations applicables. Toute utilisation de notre contenu \u00e0 des fins ill\u00e9gales ou interdites est strictement interdite.<\/p>\n\n\n\n<h3 class=\"wp-block-heading\">3. Propri\u00e9t\u00e9 intellectuelle<\/h3>\n\n\n\n<p>L&#039;ensemble du contenu de ce site web, y compris les textes, images, vid\u00e9os, graphiques et logos, est prot\u00e9g\u00e9 par le droit d&#039;auteur, le droit des marques et autres lois sur la propri\u00e9t\u00e9 intellectuelle. Toute utilisation non autoris\u00e9e de tout contenu sans autorisation pr\u00e9alable est strictement interdite.<\/p>\n\n\n\n<h3 class=\"wp-block-heading\">4. Responsabilit\u00e9 du contenu<\/h3>\n\n\n\n<p>Les informations contenues dans le <strong>Planifiez vos finances<\/strong> Ces informations sont fournies \u00e0 titre informatif et \u00e9ducatif uniquement. Nous ne garantissons pas leur exactitude, leur exhaustivit\u00e9 ou leur actualit\u00e9. Vous utilisez notre contenu \u00e0 vos propres risques. Pour tout conseil sp\u00e9cifique, notamment financier ou juridique, veuillez consulter un professionnel qualifi\u00e9.<\/p>\n\n\n\n<h3 class=\"wp-block-heading\">5. Liens vers des sites tiers<\/h3>\n\n\n\n<p>Notre site web peut contenir des liens vers des sites web tiers. Ces liens sont fournis uniquement pour votre commodit\u00e9. Nous ne sommes pas responsables du contenu ni des pratiques de confidentialit\u00e9 des sites web externes. Nous vous encourageons \u00e0 lire les conditions g\u00e9n\u00e9rales et les politiques de confidentialit\u00e9 de tout site web auquel vous acc\u00e9dez via un lien sur notre site web.<\/p>\n\n\n\n<h3 class=\"wp-block-heading\">6. Limitation de responsabilit\u00e9<\/h3>\n\n\n\n<p>En aucun cas, le <strong>Planifiez vos finances<\/strong> ne sera pas responsable de tout dommage direct, indirect, accessoire ou cons\u00e9cutif d\u00e9coulant de l&#039;utilisation ou de l&#039;impossibilit\u00e9 d&#039;utiliser notre site Web, y compris, mais sans s&#039;y limiter, la perte de donn\u00e9es, de b\u00e9n\u00e9fices ou l&#039;interruption d&#039;activit\u00e9.<\/p>\n\n\n\n<h3 class=\"wp-block-heading\">7. Modifications du Site<\/h3>\n\n\n\n<p>Nous nous r\u00e9servons le droit de modifier, suspendre ou interrompre toute partie du site web \u00e0 tout moment et sans pr\u00e9avis. Nous d\u00e9clinons toute responsabilit\u00e9 en cas de d\u00e9faillance ou d&#039;interruption des services fournis.<\/p>\n\n\n\n<h3 class=\"wp-block-heading\">8. Confidentialit\u00e9 et cookies<\/h3>\n\n\n\n<p>En utilisant notre site web, vous acceptez notre Politique de confidentialit\u00e9, qui d\u00e9crit comment nous collectons, utilisons et prot\u00e9geons vos informations personnelles. Pour plus d&#039;informations, veuillez consulter notre Politique de confidentialit\u00e9.<\/p>\n\n\n\n<h3 class=\"wp-block-heading\">9. Interdictions<\/h3>\n\n\n\n<p>Vous acceptez de ne pas :<\/p>\n\n\n\n<ul class=\"wp-block-list\">\n<li>Utiliser le site Web d\u2019une mani\u00e8re qui pourrait nuire \u00e0 son fonctionnement ou en interrompre le fonctionnement ;<\/li>\n\n\n\n<li>Envoyer des virus ou tout autre code malveillant\u00a0;<\/li>\n\n\n\n<li>Utiliser le site Web \u00e0 des fins frauduleuses ou nuisibles.<\/li>\n<\/ul>\n\n\n\n<h3 class=\"wp-block-heading\">10. Modifications des conditions g\u00e9n\u00e9rales<\/h3>\n\n\n\n<p>Nous pouvons modifier les pr\u00e9sentes Conditions g\u00e9n\u00e9rales \u00e0 tout moment et vous recommandons de les consulter r\u00e9guli\u00e8rement. Votre utilisation continue du Site apr\u00e8s ces modifications vaut acceptation des nouvelles Conditions.<\/p>\n\n\n\n<h3 class=\"wp-block-heading\">11. Loi applicable<\/h3>\n\n\n\n<p>Les pr\u00e9sentes Conditions g\u00e9n\u00e9rales sont r\u00e9gies par le droit br\u00e9silien. Tout litige relatif \u00e0 ces Conditions sera tranch\u00e9 par les tribunaux comp\u00e9tents de la ville de S\u00e3o Paulo, SP.<\/p>\n\n\n\n<h3 class=\"wp-block-heading\">12. Contact<\/h3>\n\n\n\n<p>Si vous avez des questions ou des pr\u00e9occupations concernant les conditions g\u00e9n\u00e9rales de ce site Web, veuillez nous contacter par e-mail \u00e0 : <strong><a class=\"\">contato@planejeasfinancas.com.br<\/a><\/strong>.<\/p>\n\n\n\n<p><strong>Planifiez vos finances<\/strong> \u2013 Nous sommes disponibles pour vous aider !<\/p>\n<\/body><\/html>","protected":false},"excerpt":{"rendered":"<p>Termos e Condi\u00e7\u00f5es Bem-vindo ao Planeje as Finan\u00e7as! Ao acessar e utilizar nosso site https:\/\/blog.planejeasfinancas.com.br, voc\u00ea concorda com os seguintes Termos e Condi\u00e7\u00f5es. Por favor, leia atentamente. 1. Aceita\u00e7\u00e3o dos Termos Ao utilizar o site Planeje as Finan\u00e7as, voc\u00ea concorda em cumprir e estar vinculado a estes Termos e Condi\u00e7\u00f5es, que podem ser alterados a [&hellip;]<\/p>","protected":false},"author":2,"featured_media":0,"parent":0,"menu_order":0,"comment_status":"closed","ping_status":"closed","template":"","meta":{"footnotes":""},"class_list":["post-48","page","type-page","status-publish","hentry"],"_links":{"self":[{"href":"https:\/\/blog.planejeasfinancas.com.br\/fr\/wp-json\/wp\/v2\/pages\/48","targetHints":{"allow":["GET"]}}],"collection":[{"href":"https:\/\/blog.planejeasfinancas.com.br\/fr\/wp-json\/wp\/v2\/pages"}],"about":[{"href":"https:\/\/blog.planejeasfinancas.com.br\/fr\/wp-json\/wp\/v2\/types\/page"}],"author":[{"embeddable":true,"href":"https:\/\/blog.planejeasfinancas.com.br\/fr\/wp-json\/wp\/v2\/users\/2"}],"replies":[{"embeddable":true,"href":"https:\/\/blog.planejeasfinancas.com.br\/fr\/wp-json\/wp\/v2\/comments?post=48"}],"version-history":[{"count":2,"href":"https:\/\/blog.planejeasfinancas.com.br\/fr\/wp-json\/wp\/v2\/pages\/48\/revisions"}],"predecessor-version":[{"id":50,"href":"https:\/\/blog.planejeasfinancas.com.br\/fr\/wp-json\/wp\/v2\/pages\/48\/revisions\/50"}],"wp:attachment":[{"href":"https:\/\/blog.planejeasfinancas.com.br\/fr\/wp-json\/wp\/v2\/media?parent=48"}],"curies":[{"name":"wp","href":"https:\/\/api.w.org\/{rel}","templated":true}]}}