{"id":44,"date":"2025-04-02T00:16:21","date_gmt":"2025-04-02T03:16:21","guid":{"rendered":"https:\/\/blog.planejeasfinancas.com.br\/?page_id=44"},"modified":"2025-04-03T18:07:18","modified_gmt":"2025-04-03T21:07:18","slug":"contato","status":"publish","type":"page","link":"https:\/\/blog.planejeasfinancas.com.br\/fr\/contato\/","title":{"rendered":"Contact"},"content":{"rendered":"<html><body><p><strong>Contact<\/strong><\/p>\n\n\n\n<p>Bonjour\u00a0! Bienvenue sur notre page de contact. Nous sommes l\u00e0 pour r\u00e9pondre \u00e0 toutes vos questions, suggestions ou commentaires concernant le site. <strong>Planifiez vos finances<\/strong>N&#039;h\u00e9sitez pas \u00e0 nous contacter par les moyens suivants :<\/p>\n\n\n\n<h3 class=\"wp-block-heading\">Formulaire de contact<\/h3>\n\n\n\n<p>Si vous pr\u00e9f\u00e9rez un service plus direct, remplissez le formulaire ci-dessous et notre \u00e9quipe vous r\u00e9pondra dans les plus brefs d\u00e9lais :<\/p>\n\n\n\n<h3 class=\"wp-block-heading\">E-mail<\/h3>\n\n\n\n<p>Si vous souhaitez nous contacter directement par e-mail, veuillez envoyer votre message \u00e0 :<\/p>\n\n\n\n<p><strong><a class=\"\">contato@planejeasfinancas.com.br<\/a><\/strong><\/p>\n\n\n\n<h3 class=\"wp-block-heading\">R\u00e9seaux sociaux<\/h3>\n\n\n\n<p>Vous pouvez \u00e9galement nous suivre sur les r\u00e9seaux sociaux et interagir avec notre contenu. Nous sommes pr\u00e9sents sur les plateformes suivantes\u00a0:<\/p>\n\n\n\n<ul class=\"wp-block-list\">\n<li>[Facebook] <strong>facebook.com\/planjeasfinancas<\/strong><\/li>\n\n\n\n<li>[Instagram] <strong>instagram.com\/planejeasfinancas<\/strong><\/li>\n\n\n\n<li>[Gazouillement] <strong>twitter.com\/plan_finances<\/strong><\/li>\n\n\n\n<li>[LinkedIn] <strong>linkedin.com\/company\/planjeasfinancas<\/strong><\/li>\n<\/ul>\n\n\n\n<h3 class=\"wp-block-heading\">Adresse<\/h3>\n\n\n\n<p>Si vous pr\u00e9f\u00e9rez nous contacter en personne, notre adresse est :<\/p>\n\n\n\n<p><strong>Avenue Paulista, 123 \u2013 Salle 405<br>S\u00e3o Paulo, SP <\/strong><\/p>\n\n\n\n<p>Merci de nous avoir contact\u00e9 et nous vous r\u00e9pondrons dans les plus brefs d\u00e9lais !<\/p>\n\n\n\n<p><strong>Planifiez vos finances \u2013 Nous sommes l\u00e0 pour vous aider\u00a0!<\/strong><\/p>\n\n\n\n<p>Gr\u00e2ce aux informations fictives, la page est d\u00e9sormais pr\u00eate \u00e0 \u00eatre utilis\u00e9e. Si vous avez besoin d&#039;autres ajustements, n&#039;h\u00e9sitez pas \u00e0 nous le faire savoir\u00a0!<\/p>\n<\/body><\/html>","protected":false},"excerpt":{"rendered":"<p>Contato Ol\u00e1! Bem-vindo \u00e0 nossa p\u00e1gina de contato. Estamos aqui para ajudar voc\u00ea com qualquer d\u00favida, sugest\u00e3o ou coment\u00e1rio sobre o Planeje as Finan\u00e7as. Fique \u00e0 vontade para entrar em contato conosco atrav\u00e9s dos seguintes meios: Formul\u00e1rio de Contato Se voc\u00ea prefere um atendimento mais direto, preencha o formul\u00e1rio abaixo e nossa equipe responder\u00e1 o [&hellip;]<\/p>","protected":false},"author":2,"featured_media":0,"parent":0,"menu_order":0,"comment_status":"closed","ping_status":"closed","template":"template-contato.php","meta":{"footnotes":""},"class_list":["post-44","page","type-page","status-publish","hentry"],"_links":{"self":[{"href":"https:\/\/blog.planejeasfinancas.com.br\/fr\/wp-json\/wp\/v2\/pages\/44","targetHints":{"allow":["GET"]}}],"collection":[{"href":"https:\/\/blog.planejeasfinancas.com.br\/fr\/wp-json\/wp\/v2\/pages"}],"about":[{"href":"https:\/\/blog.planejeasfinancas.com.br\/fr\/wp-json\/wp\/v2\/types\/page"}],"author":[{"embeddable":true,"href":"https:\/\/blog.planejeasfinancas.com.br\/fr\/wp-json\/wp\/v2\/users\/2"}],"replies":[{"embeddable":true,"href":"https:\/\/blog.planejeasfinancas.com.br\/fr\/wp-json\/wp\/v2\/comments?post=44"}],"version-history":[{"count":2,"href":"https:\/\/blog.planejeasfinancas.com.br\/fr\/wp-json\/wp\/v2\/pages\/44\/revisions"}],"predecessor-version":[{"id":150,"href":"https:\/\/blog.planejeasfinancas.com.br\/fr\/wp-json\/wp\/v2\/pages\/44\/revisions\/150"}],"wp:attachment":[{"href":"https:\/\/blog.planejeasfinancas.com.br\/fr\/wp-json\/wp\/v2\/media?parent=44"}],"curies":[{"name":"wp","href":"https:\/\/api.w.org\/{rel}","templated":true}]}}