{"id":42,"date":"2025-04-02T00:13:58","date_gmt":"2025-04-02T03:13:58","guid":{"rendered":"https:\/\/blog.planejeasfinancas.com.br\/?page_id=42"},"modified":"2025-04-02T00:13:58","modified_gmt":"2025-04-02T03:13:58","slug":"quem-somos","status":"publish","type":"page","link":"https:\/\/blog.planejeasfinancas.com.br\/fr\/quem-somos\/","title":{"rendered":"Qui sommes-nous"},"content":{"rendered":"<html><body><p><strong>Qui sommes-nous<\/strong><\/p>\n\n\n\n<p>Bienvenue \u00e0 <strong>Planifiez vos finances<\/strong>! Nous sommes un portail d\u00e9di\u00e9 \u00e0 apporter du contenu pertinent sur la technologie, des conseils utiles, des applications et des actualit\u00e9s. Notre objectif est de fournir des informations accessibles et pratiques pour faciliter votre quotidien et vous tenir au courant des principales tendances du march\u00e9 num\u00e9rique.<\/p>\n\n\n\n<h3 class=\"wp-block-heading\">Notre mission<\/h3>\n\n\n\n<p>Nous pensons que l\u2019information est essentielle pour prendre des d\u00e9cisions plus s\u00fbres et plus efficaces. Notre engagement est donc de vous proposer un contenu de qualit\u00e9 qui vous aide \u00e0 mieux utiliser les outils technologiques \u00e0 votre disposition.<\/p>\n\n\n\n<h3 class=\"wp-block-heading\">Ce que nous offrons<\/h3>\n\n\n\n<ul class=\"wp-block-list\">\n<li><strong>Conseils pratiques<\/strong>: Des solutions pour faciliter votre routine et am\u00e9liorer votre exp\u00e9rience num\u00e9rique.<\/li>\n\n\n\n<li><strong>Technologie<\/strong>: Actualit\u00e9s sur les innovations, les appareils et les tendances de l&#039;industrie.<\/li>\n\n\n\n<li><strong>Applications<\/strong>:Avis et suggestions des meilleures applications pour diff\u00e9rents usages.<\/li>\n\n\n\n<li><strong>Nouvelles<\/strong>:Mises \u00e0 jour et faits pertinents du monde num\u00e9rique et de la technologie.<\/li>\n<\/ul>\n\n\n\n<h3 class=\"wp-block-heading\">Notre \u00e9quipe<\/h3>\n\n\n\n<p>Notre \u00e9quipe est compos\u00e9e d&#039;experts passionn\u00e9s par la technologie et l&#039;innovation, toujours \u00e0 la recherche de nouveaut\u00e9s pour apporter un contenu actuel et pertinent \u00e0 nos lecteurs.<\/p>\n\n\n\n<h3 class=\"wp-block-heading\">Entrer en contact<\/h3>\n\n\n\n<p>Si vous avez des questions, des suggestions ou souhaitez collaborer avec nous, veuillez nous contacter par email : <strong>blog.planejeasfinancas@gmail.com<\/strong>.<\/p>\n\n\n\n<p>Suivez nos actualit\u00e9s et restez au courant du monde de la technologie et de l&#039;innovation !<\/p>\n\n\n\n<hr class=\"wp-block-separator has-alpha-channel-opacity\">\n\n\n\n<p><strong>Planifiez vos finances \u2013 L\u2019information et la technologie \u00e0 port\u00e9e de main !<\/strong><\/p>\n<\/body><\/html>","protected":false},"excerpt":{"rendered":"<p>Quem Somos Bem-vindo ao Planeje as Finan\u00e7as! Somos um portal dedicado a trazer conte\u00fados relevantes sobre tecnologia, dicas \u00fateis, aplicativos e not\u00edcias. Nosso objetivo \u00e9 fornecer informa\u00e7\u00f5es acess\u00edveis e pr\u00e1ticas para facilitar o seu dia a dia e mant\u00ea-lo atualizado com as principais tend\u00eancias do mercado digital. Nossa Miss\u00e3o Acreditamos que a informa\u00e7\u00e3o \u00e9 essencial [&hellip;]<\/p>","protected":false},"author":2,"featured_media":0,"parent":0,"menu_order":0,"comment_status":"closed","ping_status":"closed","template":"","meta":{"footnotes":""},"class_list":["post-42","page","type-page","status-publish","hentry"],"_links":{"self":[{"href":"https:\/\/blog.planejeasfinancas.com.br\/fr\/wp-json\/wp\/v2\/pages\/42","targetHints":{"allow":["GET"]}}],"collection":[{"href":"https:\/\/blog.planejeasfinancas.com.br\/fr\/wp-json\/wp\/v2\/pages"}],"about":[{"href":"https:\/\/blog.planejeasfinancas.com.br\/fr\/wp-json\/wp\/v2\/types\/page"}],"author":[{"embeddable":true,"href":"https:\/\/blog.planejeasfinancas.com.br\/fr\/wp-json\/wp\/v2\/users\/2"}],"replies":[{"embeddable":true,"href":"https:\/\/blog.planejeasfinancas.com.br\/fr\/wp-json\/wp\/v2\/comments?post=42"}],"version-history":[{"count":1,"href":"https:\/\/blog.planejeasfinancas.com.br\/fr\/wp-json\/wp\/v2\/pages\/42\/revisions"}],"predecessor-version":[{"id":43,"href":"https:\/\/blog.planejeasfinancas.com.br\/fr\/wp-json\/wp\/v2\/pages\/42\/revisions\/43"}],"wp:attachment":[{"href":"https:\/\/blog.planejeasfinancas.com.br\/fr\/wp-json\/wp\/v2\/media?parent=42"}],"curies":[{"name":"wp","href":"https:\/\/api.w.org\/{rel}","templated":true}]}}