{"id":48,"date":"2025-04-02T00:20:13","date_gmt":"2025-04-02T03:20:13","guid":{"rendered":"https:\/\/blog.planejeasfinancas.com.br\/?page_id=48"},"modified":"2025-04-02T00:20:22","modified_gmt":"2025-04-02T03:20:22","slug":"termos-e-condicoes","status":"publish","type":"page","link":"https:\/\/blog.planejeasfinancas.com.br\/es\/termos-e-condicoes\/","title":{"rendered":"T\u00e9rminos y condiciones"},"content":{"rendered":"<html><body><h2 class=\"wp-block-heading\">T\u00e9rminos y condiciones<\/h2>\n\n\n\n<p>Bienvenido a <strong>Planifique sus finanzas<\/strong>! Al acceder y utilizar nuestro sitio web <strong><a class=\"\" href=\"https:\/\/blog.planejeasfinancas.com.br\/es\/\">https:\/\/blog.planejeasfinancas.com.br<\/a><\/strong>, usted acepta los siguientes T\u00e9rminos y Condiciones. Por favor lea atentamente.<\/p>\n\n\n\n<h3 class=\"wp-block-heading\">1. Aceptaci\u00f3n de los T\u00e9rminos<\/h3>\n\n\n\n<p>Al utilizar el sitio web <strong>Planifique sus finanzas<\/strong>, usted acepta cumplir y estar sujeto a estos T\u00e9rminos y Condiciones, que pueden modificarse en cualquier momento sin previo aviso. El uso continuado del sitio web despu\u00e9s de los cambios en los T\u00e9rminos constituye la aceptaci\u00f3n de dichos cambios.<\/p>\n\n\n\n<h3 class=\"wp-block-heading\">2. Uso del Sitio<\/h3>\n\n\n\n<p>Usted acepta utilizar nuestro sitio web de manera legal y apropiada y sin violar ninguna ley o regulaci\u00f3n aplicable. El uso de nuestro contenido para fines ilegales o prohibidos est\u00e1 estrictamente prohibido.<\/p>\n\n\n\n<h3 class=\"wp-block-heading\">3. Propiedad intelectual<\/h3>\n\n\n\n<p>Todo el contenido de este sitio web, incluidos textos, im\u00e1genes, videos, gr\u00e1ficos y logotipos, est\u00e1n protegidos por derechos de autor, marcas registradas y otras leyes de propiedad intelectual. Queda estrictamente prohibido el uso no autorizado de cualquier contenido sin el correspondiente permiso.<\/p>\n\n\n\n<h3 class=\"wp-block-heading\">4. Responsabilidad por el contenido<\/h3>\n\n\n\n<p>La informaci\u00f3n contenida en el <strong>Planifique sus finanzas<\/strong> Se proporcionan con fines informativos y educativos. No garantizamos que la informaci\u00f3n sea precisa, completa o actualizada. El uso de nuestro contenido es bajo su propio riesgo. Para cualquier asesoramiento espec\u00edfico, como financiero o legal, deber\u00e1 consultar con un profesional cualificado.<\/p>\n\n\n\n<h3 class=\"wp-block-heading\">5. Enlaces a sitios de terceros<\/h3>\n\n\n\n<p>Nuestro sitio web puede contener enlaces a otros sitios web de terceros. Estos enlaces se proporcionan \u00fanicamente para su conveniencia. No somos responsables del contenido ni de las pr\u00e1cticas de privacidad de sitios web externos. Le recomendamos que lea los T\u00e9rminos y Condiciones y las Pol\u00edticas de Privacidad de cualquier sitio web al que acceda a trav\u00e9s de un enlace en nuestro sitio web.<\/p>\n\n\n\n<h3 class=\"wp-block-heading\">6. Limitaci\u00f3n de responsabilidad<\/h3>\n\n\n\n<p>En ning\u00fan caso, el <strong>Planifique sus finanzas<\/strong> ser\u00e1 responsable de cualquier da\u00f1o directo, indirecto, incidental o consecuente que surja del uso o la imposibilidad de usar nuestro sitio web, incluyendo, entre otros, la p\u00e9rdida de datos, ganancias o interrupci\u00f3n del negocio.<\/p>\n\n\n\n<h3 class=\"wp-block-heading\">7. Modificaciones al Sitio<\/h3>\n\n\n\n<p>Nos reservamos el derecho de cambiar, modificar, suspender o discontinuar cualquier parte del Sitio en cualquier momento sin previo aviso. No seremos responsables por cualquier falla o interrupci\u00f3n en los servicios prestados.<\/p>\n\n\n\n<h3 class=\"wp-block-heading\">8. Privacidad y cookies<\/h3>\n\n\n\n<p>Al utilizar nuestro sitio web, usted acepta nuestra Pol\u00edtica de privacidad, que describe c\u00f3mo recopilamos, usamos y protegemos su informaci\u00f3n personal. Para obtener m\u00e1s informaci\u00f3n, consulte nuestra Pol\u00edtica de privacidad.<\/p>\n\n\n\n<h3 class=\"wp-block-heading\">9. Prohibiciones<\/h3>\n\n\n\n<p>Usted acepta no:<\/p>\n\n\n\n<ul class=\"wp-block-list\">\n<li>Utilizar el sitio web de una manera que pueda da\u00f1ar o interrumpir su funcionamiento;<\/li>\n\n\n\n<li>Enviar virus o cualquier otro c\u00f3digo malicioso;<\/li>\n\n\n\n<li>Utilizar el sitio web con fines fraudulentos o da\u00f1inos.<\/li>\n<\/ul>\n\n\n\n<h3 class=\"wp-block-heading\">10. Cambios en los T\u00e9rminos y Condiciones<\/h3>\n\n\n\n<p>Podemos modificar estos T\u00e9rminos y Condiciones en cualquier momento y le recomendamos que los revise peri\u00f3dicamente. El uso continuado del Sitio despu\u00e9s de dichos cambios constituir\u00e1 la aceptaci\u00f3n de los nuevos T\u00e9rminos.<\/p>\n\n\n\n<h3 class=\"wp-block-heading\">11. Ley aplicable<\/h3>\n\n\n\n<p>Estos T\u00e9rminos y Condiciones se rigen por la ley brasile\u00f1a. Cualquier disputa relacionada con estos T\u00e9rminos se resolver\u00e1 en los tribunales competentes de la ciudad de S\u00e3o Paulo, SP.<\/p>\n\n\n\n<h3 class=\"wp-block-heading\">12. Contacto<\/h3>\n\n\n\n<p>Si tiene alguna pregunta o inquietud sobre los T\u00e9rminos y Condiciones de este sitio web, cont\u00e1ctenos por correo electr\u00f3nico a: <strong><a class=\"\">contacto@planejeasfinancas.com.br<\/a><\/strong>.<\/p>\n\n\n\n<p><strong>Planifique sus finanzas<\/strong> \u2013 \u00a1Estamos disponibles para ayudar!<\/p>\n<\/body><\/html>","protected":false},"excerpt":{"rendered":"<p>Termos e Condi\u00e7\u00f5es Bem-vindo ao Planeje as Finan\u00e7as! Ao acessar e utilizar nosso site https:\/\/blog.planejeasfinancas.com.br, voc\u00ea concorda com os seguintes Termos e Condi\u00e7\u00f5es. Por favor, leia atentamente. 1. Aceita\u00e7\u00e3o dos Termos Ao utilizar o site Planeje as Finan\u00e7as, voc\u00ea concorda em cumprir e estar vinculado a estes Termos e Condi\u00e7\u00f5es, que podem ser alterados a [&hellip;]<\/p>","protected":false},"author":2,"featured_media":0,"parent":0,"menu_order":0,"comment_status":"closed","ping_status":"closed","template":"","meta":{"footnotes":""},"class_list":["post-48","page","type-page","status-publish","hentry"],"_links":{"self":[{"href":"https:\/\/blog.planejeasfinancas.com.br\/es\/wp-json\/wp\/v2\/pages\/48","targetHints":{"allow":["GET"]}}],"collection":[{"href":"https:\/\/blog.planejeasfinancas.com.br\/es\/wp-json\/wp\/v2\/pages"}],"about":[{"href":"https:\/\/blog.planejeasfinancas.com.br\/es\/wp-json\/wp\/v2\/types\/page"}],"author":[{"embeddable":true,"href":"https:\/\/blog.planejeasfinancas.com.br\/es\/wp-json\/wp\/v2\/users\/2"}],"replies":[{"embeddable":true,"href":"https:\/\/blog.planejeasfinancas.com.br\/es\/wp-json\/wp\/v2\/comments?post=48"}],"version-history":[{"count":2,"href":"https:\/\/blog.planejeasfinancas.com.br\/es\/wp-json\/wp\/v2\/pages\/48\/revisions"}],"predecessor-version":[{"id":50,"href":"https:\/\/blog.planejeasfinancas.com.br\/es\/wp-json\/wp\/v2\/pages\/48\/revisions\/50"}],"wp:attachment":[{"href":"https:\/\/blog.planejeasfinancas.com.br\/es\/wp-json\/wp\/v2\/media?parent=48"}],"curies":[{"name":"wp","href":"https:\/\/api.w.org\/{rel}","templated":true}]}}