{"id":44,"date":"2025-04-02T00:16:21","date_gmt":"2025-04-02T03:16:21","guid":{"rendered":"https:\/\/blog.planejeasfinancas.com.br\/?page_id=44"},"modified":"2025-04-03T18:07:18","modified_gmt":"2025-04-03T21:07:18","slug":"contato","status":"publish","type":"page","link":"https:\/\/blog.planejeasfinancas.com.br\/es\/contato\/","title":{"rendered":"Contacto"},"content":{"rendered":"<html><body><p><strong>Contacto<\/strong><\/p>\n\n\n\n<p>\u00a1Hola! Bienvenido a nuestra p\u00e1gina de contacto. Estamos aqu\u00ed para ayudarte con cualquier duda, sugerencia o comentario sobre el <strong>Planifique sus finanzas<\/strong>. No dudes en contactarnos a trav\u00e9s de los siguientes medios:<\/p>\n\n\n\n<h3 class=\"wp-block-heading\">Formulario de contacto<\/h3>\n\n\n\n<p>Si prefiere un servicio m\u00e1s directo, rellene el siguiente formulario y nuestro equipo le responder\u00e1 lo antes posible:<\/p>\n\n\n\n<h3 class=\"wp-block-heading\">Correo electr\u00f3nico<\/h3>\n\n\n\n<p>Si desea contactarnos directamente por correo electr\u00f3nico, env\u00ede su mensaje a:<\/p>\n\n\n\n<p><strong><a class=\"\">contacto@planejeasfinancas.com.br<\/a><\/strong><\/p>\n\n\n\n<h3 class=\"wp-block-heading\">Redes sociales<\/h3>\n\n\n\n<p>Tambi\u00e9n puedes seguirnos en las redes sociales e interactuar con nuestro contenido. Estamos presentes en las siguientes plataformas:<\/p>\n\n\n\n<ul class=\"wp-block-list\">\n<li>[Facebook] <strong>facebook.com\/planejeasfinancas<\/strong><\/li>\n\n\n\n<li>[Instagram] <strong>instagram.com\/planejeasfinancas<\/strong><\/li>\n\n\n\n<li>[Gorjeo] <strong>twitter.com\/plan_finances<\/strong><\/li>\n\n\n\n<li>[LinkedIn] <strong>linkedin.com\/company\/planejeasfinancas<\/strong><\/li>\n<\/ul>\n\n\n\n<h3 class=\"wp-block-heading\">DIRECCI\u00d3N<\/h3>\n\n\n\n<p>Si prefiere contactarnos en persona, nuestra direcci\u00f3n es:<\/p>\n\n\n\n<p><strong>Avenida Paulista, 123 \u2013 Sala 405<br>S\u00e3o Paulo, SP <\/strong><\/p>\n\n\n\n<p>\u00a1Gracias por contactarnos y le responderemos lo antes posible!<\/p>\n\n\n\n<p><strong>Planifique sus finanzas: \u00a1estamos aqu\u00ed para ayudarle!<\/strong><\/p>\n\n\n\n<p>Ahora con la informaci\u00f3n ficticia, la p\u00e1gina est\u00e1 lista para ser utilizada. Si necesitas m\u00e1s ajustes, \u00a1h\u00e1zmelo saber!<\/p>\n<\/body><\/html>","protected":false},"excerpt":{"rendered":"<p>Contato Ol\u00e1! Bem-vindo \u00e0 nossa p\u00e1gina de contato. Estamos aqui para ajudar voc\u00ea com qualquer d\u00favida, sugest\u00e3o ou coment\u00e1rio sobre o Planeje as Finan\u00e7as. Fique \u00e0 vontade para entrar em contato conosco atrav\u00e9s dos seguintes meios: Formul\u00e1rio de Contato Se voc\u00ea prefere um atendimento mais direto, preencha o formul\u00e1rio abaixo e nossa equipe responder\u00e1 o [&hellip;]<\/p>","protected":false},"author":2,"featured_media":0,"parent":0,"menu_order":0,"comment_status":"closed","ping_status":"closed","template":"template-contato.php","meta":{"footnotes":""},"class_list":["post-44","page","type-page","status-publish","hentry"],"_links":{"self":[{"href":"https:\/\/blog.planejeasfinancas.com.br\/es\/wp-json\/wp\/v2\/pages\/44","targetHints":{"allow":["GET"]}}],"collection":[{"href":"https:\/\/blog.planejeasfinancas.com.br\/es\/wp-json\/wp\/v2\/pages"}],"about":[{"href":"https:\/\/blog.planejeasfinancas.com.br\/es\/wp-json\/wp\/v2\/types\/page"}],"author":[{"embeddable":true,"href":"https:\/\/blog.planejeasfinancas.com.br\/es\/wp-json\/wp\/v2\/users\/2"}],"replies":[{"embeddable":true,"href":"https:\/\/blog.planejeasfinancas.com.br\/es\/wp-json\/wp\/v2\/comments?post=44"}],"version-history":[{"count":2,"href":"https:\/\/blog.planejeasfinancas.com.br\/es\/wp-json\/wp\/v2\/pages\/44\/revisions"}],"predecessor-version":[{"id":150,"href":"https:\/\/blog.planejeasfinancas.com.br\/es\/wp-json\/wp\/v2\/pages\/44\/revisions\/150"}],"wp:attachment":[{"href":"https:\/\/blog.planejeasfinancas.com.br\/es\/wp-json\/wp\/v2\/media?parent=44"}],"curies":[{"name":"wp","href":"https:\/\/api.w.org\/{rel}","templated":true}]}}