{"id":42,"date":"2025-04-02T00:13:58","date_gmt":"2025-04-02T03:13:58","guid":{"rendered":"https:\/\/blog.planejeasfinancas.com.br\/?page_id=42"},"modified":"2025-04-02T00:13:58","modified_gmt":"2025-04-02T03:13:58","slug":"quem-somos","status":"publish","type":"page","link":"https:\/\/blog.planejeasfinancas.com.br\/es\/quem-somos\/","title":{"rendered":"Quienes somos"},"content":{"rendered":"<html><body><p><strong>Quienes somos<\/strong><\/p>\n\n\n\n<p>Bienvenido a <strong>Planifique sus finanzas<\/strong>! Somos un portal dedicado a traer contenido relevante sobre tecnolog\u00eda, consejos \u00fatiles, aplicaciones y noticias. Nuestro objetivo es ofrecerte informaci\u00f3n accesible y pr\u00e1ctica para hacerte m\u00e1s f\u00e1cil el d\u00eda a d\u00eda y mantenerte al d\u00eda de las principales tendencias del mercado digital.<\/p>\n\n\n\n<h3 class=\"wp-block-heading\">Nuestra misi\u00f3n<\/h3>\n\n\n\n<p>Creemos que la informaci\u00f3n es esencial para tomar decisiones m\u00e1s seguras y eficientes. Por eso, nuestro compromiso es ofrecer contenidos de calidad que te ayuden a hacer un mejor uso de las herramientas tecnol\u00f3gicas disponibles.<\/p>\n\n\n\n<h3 class=\"wp-block-heading\">Lo que ofrecemos<\/h3>\n\n\n\n<ul class=\"wp-block-list\">\n<li><strong>Consejos pr\u00e1cticos<\/strong>:Soluciones para hacer tu rutina m\u00e1s f\u00e1cil y mejorar tu experiencia digital.<\/li>\n\n\n\n<li><strong>Tecnolog\u00eda<\/strong>:Noticias sobre innovaciones, dispositivos y tendencias de la industria.<\/li>\n\n\n\n<li><strong>Aplicaciones<\/strong>:Rese\u00f1as y sugerencias de las mejores aplicaciones para diferentes prop\u00f3sitos.<\/li>\n\n\n\n<li><strong>Noticias<\/strong>:Actualizaciones y datos relevantes del mundo digital y la tecnolog\u00eda.<\/li>\n<\/ul>\n\n\n\n<h3 class=\"wp-block-heading\">Nuestro equipo<\/h3>\n\n\n\n<p>Nuestro equipo est\u00e1 formado por expertos apasionados por la tecnolog\u00eda y la innovaci\u00f3n, siempre en la b\u00fasqueda de nuevos desarrollos para ofrecer contenido actualizado y relevante a nuestros lectores.<\/p>\n\n\n\n<h3 class=\"wp-block-heading\">Cont\u00e1ctanos<\/h3>\n\n\n\n<p>Si tienes alguna duda, sugerencia o quieres colaborar con nosotros, ponte en contacto con nosotros a trav\u00e9s del correo electr\u00f3nico: <strong>blog.planejeasfinancas@gmail.com<\/strong>.<\/p>\n\n\n\n<p>\u00a1Sigue nuestras actualizaciones y mantente al d\u00eda con el mundo de la tecnolog\u00eda y la innovaci\u00f3n!<\/p>\n\n\n\n<hr class=\"wp-block-separator has-alpha-channel-opacity\">\n\n\n\n<p><strong>Planifica tus Finanzas \u2013 \u00a1Informaci\u00f3n y tecnolog\u00eda a tu alcance!<\/strong><\/p>\n<\/body><\/html>","protected":false},"excerpt":{"rendered":"<p>Quem Somos Bem-vindo ao Planeje as Finan\u00e7as! Somos um portal dedicado a trazer conte\u00fados relevantes sobre tecnologia, dicas \u00fateis, aplicativos e not\u00edcias. Nosso objetivo \u00e9 fornecer informa\u00e7\u00f5es acess\u00edveis e pr\u00e1ticas para facilitar o seu dia a dia e mant\u00ea-lo atualizado com as principais tend\u00eancias do mercado digital. Nossa Miss\u00e3o Acreditamos que a informa\u00e7\u00e3o \u00e9 essencial [&hellip;]<\/p>","protected":false},"author":2,"featured_media":0,"parent":0,"menu_order":0,"comment_status":"closed","ping_status":"closed","template":"","meta":{"footnotes":""},"class_list":["post-42","page","type-page","status-publish","hentry"],"_links":{"self":[{"href":"https:\/\/blog.planejeasfinancas.com.br\/es\/wp-json\/wp\/v2\/pages\/42","targetHints":{"allow":["GET"]}}],"collection":[{"href":"https:\/\/blog.planejeasfinancas.com.br\/es\/wp-json\/wp\/v2\/pages"}],"about":[{"href":"https:\/\/blog.planejeasfinancas.com.br\/es\/wp-json\/wp\/v2\/types\/page"}],"author":[{"embeddable":true,"href":"https:\/\/blog.planejeasfinancas.com.br\/es\/wp-json\/wp\/v2\/users\/2"}],"replies":[{"embeddable":true,"href":"https:\/\/blog.planejeasfinancas.com.br\/es\/wp-json\/wp\/v2\/comments?post=42"}],"version-history":[{"count":1,"href":"https:\/\/blog.planejeasfinancas.com.br\/es\/wp-json\/wp\/v2\/pages\/42\/revisions"}],"predecessor-version":[{"id":43,"href":"https:\/\/blog.planejeasfinancas.com.br\/es\/wp-json\/wp\/v2\/pages\/42\/revisions\/43"}],"wp:attachment":[{"href":"https:\/\/blog.planejeasfinancas.com.br\/es\/wp-json\/wp\/v2\/media?parent=42"}],"curies":[{"name":"wp","href":"https:\/\/api.w.org\/{rel}","templated":true}]}}