{"id":42,"date":"2025-04-02T00:13:58","date_gmt":"2025-04-02T03:13:58","guid":{"rendered":"https:\/\/blog.planejeasfinancas.com.br\/?page_id=42"},"modified":"2025-04-02T00:13:58","modified_gmt":"2025-04-02T03:13:58","slug":"quem-somos","status":"publish","type":"page","link":"https:\/\/blog.planejeasfinancas.com.br\/en\/quem-somos\/","title":{"rendered":"Who We Are"},"content":{"rendered":"<html><body><p><strong>Who We Are<\/strong><\/p>\n\n\n\n<p>Welcome to <strong>Plan Your Finances<\/strong>! We are a portal dedicated to bringing relevant content about technology, useful tips, applications and news. Our goal is to provide accessible and practical information to make your day-to-day easier and keep you up to date with the main trends in the digital market.<\/p>\n\n\n\n<h3 class=\"wp-block-heading\">Our Mission<\/h3>\n\n\n\n<p>We believe that information is essential for making safer and more efficient decisions. Therefore, we are committed to offering quality content that helps you make the most of the technological tools available.<\/p>\n\n\n\n<h3 class=\"wp-block-heading\">What We Offer<\/h3>\n\n\n\n<ul class=\"wp-block-list\">\n<li><strong>Practical Tips<\/strong>: Solutions to make your routine easier and improve your digital experience.<\/li>\n\n\n\n<li><strong>Technology<\/strong>: News about innovations, devices and industry trends.<\/li>\n\n\n\n<li><strong>Applications<\/strong>: Reviews and suggestions of the best apps for different purposes.<\/li>\n\n\n\n<li><strong>News<\/strong>: Updates and relevant facts from the digital world and technology.<\/li>\n<\/ul>\n\n\n\n<h3 class=\"wp-block-heading\">Our Team<\/h3>\n\n\n\n<p>Our team is made up of experts who are passionate about technology and innovation, always on the lookout for new developments to bring up-to-date and relevant content to our readers.<\/p>\n\n\n\n<h3 class=\"wp-block-heading\">Get in Touch<\/h3>\n\n\n\n<p>If you have any questions, suggestions or would like to collaborate with us, please contact us by email: <strong>blog.planejeasfinancas@gmail.com<\/strong>.<\/p>\n\n\n\n<p>Follow our updates and stay up to date with the world of technology and innovation!<\/p>\n\n\n\n<hr class=\"wp-block-separator has-alpha-channel-opacity\">\n\n\n\n<p><strong>Plan your Finances \u2013 Information and technology at your fingertips!<\/strong><\/p>\n<\/body><\/html>","protected":false},"excerpt":{"rendered":"<p>Quem Somos Bem-vindo ao Planeje as Finan\u00e7as! Somos um portal dedicado a trazer conte\u00fados relevantes sobre tecnologia, dicas \u00fateis, aplicativos e not\u00edcias. Nosso objetivo \u00e9 fornecer informa\u00e7\u00f5es acess\u00edveis e pr\u00e1ticas para facilitar o seu dia a dia e mant\u00ea-lo atualizado com as principais tend\u00eancias do mercado digital. Nossa Miss\u00e3o Acreditamos que a informa\u00e7\u00e3o \u00e9 essencial [&hellip;]<\/p>","protected":false},"author":2,"featured_media":0,"parent":0,"menu_order":0,"comment_status":"closed","ping_status":"closed","template":"","meta":{"footnotes":""},"class_list":["post-42","page","type-page","status-publish","hentry"],"_links":{"self":[{"href":"https:\/\/blog.planejeasfinancas.com.br\/en\/wp-json\/wp\/v2\/pages\/42","targetHints":{"allow":["GET"]}}],"collection":[{"href":"https:\/\/blog.planejeasfinancas.com.br\/en\/wp-json\/wp\/v2\/pages"}],"about":[{"href":"https:\/\/blog.planejeasfinancas.com.br\/en\/wp-json\/wp\/v2\/types\/page"}],"author":[{"embeddable":true,"href":"https:\/\/blog.planejeasfinancas.com.br\/en\/wp-json\/wp\/v2\/users\/2"}],"replies":[{"embeddable":true,"href":"https:\/\/blog.planejeasfinancas.com.br\/en\/wp-json\/wp\/v2\/comments?post=42"}],"version-history":[{"count":1,"href":"https:\/\/blog.planejeasfinancas.com.br\/en\/wp-json\/wp\/v2\/pages\/42\/revisions"}],"predecessor-version":[{"id":43,"href":"https:\/\/blog.planejeasfinancas.com.br\/en\/wp-json\/wp\/v2\/pages\/42\/revisions\/43"}],"wp:attachment":[{"href":"https:\/\/blog.planejeasfinancas.com.br\/en\/wp-json\/wp\/v2\/media?parent=42"}],"curies":[{"name":"wp","href":"https:\/\/api.w.org\/{rel}","templated":true}]}}