{"id":48,"date":"2025-04-02T00:20:13","date_gmt":"2025-04-02T03:20:13","guid":{"rendered":"https:\/\/blog.planejeasfinancas.com.br\/?page_id=48"},"modified":"2025-04-02T00:20:22","modified_gmt":"2025-04-02T03:20:22","slug":"termos-e-condicoes","status":"publish","type":"page","link":"https:\/\/blog.planejeasfinancas.com.br\/de\/termos-e-condicoes\/","title":{"rendered":"Gesch\u00e4ftsbedingungen"},"content":{"rendered":"<html><body><h2 class=\"wp-block-heading\">Gesch\u00e4ftsbedingungen<\/h2>\n\n\n\n<p>Willkommen bei <strong>Planen Sie Ihre Finanzen<\/strong>! Durch den Zugriff und die Nutzung unserer Website <strong><a class=\"\" href=\"https:\/\/blog.planejeasfinancas.com.br\/de\/\">https:\/\/blog.planejeasfinancas.com.br<\/a><\/strong>stimmen Sie den folgenden Allgemeinen Gesch\u00e4ftsbedingungen zu. Bitte sorgf\u00e4ltig lesen.<\/p>\n\n\n\n<h3 class=\"wp-block-heading\">1. Annahme der Bedingungen<\/h3>\n\n\n\n<p>Bei der Nutzung der Website <strong>Planen Sie Ihre Finanzen<\/strong>erkl\u00e4ren Sie sich damit einverstanden, diese Allgemeinen Gesch\u00e4ftsbedingungen einzuhalten und an sie gebunden zu sein. Die Bedingungen k\u00f6nnen jederzeit ohne Vorank\u00fcndigung ge\u00e4ndert werden. Die fortgesetzte Nutzung der Website nach \u00c4nderungen der Bedingungen gilt als Akzeptanz dieser \u00c4nderungen.<\/p>\n\n\n\n<h3 class=\"wp-block-heading\">2. Nutzung der Website<\/h3>\n\n\n\n<p>Sie erkl\u00e4ren sich damit einverstanden, unsere Website auf rechtm\u00e4\u00dfige und angemessene Weise zu nutzen und dabei keine geltenden Gesetze oder Vorschriften zu verletzen. Die Verwendung unserer Inhalte f\u00fcr illegale oder verbotene Zwecke ist strengstens untersagt.<\/p>\n\n\n\n<h3 class=\"wp-block-heading\">3. Geistiges Eigentum<\/h3>\n\n\n\n<p>Alle Inhalte dieser Website, einschlie\u00dflich Texte, Bilder, Videos, Grafiken und Logos, sind durch Urheberrechte, Markenrechte und andere Gesetze zum Schutz geistigen Eigentums gesch\u00fctzt. Die unbefugte Verwendung jeglicher Inhalte ohne entsprechende Genehmigung ist strengstens untersagt.<\/p>\n\n\n\n<h3 class=\"wp-block-heading\">4. Verantwortung f\u00fcr Inhalte<\/h3>\n\n\n\n<p>Die Informationen in der <strong>Planen Sie Ihre Finanzen<\/strong> werden zu Informations- und Bildungszwecken bereitgestellt. F\u00fcr die Richtigkeit, Vollst\u00e4ndigkeit und Aktualit\u00e4t der Informationen \u00fcbernehmen wir keine Gew\u00e4hr. Die Nutzung unserer Inhalte erfolgt auf Ihr eigenes Risiko. F\u00fcr spezifische Ratschl\u00e4ge, beispielsweise finanzieller oder rechtlicher Art, sollten Sie einen qualifizierten Fachmann zu Rate ziehen.<\/p>\n\n\n\n<h3 class=\"wp-block-heading\">5. Links zu Websites Dritter<\/h3>\n\n\n\n<p>Unsere Website kann Links zu anderen Websites Dritter enthalten. Diese Links dienen lediglich der Benutzerfreundlichkeit. Wir sind nicht f\u00fcr den Inhalt oder die Datenschutzpraktiken externer Websites verantwortlich. Wir empfehlen Ihnen, die Allgemeinen Gesch\u00e4ftsbedingungen und Datenschutzrichtlinien aller Websites zu lesen, auf die Sie \u00fcber einen Link auf unserer Website zugreifen.<\/p>\n\n\n\n<h3 class=\"wp-block-heading\">6. Haftungsbeschr\u00e4nkung<\/h3>\n\n\n\n<p>Unter keinen Umst\u00e4nden darf die <strong>Planen Sie Ihre Finanzen<\/strong> haftet nicht f\u00fcr direkte, indirekte, zuf\u00e4llige oder Folgesch\u00e4den, die sich aus der Nutzung oder der Unm\u00f6glichkeit der Nutzung unserer Website ergeben, einschlie\u00dflich, aber nicht beschr\u00e4nkt auf Datenverlust, Gewinnverlust oder Betriebsunterbrechung.<\/p>\n\n\n\n<h3 class=\"wp-block-heading\">7. \u00c4nderungen an der Site<\/h3>\n\n\n\n<p>Wir behalten uns das Recht vor, Teile der Site jederzeit und ohne Vorank\u00fcndigung zu \u00e4ndern, zu modifizieren, auszusetzen oder einzustellen. Wir sind nicht f\u00fcr Ausf\u00e4lle oder Unterbrechungen der bereitgestellten Dienste verantwortlich.<\/p>\n\n\n\n<h3 class=\"wp-block-heading\">8. Datenschutz und Cookies<\/h3>\n\n\n\n<p>Durch die Nutzung unserer Website erkl\u00e4ren Sie sich mit unserer Datenschutzrichtlinie einverstanden, die beschreibt, wie wir Ihre personenbezogenen Daten erfassen, verwenden und sch\u00fctzen. Weitere Informationen finden Sie in unseren Datenschutzbestimmungen.<\/p>\n\n\n\n<h3 class=\"wp-block-heading\">9. Verbote<\/h3>\n\n\n\n<p>Sie verpflichten sich, Folgendes nicht zu tun:<\/p>\n\n\n\n<ul class=\"wp-block-list\">\n<li>die Website in einer Weise nutzen, die ihren Betrieb beeintr\u00e4chtigen oder unterbrechen k\u00f6nnte;<\/li>\n\n\n\n<li>Senden Sie Viren oder anderen sch\u00e4dlichen Code.<\/li>\n\n\n\n<li>Die Website f\u00fcr betr\u00fcgerische oder sch\u00e4dliche Zwecke nutzen.<\/li>\n<\/ul>\n\n\n\n<h3 class=\"wp-block-heading\">10. \u00c4nderungen der Allgemeinen Gesch\u00e4ftsbedingungen<\/h3>\n\n\n\n<p>Wir k\u00f6nnen diese Allgemeinen Gesch\u00e4ftsbedingungen jederzeit \u00e4ndern und empfehlen Ihnen, sie regelm\u00e4\u00dfig durchzusehen. Die fortgesetzte Nutzung der Site nach solchen \u00c4nderungen gilt als Annahme der neuen Bedingungen.<\/p>\n\n\n\n<h3 class=\"wp-block-heading\">11. Geltendes Recht<\/h3>\n\n\n\n<p>Diese Allgemeinen Gesch\u00e4ftsbedingungen unterliegen brasilianischem Recht. Alle Streitigkeiten im Zusammenhang mit diesen Bedingungen werden vor den zust\u00e4ndigen Gerichten der Stadt S\u00e3o Paulo, SP, beigelegt.<\/p>\n\n\n\n<h3 class=\"wp-block-heading\">12. Kontakt<\/h3>\n\n\n\n<p>Wenn Sie Fragen oder Bedenken zu den Allgemeinen Gesch\u00e4ftsbedingungen dieser Website haben, kontaktieren Sie uns bitte per E-Mail unter: <strong><a class=\"\">contato@planejeasfinancas.com.br<\/a><\/strong>.<\/p>\n\n\n\n<p><strong>Planen Sie Ihre Finanzen<\/strong> \u2013 Wir helfen Ihnen gerne weiter!<\/p>\n<\/body><\/html>","protected":false},"excerpt":{"rendered":"<p>Termos e Condi\u00e7\u00f5es Bem-vindo ao Planeje as Finan\u00e7as! Ao acessar e utilizar nosso site https:\/\/blog.planejeasfinancas.com.br, voc\u00ea concorda com os seguintes Termos e Condi\u00e7\u00f5es. Por favor, leia atentamente. 1. Aceita\u00e7\u00e3o dos Termos Ao utilizar o site Planeje as Finan\u00e7as, voc\u00ea concorda em cumprir e estar vinculado a estes Termos e Condi\u00e7\u00f5es, que podem ser alterados a [&hellip;]<\/p>","protected":false},"author":2,"featured_media":0,"parent":0,"menu_order":0,"comment_status":"closed","ping_status":"closed","template":"","meta":{"footnotes":""},"class_list":["post-48","page","type-page","status-publish","hentry"],"_links":{"self":[{"href":"https:\/\/blog.planejeasfinancas.com.br\/de\/wp-json\/wp\/v2\/pages\/48","targetHints":{"allow":["GET"]}}],"collection":[{"href":"https:\/\/blog.planejeasfinancas.com.br\/de\/wp-json\/wp\/v2\/pages"}],"about":[{"href":"https:\/\/blog.planejeasfinancas.com.br\/de\/wp-json\/wp\/v2\/types\/page"}],"author":[{"embeddable":true,"href":"https:\/\/blog.planejeasfinancas.com.br\/de\/wp-json\/wp\/v2\/users\/2"}],"replies":[{"embeddable":true,"href":"https:\/\/blog.planejeasfinancas.com.br\/de\/wp-json\/wp\/v2\/comments?post=48"}],"version-history":[{"count":2,"href":"https:\/\/blog.planejeasfinancas.com.br\/de\/wp-json\/wp\/v2\/pages\/48\/revisions"}],"predecessor-version":[{"id":50,"href":"https:\/\/blog.planejeasfinancas.com.br\/de\/wp-json\/wp\/v2\/pages\/48\/revisions\/50"}],"wp:attachment":[{"href":"https:\/\/blog.planejeasfinancas.com.br\/de\/wp-json\/wp\/v2\/media?parent=48"}],"curies":[{"name":"wp","href":"https:\/\/api.w.org\/{rel}","templated":true}]}}