{"id":46,"date":"2025-04-02T00:18:08","date_gmt":"2025-04-02T03:18:08","guid":{"rendered":"https:\/\/blog.planejeasfinancas.com.br\/?page_id=46"},"modified":"2025-04-02T00:18:09","modified_gmt":"2025-04-02T03:18:09","slug":"descargo-de-responsabilidade","status":"publish","type":"page","link":"https:\/\/blog.planejeasfinancas.com.br\/de\/descargo-de-responsabilidade\/","title":{"rendered":"Haftungsausschluss"},"content":{"rendered":"<html><body><h2 class=\"wp-block-heading\">Haftungsausschluss<\/h2>\n\n\n\n<p>Der Inhalt der <strong>Planen Sie Ihre Finanzen<\/strong> wird nur zu Informations- und Bildungszwecken bereitgestellt. Obwohl wir uns bem\u00fchen, die Richtigkeit der bereitgestellten Informationen sicherzustellen, k\u00f6nnen wir die Richtigkeit, Vollst\u00e4ndigkeit oder Zuverl\u00e4ssigkeit der auf dieser Website verf\u00fcgbaren Inhalte nicht garantieren. Die bereitgestellten Informationen sollten nicht als professionelle Finanzberatung ausgelegt werden.<\/p>\n\n\n\n<h3 class=\"wp-block-heading\">1. Informationen und Inhalte<\/h3>\n\n\n\n<p>Die auf dieser Website enthaltenen Informationen basieren auf Quellen, die wir f\u00fcr zuverl\u00e4ssig halten. Wir sind jedoch nicht f\u00fcr Fehler, Auslassungen oder Sch\u00e4den verantwortlich, die sich aus der Verwendung der bereitgestellten Informationen ergeben.<\/p>\n\n\n\n<h3 class=\"wp-block-heading\">2. Professionelle Beratung<\/h3>\n\n\n\n<p>Die Informationen in der <strong>Planen Sie Ihre Finanzen<\/strong> Sie ersetzen nicht die Beratung durch einen qualifizierten Fachmann im Bereich Finanzen, Geldanlagen oder einem anderen Fachgebiet. Wir empfehlen Ihnen, einen Finanzberater oder Spezialisten zu konsultieren, bevor Sie auf Grundlage der Informationen auf dieser Website wichtige Entscheidungen treffen.<\/p>\n\n\n\n<h3 class=\"wp-block-heading\">3. Links zu externen Seiten<\/h3>\n\n\n\n<p>Unsere Website kann Links zu Websites Dritter enthalten. Wir sind nicht f\u00fcr den Inhalt oder die Datenschutzpraktiken dieser Websites verantwortlich. Wir empfehlen Ihnen, die Datenschutzrichtlinien und Nutzungsbedingungen aller Websites zu lesen, auf die Sie \u00fcber einen Link auf unserer Website zugreifen.<\/p>\n\n\n\n<h3 class=\"wp-block-heading\">4. Ergebnisse und Garantien<\/h3>\n\n\n\n<p>Wir \u00fcbernehmen keine Garantie daf\u00fcr, dass die Nutzung der auf der Website angebotenen Informationen oder Tools zu bestimmten Ergebnissen f\u00fchrt oder dass diese fehlerfrei oder unterbrechungsfrei erfolgt. Die Verantwortung f\u00fcr die Verwendung aller bereitgestellten Ressourcen oder Informationen liegt beim Benutzer.<\/p>\n\n\n\n<h3 class=\"wp-block-heading\">5. \u00c4nderungen an Inhalten<\/h3>\n\n\n\n<p>Der Inhalt dieser Website kann ohne vorherige Ank\u00fcndigung ge\u00e4ndert werden. Wir behalten uns das Recht vor, Informationen zu \u00e4ndern, zu aktualisieren oder zu entfernen, ohne dass hieraus f\u00fcr uns irgendeine Verpflichtung oder Haftung entsteht.<\/p>\n\n\n\n<h3 class=\"wp-block-heading\">6. Haftungsbeschr\u00e4nkung<\/h3>\n\n\n\n<p>Unter keinen Umst\u00e4nden darf die <strong>Planen Sie Ihre Finanzen<\/strong> haftet nicht f\u00fcr direkte, indirekte, zuf\u00e4llige oder Folgesch\u00e4den, die sich aus der Nutzung oder der Unm\u00f6glichkeit der Nutzung unserer Website ergeben, einschlie\u00dflich, aber nicht beschr\u00e4nkt auf entgangene Gewinne, verlorene Daten oder Betriebsunterbrechung.<\/p>\n\n\n\n<h3 class=\"wp-block-heading\">7. Urheberrecht<\/h3>\n\n\n\n<p>Alle Inhalte dieser Website, einschlie\u00dflich Texte, Bilder, Videos und Grafiken, sind urheberrechtlich gesch\u00fctzt und d\u00fcrfen ohne entsprechende Genehmigung von nicht reproduziert werden. <strong>Planen Sie Ihre Finanzen<\/strong>.<\/p>\n\n\n\n<h3 class=\"wp-block-heading\">8. \u00c4nderungen des Haftungsausschlusses<\/h3>\n\n\n\n<p>Wir k\u00f6nnen diesen Haftungsausschluss jederzeit \u00e4ndern. Wir empfehlen Ihnen, diese Seite regelm\u00e4\u00dfig zu \u00fcberpr\u00fcfen, um \u00fcber etwaige \u00c4nderungen informiert zu sein.<\/p>\n\n\n\n<h3 class=\"wp-block-heading\">9. Kontakt<\/h3>\n\n\n\n<p>Wenn Sie Fragen oder Bedenken zu diesem Haftungsausschluss haben, kontaktieren Sie uns bitte unter: <a><strong>contato@planejeasfinancas.com.br<\/strong><\/a>.<\/p>\n<\/body><\/html>","protected":false},"excerpt":{"rendered":"<p>Descargo de Responsabilidade O conte\u00fado do Planeje as Finan\u00e7as \u00e9 fornecido para fins informativos e educacionais. Embora nos esforcemos para garantir a precis\u00e3o das informa\u00e7\u00f5es compartilhadas, n\u00e3o garantimos a precis\u00e3o, completude ou confiabilidade de qualquer conte\u00fado dispon\u00edvel neste site. As informa\u00e7\u00f5es fornecidas n\u00e3o devem ser interpretadas como aconselhamento financeiro profissional. 1. Informa\u00e7\u00f5es e Conte\u00fado As [&hellip;]<\/p>","protected":false},"author":2,"featured_media":0,"parent":0,"menu_order":0,"comment_status":"closed","ping_status":"closed","template":"","meta":{"footnotes":""},"class_list":["post-46","page","type-page","status-publish","hentry"],"_links":{"self":[{"href":"https:\/\/blog.planejeasfinancas.com.br\/de\/wp-json\/wp\/v2\/pages\/46","targetHints":{"allow":["GET"]}}],"collection":[{"href":"https:\/\/blog.planejeasfinancas.com.br\/de\/wp-json\/wp\/v2\/pages"}],"about":[{"href":"https:\/\/blog.planejeasfinancas.com.br\/de\/wp-json\/wp\/v2\/types\/page"}],"author":[{"embeddable":true,"href":"https:\/\/blog.planejeasfinancas.com.br\/de\/wp-json\/wp\/v2\/users\/2"}],"replies":[{"embeddable":true,"href":"https:\/\/blog.planejeasfinancas.com.br\/de\/wp-json\/wp\/v2\/comments?post=46"}],"version-history":[{"count":1,"href":"https:\/\/blog.planejeasfinancas.com.br\/de\/wp-json\/wp\/v2\/pages\/46\/revisions"}],"predecessor-version":[{"id":47,"href":"https:\/\/blog.planejeasfinancas.com.br\/de\/wp-json\/wp\/v2\/pages\/46\/revisions\/47"}],"wp:attachment":[{"href":"https:\/\/blog.planejeasfinancas.com.br\/de\/wp-json\/wp\/v2\/media?parent=46"}],"curies":[{"name":"wp","href":"https:\/\/api.w.org\/{rel}","templated":true}]}}