{"id":44,"date":"2025-04-02T00:16:21","date_gmt":"2025-04-02T03:16:21","guid":{"rendered":"https:\/\/blog.planejeasfinancas.com.br\/?page_id=44"},"modified":"2025-04-03T18:07:18","modified_gmt":"2025-04-03T21:07:18","slug":"contato","status":"publish","type":"page","link":"https:\/\/blog.planejeasfinancas.com.br\/de\/contato\/","title":{"rendered":"Kontakt"},"content":{"rendered":"<html><body><p><strong>Kontakt<\/strong><\/p>\n\n\n\n<p>Hallo! Willkommen auf unserer Kontaktseite. Wir helfen Ihnen gerne bei Fragen, Anregungen oder Kommentaren zum <strong>Planen Sie Ihre Finanzen<\/strong>. Sie k\u00f6nnen uns gerne auf folgende Weise kontaktieren:<\/p>\n\n\n\n<h3 class=\"wp-block-heading\">Kontaktformular<\/h3>\n\n\n\n<p>Wenn Sie einen direkteren Service bevorzugen, f\u00fcllen Sie das untenstehende Formular aus und unser Team wird so schnell wie m\u00f6glich antworten:<\/p>\n\n\n\n<h3 class=\"wp-block-heading\">E-Mail<\/h3>\n\n\n\n<p>Wenn Sie uns direkt per E-Mail kontaktieren m\u00f6chten, senden Sie Ihre Nachricht bitte an:<\/p>\n\n\n\n<p><strong><a class=\"\">contato@planejeasfinancas.com.br<\/a><\/strong><\/p>\n\n\n\n<h3 class=\"wp-block-heading\">Soziale Medien<\/h3>\n\n\n\n<p>Sie k\u00f6nnen uns auch in den sozialen Medien folgen und mit unseren Inhalten interagieren. Wir sind auf folgenden Plattformen vertreten:<\/p>\n\n\n\n<ul class=\"wp-block-list\">\n<li>[Facebook] <strong>facebook.com\/planjeasfinancas<\/strong><\/li>\n\n\n\n<li>[Instagram] <strong>instagram.com\/planejeasfinancas<\/strong><\/li>\n\n\n\n<li>[Twitter] <strong>twitter.com\/plan_finances<\/strong><\/li>\n\n\n\n<li>[LinkedIn] <strong>linkedin.com\/company\/planjeasfinancas<\/strong><\/li>\n<\/ul>\n\n\n\n<h3 class=\"wp-block-heading\">Adresse<\/h3>\n\n\n\n<p>Wenn Sie uns lieber pers\u00f6nlich kontaktieren m\u00f6chten, lautet unsere Adresse:<\/p>\n\n\n\n<p><strong>Avenida Paulista, 123 \u2013 Raum 405<br>Sao Paulo, SP <\/strong><\/p>\n\n\n\n<p>Vielen Dank f\u00fcr Ihre Kontaktaufnahme. Wir werden so schnell wie m\u00f6glich antworten!<\/p>\n\n\n\n<p><strong>Planen Sie Ihre Finanzen \u2013 wir helfen Ihnen dabei!<\/strong><\/p>\n\n\n\n<p>Mit den fiktiven Informationen ist die Seite nun einsatzbereit. Wenn Sie weitere Anpassungen ben\u00f6tigen, lassen Sie es mich einfach wissen!<\/p>\n<\/body><\/html>","protected":false},"excerpt":{"rendered":"<p>Contato Ol\u00e1! Bem-vindo \u00e0 nossa p\u00e1gina de contato. Estamos aqui para ajudar voc\u00ea com qualquer d\u00favida, sugest\u00e3o ou coment\u00e1rio sobre o Planeje as Finan\u00e7as. Fique \u00e0 vontade para entrar em contato conosco atrav\u00e9s dos seguintes meios: Formul\u00e1rio de Contato Se voc\u00ea prefere um atendimento mais direto, preencha o formul\u00e1rio abaixo e nossa equipe responder\u00e1 o [&hellip;]<\/p>","protected":false},"author":2,"featured_media":0,"parent":0,"menu_order":0,"comment_status":"closed","ping_status":"closed","template":"template-contato.php","meta":{"footnotes":""},"class_list":["post-44","page","type-page","status-publish","hentry"],"_links":{"self":[{"href":"https:\/\/blog.planejeasfinancas.com.br\/de\/wp-json\/wp\/v2\/pages\/44","targetHints":{"allow":["GET"]}}],"collection":[{"href":"https:\/\/blog.planejeasfinancas.com.br\/de\/wp-json\/wp\/v2\/pages"}],"about":[{"href":"https:\/\/blog.planejeasfinancas.com.br\/de\/wp-json\/wp\/v2\/types\/page"}],"author":[{"embeddable":true,"href":"https:\/\/blog.planejeasfinancas.com.br\/de\/wp-json\/wp\/v2\/users\/2"}],"replies":[{"embeddable":true,"href":"https:\/\/blog.planejeasfinancas.com.br\/de\/wp-json\/wp\/v2\/comments?post=44"}],"version-history":[{"count":2,"href":"https:\/\/blog.planejeasfinancas.com.br\/de\/wp-json\/wp\/v2\/pages\/44\/revisions"}],"predecessor-version":[{"id":150,"href":"https:\/\/blog.planejeasfinancas.com.br\/de\/wp-json\/wp\/v2\/pages\/44\/revisions\/150"}],"wp:attachment":[{"href":"https:\/\/blog.planejeasfinancas.com.br\/de\/wp-json\/wp\/v2\/media?parent=44"}],"curies":[{"name":"wp","href":"https:\/\/api.w.org\/{rel}","templated":true}]}}