{"id":42,"date":"2025-04-02T00:13:58","date_gmt":"2025-04-02T03:13:58","guid":{"rendered":"https:\/\/blog.planejeasfinancas.com.br\/?page_id=42"},"modified":"2025-04-02T00:13:58","modified_gmt":"2025-04-02T03:13:58","slug":"quem-somos","status":"publish","type":"page","link":"https:\/\/blog.planejeasfinancas.com.br\/de\/quem-somos\/","title":{"rendered":"Wer wir sind"},"content":{"rendered":"<html><body><p><strong>Wer wir sind<\/strong><\/p>\n\n\n\n<p>Willkommen bei <strong>Planen Sie Ihre Finanzen<\/strong>! Wir sind ein Portal, das sich der Bereitstellung relevanter Inhalte zu Technologie, n\u00fctzlichen Tipps, Anwendungen und Neuigkeiten widmet. Unser Ziel ist es, Ihnen leicht zug\u00e4ngliche und praktische Informationen bereitzustellen, die Ihren Alltag erleichtern und Sie \u00fcber die wichtigsten Trends auf dem digitalen Markt auf dem Laufenden halten.<\/p>\n\n\n\n<h3 class=\"wp-block-heading\">Unsere Mission<\/h3>\n\n\n\n<p>Wir glauben, dass Informationen f\u00fcr sicherere und effizientere Entscheidungen unerl\u00e4sslich sind. Daher ist es unser Ziel, qualitativ hochwertige Inhalte anzubieten, die Ihnen dabei helfen, die verf\u00fcgbaren technologischen Tools besser zu nutzen.<\/p>\n\n\n\n<h3 class=\"wp-block-heading\">Unser Angebot<\/h3>\n\n\n\n<ul class=\"wp-block-list\">\n<li><strong>Praktische Tipps<\/strong>: L\u00f6sungen, die Ihren Alltag erleichtern und Ihr digitales Erlebnis verbessern.<\/li>\n\n\n\n<li><strong>Technologie<\/strong>: Neuigkeiten zu Innovationen, Ger\u00e4ten und Branchentrends.<\/li>\n\n\n\n<li><strong>Anwendungen<\/strong>: Bewertungen und Vorschl\u00e4ge der besten Apps f\u00fcr verschiedene Zwecke.<\/li>\n\n\n\n<li><strong>Nachricht<\/strong>: Aktuelles und Wissenswertes aus der digitalen Welt und Technik.<\/li>\n<\/ul>\n\n\n\n<h3 class=\"wp-block-heading\">Unser Team<\/h3>\n\n\n\n<p>Unser Team besteht aus Experten, die sich leidenschaftlich f\u00fcr Technologie und Innovation interessieren und immer auf der Suche nach neuen Entwicklungen sind, um unseren Lesern aktuelle und relevante Inhalte zu bieten.<\/p>\n\n\n\n<h3 class=\"wp-block-heading\">Schreiben Sie uns<\/h3>\n\n\n\n<p>Wenn Sie Fragen oder Anregungen haben oder mit uns zusammenarbeiten m\u00f6chten, kontaktieren Sie uns bitte per E-Mail: <strong>blog.planejeasfinancas@gmail.com<\/strong>.<\/p>\n\n\n\n<p>Folgen Sie unseren Updates und bleiben Sie \u00fcber die Welt der Technologie und Innovation auf dem Laufenden!<\/p>\n\n\n\n<hr class=\"wp-block-separator has-alpha-channel-opacity\">\n\n\n\n<p><strong>Planen Sie Ihre Finanzen \u2013 Informationen und Technologie immer zur Hand!<\/strong><\/p>\n<\/body><\/html>","protected":false},"excerpt":{"rendered":"<p>Quem Somos Bem-vindo ao Planeje as Finan\u00e7as! Somos um portal dedicado a trazer conte\u00fados relevantes sobre tecnologia, dicas \u00fateis, aplicativos e not\u00edcias. Nosso objetivo \u00e9 fornecer informa\u00e7\u00f5es acess\u00edveis e pr\u00e1ticas para facilitar o seu dia a dia e mant\u00ea-lo atualizado com as principais tend\u00eancias do mercado digital. Nossa Miss\u00e3o Acreditamos que a informa\u00e7\u00e3o \u00e9 essencial [&hellip;]<\/p>","protected":false},"author":2,"featured_media":0,"parent":0,"menu_order":0,"comment_status":"closed","ping_status":"closed","template":"","meta":{"footnotes":""},"class_list":["post-42","page","type-page","status-publish","hentry"],"_links":{"self":[{"href":"https:\/\/blog.planejeasfinancas.com.br\/de\/wp-json\/wp\/v2\/pages\/42","targetHints":{"allow":["GET"]}}],"collection":[{"href":"https:\/\/blog.planejeasfinancas.com.br\/de\/wp-json\/wp\/v2\/pages"}],"about":[{"href":"https:\/\/blog.planejeasfinancas.com.br\/de\/wp-json\/wp\/v2\/types\/page"}],"author":[{"embeddable":true,"href":"https:\/\/blog.planejeasfinancas.com.br\/de\/wp-json\/wp\/v2\/users\/2"}],"replies":[{"embeddable":true,"href":"https:\/\/blog.planejeasfinancas.com.br\/de\/wp-json\/wp\/v2\/comments?post=42"}],"version-history":[{"count":1,"href":"https:\/\/blog.planejeasfinancas.com.br\/de\/wp-json\/wp\/v2\/pages\/42\/revisions"}],"predecessor-version":[{"id":43,"href":"https:\/\/blog.planejeasfinancas.com.br\/de\/wp-json\/wp\/v2\/pages\/42\/revisions\/43"}],"wp:attachment":[{"href":"https:\/\/blog.planejeasfinancas.com.br\/de\/wp-json\/wp\/v2\/media?parent=42"}],"curies":[{"name":"wp","href":"https:\/\/api.w.org\/{rel}","templated":true}]}}