{"id":46,"date":"2025-04-02T00:18:08","date_gmt":"2025-04-02T03:18:08","guid":{"rendered":"https:\/\/blog.planejeasfinancas.com.br\/?page_id=46"},"modified":"2025-04-02T00:18:09","modified_gmt":"2025-04-02T03:18:09","slug":"descargo-de-responsabilidade","status":"publish","type":"page","link":"https:\/\/blog.planejeasfinancas.com.br\/bn\/descargo-de-responsabilidade\/","title":{"rendered":"\u09a6\u09be\u09df\u09ac\u09a6\u09cd\u09a7\u09a4\u09be \u0985\u09b8\u09cd\u09ac\u09c0\u0995\u09be\u09b0"},"content":{"rendered":"<html><body><h2 class=\"wp-block-heading\">\u09a6\u09be\u09df\u09ac\u09a6\u09cd\u09a7\u09a4\u09be \u0985\u09b8\u09cd\u09ac\u09c0\u0995\u09be\u09b0<\/h2>\n\n\n\n<p>\u098f\u09b0 \u09ac\u09bf\u09b7\u09af\u09bc\u09ac\u09b8\u09cd\u09a4\u09c1 <strong>\u0986\u09aa\u09a8\u09be\u09b0 \u0986\u09b0\u09cd\u09a5\u09bf\u0995 \u09aa\u09b0\u09bf\u0995\u09b2\u09cd\u09aa\u09a8\u09be \u0995\u09b0\u09c1\u09a8<\/strong> \u09b6\u09c1\u09a7\u09c1\u09ae\u09be\u09a4\u09cd\u09b0 \u09a4\u09a5\u09cd\u09af\u0997\u09a4 \u098f\u09ac\u0982 \u09b6\u09bf\u0995\u09cd\u09b7\u09be\u09ae\u09c2\u09b2\u0995 \u0989\u09a6\u09cd\u09a6\u09c7\u09b6\u09cd\u09af\u09c7 \u09aa\u09cd\u09b0\u09a6\u09be\u09a8 \u0995\u09b0\u09be \u09b9\u09af\u09bc\u09c7\u099b\u09c7\u0964 \u0986\u09ae\u09b0\u09be \u09b6\u09c7\u09af\u09bc\u09be\u09b0 \u0995\u09b0\u09be \u09a4\u09a5\u09cd\u09af\u09c7\u09b0 \u09a8\u09bf\u09b0\u09cd\u09ad\u09c1\u09b2\u09a4\u09be \u09a8\u09bf\u09b6\u09cd\u099a\u09bf\u09a4 \u0995\u09b0\u09be\u09b0 \u099a\u09c7\u09b7\u09cd\u099f\u09be \u0995\u09b0\u09b2\u09c7\u0993, \u098f\u0987 \u0993\u09af\u09bc\u09c7\u09ac\u09b8\u09be\u0987\u099f\u09c7 \u0989\u09aa\u09b2\u09ac\u09cd\u09a7 \u0995\u09cb\u09a8\u0993 \u09ac\u09bf\u09b7\u09af\u09bc\u09ac\u09b8\u09cd\u09a4\u09c1\u09b0 \u09a8\u09bf\u09b0\u09cd\u09ad\u09c1\u09b2\u09a4\u09be, \u09b8\u09ae\u09cd\u09aa\u09c2\u09b0\u09cd\u09a3\u09a4\u09be \u09ac\u09be \u09a8\u09bf\u09b0\u09cd\u09ad\u09b0\u09af\u09cb\u0997\u09cd\u09af\u09a4\u09be\u09b0 \u0995\u09cb\u09a8\u0993 \u0997\u09cd\u09af\u09be\u09b0\u09be\u09a8\u09cd\u099f\u09bf \u09a6\u09bf\u099a\u09cd\u099b\u09bf \u09a8\u09be\u0964 \u09aa\u09cd\u09b0\u09a6\u09a4\u09cd\u09a4 \u09a4\u09a5\u09cd\u09af\u0995\u09c7 \u09aa\u09c7\u09b6\u09be\u09a6\u09be\u09b0 \u0986\u09b0\u09cd\u09a5\u09bf\u0995 \u09aa\u09b0\u09be\u09ae\u09b0\u09cd\u09b6 \u09b9\u09bf\u09b8\u09c7\u09ac\u09c7 \u09ac\u09bf\u09ac\u09c7\u099a\u09a8\u09be \u0995\u09b0\u09be \u0989\u099a\u09bf\u09a4 \u09a8\u09af\u09bc\u0964<\/p>\n\n\n\n<h3 class=\"wp-block-heading\">\u09e7. \u09a4\u09a5\u09cd\u09af \u098f\u09ac\u0982 \u09ac\u09bf\u09b7\u09af\u09bc\u09ac\u09b8\u09cd\u09a4\u09c1<\/h3>\n\n\n\n<p>\u098f\u0987 \u0993\u09af\u09bc\u09c7\u09ac\u09b8\u09be\u0987\u099f\u09c7 \u09a5\u09be\u0995\u09be \u09a4\u09a5\u09cd\u09af\u0997\u09c1\u09b2\u09bf \u098f\u09ae\u09a8 \u0989\u09ce\u09b8\u09c7\u09b0 \u0989\u09aa\u09b0 \u09ad\u09bf\u09a4\u09cd\u09a4\u09bf \u0995\u09b0\u09c7 \u09a4\u09c8\u09b0\u09bf \u0995\u09b0\u09be \u09b9\u09af\u09bc\u09c7\u099b\u09c7 \u09af\u09be \u0986\u09ae\u09b0\u09be \u09a8\u09bf\u09b0\u09cd\u09ad\u09b0\u09af\u09cb\u0997\u09cd\u09af \u09ac\u09b2\u09c7 \u09ae\u09a8\u09c7 \u0995\u09b0\u09bf\u0964 \u09a4\u09ac\u09c7, \u0989\u09aa\u09b8\u09cd\u09a5\u09be\u09aa\u09bf\u09a4 \u09a4\u09a5\u09cd\u09af \u09ac\u09cd\u09af\u09ac\u09b9\u09be\u09b0\u09c7\u09b0 \u09ab\u09b2\u09c7 \u0995\u09cb\u09a8\u0993 \u09a4\u09cd\u09b0\u09c1\u099f\u09bf, \u09ac\u09be\u09a6 \u09aa\u09a1\u09bc\u09be \u09ac\u09be \u0995\u09cd\u09b7\u09a4\u09bf\u09b0 \u099c\u09a8\u09cd\u09af \u0986\u09ae\u09b0\u09be \u09a6\u09be\u09af\u09bc\u09c0 \u09a8\u0987\u0964<\/p>\n\n\n\n<h3 class=\"wp-block-heading\">2. \u09aa\u09c7\u09b6\u09be\u09a6\u09be\u09b0 \u09aa\u09b0\u09be\u09ae\u09b0\u09cd\u09b6<\/h3>\n\n\n\n<p>\u09aa\u09cd\u09b0\u09a6\u09a4\u09cd\u09a4 \u09a4\u09a5\u09cd\u09af <strong>\u0986\u09aa\u09a8\u09be\u09b0 \u0986\u09b0\u09cd\u09a5\u09bf\u0995 \u09aa\u09b0\u09bf\u0995\u09b2\u09cd\u09aa\u09a8\u09be \u0995\u09b0\u09c1\u09a8<\/strong> \u09a4\u09be\u09b0\u09be \u0985\u09b0\u09cd\u09a5, \u09ac\u09bf\u09a8\u09bf\u09af\u09bc\u09cb\u0997 \u09ac\u09be \u0985\u09a8\u09cd\u09af \u0995\u09cb\u09a8\u0993 \u09ac\u09bf\u09b6\u09c7\u09b7\u09a4\u09cd\u09ac\u09c7\u09b0 \u0995\u09cd\u09b7\u09c7\u09a4\u09cd\u09b0\u09c7 \u098f\u0995\u099c\u09a8 \u09af\u09cb\u0997\u09cd\u09af\u09a4\u09be\u09b8\u09ae\u09cd\u09aa\u09a8\u09cd\u09a8 \u09aa\u09c7\u09b6\u09be\u09a6\u09be\u09b0\u09c7\u09b0 \u09b8\u09be\u09a5\u09c7 \u09aa\u09b0\u09be\u09ae\u09b0\u09cd\u09b6 \u09aa\u09cd\u09b0\u09a4\u09bf\u09b8\u09cd\u09a5\u09be\u09aa\u09a8 \u0995\u09b0\u09c7 \u09a8\u09be\u0964 \u098f\u0987 \u0993\u09af\u09bc\u09c7\u09ac\u09b8\u09be\u0987\u099f\u09c7\u09b0 \u09a4\u09a5\u09cd\u09af\u09c7\u09b0 \u0989\u09aa\u09b0 \u09ad\u09bf\u09a4\u09cd\u09a4\u09bf \u0995\u09b0\u09c7 \u0995\u09cb\u09a8\u0993 \u09ac\u09a1\u09bc \u09b8\u09bf\u09a6\u09cd\u09a7\u09be\u09a8\u09cd\u09a4 \u09a8\u09c7\u0993\u09af\u09bc\u09be\u09b0 \u0986\u0997\u09c7 \u0986\u09ae\u09b0\u09be \u0986\u09aa\u09a8\u09be\u0995\u09c7 \u098f\u0995\u099c\u09a8 \u0986\u09b0\u09cd\u09a5\u09bf\u0995 \u0989\u09aa\u09a6\u09c7\u09b7\u09cd\u099f\u09be \u09ac\u09be \u09ac\u09bf\u09b6\u09c7\u09b7\u099c\u09cd\u099e\u09c7\u09b0 \u09b8\u09be\u09a5\u09c7 \u09aa\u09b0\u09be\u09ae\u09b0\u09cd\u09b6 \u0995\u09b0\u09be\u09b0 \u09aa\u09b0\u09be\u09ae\u09b0\u09cd\u09b6 \u09a6\u09bf\u099a\u09cd\u099b\u09bf\u0964<\/p>\n\n\n\n<h3 class=\"wp-block-heading\">\u09e9. \u09ac\u09b9\u09bf\u09b0\u09be\u0997\u09a4 \u09b8\u09be\u0987\u099f\u09c7\u09b0 \u09b2\u09bf\u0999\u09cd\u0995<\/h3>\n\n\n\n<p>\u0986\u09ae\u09be\u09a6\u09c7\u09b0 \u0993\u09af\u09bc\u09c7\u09ac\u09b8\u09be\u0987\u099f\u09c7 \u09a4\u09c3\u09a4\u09c0\u09af\u09bc \u09aa\u0995\u09cd\u09b7\u09c7\u09b0 \u0993\u09af\u09bc\u09c7\u09ac\u09b8\u09be\u0987\u099f\u09c7\u09b0 \u09b2\u09bf\u0999\u09cd\u0995 \u09a5\u09be\u0995\u09a4\u09c7 \u09aa\u09be\u09b0\u09c7\u0964 \u098f\u0987 \u09b8\u09be\u0987\u099f\u0997\u09c1\u09b2\u09bf\u09b0 \u09ac\u09bf\u09b7\u09af\u09bc\u09ac\u09b8\u09cd\u09a4\u09c1 \u09ac\u09be \u0997\u09cb\u09aa\u09a8\u09c0\u09af\u09bc\u09a4\u09be \u0985\u09a8\u09c1\u09b6\u09c0\u09b2\u09a8\u09c7\u09b0 \u099c\u09a8\u09cd\u09af \u0986\u09ae\u09b0\u09be \u09a6\u09be\u09af\u09bc\u09c0 \u09a8\u0987\u0964 \u0986\u09ae\u09be\u09a6\u09c7\u09b0 \u0993\u09af\u09bc\u09c7\u09ac\u09b8\u09be\u0987\u099f\u09c7\u09b0 \u09b2\u09bf\u0999\u09cd\u0995\u09c7\u09b0 \u09ae\u09be\u09a7\u09cd\u09af\u09ae\u09c7 \u0986\u09aa\u09a8\u09bf \u09af\u09c7 \u0995\u09cb\u09a8\u0993 \u0993\u09af\u09bc\u09c7\u09ac\u09b8\u09be\u0987\u099f \u0985\u09cd\u09af\u09be\u0995\u09cd\u09b8\u09c7\u09b8 \u0995\u09b0\u09c7\u09a8 \u09a4\u09be\u09b0 \u0997\u09cb\u09aa\u09a8\u09c0\u09af\u09bc\u09a4\u09be \u09a8\u09c0\u09a4\u09bf \u098f\u09ac\u0982 \u09ac\u09cd\u09af\u09ac\u09b9\u09be\u09b0\u09c7\u09b0 \u09b6\u09b0\u09cd\u09a4\u09be\u09ac\u09b2\u09c0 \u09aa\u09a1\u09bc\u09be\u09b0 \u099c\u09a8\u09cd\u09af \u0986\u09ae\u09b0\u09be \u0986\u09aa\u09a8\u09be\u0995\u09c7 \u0989\u09ce\u09b8\u09be\u09b9\u09bf\u09a4 \u0995\u09b0\u099b\u09bf\u0964<\/p>\n\n\n\n<h3 class=\"wp-block-heading\">\u09ea. \u09ab\u09b2\u09be\u09ab\u09b2 \u098f\u09ac\u0982 \u0997\u09cd\u09af\u09be\u09b0\u09be\u09a8\u09cd\u099f\u09bf<\/h3>\n\n\n\n<p>\u0986\u09ae\u09b0\u09be \u0997\u09cd\u09af\u09be\u09b0\u09be\u09a8\u09cd\u099f\u09bf \u09a6\u09bf\u099a\u09cd\u099b\u09bf \u09a8\u09be \u09af\u09c7 \u0993\u09af\u09bc\u09c7\u09ac\u09b8\u09be\u0987\u099f\u09c7 \u09aa\u09cd\u09b0\u09a6\u09a4\u09cd\u09a4 \u09a4\u09a5\u09cd\u09af \u09ac\u09be \u09b8\u09b0\u099e\u09cd\u099c\u09be\u09ae \u09ac\u09cd\u09af\u09ac\u09b9\u09be\u09b0\u09c7\u09b0 \u09ab\u09b2\u09c7 \u09a8\u09bf\u09b0\u09cd\u09a6\u09bf\u09b7\u09cd\u099f \u09ab\u09b2\u09be\u09ab\u09b2 \u0986\u09b8\u09ac\u09c7 \u0985\u09a5\u09ac\u09be \u098f\u099f\u09bf \u09a4\u09cd\u09b0\u09c1\u099f\u09bf\u09ae\u09c1\u0995\u09cd\u09a4 \u09ac\u09be \u09a8\u09bf\u09b0\u09ac\u099a\u09cd\u099b\u09bf\u09a8\u09cd\u09a8 \u09b9\u09ac\u09c7\u0964 \u09aa\u09cd\u09b0\u09a6\u09a4\u09cd\u09a4 \u09af\u09c7\u0995\u09cb\u09a8\u09cb \u09b8\u09ae\u09cd\u09aa\u09a6 \u09ac\u09be \u09a4\u09a5\u09cd\u09af \u09ac\u09cd\u09af\u09ac\u09b9\u09be\u09b0\u09c7\u09b0 \u09a6\u09be\u09df\u09bf\u09a4\u09cd\u09ac \u09ac\u09cd\u09af\u09ac\u09b9\u09be\u09b0\u0995\u09be\u09b0\u09c0\u09b0 \u0989\u09aa\u09b0 \u09ac\u09b0\u09cd\u09a4\u09be\u09df\u0964<\/p>\n\n\n\n<h3 class=\"wp-block-heading\">\u09eb. \u09ac\u09bf\u09b7\u09af\u09bc\u09ac\u09b8\u09cd\u09a4\u09c1\u09a4\u09c7 \u09aa\u09b0\u09bf\u09ac\u09b0\u09cd\u09a4\u09a8<\/h3>\n\n\n\n<p>\u098f\u0987 \u0993\u09af\u09bc\u09c7\u09ac\u09b8\u09be\u0987\u099f\u09c7\u09b0 \u09ac\u09bf\u09b7\u09af\u09bc\u09ac\u09b8\u09cd\u09a4\u09c1 \u0995\u09cb\u09a8\u0993 \u09ac\u09bf\u099c\u09cd\u099e\u09aa\u09cd\u09a4\u09bf \u099b\u09be\u09a1\u09bc\u09be\u0987 \u09aa\u09b0\u09bf\u09ac\u09b0\u09cd\u09a4\u09a8 \u09b9\u09a4\u09c7 \u09aa\u09be\u09b0\u09c7\u0964 \u0986\u09ae\u09be\u09a6\u09c7\u09b0 \u09aa\u0995\u09cd\u09b7 \u09a5\u09c7\u0995\u09c7 \u0995\u09cb\u09a8\u0993 \u09a7\u09b0\u09a3\u09c7\u09b0 \u09ac\u09be\u09a7\u09cd\u09af\u09ac\u09be\u09a7\u0995\u09a4\u09be \u09ac\u09be \u09a6\u09be\u09af\u09bc \u09a4\u09c8\u09b0\u09bf \u09a8\u09be \u0995\u09b0\u09c7\u0987 \u0986\u09ae\u09b0\u09be \u09af\u09c7\u0995\u09cb\u09a8\u09cb \u09a4\u09a5\u09cd\u09af \u09b8\u0982\u09b6\u09cb\u09a7\u09a8, \u0986\u09aa\u09a1\u09c7\u099f \u09ac\u09be \u0985\u09aa\u09b8\u09be\u09b0\u09a3\u09c7\u09b0 \u0985\u09a7\u09bf\u0995\u09be\u09b0 \u09b8\u0982\u09b0\u0995\u09cd\u09b7\u09a3 \u0995\u09b0\u09bf\u0964<\/p>\n\n\n\n<h3 class=\"wp-block-heading\">\u09ec. \u09b8\u09c0\u09ae\u09bf\u09a4 \u09a6\u09be\u09df\u09ac\u09a6\u09cd\u09a7\u09a4\u09be<\/h3>\n\n\n\n<p>\u0995\u09cb\u09a8\u0993 \u0985\u09ac\u09b8\u09cd\u09a5\u09be\u09a4\u09c7\u0987, <strong>\u0986\u09aa\u09a8\u09be\u09b0 \u0986\u09b0\u09cd\u09a5\u09bf\u0995 \u09aa\u09b0\u09bf\u0995\u09b2\u09cd\u09aa\u09a8\u09be \u0995\u09b0\u09c1\u09a8<\/strong> \u0986\u09ae\u09be\u09a6\u09c7\u09b0 \u0993\u09af\u09bc\u09c7\u09ac\u09b8\u09be\u0987\u099f \u09ac\u09cd\u09af\u09ac\u09b9\u09be\u09b0 \u09ac\u09be \u09ac\u09cd\u09af\u09ac\u09b9\u09be\u09b0\u09c7 \u0985\u0995\u09cd\u09b7\u09ae\u09a4\u09be\u09b0 \u09ab\u09b2\u09c7 \u0989\u09a6\u09cd\u09ad\u09c2\u09a4 \u09af\u09c7\u0995\u09cb\u09a8\u09cb \u09aa\u09cd\u09b0\u09a4\u09cd\u09af\u0995\u09cd\u09b7, \u09aa\u09b0\u09cb\u0995\u09cd\u09b7, \u0986\u09a8\u09c1\u09b7\u0999\u09cd\u0997\u09bf\u0995 \u09ac\u09be \u09ab\u09b2\u09b8\u09cd\u09ac\u09b0\u09c2\u09aa \u0995\u09cd\u09b7\u09a4\u09bf\u09b0 \u099c\u09a8\u09cd\u09af \u0986\u09ae\u09b0\u09be \u09a6\u09be\u09af\u09bc\u09c0 \u09a5\u09be\u0995\u09ac, \u09af\u09be\u09b0 \u09ae\u09a7\u09cd\u09af\u09c7 \u09b0\u09af\u09bc\u09c7\u099b\u09c7, \u0995\u09bf\u09a8\u09cd\u09a4\u09c1 \u09b8\u09c0\u09ae\u09be\u09ac\u09a6\u09cd\u09a7 \u09a8\u09af\u09bc, \u09b2\u09be\u09ad\u09c7\u09b0 \u0995\u09cd\u09b7\u09a4\u09bf, \u09a1\u09c7\u099f\u09be \u09b9\u09be\u09b0\u09be\u09a8\u09cb \u09ac\u09be \u09ac\u09cd\u09af\u09ac\u09b8\u09be\u09af\u09bc\u09bf\u0995 \u09ac\u09be\u09a7\u09be\u0964<\/p>\n\n\n\n<h3 class=\"wp-block-heading\">\u09ed. \u0995\u09aa\u09bf\u09b0\u09be\u0987\u099f<\/h3>\n\n\n\n<p>\u098f\u0987 \u0993\u09af\u09bc\u09c7\u09ac\u09b8\u09be\u0987\u099f\u09c7\u09b0 \u09b8\u09ae\u09b8\u09cd\u09a4 \u09ac\u09bf\u09b7\u09af\u09bc\u09ac\u09b8\u09cd\u09a4\u09c1, \u09af\u09be\u09b0 \u09ae\u09a7\u09cd\u09af\u09c7 \u09b2\u09c7\u0996\u09be, \u099b\u09ac\u09bf, \u09ad\u09bf\u09a1\u09bf\u0993 \u098f\u09ac\u0982 \u0997\u09cd\u09b0\u09be\u09ab\u09bf\u0995\u09cd\u09b8 \u09b0\u09af\u09bc\u09c7\u099b\u09c7, \u0995\u09aa\u09bf\u09b0\u09be\u0987\u099f \u09a6\u09cd\u09ac\u09be\u09b0\u09be \u09b8\u09c1\u09b0\u0995\u09cd\u09b7\u09bf\u09a4 \u098f\u09ac\u0982 \u09af\u09a5\u09be\u09af\u09a5 \u0985\u09a8\u09c1\u09ae\u09cb\u09a6\u09a8 \u099b\u09be\u09a1\u09bc\u09be \u09aa\u09c1\u09a8\u09b0\u09c1\u09a4\u09cd\u09aa\u09be\u09a6\u09a8 \u0995\u09b0\u09be \u09af\u09be\u09ac\u09c7 \u09a8\u09be <strong>\u0986\u09aa\u09a8\u09be\u09b0 \u0986\u09b0\u09cd\u09a5\u09bf\u0995 \u09aa\u09b0\u09bf\u0995\u09b2\u09cd\u09aa\u09a8\u09be \u0995\u09b0\u09c1\u09a8<\/strong>.<\/p>\n\n\n\n<h3 class=\"wp-block-heading\">\u09ee. \u09a6\u09be\u09df\u09ac\u09a6\u09cd\u09a7\u09a4\u09be\u09b0 \u09a6\u09be\u09ac\u09bf\u09a4\u09cd\u09af\u09be\u0997\u09c7\u09b0 \u09aa\u09b0\u09bf\u09ac\u09b0\u09cd\u09a4\u09a8<\/h3>\n\n\n\n<p>\u0986\u09ae\u09b0\u09be \u09af\u09c7\u0995\u09cb\u09a8\u09cb \u09b8\u09ae\u09af\u09bc \u098f\u0987 \u09a6\u09be\u09ac\u09bf\u09a4\u09cd\u09af\u09be\u0997 \u09aa\u09b0\u09bf\u09ac\u09b0\u09cd\u09a4\u09a8 \u0995\u09b0\u09a4\u09c7 \u09aa\u09be\u09b0\u09bf\u0964 \u09af\u09c7\u0995\u09cb\u09a8\u09cb \u09aa\u09b0\u09bf\u09ac\u09b0\u09cd\u09a4\u09a8 \u09b8\u09ae\u09cd\u09aa\u09b0\u09cd\u0995\u09c7 \u0985\u09ac\u0997\u09a4 \u09a5\u09be\u0995\u09be\u09b0 \u099c\u09a8\u09cd\u09af \u0986\u09ae\u09b0\u09be \u0986\u09aa\u09a8\u09be\u0995\u09c7 \u09a8\u09bf\u09af\u09bc\u09ae\u09bf\u09a4 \u098f\u0987 \u09aa\u09c3\u09b7\u09cd\u09a0\u09be\u099f\u09bf \u09aa\u09b0\u09cd\u09af\u09be\u09b2\u09cb\u099a\u09a8\u09be \u0995\u09b0\u09be\u09b0 \u09aa\u09b0\u09be\u09ae\u09b0\u09cd\u09b6 \u09a6\u09bf\u099a\u09cd\u099b\u09bf\u0964<\/p>\n\n\n\n<h3 class=\"wp-block-heading\">9. \u09af\u09cb\u0997\u09be\u09af\u09cb\u0997<\/h3>\n\n\n\n<p>\u098f\u0987 \u09a6\u09be\u09ac\u09bf\u09a4\u09cd\u09af\u09be\u0997 \u09b8\u09ae\u09cd\u09aa\u09b0\u09cd\u0995\u09c7 \u0986\u09aa\u09a8\u09be\u09b0 \u09af\u09a6\u09bf \u0995\u09cb\u09a8\u0993 \u09aa\u09cd\u09b0\u09b6\u09cd\u09a8 \u09ac\u09be \u0989\u09a6\u09cd\u09ac\u09c7\u0997 \u09a5\u09be\u0995\u09c7, \u09a4\u09be\u09b9\u09b2\u09c7 \u0985\u09a8\u09c1\u0997\u09cd\u09b0\u09b9 \u0995\u09b0\u09c7 \u0986\u09ae\u09be\u09a6\u09c7\u09b0 \u09b8\u09be\u09a5\u09c7 \u09af\u09cb\u0997\u09be\u09af\u09cb\u0997 \u0995\u09b0\u09c1\u09a8: <a><strong>contato@planejeasfinancas.com.br-\u098f \u09af\u09cb\u0997\u09be\u09af\u09cb\u0997 \u0995\u09b0\u09c1\u09a8<\/strong><\/a>.<\/p>\n<\/body><\/html>","protected":false},"excerpt":{"rendered":"<p>Descargo de Responsabilidade O conte\u00fado do Planeje as Finan\u00e7as \u00e9 fornecido para fins informativos e educacionais. Embora nos esforcemos para garantir a precis\u00e3o das informa\u00e7\u00f5es compartilhadas, n\u00e3o garantimos a precis\u00e3o, completude ou confiabilidade de qualquer conte\u00fado dispon\u00edvel neste site. As informa\u00e7\u00f5es fornecidas n\u00e3o devem ser interpretadas como aconselhamento financeiro profissional. 1. Informa\u00e7\u00f5es e Conte\u00fado As [&hellip;]<\/p>","protected":false},"author":2,"featured_media":0,"parent":0,"menu_order":0,"comment_status":"closed","ping_status":"closed","template":"","meta":{"footnotes":""},"class_list":["post-46","page","type-page","status-publish","hentry"],"_links":{"self":[{"href":"https:\/\/blog.planejeasfinancas.com.br\/bn\/wp-json\/wp\/v2\/pages\/46","targetHints":{"allow":["GET"]}}],"collection":[{"href":"https:\/\/blog.planejeasfinancas.com.br\/bn\/wp-json\/wp\/v2\/pages"}],"about":[{"href":"https:\/\/blog.planejeasfinancas.com.br\/bn\/wp-json\/wp\/v2\/types\/page"}],"author":[{"embeddable":true,"href":"https:\/\/blog.planejeasfinancas.com.br\/bn\/wp-json\/wp\/v2\/users\/2"}],"replies":[{"embeddable":true,"href":"https:\/\/blog.planejeasfinancas.com.br\/bn\/wp-json\/wp\/v2\/comments?post=46"}],"version-history":[{"count":1,"href":"https:\/\/blog.planejeasfinancas.com.br\/bn\/wp-json\/wp\/v2\/pages\/46\/revisions"}],"predecessor-version":[{"id":47,"href":"https:\/\/blog.planejeasfinancas.com.br\/bn\/wp-json\/wp\/v2\/pages\/46\/revisions\/47"}],"wp:attachment":[{"href":"https:\/\/blog.planejeasfinancas.com.br\/bn\/wp-json\/wp\/v2\/media?parent=46"}],"curies":[{"name":"wp","href":"https:\/\/api.w.org\/{rel}","templated":true}]}}