{"id":44,"date":"2025-04-02T00:16:21","date_gmt":"2025-04-02T03:16:21","guid":{"rendered":"https:\/\/blog.planejeasfinancas.com.br\/?page_id=44"},"modified":"2025-04-03T18:07:18","modified_gmt":"2025-04-03T21:07:18","slug":"contato","status":"publish","type":"page","link":"https:\/\/blog.planejeasfinancas.com.br\/bn\/contato\/","title":{"rendered":"\u09af\u09cb\u0997\u09be\u09af\u09cb\u0997"},"content":{"rendered":"<html><body><p><strong>\u09af\u09cb\u0997\u09be\u09af\u09cb\u0997<\/strong><\/p>\n\n\n\n<p>\u09b9\u09cd\u09af\u09be\u09b2\u09cb! \u0986\u09ae\u09be\u09a6\u09c7\u09b0 \u09af\u09cb\u0997\u09be\u09af\u09cb\u0997 \u09aa\u09be\u09a4\u09be\u09df \u0986\u09aa\u09a8\u09be\u0995\u09c7 \u09b8\u09cd\u09ac\u09be\u0997\u09a4\u09ae\u0964 \u098f\u0987 \u09ac\u09bf\u09b7\u09df\u09c7 \u09af\u09c7\u0995\u09cb\u09a8\u09cb \u09aa\u09cd\u09b0\u09b6\u09cd\u09a8, \u09aa\u09b0\u09be\u09ae\u09b0\u09cd\u09b6 \u09ac\u09be \u09ae\u09a8\u09cd\u09a4\u09ac\u09cd\u09af\u09c7\u09b0 \u099c\u09a8\u09cd\u09af \u0986\u09ae\u09b0\u09be \u0986\u09aa\u09a8\u09be\u0995\u09c7 \u09b8\u09be\u09b9\u09be\u09af\u09cd\u09af \u0995\u09b0\u09a4\u09c7 \u098f\u0996\u09be\u09a8\u09c7 \u0986\u099b\u09bf <strong>\u0986\u09aa\u09a8\u09be\u09b0 \u0986\u09b0\u09cd\u09a5\u09bf\u0995 \u09aa\u09b0\u09bf\u0995\u09b2\u09cd\u09aa\u09a8\u09be \u0995\u09b0\u09c1\u09a8<\/strong>. \u09a8\u09bf\u09ae\u09cd\u09a8\u09b2\u09bf\u0996\u09bf\u09a4 \u09ae\u09be\u09a7\u09cd\u09af\u09ae\u09c7 \u0986\u09ae\u09be\u09a6\u09c7\u09b0 \u09b8\u09be\u09a5\u09c7 \u09a8\u09bf\u09b0\u09cd\u09a6\u09cd\u09ac\u09bf\u09a7\u09be\u09af\u09bc \u09af\u09cb\u0997\u09be\u09af\u09cb\u0997 \u0995\u09b0\u09c1\u09a8:<\/p>\n\n\n\n<h3 class=\"wp-block-heading\">\u09af\u09cb\u0997\u09be\u09af\u09cb\u0997 \u09ab\u09b0\u09cd\u09ae<\/h3>\n\n\n\n<p>\u0986\u09aa\u09a8\u09bf \u09af\u09a6\u09bf \u0986\u09b0\u0993 \u09b8\u09b0\u09be\u09b8\u09b0\u09bf \u09aa\u09b0\u09bf\u09b7\u09c7\u09ac\u09be \u09aa\u099b\u09a8\u09cd\u09a6 \u0995\u09b0\u09c7\u09a8, \u09a4\u09be\u09b9\u09b2\u09c7 \u09a8\u09c0\u099a\u09c7\u09b0 \u09ab\u09b0\u09cd\u09ae\u099f\u09bf \u09aa\u09c2\u09b0\u09a3 \u0995\u09b0\u09c1\u09a8 \u098f\u09ac\u0982 \u0986\u09ae\u09be\u09a6\u09c7\u09b0 \u09a6\u09b2 \u09af\u09a4 \u09a4\u09be\u09a1\u09bc\u09be\u09a4\u09be\u09a1\u09bc\u09bf \u09b8\u09ae\u09cd\u09ad\u09ac \u09b8\u09be\u09a1\u09bc\u09be \u09a6\u09c7\u09ac\u09c7:<\/p>\n\n\n\n<h3 class=\"wp-block-heading\">\u0987-\u09ae\u09c7\u0987\u09b2<\/h3>\n\n\n\n<p>\u0986\u09aa\u09a8\u09bf \u09af\u09a6\u09bf \u09b8\u09b0\u09be\u09b8\u09b0\u09bf \u0987\u09ae\u09c7\u09b2\u09c7\u09b0 \u09ae\u09be\u09a7\u09cd\u09af\u09ae\u09c7 \u0986\u09ae\u09be\u09a6\u09c7\u09b0 \u09b8\u09be\u09a5\u09c7 \u09af\u09cb\u0997\u09be\u09af\u09cb\u0997 \u0995\u09b0\u09a4\u09c7 \u099a\u09be\u09a8, \u09a4\u09be\u09b9\u09b2\u09c7 \u0985\u09a8\u09c1\u0997\u09cd\u09b0\u09b9 \u0995\u09b0\u09c7 \u0986\u09aa\u09a8\u09be\u09b0 \u09ac\u09be\u09b0\u09cd\u09a4\u09be\u099f\u09bf \u098f\u0987 \u09a0\u09bf\u0995\u09be\u09a8\u09be\u09af\u09bc \u09aa\u09be\u09a0\u09be\u09a8:<\/p>\n\n\n\n<p><strong><a class=\"\">contato@planejeasfinancas.com.br-\u098f \u09af\u09cb\u0997\u09be\u09af\u09cb\u0997 \u0995\u09b0\u09c1\u09a8<\/a><\/strong><\/p>\n\n\n\n<h3 class=\"wp-block-heading\">\u09b8\u09be\u09ae\u09be\u099c\u09bf\u0995 \u09af\u09cb\u0997\u09be\u09af\u09cb\u0997 \u09ae\u09be\u09a7\u09cd\u09af\u09ae<\/h3>\n\n\n\n<p>\u0986\u09aa\u09a8\u09bf \u09b8\u09cb\u09b6\u09cd\u09af\u09be\u09b2 \u09ae\u09bf\u09a1\u09bf\u09af\u09bc\u09be\u09a4\u09c7\u0993 \u0986\u09ae\u09be\u09a6\u09c7\u09b0 \u0985\u09a8\u09c1\u09b8\u09b0\u09a3 \u0995\u09b0\u09a4\u09c7 \u09aa\u09be\u09b0\u09c7\u09a8 \u098f\u09ac\u0982 \u0986\u09ae\u09be\u09a6\u09c7\u09b0 \u09b8\u09be\u09ae\u0997\u09cd\u09b0\u09c0\u09b0 \u09b8\u09be\u09a5\u09c7 \u0987\u09a8\u09cd\u099f\u09be\u09b0\u0985\u09cd\u09af\u09be\u0995\u09cd\u099f \u0995\u09b0\u09a4\u09c7 \u09aa\u09be\u09b0\u09c7\u09a8\u0964 \u0986\u09ae\u09b0\u09be \u09a8\u09bf\u09ae\u09cd\u09a8\u09b2\u09bf\u0996\u09bf\u09a4 \u09aa\u09cd\u09b2\u09cd\u09af\u09be\u099f\u09ab\u09b0\u09cd\u09ae\u0997\u09c1\u09b2\u09bf\u09a4\u09c7 \u0989\u09aa\u09b8\u09cd\u09a5\u09bf\u09a4:<\/p>\n\n\n\n<ul class=\"wp-block-list\">\n<li>[\u09ab\u09c7\u09b8\u09ac\u09c1\u0995] <strong>\u09ab\u09c7\u09b8\u09ac\u09c1\u0995.com\/\u09aa\u09cd\u09b2\u09cd\u09af\u09be\u09a8\u099c\u09c7\u09af\u09bc\u09be\u09b8\u09ab\u09bf\u09a8\u09be\u09a8\u0995\u09be\u09b8<\/strong><\/li>\n\n\n\n<li>[\u0987\u09a8\u09b8\u09cd\u099f\u09be\u0997\u09cd\u09b0\u09be\u09ae] <strong>\u0987\u09a8\u09b8\u09cd\u099f\u09be\u0997\u09cd\u09b0\u09be\u09ae.com\/\u09aa\u09cd\u09b2\u09c7\u09a8\u099c\u09c7\u09b8\u09ab\u09bf\u09a8\u09be\u0999\u09cd\u0995\u09be\u09b8<\/strong><\/li>\n\n\n\n<li>[\u099f\u09c1\u0987\u099f\u09be\u09b0] <strong>\u099f\u09c1\u0987\u099f\u09be\u09b0.com\/\u09aa\u09cd\u09b2\u09cd\u09af\u09be\u09a8_\u09ab\u09be\u0987\u09a8\u09be\u09a8\u09cd\u09b8<\/strong><\/li>\n\n\n\n<li>[\u09b2\u09bf\u0999\u09cd\u0995\u09a1\u0987\u09a8] <strong>\u09b2\u09bf\u0999\u09cd\u0995\u09a1\u0987\u09a8.\u0995\u09ae\/\u0995\u09ae\u09cd\u09aa\u09be\u09a8\u09bf\/\u09aa\u09cd\u09b2\u09cd\u09af\u09be\u09a8\u099c\u09c7\u09b8\u09ab\u09bf\u09a8\u09be\u09a8\u0995\u09be\u09b8<\/strong><\/li>\n<\/ul>\n\n\n\n<h3 class=\"wp-block-heading\">\u099c\u09be\u09a8\u09c1\u09a8<\/h3>\n\n\n\n<p>\u0986\u09aa\u09a8\u09bf \u09af\u09a6\u09bf \u0986\u09ae\u09be\u09a6\u09c7\u09b0 \u09b8\u09be\u09a5\u09c7 \u09b8\u09b0\u09be\u09b8\u09b0\u09bf \u09af\u09cb\u0997\u09be\u09af\u09cb\u0997 \u0995\u09b0\u09a4\u09c7 \u099a\u09be\u09a8, \u09a4\u09be\u09b9\u09b2\u09c7 \u0986\u09ae\u09be\u09a6\u09c7\u09b0 \u09a0\u09bf\u0995\u09be\u09a8\u09be \u09b9\u09b2:<\/p>\n\n\n\n<p><strong>\u09aa\u09be\u0989\u09b2\u09bf\u09b8\u09cd\u09a4\u09be \u098f\u09ad\u09bf\u09a8\u09bf\u0989, 123 \u2013 \u09b0\u09c1\u09ae 405<br>\u09b8\u09be\u0993 \u09aa\u09be\u0993\u09b2\u09cb, \u098f\u09b8\u09aa\u09bf <\/strong><\/p>\n\n\n\n<p>\u0986\u09ae\u09be\u09a6\u09c7\u09b0 \u09b8\u09be\u09a5\u09c7 \u09af\u09cb\u0997\u09be\u09af\u09cb\u0997 \u0995\u09b0\u09be\u09b0 \u099c\u09a8\u09cd\u09af \u0986\u09aa\u09a8\u09be\u0995\u09c7 \u09a7\u09a8\u09cd\u09af\u09ac\u09be\u09a6 \u098f\u09ac\u0982 \u0986\u09ae\u09b0\u09be \u09af\u09a4 \u09a4\u09be\u09a1\u09bc\u09be\u09a4\u09be\u09a1\u09bc\u09bf \u09b8\u09ae\u09cd\u09ad\u09ac \u09b8\u09be\u09a1\u09bc\u09be \u09a6\u09c7\u09ac!<\/p>\n\n\n\n<p><strong>\u0986\u09aa\u09a8\u09be\u09b0 \u0986\u09b0\u09cd\u09a5\u09bf\u0995 \u09aa\u09b0\u09bf\u0995\u09b2\u09cd\u09aa\u09a8\u09be \u0995\u09b0\u09c1\u09a8 - \u0986\u09ae\u09b0\u09be \u09b8\u09be\u09b9\u09be\u09af\u09cd\u09af \u0995\u09b0\u09a4\u09c7 \u098f\u0996\u09be\u09a8\u09c7 \u0986\u099b\u09bf!<\/strong><\/p>\n\n\n\n<p>\u098f\u0996\u09a8 \u0995\u09be\u09b2\u09cd\u09aa\u09a8\u09bf\u0995 \u09a4\u09a5\u09cd\u09af\u09c7\u09b0 \u09b8\u09be\u09a5\u09c7, \u09aa\u09c3\u09b7\u09cd\u09a0\u09be\u099f\u09bf \u09ac\u09cd\u09af\u09ac\u09b9\u09be\u09b0\u09c7\u09b0 \u099c\u09a8\u09cd\u09af \u09aa\u09cd\u09b0\u09b8\u09cd\u09a4\u09c1\u09a4\u0964 \u09af\u09a6\u09bf \u0986\u09aa\u09a8\u09be\u09b0 \u0986\u09b0\u0993 \u0995\u09cb\u09a8\u0993 \u09b8\u09ae\u09a8\u09cd\u09ac\u09af\u09bc\u09c7\u09b0 \u09aa\u09cd\u09b0\u09af\u09bc\u09cb\u099c\u09a8 \u09b9\u09af\u09bc, \u09a4\u09be\u09b9\u09b2\u09c7 \u0986\u09ae\u09be\u0995\u09c7 \u099c\u09be\u09a8\u09be\u09a8!<\/p>\n<\/body><\/html>","protected":false},"excerpt":{"rendered":"<p>Contato Ol\u00e1! Bem-vindo \u00e0 nossa p\u00e1gina de contato. Estamos aqui para ajudar voc\u00ea com qualquer d\u00favida, sugest\u00e3o ou coment\u00e1rio sobre o Planeje as Finan\u00e7as. Fique \u00e0 vontade para entrar em contato conosco atrav\u00e9s dos seguintes meios: Formul\u00e1rio de Contato Se voc\u00ea prefere um atendimento mais direto, preencha o formul\u00e1rio abaixo e nossa equipe responder\u00e1 o [&hellip;]<\/p>","protected":false},"author":2,"featured_media":0,"parent":0,"menu_order":0,"comment_status":"closed","ping_status":"closed","template":"template-contato.php","meta":{"footnotes":""},"class_list":["post-44","page","type-page","status-publish","hentry"],"_links":{"self":[{"href":"https:\/\/blog.planejeasfinancas.com.br\/bn\/wp-json\/wp\/v2\/pages\/44","targetHints":{"allow":["GET"]}}],"collection":[{"href":"https:\/\/blog.planejeasfinancas.com.br\/bn\/wp-json\/wp\/v2\/pages"}],"about":[{"href":"https:\/\/blog.planejeasfinancas.com.br\/bn\/wp-json\/wp\/v2\/types\/page"}],"author":[{"embeddable":true,"href":"https:\/\/blog.planejeasfinancas.com.br\/bn\/wp-json\/wp\/v2\/users\/2"}],"replies":[{"embeddable":true,"href":"https:\/\/blog.planejeasfinancas.com.br\/bn\/wp-json\/wp\/v2\/comments?post=44"}],"version-history":[{"count":2,"href":"https:\/\/blog.planejeasfinancas.com.br\/bn\/wp-json\/wp\/v2\/pages\/44\/revisions"}],"predecessor-version":[{"id":150,"href":"https:\/\/blog.planejeasfinancas.com.br\/bn\/wp-json\/wp\/v2\/pages\/44\/revisions\/150"}],"wp:attachment":[{"href":"https:\/\/blog.planejeasfinancas.com.br\/bn\/wp-json\/wp\/v2\/media?parent=44"}],"curies":[{"name":"wp","href":"https:\/\/api.w.org\/{rel}","templated":true}]}}